{"id":9686,"date":"2017-03-29T13:14:46","date_gmt":"2017-03-29T11:14:46","guid":{"rendered":"https:\/\/www.golfclubabenberg.de\/?page_id=9686"},"modified":"2017-03-29T13:39:37","modified_gmt":"2017-03-29T11:39:37","slug":"proshop","status":"publish","type":"page","link":"https:\/\/golfclubabenberg.de\/index.php\/proshop\/","title":{"rendered":"Unser Shop"},"content":{"rendered":"<p>[vc_row css=&#8220;.vc_custom_1486551027060{margin-bottom: 40px !important;}&#8220;][vc_column]<h1 class=\"sc_title sc_title_underline\">Der Abenberger ProShop<\/h1><div class=\"sc_section\"><div class=\"sc_section_inner\"><div class=\"sc_section_content_wrap\">[vc_column_text]<span style=\"color: #152229;\">Unser kleiner Laden f\u00fchrt alles, was der Golfer so f\u00fcr seine Runde braucht: Handschuhe, B\u00e4lle, Tees, Kleinteile, Schirme, aber auch einige Schuhe und vor allem <strong>Polos<\/strong> und <strong>Pullover<\/strong> mit unserem sch\u00f6nen <strong>Abenberger Clublogo. <\/strong><\/span>[\/vc_column_text]<\/div><\/div><\/div>[\/vc_column][\/vc_row][vc_row css=&#8220;.vc_custom_1486551306898{margin-bottom: 80px !important;padding-top: 10px !important;}&#8220;][vc_column]<div class=\"sc_section\"><div class=\"sc_section_inner\"><div class=\"sc_section_content_wrap\"><h3 class=\"sc_title sc_title_underline\">FootJoy<\/h3>[vc_column_text css=&#8220;.vc_custom_1490785939635{padding-right: 12% !important;}&#8220;]Unsere 1. Herrenmannschaft tr\u00e4gt im Jahr 2017 Produkte von FootJoy.<\/p>\n<p>Sofern auch Sie Interesse an diesen Produkten haben, beraten wir Sie gerne und k\u00f6nnen ganz individuell f\u00fcr Sie bestellen.<\/p>\n<p>Bitte haben Sie Verst\u00e4ndnis, dass wir au\u00dfer der Logoware keinen Bestand auf Lager haben.<\/p>\n<p>Informationen zu FootJoy erhalten Sie auf deren <a href=\"https:\/\/www.footjoy.de\/\" target=\"_blank\">Website<\/a>.[\/vc_column_text]<\/div><\/div><\/div>[\/vc_column][\/vc_row]<\/p>\n","protected":false},"excerpt":{"rendered":"<p>[vc_row css=&#8220;.vc_custom_1486551027060{margin-bottom: 40px !important;}&#8220;][vc_column][\/vc_column][\/vc_row][vc_row css=&#8220;.vc_custom_1486551306898{margin-bottom: 80px !important;padding-top: 10px !important;}&#8220;][vc_column][\/vc_column][\/vc_row]<\/p>\n","protected":false},"author":4,"featured_media":0,"parent":0,"menu_order":0,"comment_status":"closed","ping_status":"closed","template":"","meta":{"_EventAllDay":false,"_EventTimezone":"","_EventStartDate":"","_EventEndDate":"","_EventStartDateUTC":"","_EventEndDateUTC":"","_EventShowMap":false,"_EventShowMapLink":false,"_EventURL":"","_EventCost":"","_EventCostDescription":"","_EventCurrencySymbol":"","_EventCurrencyCode":"","_EventCurrencyPosition":"","_EventDateTimeSeparator":"","_EventTimeRangeSeparator":"","_EventOrganizerID":[],"_EventVenueID":0,"_OrganizerEmail":"","_OrganizerPhone":"","_OrganizerWebsite":"","_VenueAddress":"","_VenueCity":"","_VenueCountry":"","_VenueProvince":"","_VenueZip":"","_VenuePhone":"","_VenueURL":"","_VenueStateProvince":"","_VenueLat":"","_VenueLng":"","_links_to":"","_links_to_target":""},"_links":{"self":[{"href":"https:\/\/golfclubabenberg.de\/index.php\/wp-json\/wp\/v2\/pages\/9686"}],"collection":[{"href":"https:\/\/golfclubabenberg.de\/index.php\/wp-json\/wp\/v2\/pages"}],"about":[{"href":"https:\/\/golfclubabenberg.de\/index.php\/wp-json\/wp\/v2\/types\/page"}],"author":[{"embeddable":true,"href":"https:\/\/golfclubabenberg.de\/index.php\/wp-json\/wp\/v2\/users\/4"}],"replies":[{"embeddable":true,"href":"https:\/\/golfclubabenberg.de\/index.php\/wp-json\/wp\/v2\/comments?post=9686"}],"version-history":[{"count":0,"href":"https:\/\/golfclubabenberg.de\/index.php\/wp-json\/wp\/v2\/pages\/9686\/revisions"}],"wp:attachment":[{"href":"https:\/\/golfclubabenberg.de\/index.php\/wp-json\/wp\/v2\/media?parent=9686"}],"curies":[{"name":"wp","href":"https:\/\/api.w.org\/{rel}","templated":true}]}}