{"id":8372,"date":"2017-03-16T17:20:55","date_gmt":"2017-03-16T16:20:55","guid":{"rendered":"https:\/\/www.golfclubabenberg.de\/?page_id=8372"},"modified":"2026-05-03T09:03:17","modified_gmt":"2026-05-03T07:03:17","slug":"wie-reserviere-ich-startzeiten","status":"publish","type":"page","link":"https:\/\/golfclubabenberg.de\/index.php\/wie-reserviere-ich-startzeiten\/","title":{"rendered":"Wie reserviere ich Startzeiten, Turniere, Trainerstunden"},"content":{"rendered":"<p>[vc_row css=&#8220;.vc_custom_1489742046938{padding-bottom: 30px !important;}&#8220;][vc_column]<h1 class=\"sc_title sc_title_underline\">Anleitung zur Registrierung und Nutzung des Startzeitenmoduls PC Caddie online<\/h1><div class=\"sc_section\"><div class=\"sc_section_inner\"><div class=\"sc_section_content_wrap\">[vc_column_text css=&#8220;.vc_custom_1777791796860{padding-right: 15% !important;padding-bottom: 30px !important;}&#8220;]<span style=\"color: #152229;\">Zur Online-Buchung einer Startzeit hast Du grunds\u00e4tzlich zwei M\u00f6glichkeiten:<br \/>\n<\/span><\/p>\n<ul>\n<li><strong><span style=\"color: #152229;\">1. \u00fcber die Club-Homepage<\/span><\/strong><\/li>\n<li><strong><span style=\"color: #152229;\">2. \u00fcber die PC Caddy App mit Deinem Smartphone<br \/>\n<\/span><\/strong><\/li>\n<\/ul>\n<p><span style=\"color: #152229;\">Um eine Startzeit zu buchen, ben\u00f6tigst Du zun\u00e4chst einen Zugang zu PC Caddie online. Solltest Du noch nicht \u00fcber einen Zugang hierzu verf\u00fcgen, klicke bitte einmalig\u00a0<strong><a href=\"https:\/\/www.pccaddie.net\/clubs\/0498801\/app.php?cat=register\">hier<\/a><\/strong> und erg\u00e4nze Deine pers\u00f6nlichen Daten.<br \/>\nWenn Du bei \u201eMeinen Namen anzeigen\u201c JA ausw\u00e4hlst, wird Dein Name bei der Startzeiten\u00fcbersicht (Time-Table) angezeigt, falls Du auf NEIN klickst, selbstverst\u00e4ndlich nicht. Datenschutzbestimmungen akzeptieren und \u201eWeiter\u201c<br \/>\nAlternativ hast Du die M\u00f6glichkeit die Einrichtung Ihres Benutzerkontos auch in der PC Caddie App vorzunehmen.<\/span><\/p>\n<p><strong>Zu 1:<\/strong><\/p>\n<p>Klicke im oberen Teil der Club-Homepage ganz rechts auf \u201eStartzeit\/Pro\u201c und klicke auf der n\u00e4chsten Seite oben rechts auf &#8222;LOGIN&#8220;<br \/>\nNach einer Anmeldung mit Deinem Benutzernamen und Deinem Passwort und einem Klick auf \u201eLOGIN\u201c hast Du die M\u00f6glichkeit mit einem Klick auf \u201eStartzeit Buchen\u201c<\/p>\n<p><img loading=\"lazy\" class=\"alignnone wp-image-21599\" src=\"https:\/\/golfclubabenberg.de\/wp-content\/uploads\/PC-Caddie-Startzeit-buchen-1.png\" alt=\"\" width=\"250\" height=\"749\" srcset=\"https:\/\/golfclubabenberg.de\/wp-content\/uploads\/PC-Caddie-Startzeit-buchen-1.png 294w, https:\/\/golfclubabenberg.de\/wp-content\/uploads\/PC-Caddie-Startzeit-buchen-1-100x300.png 100w\" sizes=\"(max-width: 250px) 100vw, 250px\" \/><\/p>\n<p>Jetzt einen Tag und &#8222;18-Loch-Platz&#8220; oder &#8222;9-Loch-Platz&#8220;ausw\u00e4hlen und sich zun\u00e4chst das Time-Table anzeigen lassen:<\/p>\n<p><img loading=\"lazy\" class=\"alignnone wp-image-21600\" src=\"https:\/\/golfclubabenberg.de\/wp-content\/uploads\/PC-Caddie-Startzeit-buchen-2-1024x695.png\" alt=\"\" width=\"800\" height=\"543\" srcset=\"https:\/\/golfclubabenberg.de\/wp-content\/uploads\/PC-Caddie-Startzeit-buchen-2-1024x695.png 1024w, https:\/\/golfclubabenberg.de\/wp-content\/uploads\/PC-Caddie-Startzeit-buchen-2-300x204.png 300w, https:\/\/golfclubabenberg.de\/wp-content\/uploads\/PC-Caddie-Startzeit-buchen-2-768x521.png 768w, https:\/\/golfclubabenberg.de\/wp-content\/uploads\/PC-Caddie-Startzeit-buchen-2-600x407.png 600w, https:\/\/golfclubabenberg.de\/wp-content\/uploads\/PC-Caddie-Startzeit-buchen-2.png 1183w\" sizes=\"(max-width: 800px) 100vw, 800px\" \/><\/p>\n<p>Freie Startzeiten sind auf der folgenden Seite deutlich erkennbar. Klicke eine freie Startzeit an, reserviere diese f\u00fcr Dich und best\u00e4tige im 2.Schritt die Buchung. Du erh\u00e4ltst anschlie\u00dfend eine Best\u00e4tigung \u00fcber die erfolgreiche Buchung per E-Mail und erkennst Deine Buchung im Time-Table.<\/p>\n<p>Sofern zu der von Dir gew\u00fcnschten Startzeit im Time-Table mehrere Pl\u00e4tze im Flight frei sein sollten, kannst Du auch Deine Mitspieler mit einbuchen. Hierzu erfasst Du die Daten Deiner Mitspieler einfach im Rahmen Deiner Buchung.<\/p>\n<p><strong>Zu 2: <\/strong><\/p>\n<p>Lade und installiere die kostenfreie PC Caddie APP auf Deinem Smartphone aus dem <strong><a href=\"https:\/\/apps.apple.com\/de\/app\/pc-caddie-golf-club-app\/id823519823\">Appstore Apple<\/a><\/strong>\u00a0oder Google-Playstore (Android).<\/p>\n<p>Melde Dich mit Deinen vorhandenen PC CADDIE Zugangsdaten an oder richte (einmalig) Dein Benutzerkonto in der App ein.<br \/>\nW\u00e4hle den Club (8801 Golfclub Abenberg e.V.) aus, bei dem Du Deine Buchungen vornehmen m\u00f6chtest. Der Buchungsvorgang entspricht 1:1 der Darstellung zu 1.<\/p>\n<p><strong>Turnier-Anmeldungen bzw Trainerstunden-Buchungen funktionieren analog zu der o.g. &#8222;Bedienungsanleitung Startzeitenbuchung&#8220;<\/strong><\/p>\n<p>Der Golfclub Abenberg e.V. w\u00fcnscht Dir ein sch\u00f6nes Spiel![\/vc_column_text]<\/div><\/div><\/div>[\/vc_column][\/vc_row]<\/p>\n","protected":false},"excerpt":{"rendered":"<p>[vc_row css=&#8220;.vc_custom_1489742046938{padding-bottom: 30px !important;}&#8220;][vc_column][\/vc_column][\/vc_row]<\/p>\n","protected":false},"author":1,"featured_media":0,"parent":0,"menu_order":0,"comment_status":"closed","ping_status":"closed","template":"","meta":{"_EventAllDay":false,"_EventTimezone":"","_EventStartDate":"","_EventEndDate":"","_EventStartDateUTC":"","_EventEndDateUTC":"","_EventShowMap":false,"_EventShowMapLink":false,"_EventURL":"","_EventCost":"","_EventCostDescription":"","_EventCurrencySymbol":"","_EventCurrencyCode":"","_EventCurrencyPosition":"","_EventDateTimeSeparator":"","_EventTimeRangeSeparator":"","_EventOrganizerID":[],"_EventVenueID":0,"_OrganizerEmail":"","_OrganizerPhone":"","_OrganizerWebsite":"","_VenueAddress":"","_VenueCity":"","_VenueCountry":"","_VenueProvince":"","_VenueZip":"","_VenuePhone":"","_VenueURL":"","_VenueStateProvince":"","_VenueLat":"","_VenueLng":"","_links_to":"","_links_to_target":""},"_links":{"self":[{"href":"https:\/\/golfclubabenberg.de\/index.php\/wp-json\/wp\/v2\/pages\/8372"}],"collection":[{"href":"https:\/\/golfclubabenberg.de\/index.php\/wp-json\/wp\/v2\/pages"}],"about":[{"href":"https:\/\/golfclubabenberg.de\/index.php\/wp-json\/wp\/v2\/types\/page"}],"author":[{"embeddable":true,"href":"https:\/\/golfclubabenberg.de\/index.php\/wp-json\/wp\/v2\/users\/1"}],"replies":[{"embeddable":true,"href":"https:\/\/golfclubabenberg.de\/index.php\/wp-json\/wp\/v2\/comments?post=8372"}],"version-history":[{"count":9,"href":"https:\/\/golfclubabenberg.de\/index.php\/wp-json\/wp\/v2\/pages\/8372\/revisions"}],"predecessor-version":[{"id":21621,"href":"https:\/\/golfclubabenberg.de\/index.php\/wp-json\/wp\/v2\/pages\/8372\/revisions\/21621"}],"wp:attachment":[{"href":"https:\/\/golfclubabenberg.de\/index.php\/wp-json\/wp\/v2\/media?parent=8372"}],"curies":[{"name":"wp","href":"https:\/\/api.w.org\/{rel}","templated":true}]}}