{"id":6786,"date":"2017-02-14T09:30:36","date_gmt":"2017-02-14T08:30:36","guid":{"rendered":"https:\/\/www.golfclubabenberg.de\/?page_id=6786"},"modified":"2019-09-04T18:59:32","modified_gmt":"2019-09-04T16:59:32","slug":"business","status":"publish","type":"page","link":"https:\/\/golfclubabenberg.de\/index.php\/business\/","title":{"rendered":"Business"},"content":{"rendered":"<p>[vc_row][vc_column]<h1 class=\"sc_title sc_title_underline sc_align_left\" style=\"text-align:left;\">Business<\/h1>[\/vc_column][\/vc_row][vc_row full_width=&#8220;stretch_row&#8220; inverse=&#8220;&#8220; css=&#8220;.vc_custom_1487081722607{padding-bottom: 60px !important;background-color: #f7f5f1 !important;}&#8220;][vc_column]<div class=\"sc_section\"><div class=\"sc_section_inner\"><div class=\"sc_section_content_wrap\"><div class=\"columns_wrap sc_columns columns_nofluid sc_columns_count_2\"><div class=\"column-1_2 sc_column_item sc_column_item_1 odd first\"><h3 class=\"sc_title sc_title_regular margin_top_medium\">GOLF F\u00dcR IHR BUSINESS<\/h3><h6 class=\"sc_title sc_title_regular custom_subtitle theme_accent1 \">Sponsoring &amp; Business &#8211; Mehrwert f\u00fcr Sie!<\/h6>[vc_column_text]<span style=\"color: #152229;\">Gerade Konzerne, Mittelst\u00e4ndler und Gesch\u00e4ftsleute haben den Golfsport f\u00fcr sich entdeckt. Wir im Golfclub Abenberg bieten Ihnen mannigfaltige M\u00f6glichkeiten, Ihr Unternehmen, Ihre Produkte und Ihre Dienstleistungen vorzustellen. Dabei sind wir die ideale Plattform, sich unseren Mitgliedern und G\u00e4sten zu pr\u00e4sentieren.<\/span><\/p>\n<p><span style=\"color: #152229;\">Ob Firmenturnier, Sponsoringpakete oder als idealer Rahmen, um Ihren Mitarbeitern und Kunden Dank zu sagen &#8211; der Golfclub Abenberg ist f\u00fcr Sie die richtige Adresse. Gerne schn\u00fcren wir f\u00fcr Sie ein ma\u00dfgeschneidertes Paket.<\/span>[\/vc_column_text][vc_empty_space][vc_column_text]<strong><span style=\"color: #152229;\">Interesse geweckt? Dann wenden Sie sich an uns, wir beraten Sie gerne in einem pers\u00f6nlichen Gespr\u00e4ch.<\/span><\/strong>[\/vc_column_text]<\/div><div class=\"column-1_2 sc_column_item sc_column_item_2 even\" style=\"text-align:center;\">[vc_single_image image=&#8220;6861&#8243; img_size=&#8220;250&#215;400&#8243; alignment=&#8220;center&#8220; css=&#8220;.vc_custom_1487081823645{padding-top: 60px !important;}&#8220;]<\/div><\/div><\/div><\/div><\/div><div class=\"columns_wrap sc_columns columns_nofluid sc_columns_count_3 margin_top_large\"><div class=\"column-1_3 sc_column_item sc_column_item_1 odd first\"><div class=\"sc_price_block sc_price_block_style_1 scheme_original\" style=\"padding-bottom: 20px\"><div class=\"sc_price_block_title\"><span>Internet<\/span><\/div><div class=\"sc_price_block_money\"><div class=\"sc_price_block_icon icon-reply\"><\/div><\/div><div class=\"sc_price_block_description\"><\/p>\n<h6><span style=\"color: #152229;\">manager@golfclub-abenberg.de<\/span><br \/>\n<span style=\"color: #152229;\">www.golfclubabenberg.de<\/span><\/h6>\n<p><\/div><\/div><\/div><div class=\"column-1_3 sc_column_item sc_column_item_2 even\"><div class=\"sc_price_block sc_price_block_style_1 scheme_original\" style=\"padding-bottom: 20px\"><div class=\"sc_price_block_title\"><span>Telefon<\/span><\/div><div class=\"sc_price_block_money\"><div class=\"sc_price_block_icon icon-phone\"><\/div><\/div><div class=\"sc_price_block_description\"><\/p>\n<h6><span style=\"color: #152229;\"><strong>Clubmanager Michael Schalt<\/strong><\/span><br \/>\n<span style=\"color: #152229;\">+49 (0 91 78) 98 96-20<\/span><\/h6>\n<p><\/div><\/div><\/div><div class=\"column-1_3 sc_column_item sc_column_item_3 odd\"><div class=\"sc_price_block sc_price_block_style_1 scheme_original\" style=\"padding-bottom: 20px\"><div class=\"sc_price_block_title\"><span>Adresse<\/span><\/div><div class=\"sc_price_block_money\"><div class=\"sc_price_block_icon icon-address\"><\/div><\/div><div class=\"sc_price_block_description\"><\/p>\n<h6><span style=\"color: #152229;\">Am Golfplatz 19<\/span><br \/>\n<span style=\"color: #152229;\">D-91183 Abenberg<\/span><\/h6>\n<p><\/div><\/div><\/div><\/div>[\/vc_column][\/vc_row]<\/p>\n","protected":false},"excerpt":{"rendered":"<p>[vc_row][vc_column][\/vc_column][\/vc_row][vc_row full_width=&#8220;stretch_row&#8220; inverse=&#8220;&#8220; css=&#8220;.vc_custom_1487081722607{padding-bottom: 60px !important;background-color: #f7f5f1 !important;}&#8220;][vc_column][\/vc_column][\/vc_row]<\/p>\n","protected":false},"author":3,"featured_media":0,"parent":0,"menu_order":0,"comment_status":"closed","ping_status":"closed","template":"","meta":{"_EventAllDay":false,"_EventTimezone":"","_EventStartDate":"","_EventEndDate":"","_EventStartDateUTC":"","_EventEndDateUTC":"","_EventShowMap":false,"_EventShowMapLink":false,"_EventURL":"","_EventCost":"","_EventCostDescription":"","_EventCurrencySymbol":"","_EventCurrencyCode":"","_EventCurrencyPosition":"","_EventDateTimeSeparator":"","_EventTimeRangeSeparator":"","_EventOrganizerID":[],"_EventVenueID":0,"_OrganizerEmail":"","_OrganizerPhone":"","_OrganizerWebsite":"","_VenueAddress":"","_VenueCity":"","_VenueCountry":"","_VenueProvince":"","_VenueZip":"","_VenuePhone":"","_VenueURL":"","_VenueStateProvince":"","_VenueLat":"","_VenueLng":"","_links_to":"","_links_to_target":""},"_links":{"self":[{"href":"https:\/\/golfclubabenberg.de\/index.php\/wp-json\/wp\/v2\/pages\/6786"}],"collection":[{"href":"https:\/\/golfclubabenberg.de\/index.php\/wp-json\/wp\/v2\/pages"}],"about":[{"href":"https:\/\/golfclubabenberg.de\/index.php\/wp-json\/wp\/v2\/types\/page"}],"author":[{"embeddable":true,"href":"https:\/\/golfclubabenberg.de\/index.php\/wp-json\/wp\/v2\/users\/3"}],"replies":[{"embeddable":true,"href":"https:\/\/golfclubabenberg.de\/index.php\/wp-json\/wp\/v2\/comments?post=6786"}],"version-history":[{"count":0,"href":"https:\/\/golfclubabenberg.de\/index.php\/wp-json\/wp\/v2\/pages\/6786\/revisions"}],"wp:attachment":[{"href":"https:\/\/golfclubabenberg.de\/index.php\/wp-json\/wp\/v2\/media?parent=6786"}],"curies":[{"name":"wp","href":"https:\/\/api.w.org\/{rel}","templated":true}]}}