{"id":5880,"date":"2017-02-06T13:56:07","date_gmt":"2017-02-06T12:56:07","guid":{"rendered":"https:\/\/www.golfclubabenberg.de\/?page_id=5880"},"modified":"2017-02-15T15:37:17","modified_gmt":"2017-02-15T14:37:17","slug":"rabbitturnier","status":"publish","type":"page","link":"https:\/\/golfclubabenberg.de\/index.php\/rabbitturnier\/","title":{"rendered":"Rabbitturnier"},"content":{"rendered":"<p>[vc_row full_width=&#8220;stretch_row&#8220; css=&#8220;.vc_custom_1485347794630{background-color: #ffffff !important;}&#8220;][vc_column]<h1 class=\"sc_title sc_title_underline sc_align_left margin_bottom_medium\" style=\"text-align:left;\" data-animation=\"animated fadeIn normal\">Rabbitturnier 11.10.2015<\/h1><div class=\"sc_section margin_top_small\"><div class=\"sc_section_inner\"><div class=\"sc_section_content_wrap\"><h3 class=\"sc_title sc_title_regular sc_align_left margin_top_small margin_bottom_tiny\" style=\"text-align:left;\"><strong>MEINE VEREHRTEN DAMEN, MEINE HERREN, <\/strong><br \/>\n<strong>LIEBE FREUNDINNEN UND FREUNDE DES GOLFSPORTS,<\/strong><\/h3><div class=\"columns_wrap sc_columns columns_nofluid sc_columns_count_2 margin_top_small margin_bottom_small\"><div class=\"column-1_2 sc_column_item sc_column_item_1 odd first\">[vc_column_text]<span style=\"color: #152229;\">es ist an der Zeit, dass sich nun auch mal die Rabbits selbst zu Wort melden. Wenn ihr einverstanden seid, werde ich das jetzt machen. Mein Name ist Hans-Dieter P\u00fclz und ich habe mich auch etwas vorbereitet.<\/span><\/p>\n<p><span style=\"color: #152229;\">Die heutige Veranstaltung ist der Abschluss einer ganzen Reihe von Events im Abenberger Golfclub, die einzig und allein wegen uns, den Kaninchen des Golfsports, stattgefunden haben.<\/span><\/p>\n<p><span style=\"color: #152229;\">Als Kaninchen, neudeutsch Rabbits werden wir bezeichnet, weil wir auf der Runde nicht immer, aber doch ziemlich oft unkontrolliert nach links, nach rechts, sogar nach hinten dem Ball nachlaufen. <strong>ABER<\/strong>: im Idealfall doch auch vorw\u00e4rts!<\/span><\/p>\n<p><span style=\"color: #152229;\">Es gibt deren einige etablierte Spieler mit niedrigem HCP, die offenbar vergessen haben, dass sie einmal in der gleichen Situation waren wie wir. Die m\u00f6gen uns nicht so recht. Haupts\u00e4chlich angegebender Grund: Wir halten das Spiel auf &#8211; <em>entweder<\/em>, wenn wir uns in ihren Samstags- oder Sonntags-Flight einfach eingebucht haben <em>oder<\/em>, wenn wir \u2013 vielleicht auch noch zu mehreren \u2013 im Flight voraus spielen.<\/span><\/p>\n<p><span style=\"color: #152229;\">Trotzdem sind wir f\u00fcr einen Golfclub unverzichtbar &#8211; als Nachwuchs \u2013 na ja, in meinem Alter vielleicht nicht mehr so \u2013 aber in jedem Fall als Beitragszahler und Z\u00e4hlmitglied.<\/span><\/p>\n<p><span style=\"color: #152229;\">Und es wird in allen Clubs auch etwas getan f\u00fcr <strong>DIESE<\/strong> Rabbits &#8211; bei den meisten allerdings nur 2-3x im Jahr.<\/span><\/p>\n<p><span style=\"color: #152229;\">Aber da gibt es den GC Abenberg als leuchtendes Beispiel. Ich will jetzt nicht aufz\u00e4hlen, was alles in 2015 passiert ist und was davon neu war. <strong>ABER:<\/strong> Das, was passiert ist, ist mir in dieser Dichte und Qualit\u00e4t bei keinem der von mir beobachteten und bespielten Vereine bekannt. &#8230;und ich habe einen langen Rabbit-Lebenslauf!<\/span><\/p>\n<p><span style=\"color: #152229;\">Da haben sich 3 gestandene Mitglieder, hervorragende Golfspieler, zusammengetan, um den armen Karnickeln des Clubs zu einem erwachsenen Hasen- sprich Golfer-Dasein zu verhelfen. Bei einigen ist ihnen das auch schon spektakul\u00e4r gelungen. Bei mir leider noch nicht, aber das liegt nicht an den Dreien. Diese 3 m\u00f6chte ich nun direkt ansprechen:<\/span>[\/vc_column_text]<\/div><div class=\"column-1_2 sc_column_item sc_column_item_2 even\">[vc_column_text]<span style=\"color: #152229;\">Liebe Petra, lieber Heinz, lieber Ludger,<\/span><\/p>\n<p><span style=\"color: #152229;\">ich m\u00f6chte mich bei Euch ganz herzlich bedanken und dies \u2013 da bin ich mir sicher \u2013 im Namen aller beteiligten und von Eurem Engagement profitierenden Rabbits<\/span>[\/vc_column_text]<ul class=\"sc_list sc_list_style_ul\" style=\"color:#152229;\"><li class=\"sc_list_item odd first\" title=\"f\u00fcr Eure Idee als solche,\">f\u00fcr Eure Idee als solche,<\/li><li class=\"sc_list_item even\" title=\"f\u00fcr das Programm, \">f\u00fcr das Programm,<\/li><li class=\"sc_list_item odd\" title=\"die hervorragende Aufbau-Arbeit (es galt ja nicht nur, die Rabbits, sondern auch die Clubleitung und Eure vielen Helfer in der Begleitung der Flights zu motivieren und zu begeistern),\">die hervorragende Aufbau-Arbeit (es galt ja nicht nur, die Rabbits, sondern auch die Clubleitung und Eure vielen Helfer in der Begleitung der Flights zu motivieren und zu begeistern),<\/li><li class=\"sc_list_item even\" title=\"die nicht einfache Organisation, (ich nenne hier nur die Rabbits, die dann doch noch unangemeldet zu den sog. \u201elockeren Rabbitrunden\u201c kamen und Knall auf Fall mit einem Begleiter versorgt werden mussten).\">die nicht einfache Organisation, (ich nenne hier nur die Rabbits, die dann doch noch unangemeldet zu den sog. \u201elockeren Rabbitrunden\u201c kamen und Knall auf Fall mit einem Begleiter versorgt werden mussten).<\/li><li class=\"sc_list_item odd\" title=\"die legere Art und Weise, wie ihr das aufgezogen habt.\">die legere Art und Weise, wie ihr das aufgezogen habt.<\/li><\/ul>[vc_column_text]<span style=\"color: #152229;\">Es sind zu diesen Veranstaltungen nicht von ungef\u00e4hr so viele Rabbits und Helfer gekommen. An dieser Stelle m\u00f6chte ich nat\u00fcrlich auch unserem gro\u00dfz\u00fcgigen Sponsor Guido von Lennep, der Clubleitung, den Damen im Sekretariat und der Golf-Akademie, vor allem auch allen Flight-Begleitern und Z\u00e4hlern ausdr\u00fccklich unseren uneingeschr\u00e4nkten Dank sagen!<\/span>[\/vc_column_text][vc_empty_space]<blockquote class=\"sc_quote\" data-animation=\"animated fadeInRight normal\"><p><span style=\"color: #ffffff;\">DANKE! DANKE! DANKE!<br \/>\n<\/span><\/p><\/blockquote>[vc_column_text]<span style=\"color: #152229;\">Eine Goldmedaille habe ich nicht, obwohl sie Euch Dreien zust\u00fcnde, aber als Schwabacher ist mir was anderes Goldiges eingefallen: Jeder von Euch und auch der Guido bekommt einen Schwabacher Goldsekt mit 24 Karat Blattgold. Reines Gold ist ein altes St\u00e4rkungs- und Regulationsmittel.<\/span><\/p>\n<p><span style=\"color: #152229;\">Ich habe mir f\u00fcr Euch auch schon eine Abk\u00fcrzung \u00fcberlegt: Ihr seid die \u201eR.I.B s\u201c &gt;&gt;&gt; Die Rabbit-Integrations-Beauftragten.<\/span><\/p>\n<p><span style=\"color: #152229;\">Wir trinken jetzt auf das Wohl der R.I.Bs, aller ihrer Helfer und des Sponsors!<\/span>[\/vc_column_text]<\/div><\/div><\/div><\/div><\/div>[vc_empty_space][\/vc_column][\/vc_row]<\/p>\n","protected":false},"excerpt":{"rendered":"<p>[vc_row full_width=&#8220;stretch_row&#8220; css=&#8220;.vc_custom_1485347794630{background-color: #ffffff !important;}&#8220;][vc_column][vc_empty_space][\/vc_column][\/vc_row]<\/p>\n","protected":false},"author":3,"featured_media":0,"parent":0,"menu_order":0,"comment_status":"closed","ping_status":"closed","template":"","meta":{"_EventAllDay":false,"_EventTimezone":"","_EventStartDate":"","_EventEndDate":"","_EventStartDateUTC":"","_EventEndDateUTC":"","_EventShowMap":false,"_EventShowMapLink":false,"_EventURL":"","_EventCost":"","_EventCostDescription":"","_EventCurrencySymbol":"","_EventCurrencyCode":"","_EventCurrencyPosition":"","_EventDateTimeSeparator":"","_EventTimeRangeSeparator":"","_EventOrganizerID":[],"_EventVenueID":0,"_OrganizerEmail":"","_OrganizerPhone":"","_OrganizerWebsite":"","_VenueAddress":"","_VenueCity":"","_VenueCountry":"","_VenueProvince":"","_VenueZip":"","_VenuePhone":"","_VenueURL":"","_VenueStateProvince":"","_VenueLat":"","_VenueLng":"","_links_to":"","_links_to_target":""},"_links":{"self":[{"href":"https:\/\/golfclubabenberg.de\/index.php\/wp-json\/wp\/v2\/pages\/5880"}],"collection":[{"href":"https:\/\/golfclubabenberg.de\/index.php\/wp-json\/wp\/v2\/pages"}],"about":[{"href":"https:\/\/golfclubabenberg.de\/index.php\/wp-json\/wp\/v2\/types\/page"}],"author":[{"embeddable":true,"href":"https:\/\/golfclubabenberg.de\/index.php\/wp-json\/wp\/v2\/users\/3"}],"replies":[{"embeddable":true,"href":"https:\/\/golfclubabenberg.de\/index.php\/wp-json\/wp\/v2\/comments?post=5880"}],"version-history":[{"count":0,"href":"https:\/\/golfclubabenberg.de\/index.php\/wp-json\/wp\/v2\/pages\/5880\/revisions"}],"wp:attachment":[{"href":"https:\/\/golfclubabenberg.de\/index.php\/wp-json\/wp\/v2\/media?parent=5880"}],"curies":[{"name":"wp","href":"https:\/\/api.w.org\/{rel}","templated":true}]}}