{"id":4715,"date":"2017-01-13T12:49:11","date_gmt":"2017-01-13T11:49:11","guid":{"rendered":"https:\/\/www.golfclubabenberg.de\/?page_id=4715"},"modified":"2025-11-27T16:26:07","modified_gmt":"2025-11-27T15:26:07","slug":"kurzplatz","status":"publish","type":"page","link":"https:\/\/golfclubabenberg.de\/index.php\/kurzplatz\/","title":{"rendered":"6-Loch-Kurzplatz"},"content":{"rendered":"<p>[vc_row][vc_column css=&#8220;.vc_custom_1486046270595{padding-bottom: 40px !important;}&#8220;]<h1 class=\"sc_title sc_title_underline\">6-Loch-Kurzplatz &#8222;Feser6&#8220;<\/p>\n<p><\/h1><div class=\"sc_section\" style=\"background-image:url(http:\/\/5718);background-repeat:no-repeat;background-size:cover;\"><div class=\"sc_section_inner\"><div class=\"sc_section_overlay\" style=\"\"><div class=\"sc_section_content padding_on\" style=\"\"><div class=\"sc_section_content_wrap\">[vc_column_text]Unser\u00a0 \u00f6ffentlicher 6-Loch-Kurzplatz\u00a0<strong><a href=\"https:\/\/feser6.de\/\" target=\"_blank\" rel=\"noopener\">&#8222;Feser6&#8220;<\/a><\/strong> ist f\u00fcr Golferinnen und Golfer jeder Spielst\u00e4rke eine wahre Freude. Er vereint <strong>alle Spielelemente<\/strong> eines &#8222;gro\u00dfen&#8220; Golfplatzes und wird auch so gepflegt.<\/p>\n<p>Gut zu wissen: der 6-Loch-Kurzplatz kann <strong>auch ohne Platzreife<\/strong> bespielt werden.<\/p>\n<p>Ob f\u00fcr eine \u00dcbungsrunde oder um die ersten Schw\u00fcnge mit Freunden zu machen: kommen Sie vorbei, l\u00f6sen Sie ein\u00a0<strong>Tages-Greenfee<\/strong>, g\u00fcltig f\u00fcr alle \u00dcbungsanlagen im GC Abenberg.<\/p>\n<p>Und wenn es Ihnen gefallen hat: wir bieten auch eine\u00a0<strong>g\u00fcnstige Jahresmitgliedschaft<\/strong>\u00a0nur f\u00fcr die \u00dcbungsanlagen inklusive Kurzplatz an.[\/vc_column_text]<\/div><\/div><\/div><\/div><\/div>[\/vc_column][\/vc_row][vc_row css=&#8220;.vc_custom_1487230662294{padding-top: 30px !important;}&#8220;][\/vc_row]<\/p>\n","protected":false},"excerpt":{"rendered":"<p>[vc_row][vc_column css=&#8220;.vc_custom_1486046270595{padding-bottom: 40px !important;}&#8220;][\/vc_column][\/vc_row][vc_row css=&#8220;.vc_custom_1487230662294{padding-top: 30px !important;}&#8220;][\/vc_row]<\/p>\n","protected":false},"author":1,"featured_media":0,"parent":0,"menu_order":0,"comment_status":"closed","ping_status":"closed","template":"","meta":{"_EventAllDay":false,"_EventTimezone":"","_EventStartDate":"","_EventEndDate":"","_EventStartDateUTC":"","_EventEndDateUTC":"","_EventShowMap":false,"_EventShowMapLink":false,"_EventURL":"","_EventCost":"","_EventCostDescription":"","_EventCurrencySymbol":"","_EventCurrencyCode":"","_EventCurrencyPosition":"","_EventDateTimeSeparator":"","_EventTimeRangeSeparator":"","_EventOrganizerID":[],"_EventVenueID":0,"_OrganizerEmail":"","_OrganizerPhone":"","_OrganizerWebsite":"","_VenueAddress":"","_VenueCity":"","_VenueCountry":"","_VenueProvince":"","_VenueZip":"","_VenuePhone":"","_VenueURL":"","_VenueStateProvince":"","_VenueLat":"","_VenueLng":"","_links_to":"","_links_to_target":""},"_links":{"self":[{"href":"https:\/\/golfclubabenberg.de\/index.php\/wp-json\/wp\/v2\/pages\/4715"}],"collection":[{"href":"https:\/\/golfclubabenberg.de\/index.php\/wp-json\/wp\/v2\/pages"}],"about":[{"href":"https:\/\/golfclubabenberg.de\/index.php\/wp-json\/wp\/v2\/types\/page"}],"author":[{"embeddable":true,"href":"https:\/\/golfclubabenberg.de\/index.php\/wp-json\/wp\/v2\/users\/1"}],"replies":[{"embeddable":true,"href":"https:\/\/golfclubabenberg.de\/index.php\/wp-json\/wp\/v2\/comments?post=4715"}],"version-history":[{"count":3,"href":"https:\/\/golfclubabenberg.de\/index.php\/wp-json\/wp\/v2\/pages\/4715\/revisions"}],"predecessor-version":[{"id":20881,"href":"https:\/\/golfclubabenberg.de\/index.php\/wp-json\/wp\/v2\/pages\/4715\/revisions\/20881"}],"wp:attachment":[{"href":"https:\/\/golfclubabenberg.de\/index.php\/wp-json\/wp\/v2\/media?parent=4715"}],"curies":[{"name":"wp","href":"https:\/\/api.w.org\/{rel}","templated":true}]}}