{"id":3683,"date":"2016-09-06T13:36:38","date_gmt":"2016-09-06T11:36:38","guid":{"rendered":"https:\/\/www.golfclubabenberg.de\/?page_id=3683"},"modified":"2020-06-17T16:28:59","modified_gmt":"2020-06-17T14:28:59","slug":"impressum","status":"publish","type":"page","link":"https:\/\/golfclubabenberg.de\/index.php\/impressum\/","title":{"rendered":"Impressum"},"content":{"rendered":"<p>[vc_row][vc_column]<h1 class=\"sc_title sc_title_underline sc_align_left\" style=\"text-align:left;\">Impressum<\/h1>[\/vc_column][\/vc_row][vc_row full_width=&#8220;stretch_row&#8220; inverse=&#8220;&#8220;][vc_column]<div class=\"columns_wrap sc_columns columns_nofluid sc_columns_count_3 margin_top_large\"><div class=\"column-1_3 sc_column_item sc_column_item_1 odd first\"><div class=\"sc_price_block sc_price_block_style_1 margin_bottom_small scheme_original\" style=\"height:280px;\"><div class=\"sc_price_block_title\"><span>Angaben gem\u00e4\u00df \u00a7 5 TMG<\/span><\/div><div class=\"sc_price_block_money\"><div class=\"sc_price_block_icon icon-address\"><\/div><\/div><div class=\"sc_price_block_description\"><span style=\"color: #152229;\">Golfclub Abenberg e.V.<br \/>\nAm Golfplatz 19<br \/>\n<\/span><span style=\"color: #152229;\">D-91183 Abenberg<\/span><\/div><\/div><\/div><div class=\"column-1_3 sc_column_item sc_column_item_2 even\"><div class=\"sc_price_block sc_price_block_style_1 scheme_original\" style=\"height:280px;\"><div class=\"sc_price_block_title\"><span>Kontakt<\/span><\/div><div class=\"sc_price_block_money\"><div class=\"sc_price_block_icon icon-phone\"><\/div><\/div><div class=\"sc_price_block_description\"><span style=\"color: #152229;\">Telefon: +49 (0 91 78) 98 96-0<br \/>\n<\/span><span style=\"color: #152229;\">Telefax: +49 (0 91 78) 98 96-96<br \/>\nE-Mail: <a href=\"mailto:info@golfclub-abenberg.de\">info@golfclub-abenberg.de<\/a><\/span><\/div><\/div><\/div><div class=\"column-1_3 sc_column_item sc_column_item_3 odd\"><div class=\"sc_price_block sc_price_block_style_1 scheme_original\" style=\"height:280px;\"><div class=\"sc_price_block_title\"><span>Vertreten durch<\/span><\/div><div class=\"sc_price_block_money\"><div class=\"sc_price_block_icon icon-reply\"><\/div><\/div><div class=\"sc_price_block_description\"><span style=\"color: #152229;\">Pr\u00e4sident:<br \/>\nGerd Kehrbach<\/span><\/div><\/div><\/div><div class=\"column-1_3 sc_column_item sc_column_item_4 even\"><div class=\"sc_price_block sc_price_block_style_1 scheme_original\" style=\"height:280px;\"><div class=\"sc_price_block_title\"><span>Registereintrag<\/span><\/div><div class=\"sc_price_block_money\"><div class=\"sc_price_block_icon icon-money-light\"><\/div><\/div><div class=\"sc_price_block_description\"><span style=\"color: #152229;\">Vereinsregister: 10339<br \/>\nRegistergericht: Amtsgericht N\u00fcrnberg<\/span><\/div><\/div><\/div><div class=\"column-1_3 sc_column_item sc_column_item_5 odd\"><div class=\"sc_price_block sc_price_block_style_1 scheme_original\" style=\"height:280px;\"><div class=\"sc_price_block_title\"><span>Umsatzsteuer<\/span><\/div><div class=\"sc_price_block_money\"><div class=\"sc_price_block_icon icon-info-1\"><\/div><\/div><div class=\"sc_price_block_description\"><span style=\"color: #152229;\">Umsatzsteuer-Identifikationsnummer gem\u00e4\u00df \u00a727 a Umsatzsteuergesetz: DE175497107<br \/>\n<\/span><\/div><\/div><\/div><div class=\"column-1_3 sc_column_item sc_column_item_6 even\"><div class=\"sc_price_block sc_price_block_style_1 scheme_original\" style=\"height:280px;\"><div class=\"sc_price_block_title\"><span>Konzeption, Design & Programmierung<\/span><\/div><div class=\"sc_price_block_money\"><div class=\"sc_price_block_icon icon-cog-light\"><\/div><\/div><div class=\"sc_price_block_description\"><span style=\"color: #152229;\"><a href=\"http:\/\/www.cmb-group.de\/\" target=\"_blank\" rel=\"noopener noreferrer\">CMB Communications GmbH<\/a><br \/>\nKreutweg 21<br \/>\nD-92360 M\u00fchlhausen<br \/>\n<\/span><\/div><\/div><\/div><\/div>[vc_empty_space][vc_empty_space][\/vc_column][\/vc_row][vc_row css=&#8220;.vc_custom_1528799169442{padding-bottom: 5% !important;}&#8220;][vc_column][vc_column_text]<\/p>\n<h6><strong>Streitschlichtung <\/strong><\/h6>\n<p>Die Europ\u00e4ische Kommission stellt eine Plattform zur <a href=\"https:\/\/ec.europa.eu\/consumers\/odr\" target=\"_blank\" rel=\"noopener noreferrer\">Online-Streitbeilegung (OS)<\/a> bereit. Unsere E-Mail-Adresse finden Sie oben im Impressum. Wir sind nicht bereit oder verpflichtet, an Streitbeilegungsverfahren vor einer Verbraucherschlichtungsstelle teilzunehmen.<\/p>\n<h6><strong>Haftung f\u00fcr Inhalte <\/strong><\/h6>\n<p>Als Diensteanbieter sind wir gem\u00e4\u00df \u00a7 7 Abs. 1 TMG f\u00fcr eigene Inhalte auf diesen Seiten nach den allgemeinen Gesetzen verantwortlich. Nach \u00a7\u00a7 8 bis 10 TMG sind wir als Diensteanbieter jedoch nicht verpflichtet, \u00fcbermittelte oder gespeicherte fremde Informationen zu \u00fcberwachen oder nach Umst\u00e4nden zu forschen, die auf eine rechtswidrige T\u00e4tigkeit hinweisen.<\/p>\n<p>Verpflichtungen zur Entfernung oder Sperrung der Nutzung von Informationen nach den allgemeinen Gesetzen bleiben hiervon unber\u00fchrt. Eine diesbez\u00fcgliche Haftung ist jedoch erst ab dem Zeitpunkt der Kenntnis einer konkreten Rechtsverletzung m\u00f6glich. Bei Bekanntwerden von entsprechenden Rechtsverletzungen werden wir diese Inhalte umgehend entfernen.<\/p>\n<h6><strong>Haftung f\u00fcr Links <\/strong><\/h6>\n<p>Unser Angebot enth\u00e4lt Links zu externen Websites Dritter, auf deren Inhalte wir keinen Einfluss haben. Deshalb k\u00f6nnen wir f\u00fcr diese fremden Inhalte auch keine Gew\u00e4hr \u00fcbernehmen. Fu\u0308r die Inhalte der verlinkten Seiten ist stets der jeweilige Anbieter oder Betreiber der Seiten verantwortlich. Die verlinkten Seiten wurden zum Zeitpunkt der Verlinkung auf m\u00f6gliche Rechtsverst\u00f6\u00dfe \u00fcberpr\u00fcft. Rechtswidrige Inhalte waren zum Zeitpunkt der Verlinkung nicht erkennbar.<\/p>\n<p>Eine permanente inhaltliche Kontrolle der verlinkten Seiten ist jedoch ohne konkrete Anhaltspunkte einer Rechtsverletzung nicht zumutbar. Bei Bekanntwerden von Rechtsverletzungen werden wir derartige Links umgehend entfernen.<\/p>\n<h6><strong>Urheberrecht <\/strong><\/h6>\n<p>Die durch die Seitenbetreiber erstellten Inhalte und Werke auf diesen Seiten unterliegen dem deutschen Urheberrecht. Die Vervielf\u00e4ltigung, Bearbeitung, Verbreitung und jede Art der Verwertung au\u00dferhalb der Grenzen des Urheberrechtes bed\u00fcrfen der schriftlichen Zustimmung des jeweiligen Autors bzw. Erstellers. Downloads und Kopien dieser Seite sind nur f\u00fcr den privaten, nicht kommerziellen Gebrauch gestattet.<\/p>\n<p>Soweit die Inhalte auf dieser Seite nicht vom Betreiber erstellt wurden, werden die Urheberrechte Dritter beachtet. Insbesondere werden Inhalte Dritter als solche gekennzeichnet. Sollten Sie trotzdem auf eine Urheberrechtsverletzung aufmerksam werden, bitten wir um einen entsprechenden Hinweis. Bei Bekanntwerden von Rechtsverletzungen werden wir derartige Inhalte umgehend entfernen.[\/vc_column_text][\/vc_column][\/vc_row][vc_row full_width=&#8220;stretch_row_content_no_spaces&#8220; disable_element=&#8220;yes&#8220;][vc_column width=&#8220;2\/3&#8243;]<div id=\"sc_googlemap_1151823875\" class=\"sc_googlemap\" style=\"width:100%;height:590px;\" data-zoom=\"10\" data-style=\"custom\"><div id=\"sc_googlemap_1151823875_1\" class=\"sc_googlemap_marker\" data-title=\"Golfplatz Abenberg\" data-description=\"\" data-address=\"\" data-latlng=\"49.25245, 10.96594\" data-point=\"https:\/\/golfclubabenberg.de\/wp-content\/uploads\/Marker_GCA_dunkel.png\"><\/div><\/div>[\/vc_column][vc_column width=&#8220;1\/3&#8243; css=&#8220;.vc_custom_1528808100251{margin-top: 0px !important;margin-right: 0px !important;margin-bottom: 0px !important;margin-left: 0px !important;padding-left: 5% !important;background-color: #152229 !important;}&#8220;]<div role=\"form\" class=\"wpcf7\" id=\"wpcf7-f10945-o1\" lang=\"de-DE\" dir=\"ltr\">\n<div class=\"screen-reader-response\"><p role=\"status\" aria-live=\"polite\" aria-atomic=\"true\"><\/p> <ul><\/ul><\/div>\n<form action=\"\/index.php\/wp-json\/wp\/v2\/pages\/3683#wpcf7-f10945-o1\" method=\"post\" class=\"wpcf7-form init\" novalidate=\"novalidate\" data-status=\"init\">\n<div style=\"display: none;\">\n<input type=\"hidden\" name=\"_wpcf7\" value=\"10945\" \/>\n<input type=\"hidden\" name=\"_wpcf7_version\" value=\"5.5.6.1\" \/>\n<input type=\"hidden\" name=\"_wpcf7_locale\" value=\"de_DE\" \/>\n<input type=\"hidden\" name=\"_wpcf7_unit_tag\" value=\"wpcf7-f10945-o1\" \/>\n<input type=\"hidden\" name=\"_wpcf7_container_post\" value=\"0\" \/>\n<input type=\"hidden\" name=\"_wpcf7_posted_data_hash\" value=\"\" \/>\n<\/div>\n<div style=\"color: #ffffff !important; width: 77%;\">\n<h3 style=\"color: #dc6c12; padding-top: 0px;\">Kontakt<\/h3>\n<p style=\"line-height: 18px;\">Schicken Sie uns Ihr Anliegen \u00fcber nachfolgendes Kontaktformular:<\/p>\n<p><span class=\"wpcf7-form-control-wrap your-name\"><input type=\"text\" name=\"your-name\" value=\"\" size=\"40\" class=\"wpcf7-form-control wpcf7-text wpcf7-validates-as-required\" aria-required=\"true\" aria-invalid=\"false\" placeholder=\"Name *\" \/><\/span><br \/>\n<span class=\"wpcf7-form-control-wrap email\"><input type=\"email\" name=\"email\" value=\"\" size=\"40\" class=\"wpcf7-form-control wpcf7-text wpcf7-email wpcf7-validates-as-required wpcf7-validates-as-email\" aria-required=\"true\" aria-invalid=\"false\" placeholder=\"E-Mail *\" \/><\/span><br \/>\n<span class=\"wpcf7-form-control-wrap betreff\"><input type=\"text\" name=\"betreff\" value=\"\" size=\"40\" class=\"wpcf7-form-control wpcf7-text\" aria-invalid=\"false\" placeholder=\"Betreff\" \/><\/span><br \/>\n<span class=\"wpcf7-form-control-wrap nachricht\"><textarea name=\"nachricht\" cols=\"40\" rows=\"5\" class=\"wpcf7-form-control wpcf7-textarea wpcf7-validates-as-required\" aria-required=\"true\" aria-invalid=\"false\" placeholder=\"Ihre Nachricht *\"><\/textarea><\/span><\/p>\n<p style=\"font-size: 14px; line-height: 16px\"><span class=\"wpcf7-form-control-wrap dsgvo\"><span class=\"wpcf7-form-control wpcf7-checkbox wpcf7-validates-as-required\"><span class=\"wpcf7-list-item first last\"><input type=\"checkbox\" name=\"dsgvo[]\" value=\"Ich stimme zu, dass meine Angaben aus dem Kontaktformular zur Beantwortung meiner Anfrage erhoben und verarbeitet werde. Die Daten werden nach abgeschlossener Bearbeitung Ihrer Anfrage gel\u00f6scht.\" \/><span class=\"wpcf7-list-item-label\">Ich stimme zu, dass meine Angaben aus dem Kontaktformular zur Beantwortung meiner Anfrage erhoben und verarbeitet werde. Die Daten werden nach abgeschlossener Bearbeitung Ihrer Anfrage gel\u00f6scht.<\/span><\/span><\/span><\/span><\/p>\n<p><input type=\"submit\" value=\"Abschicken\" class=\"wpcf7-form-control has-spinner wpcf7-submit\" \/><\/p>\n<p style=\"font-size: 12px !important; line-height: 13.5px !important;\"><b>Hinweis:<\/b> Sie k\u00f6nnen Ihre Einwilligung jederzeit f\u00fcr die Zukunft per E-Mail an <a href=\"mailto:info@golfclub-abenberg.de\">info@golfclub-abenberg.de<\/a> widerrufen. Detaillierte Informationen zum Umgang mit Nutzerdaten finden Sie in unserer <a href=\"https:\/\/www.golfclubabenberg.de\/index.php\/datenschutz\/\" target=\"_blank\">Datenschutzerkl\u00e4rung<\/a>.<\/p>\n<\/div>\n<div class=\"wpcf7-response-output\" aria-hidden=\"true\"><\/div><\/form><\/div>[\/vc_column][\/vc_row][vc_row full_width=&#8220;stretch_row_content_no_spaces&#8220; css=&#8220;.vc_custom_1561717568793{border-bottom-width: 1px !important;border-bottom-color: #f7f5f1 !important;border-bottom-style: solid !important;}&#8220;][vc_column offset=&#8220;vc_hidden-lg&#8220; css=&#8220;.vc_custom_1561714366373{margin-top: 0px !important;margin-right: 0px !important;margin-bottom: 0px !important;margin-left: 0px !important;}&#8220;][vc_raw_html]JTNDZGl2JTIwY2xhc3MlM0QlMjJlbWJlZC1jb250YWluZXIlMjIlM0UlMEElM0NpZnJhbWUlMjBzcmMlM0QlMjJodHRwcyUzQSUyRiUyRnNuYXp6eW1hcHMuY29tJTJGZW1iZWQlMkY3ODMxOSUyMiUyMHdpZHRoJTNEJTIyMTE0MyUyMiUyMGhlaWdodCUzRCUyMjc4MCUyMiUyMHN0eWxlJTNEJTIyYm9yZGVyJTNBbm9uZSUzQiUyMiUzRSUzQyUyRmlmcmFtZSUzRSUwQSUzQyUyRmRpdiUzRQ==[\/vc_raw_html]<div class=\"sc_section margin_top_null margin_right_null margin_bottom_null margin_left_null alignleft\" style=\"background-color:#152229;\"><div class=\"sc_section_inner\"><div class=\"sc_section_overlay\" style=\"\"><div class=\"sc_section_content padding_on\" style=\"\"><div class=\"sc_section_content_wrap\"><div role=\"form\" class=\"wpcf7\" id=\"wpcf7-f10945-o2\" lang=\"de-DE\" dir=\"ltr\">\n<div class=\"screen-reader-response\"><p role=\"status\" aria-live=\"polite\" aria-atomic=\"true\"><\/p> <ul><\/ul><\/div>\n<form action=\"\/index.php\/wp-json\/wp\/v2\/pages\/3683#wpcf7-f10945-o2\" method=\"post\" class=\"wpcf7-form init\" novalidate=\"novalidate\" data-status=\"init\">\n<div style=\"display: none;\">\n<input type=\"hidden\" name=\"_wpcf7\" value=\"10945\" \/>\n<input type=\"hidden\" name=\"_wpcf7_version\" value=\"5.5.6.1\" \/>\n<input type=\"hidden\" name=\"_wpcf7_locale\" value=\"de_DE\" \/>\n<input type=\"hidden\" name=\"_wpcf7_unit_tag\" value=\"wpcf7-f10945-o2\" \/>\n<input type=\"hidden\" name=\"_wpcf7_container_post\" value=\"0\" \/>\n<input type=\"hidden\" name=\"_wpcf7_posted_data_hash\" value=\"\" \/>\n<\/div>\n<div style=\"color: #ffffff !important; width: 77%;\">\n<h3 style=\"color: #dc6c12; padding-top: 0px;\">Kontakt<\/h3>\n<p style=\"line-height: 18px;\">Schicken Sie uns Ihr Anliegen \u00fcber nachfolgendes Kontaktformular:<\/p>\n<p><span class=\"wpcf7-form-control-wrap your-name\"><input type=\"text\" name=\"your-name\" value=\"\" size=\"40\" class=\"wpcf7-form-control wpcf7-text wpcf7-validates-as-required\" aria-required=\"true\" aria-invalid=\"false\" placeholder=\"Name *\" \/><\/span><br \/>\n<span class=\"wpcf7-form-control-wrap email\"><input type=\"email\" name=\"email\" value=\"\" size=\"40\" class=\"wpcf7-form-control wpcf7-text wpcf7-email wpcf7-validates-as-required wpcf7-validates-as-email\" aria-required=\"true\" aria-invalid=\"false\" placeholder=\"E-Mail *\" \/><\/span><br \/>\n<span class=\"wpcf7-form-control-wrap betreff\"><input type=\"text\" name=\"betreff\" value=\"\" size=\"40\" class=\"wpcf7-form-control wpcf7-text\" aria-invalid=\"false\" placeholder=\"Betreff\" \/><\/span><br \/>\n<span class=\"wpcf7-form-control-wrap nachricht\"><textarea name=\"nachricht\" cols=\"40\" rows=\"5\" class=\"wpcf7-form-control wpcf7-textarea wpcf7-validates-as-required\" aria-required=\"true\" aria-invalid=\"false\" placeholder=\"Ihre Nachricht *\"><\/textarea><\/span><\/p>\n<p style=\"font-size: 14px; line-height: 16px\"><span class=\"wpcf7-form-control-wrap dsgvo\"><span class=\"wpcf7-form-control wpcf7-checkbox wpcf7-validates-as-required\"><span class=\"wpcf7-list-item first last\"><input type=\"checkbox\" name=\"dsgvo[]\" value=\"Ich stimme zu, dass meine Angaben aus dem Kontaktformular zur Beantwortung meiner Anfrage erhoben und verarbeitet werde. Die Daten werden nach abgeschlossener Bearbeitung Ihrer Anfrage gel\u00f6scht.\" \/><span class=\"wpcf7-list-item-label\">Ich stimme zu, dass meine Angaben aus dem Kontaktformular zur Beantwortung meiner Anfrage erhoben und verarbeitet werde. Die Daten werden nach abgeschlossener Bearbeitung Ihrer Anfrage gel\u00f6scht.<\/span><\/span><\/span><\/span><\/p>\n<p><input type=\"submit\" value=\"Abschicken\" class=\"wpcf7-form-control has-spinner wpcf7-submit\" \/><\/p>\n<p style=\"font-size: 12px !important; line-height: 13.5px !important;\"><b>Hinweis:<\/b> Sie k\u00f6nnen Ihre Einwilligung jederzeit f\u00fcr die Zukunft per E-Mail an <a href=\"mailto:info@golfclub-abenberg.de\">info@golfclub-abenberg.de<\/a> widerrufen. Detaillierte Informationen zum Umgang mit Nutzerdaten finden Sie in unserer <a href=\"https:\/\/www.golfclubabenberg.de\/index.php\/datenschutz\/\" target=\"_blank\">Datenschutzerkl\u00e4rung<\/a>.<\/p>\n<\/div>\n<div class=\"wpcf7-response-output\" aria-hidden=\"true\"><\/div><\/form><\/div><\/div><\/div><\/div><\/div><\/div>[\/vc_column][\/vc_row][vc_row full_width=&#8220;stretch_row_content_no_spaces&#8220; inverse=&#8220;&#8220; css=&#8220;.vc_custom_1592403126881{background-color: #152229 !important;}&#8220;][vc_column width=&#8220;2\/3&#8243; offset=&#8220;vc_hidden-md vc_hidden-sm vc_hidden-xs&#8220; css=&#8220;.vc_custom_1572513451296{margin-top: 0px !important;margin-right: 0px !important;margin-bottom: 0px !important;margin-left: 0px !important;}&#8220;][vc_raw_html el_class=&#8220;embed-container&#8220; css=&#8220;.vc_custom_1575543127004{padding-top: 0% !important;padding-right: 0% !important;padding-bottom: 0% !important;padding-left: 0% !important;}&#8220;]JTNDZGl2JTIwY2xhc3MlM0QlMjJlbWJlZC1jb250YWluZXIlMjIlM0UlMEElM0NpZnJhbWUlMjBzcmMlM0QlMjJodHRwcyUzQSUyRiUyRnNuYXp6eW1hcHMuY29tJTJGZW1iZWQlMkY3ODMxOSUyMiUyMHdpZHRoJTNEJTIyMTAwJTI1JTIyJTIwaGVpZ2h0JTNEJTIyMTUwMCUyMiUyMHN0eWxlJTNEJTIyYm9yZGVyJTNBJTIwMCUzQiUyMiUzRSUzQyUyRmlmcmFtZSUzRSUwQSUzQyUyRmRpdiUzRQ==[\/vc_raw_html][\/vc_column][vc_column width=&#8220;1\/3&#8243; css=&#8220;.vc_custom_1572513251083{margin-top: 0px !important;margin-right: 0px !important;margin-bottom: 0px !important;margin-left: 0px !important;padding-right: 0px !important;padding-bottom: 10% !important;padding-left: 18% !important;background-color: #152229 !important;}&#8220; offset=&#8220;vc_hidden-md vc_hidden-sm vc_hidden-xs&#8220;]<div role=\"form\" class=\"wpcf7\" id=\"wpcf7-f10945-o3\" lang=\"de-DE\" dir=\"ltr\">\n<div class=\"screen-reader-response\"><p role=\"status\" aria-live=\"polite\" aria-atomic=\"true\"><\/p> <ul><\/ul><\/div>\n<form action=\"\/index.php\/wp-json\/wp\/v2\/pages\/3683#wpcf7-f10945-o3\" method=\"post\" class=\"wpcf7-form init\" novalidate=\"novalidate\" data-status=\"init\">\n<div style=\"display: none;\">\n<input type=\"hidden\" name=\"_wpcf7\" value=\"10945\" \/>\n<input type=\"hidden\" name=\"_wpcf7_version\" value=\"5.5.6.1\" \/>\n<input type=\"hidden\" name=\"_wpcf7_locale\" value=\"de_DE\" \/>\n<input type=\"hidden\" name=\"_wpcf7_unit_tag\" value=\"wpcf7-f10945-o3\" \/>\n<input type=\"hidden\" name=\"_wpcf7_container_post\" value=\"0\" \/>\n<input type=\"hidden\" name=\"_wpcf7_posted_data_hash\" value=\"\" \/>\n<\/div>\n<div style=\"color: #ffffff !important; width: 77%;\">\n<h3 style=\"color: #dc6c12; padding-top: 0px;\">Kontakt<\/h3>\n<p style=\"line-height: 18px;\">Schicken Sie uns Ihr Anliegen \u00fcber nachfolgendes Kontaktformular:<\/p>\n<p><span class=\"wpcf7-form-control-wrap your-name\"><input type=\"text\" name=\"your-name\" value=\"\" size=\"40\" class=\"wpcf7-form-control wpcf7-text wpcf7-validates-as-required\" aria-required=\"true\" aria-invalid=\"false\" placeholder=\"Name *\" \/><\/span><br \/>\n<span class=\"wpcf7-form-control-wrap email\"><input type=\"email\" name=\"email\" value=\"\" size=\"40\" class=\"wpcf7-form-control wpcf7-text wpcf7-email wpcf7-validates-as-required wpcf7-validates-as-email\" aria-required=\"true\" aria-invalid=\"false\" placeholder=\"E-Mail *\" \/><\/span><br \/>\n<span class=\"wpcf7-form-control-wrap betreff\"><input type=\"text\" name=\"betreff\" value=\"\" size=\"40\" class=\"wpcf7-form-control wpcf7-text\" aria-invalid=\"false\" placeholder=\"Betreff\" \/><\/span><br \/>\n<span class=\"wpcf7-form-control-wrap nachricht\"><textarea name=\"nachricht\" cols=\"40\" rows=\"5\" class=\"wpcf7-form-control wpcf7-textarea wpcf7-validates-as-required\" aria-required=\"true\" aria-invalid=\"false\" placeholder=\"Ihre Nachricht *\"><\/textarea><\/span><\/p>\n<p style=\"font-size: 14px; line-height: 16px\"><span class=\"wpcf7-form-control-wrap dsgvo\"><span class=\"wpcf7-form-control wpcf7-checkbox wpcf7-validates-as-required\"><span class=\"wpcf7-list-item first last\"><input type=\"checkbox\" name=\"dsgvo[]\" value=\"Ich stimme zu, dass meine Angaben aus dem Kontaktformular zur Beantwortung meiner Anfrage erhoben und verarbeitet werde. Die Daten werden nach abgeschlossener Bearbeitung Ihrer Anfrage gel\u00f6scht.\" \/><span class=\"wpcf7-list-item-label\">Ich stimme zu, dass meine Angaben aus dem Kontaktformular zur Beantwortung meiner Anfrage erhoben und verarbeitet werde. Die Daten werden nach abgeschlossener Bearbeitung Ihrer Anfrage gel\u00f6scht.<\/span><\/span><\/span><\/span><\/p>\n<p><input type=\"submit\" value=\"Abschicken\" class=\"wpcf7-form-control has-spinner wpcf7-submit\" \/><\/p>\n<p style=\"font-size: 12px !important; line-height: 13.5px !important;\"><b>Hinweis:<\/b> Sie k\u00f6nnen Ihre Einwilligung jederzeit f\u00fcr die Zukunft per E-Mail an <a href=\"mailto:info@golfclub-abenberg.de\">info@golfclub-abenberg.de<\/a> widerrufen. Detaillierte Informationen zum Umgang mit Nutzerdaten finden Sie in unserer <a href=\"https:\/\/www.golfclubabenberg.de\/index.php\/datenschutz\/\" target=\"_blank\">Datenschutzerkl\u00e4rung<\/a>.<\/p>\n<\/div>\n<div class=\"wpcf7-response-output\" aria-hidden=\"true\"><\/div><\/form><\/div>[\/vc_column][\/vc_row]<\/p>\n","protected":false},"excerpt":{"rendered":"<p>[vc_row][vc_column][\/vc_column][\/vc_row][vc_row full_width=&#8220;stretch_row&#8220; inverse=&#8220;&#8220;][vc_column][vc_empty_space][vc_empty_space][\/vc_column][\/vc_row][vc_row css=&#8220;.vc_custom_1528799169442{padding-bottom: 5% !important;}&#8220;][vc_column][vc_column_text] Streitschlichtung Die Europ\u00e4ische Kommission stellt eine Plattform zur Online-Streitbeilegung (OS) bereit. Unsere E-Mail-Adresse finden Sie oben im Impressum. Wir sind nicht bereit oder verpflichtet, [&hellip;]<\/p>\n","protected":false},"author":1,"featured_media":0,"parent":0,"menu_order":0,"comment_status":"closed","ping_status":"closed","template":"","meta":{"_EventAllDay":false,"_EventTimezone":"","_EventStartDate":"","_EventEndDate":"","_EventStartDateUTC":"","_EventEndDateUTC":"","_EventShowMap":false,"_EventShowMapLink":false,"_EventURL":"","_EventCost":"","_EventCostDescription":"","_EventCurrencySymbol":"","_EventCurrencyCode":"","_EventCurrencyPosition":"","_EventDateTimeSeparator":"","_EventTimeRangeSeparator":"","_EventOrganizerID":[],"_EventVenueID":0,"_OrganizerEmail":"","_OrganizerPhone":"","_OrganizerWebsite":"","_VenueAddress":"","_VenueCity":"","_VenueCountry":"","_VenueProvince":"","_VenueZip":"","_VenuePhone":"","_VenueURL":"","_VenueStateProvince":"","_VenueLat":"","_VenueLng":"","_links_to":"","_links_to_target":""},"_links":{"self":[{"href":"https:\/\/golfclubabenberg.de\/index.php\/wp-json\/wp\/v2\/pages\/3683"}],"collection":[{"href":"https:\/\/golfclubabenberg.de\/index.php\/wp-json\/wp\/v2\/pages"}],"about":[{"href":"https:\/\/golfclubabenberg.de\/index.php\/wp-json\/wp\/v2\/types\/page"}],"author":[{"embeddable":true,"href":"https:\/\/golfclubabenberg.de\/index.php\/wp-json\/wp\/v2\/users\/1"}],"replies":[{"embeddable":true,"href":"https:\/\/golfclubabenberg.de\/index.php\/wp-json\/wp\/v2\/comments?post=3683"}],"version-history":[{"count":0,"href":"https:\/\/golfclubabenberg.de\/index.php\/wp-json\/wp\/v2\/pages\/3683\/revisions"}],"wp:attachment":[{"href":"https:\/\/golfclubabenberg.de\/index.php\/wp-json\/wp\/v2\/media?parent=3683"}],"curies":[{"name":"wp","href":"https:\/\/api.w.org\/{rel}","templated":true}]}}