{"id":21605,"date":"2026-05-02T17:21:21","date_gmt":"2026-05-02T15:21:21","guid":{"rendered":"https:\/\/golfclubabenberg.de\/?page_id=21605"},"modified":"2026-05-03T09:51:32","modified_gmt":"2026-05-03T07:51:32","slug":"welche-angebote-fuer-neue-mitglieder","status":"publish","type":"page","link":"https:\/\/golfclubabenberg.de\/index.php\/welche-angebote-fuer-neue-mitglieder\/","title":{"rendered":"Welche Angebote hat der GCA f\u00fcr neue Mitglieder?"},"content":{"rendered":"<p>[vc_row][vc_column css=&#8220;.vc_custom_1486050702304{padding-bottom: 80px !important;}&#8220;]<h1 class=\"sc_title sc_title_underline\">Mit diesen Angeboten ist der Einstieg ganz einfach<\/h1><div class=\"sc_section\"><div class=\"sc_section_inner\"><div class=\"sc_section_content_wrap\">[vc_column_text]F\u00fcr unsere Neumitglieder haben wir ganz besondere Angebote, um schnell neue Bekanntschaften im Golfclub Abenberg kennen zu lernen.<\/p>\n<p>Mit den Rabbit-Turnieren und -Treffs bieten wir Euch einen einfachen und richtigen Einstieg ins sportliche Golfgeschehen.<\/p>\n<p>Einen ersten Eindruck \u00fcber unsere Golf-Einsteiger-Gruppe kannst Du Dir\u00a0<strong><a href=\"https:\/\/golfclubabenberg.de\/index.php\/golfeinsteigergruppe-rabbits\/\">hier<\/a><\/strong> verschaffen[\/vc_column_text][vc_empty_space]<div class=\"columns_wrap sc_columns columns_nofluid sc_columns_count_3\"><div class=\"column-1_3 sc_column_item sc_column_item_1 odd first\" style=\"text-align:center;\">[vc_empty_space][vc_single_image image=&#8220;10621&#8243; img_size=&#8220;full&#8220;][vc_empty_space height=&#8220;310px&#8220;]<\/div><div class=\"column-1_3 sc_column_item sc_column_item_2 even\">[vc_column_text]<\/p>\n<h4>Tee Time Talk<\/h4>\n<p>Nach Deiner bestandenen Platzreife haben wir ein spezielles Angebot f\u00fcr Dich.<\/p>\n<ul>\n<li>Alle 6 Wochen laden wir dich ein, entspannt mit Gleichgesinnten auf dem Kurzplatz zu lernen, Tipps zu erhalten &amp; dein Spiel zu verbessern \u2013 ohne Druck, aber mit viel Spa\u00df!<\/li>\n<li>Nutze 6 Wochen lang kostenlos Putting Green, Driving Range &amp; Kurzplatz inklusive Leihschl\u00e4ger \u2013 ideal, um dein Spiel weiterzuentwickeln!<\/li>\n<\/ul>\n<p>Wir freuen uns darauf, dich auf deinem weiteren Golfweg zu begleiten \u2013 let\u2019s rock the course!<\/p>\n<p>Schreib uns per Mail mit dem Betreff \u201eTeeTimeTalk\u201c an <a href=\"mailto:teetimetalk@golfclub-abenberg.de\">teetimetalk(at)golfclub-abenberg.de<\/a> oder ruf uns an unter +49 (0) 91 78 98 96-0.<\/p>\n<p>Die Termine findest Du in unserem <strong><a href=\"https:\/\/golfclubabenberg.de\/index.php\/turniere-events\/\">Turnierkalender<\/a>.<\/strong>[\/vc_column_text][vc_empty_space]<\/div><div class=\"column-1_3 sc_column_item sc_column_item_3 odd\">[vc_column_text]<\/p>\n<h4>Lockere Runde mit den Rabbits<\/h4>\n<p>Du traust Dich noch nicht so richtig, ein Turnier mitzuspielen, m\u00f6chtest aber gerne den Platz und neue Golf-Freunde kennenlernen?<\/p>\n<p>Dann wartet von Mai bis September alle zwei Wochen am Sp\u00e4tnachmittag die &#8222;lockere Runde mit den Rabbits&#8220; auf Dich.<\/p>\n<p>Hier spielt ein Mitglied mit drei Neulingen eine entspannte 9-Loch-Runde ohne Stress und Hektik. Der gesellige Ausklang findet dann im Clubrestaurant statt &#8211; eine sch\u00f6nere Clubterrasse findet man so schnell nicht wieder.<\/p>\n<p>Die Termine hierzu findest Du\u00a0<strong><a href=\"https:\/\/golfclubabenberg.de\/index.php\/turniere-events\/\">hier<\/a>\u00a0<\/strong>in unserem Turnierkalender![\/vc_column_text][vc_empty_space]<\/div><\/div>[vc_empty_space]<div class=\"columns_wrap sc_columns columns_nofluid sc_columns_count_3\"><div class=\"column-1_3 sc_column_item sc_column_item_1 odd first\" style=\"text-align:center;\">[vc_column_text]<\/p>\n<h4 style=\"text-align: left;\">Rabbit-Turnier<\/h4>\n<p style=\"text-align: left;\">Mit unserem monatlichen Rabbit-Turnier begleitet Euch ein erfahrener Golfer \u00fcber die 9-Loch-Runde. Er nimmt Euch die Nervosit\u00e4t, hilft Euch beim Z\u00e4hlen des Scores von Euch und Eueren Mitspielern und kann Euch wertvolle Tips zu Regelfragen geben. Nach dem Turnier sitzen alle Teilnehmer gem\u00fctlich im Clubrestaurant und warten gespannt auf die Siegerehrung. Dort gibt es auch noch sch\u00f6ne Preise f\u00fcr die Erstplatzierten.<\/p>\n<p style=\"text-align: left;\">Die Termine f\u00fcr die Rabbit-Turniere findest Du ebenfalls <strong><a href=\"https:\/\/golfclubabenberg.de\/index.php\/turniere-events\/\">hier<\/a>\u00a0<\/strong>in unserem Turnierkalender!<\/p>\n<p>[\/vc_column_text]<\/div><div class=\"column-1_3 sc_column_item sc_column_item_2 even\">[vc_column_text]<\/p>\n<h4 style=\"text-align: left;\">Rabbit-Clubmeisterschaft<\/h4>\n<p style=\"text-align: left;\">Das j\u00e4hrliche Highlight im Turnierkalender unserer Golf-Neulinge ist die Rabbit-Clubmeisterschaft.<\/p>\n<p style=\"text-align: left;\">An zwei Wettkampftagen nacheinander stellst Du Dich der Herausforderung von jeweils 9 Loch, die Ergebnisse der beiden Tage werden addiert.<\/p>\n<p style=\"text-align: left;\">Die Belohnung wartet am 9.Gr\u00fcn vor der Clubterrasse auf Dich: ein Prosecco-Empfang mit kleinem Imbiss und etliche Supporter, die Dich nach Deinem letzten Putt feiern.<\/p>\n<p style=\"text-align: left;\">Den Termin zur Anmeldung f\u00fcr die Rabbit-Clubmeisterschaft findest Du\u00a0<strong><a href=\"https:\/\/golfclubabenberg.de\/index.php\/turniere-events\/\">hier<\/a>.<\/strong><\/p>\n<p>[\/vc_column_text]<\/div><div class=\"column-1_3 sc_column_item sc_column_item_3 odd\">[vc_empty_space][vc_single_image image=&#8220;20293&#8243; img_size=&#8220;full&#8220;]<\/div><\/div><\/div><\/div><\/div>[\/vc_column][\/vc_row]<\/p>\n","protected":false},"excerpt":{"rendered":"<p>[vc_row][vc_column css=&#8220;.vc_custom_1486050702304{padding-bottom: 80px !important;}&#8220;][\/vc_column][\/vc_row]<\/p>\n","protected":false},"author":5,"featured_media":0,"parent":0,"menu_order":0,"comment_status":"closed","ping_status":"closed","template":"","meta":{"_EventAllDay":false,"_EventTimezone":"","_EventStartDate":"","_EventEndDate":"","_EventStartDateUTC":"","_EventEndDateUTC":"","_EventShowMap":false,"_EventShowMapLink":false,"_EventURL":"","_EventCost":"","_EventCostDescription":"","_EventCurrencySymbol":"","_EventCurrencyCode":"","_EventCurrencyPosition":"","_EventDateTimeSeparator":"","_EventTimeRangeSeparator":"","_EventOrganizerID":[],"_EventVenueID":0,"_OrganizerEmail":"","_OrganizerPhone":"","_OrganizerWebsite":"","_VenueAddress":"","_VenueCity":"","_VenueCountry":"","_VenueProvince":"","_VenueZip":"","_VenuePhone":"","_VenueURL":"","_VenueStateProvince":"","_VenueLat":"","_VenueLng":"","_links_to":"","_links_to_target":""},"_links":{"self":[{"href":"https:\/\/golfclubabenberg.de\/index.php\/wp-json\/wp\/v2\/pages\/21605"}],"collection":[{"href":"https:\/\/golfclubabenberg.de\/index.php\/wp-json\/wp\/v2\/pages"}],"about":[{"href":"https:\/\/golfclubabenberg.de\/index.php\/wp-json\/wp\/v2\/types\/page"}],"author":[{"embeddable":true,"href":"https:\/\/golfclubabenberg.de\/index.php\/wp-json\/wp\/v2\/users\/5"}],"replies":[{"embeddable":true,"href":"https:\/\/golfclubabenberg.de\/index.php\/wp-json\/wp\/v2\/comments?post=21605"}],"version-history":[{"count":11,"href":"https:\/\/golfclubabenberg.de\/index.php\/wp-json\/wp\/v2\/pages\/21605\/revisions"}],"predecessor-version":[{"id":21624,"href":"https:\/\/golfclubabenberg.de\/index.php\/wp-json\/wp\/v2\/pages\/21605\/revisions\/21624"}],"wp:attachment":[{"href":"https:\/\/golfclubabenberg.de\/index.php\/wp-json\/wp\/v2\/media?parent=21605"}],"curies":[{"name":"wp","href":"https:\/\/api.w.org\/{rel}","templated":true}]}}