{"id":20921,"date":"2026-01-03T10:53:25","date_gmt":"2026-01-03T09:53:25","guid":{"rendered":"https:\/\/golfclubabenberg.de\/?page_id=20921"},"modified":"2026-01-03T10:53:25","modified_gmt":"2026-01-03T09:53:25","slug":"golf-natur-sicherheitskonzept","status":"publish","type":"page","link":"https:\/\/golfclubabenberg.de\/index.php\/golf-natur-sicherheitskonzept\/","title":{"rendered":"Sicherheitskonzept"},"content":{"rendered":"<p>[vc_row full_width=&#8220;stretch_row&#8220; css=&#8220;.vc_custom_1487766570698{padding-bottom: 70px !important;background-color: #f7f5f1 !important;}&#8220;][vc_column]<div class=\"sc_section\"><div class=\"sc_section_inner\"><div class=\"sc_section_content_wrap\">[vc_single_image image=&#8220;7527&#8243; img_size=&#8220;1400&#215;300&#8243; alignment=&#8220;center&#8220; css=&#8220;.vc_custom_1541606166342{padding-top: 80px !important;}&#8220;]<h3 class=\"sc_title sc_title_regular\"><strong>DAS SICHERHEITSKONZEPT<\/strong><\/h3><div class=\"columns_wrap sc_columns columns_nofluid sc_columns_count_2\"><div class=\"column-1_2 sc_column_item sc_column_item_1 odd first\">[vc_column_text css=&#8220;.vc_custom_1487759790793{padding-bottom: 10px !important;}&#8220;]<span style=\"color: #152229;\"><strong>\u201eENTSPANNT GOLFEN\u201c ist der Slogan des Golfclub Abenberg<br \/>\n<\/strong><\/span><span style=\"color: #152229;\">Um dies zu gew\u00e4hrleisten, k\u00fcmmert sich der GC um gr\u00f6\u00dftm\u00f6gliche Sicherheit auf der Anlage, f\u00fcr unsere Mitglieder, G\u00e4ste und die eigenen Mitarbeiter.<\/span>[\/vc_column_text]<ul class=\"sc_list sc_list_style_iconed\" style=\"color:#152229;\"><li class=\"sc_list_item odd first\" title=\"Organisation der ERSTEN HILFE vor Ort\"><span class=\"sc_list_icon icon-check93\"><\/span>Organisation der ERSTEN HILFE vor Ort<\/li><li class=\"sc_list_item even\" title=\"Hinweise auf das Verhalten bei Notf\u00e4llen\"><span class=\"sc_list_icon icon-check93\"><\/span>Hinweise auf das Verhalten bei Notf\u00e4llen<\/li><li class=\"sc_list_item odd\" title=\"Informationskette\"><span class=\"sc_list_icon icon-check93\"><\/span>Informationskette<\/li><\/ul>[vc_column_text]<span style=\"color: #152229;\">\u2026 und jetzt <strong>entspannt golfen<\/strong>, um alles andere k\u00fcmmern wir uns.<\/span>[\/vc_column_text]<\/div><div class=\"column-1_2 sc_column_item sc_column_item_2 even\">[vc_column_text]<strong>Organisation der ERSTEN HILFE<\/strong>[\/vc_column_text]<ul class=\"sc_list sc_list_style_iconed\" style=\"color:#152229;\"><li class=\"sc_list_item odd first\" title=\"Vorhalten von Meldeeinrichtungen (Telefon und Handy)\"><span class=\"sc_list_icon icon-check93\"><\/span>Vorhalten von Meldeeinrichtungen (Telefon und Handy)<\/li><li class=\"sc_list_item even\" title=\"Vorhalten von Erste Hilfe \u2013 Material (Verbandkasten und Defibrillator im Clubhaus)\"><span class=\"sc_list_icon icon-check93\"><\/span>Vorhalten von Erste Hilfe \u2013 Material (Verbandkasten und Defibrillator im Clubhaus)<\/li><li class=\"sc_list_item odd\" title=\"Einsatz von Ersthelfern\"><span class=\"sc_list_icon icon-check93\"><\/span>Einsatz von Ersthelfern<\/li><\/ul>[vc_column_text]<strong>Verhalten bei Unf\u00e4llen<\/strong>[\/vc_column_text]<ul class=\"sc_list sc_list_style_iconed\" style=\"color:#152229;\"><li class=\"sc_list_item odd first\" title=\"An Starth\u00e4usern und Wetterschutzh\u00fctten informieren Plakate \u00fcber Notfallnummern von Rettungskr\u00e4ften, Ersthelfern und dem Clubsekretariat\"><span class=\"sc_list_icon icon-check93\"><\/span>An Starth\u00e4usern und Wetterschutzh\u00fctten informieren Plakate \u00fcber Notfallnummern von Rettungskr\u00e4ften, Ersthelfern und dem Clubsekretariat<\/li><li class=\"sc_list_item even\" title=\"Au\u00dferdem werden die einzelnen Schritte der Unfallmeldung aufgef\u00fchrt\"><span class=\"sc_list_icon icon-check93\"><\/span>Au\u00dferdem werden die einzelnen Schritte der Unfallmeldung aufgef\u00fchrt<\/li><\/ul>[vc_column_text]<strong>Informationskette<\/strong>[\/vc_column_text]<ul class=\"sc_list sc_list_style_iconed\" style=\"color:#152229;\"><li class=\"sc_list_item odd first\" title=\"Anruf der Rettungsstelle: 112\"><span class=\"sc_list_icon icon-check93\"><\/span>Anruf der Rettungsstelle: 112<\/li><li class=\"sc_list_item even\" title=\"Information der Ersthelfer bzw. des Sekretariats mit Angabe der Unfallstelle\"><span class=\"sc_list_icon icon-check93\"><\/span>Information der Ersthelfer bzw. des Sekretariats mit Angabe der Unfallstelle<\/li><li class=\"sc_list_item odd\" title=\"Information der Rettungsstelle \u00fcber die genaue Unfallstelle innerhalb der Golfanlage und Nennung des Lotsenpunktes\"><span class=\"sc_list_icon icon-check93\"><\/span>Information der Rettungsstelle \u00fcber die genaue Unfallstelle innerhalb der Golfanlage und Nennung des Lotsenpunktes<\/li><li class=\"sc_list_item even\" title=\"Bereitstellung der Lotsen am vereinbarten Lotsenpunkt\"><span class=\"sc_list_icon icon-check93\"><\/span>Bereitstellung der Lotsen am vereinbarten Lotsenpunkt<\/li><\/ul><\/div><\/div><\/div><\/div><\/div>[\/vc_column][\/vc_row][vc_row full_width=&#8220;stretch_row&#8220; css=&#8220;.vc_custom_1497858855854{background-color: #f7f5f1 !important;}&#8220;][\/vc_row]<\/p>\n","protected":false},"excerpt":{"rendered":"<p>[vc_row full_width=&#8220;stretch_row&#8220; css=&#8220;.vc_custom_1487766570698{padding-bottom: 70px !important;background-color: #f7f5f1 !important;}&#8220;][vc_column][\/vc_column][\/vc_row][vc_row full_width=&#8220;stretch_row&#8220; css=&#8220;.vc_custom_1497858855854{background-color: #f7f5f1 !important;}&#8220;][\/vc_row]<\/p>\n","protected":false},"author":5,"featured_media":0,"parent":0,"menu_order":0,"comment_status":"closed","ping_status":"closed","template":"","meta":{"_EventAllDay":false,"_EventTimezone":"","_EventStartDate":"","_EventEndDate":"","_EventStartDateUTC":"","_EventEndDateUTC":"","_EventShowMap":false,"_EventShowMapLink":false,"_EventURL":"","_EventCost":"","_EventCostDescription":"","_EventCurrencySymbol":"","_EventCurrencyCode":"","_EventCurrencyPosition":"","_EventDateTimeSeparator":"","_EventTimeRangeSeparator":"","_EventOrganizerID":[],"_EventVenueID":0,"_OrganizerEmail":"","_OrganizerPhone":"","_OrganizerWebsite":"","_VenueAddress":"","_VenueCity":"","_VenueCountry":"","_VenueProvince":"","_VenueZip":"","_VenuePhone":"","_VenueURL":"","_VenueStateProvince":"","_VenueLat":"","_VenueLng":"","_links_to":"","_links_to_target":""},"_links":{"self":[{"href":"https:\/\/golfclubabenberg.de\/index.php\/wp-json\/wp\/v2\/pages\/20921"}],"collection":[{"href":"https:\/\/golfclubabenberg.de\/index.php\/wp-json\/wp\/v2\/pages"}],"about":[{"href":"https:\/\/golfclubabenberg.de\/index.php\/wp-json\/wp\/v2\/types\/page"}],"author":[{"embeddable":true,"href":"https:\/\/golfclubabenberg.de\/index.php\/wp-json\/wp\/v2\/users\/5"}],"replies":[{"embeddable":true,"href":"https:\/\/golfclubabenberg.de\/index.php\/wp-json\/wp\/v2\/comments?post=20921"}],"version-history":[{"count":2,"href":"https:\/\/golfclubabenberg.de\/index.php\/wp-json\/wp\/v2\/pages\/20921\/revisions"}],"predecessor-version":[{"id":20923,"href":"https:\/\/golfclubabenberg.de\/index.php\/wp-json\/wp\/v2\/pages\/20921\/revisions\/20923"}],"wp:attachment":[{"href":"https:\/\/golfclubabenberg.de\/index.php\/wp-json\/wp\/v2\/media?parent=20921"}],"curies":[{"name":"wp","href":"https:\/\/api.w.org\/{rel}","templated":true}]}}