{"id":20919,"date":"2026-01-03T10:52:38","date_gmt":"2026-01-03T09:52:38","guid":{"rendered":"https:\/\/golfclubabenberg.de\/?page_id=20919"},"modified":"2026-01-03T10:52:38","modified_gmt":"2026-01-03T09:52:38","slug":"golf-natur-platzpflege","status":"publish","type":"page","link":"https:\/\/golfclubabenberg.de\/index.php\/golf-natur-platzpflege\/","title":{"rendered":"Platzpflege"},"content":{"rendered":"<p>[vc_row full_width=&#8220;stretch_row&#8220; css=&#8220;.vc_custom_1487766570698{padding-bottom: 70px !important;background-color: #f7f5f1 !important;}&#8220;][vc_column]<div class=\"sc_section\"><div class=\"sc_section_inner\"><div class=\"sc_section_content_wrap\">[vc_single_image image=&#8220;7385&#8243; img_size=&#8220;1400&#215;300&#8243; alignment=&#8220;center&#8220; css=&#8220;.vc_custom_1541606010277{padding-top: 80px !important;}&#8220;]<h3 class=\"sc_title sc_title_regular\"><strong>PLATZPFLEGE<\/strong><\/h3><div class=\"columns_wrap sc_columns columns_nofluid sc_columns_count_2\"><div class=\"column-1_2 sc_column_item sc_column_item_1 odd first\">[vc_column_text]<span style=\"color: #152229;\"><strong>Die Erhaltungspflege<br \/>\n<\/strong>Zur <strong>Erhaltungspflege<\/strong> geh\u00f6ren M\u00e4hen, D\u00fcngung und Beregnung. Im GC Abenberg verf\u00fcgen wir \u00fcber 8 M\u00e4hmaschinen, die bei den verschiedenen Spielfl\u00e4chen (Abschlag\/Vorgr\u00fcn, Fairway, Rough, Gr\u00fcn und Semi-Rough ums Gr\u00fcn) \u00a0zum Einsatz kommen. Ein glatter Rasenschnitt mit klaren Kanten ist nicht nur ein \u00e4sthetischer Anblick, sondern ist auch wichtig f\u00fcr die Gesundheit der Gr\u00e4ser.<\/span><\/p>\n<p><span style=\"color: #152229;\">Fl\u00fcssig- als auch Granulatd\u00fcnger wird gezielt und mit Augenma\u00df entsprechend der Ergebnisse der N\u00e4hrstoffanalysen der Bodenproben eingesetzt.<\/span><\/p>\n<p><span style=\"color: #152229;\">Die Bew\u00e4sserung\u00a0 unserer \u00a0Spielfl\u00e4chen erfolgt per Computerprogramm unter Ber\u00fccksichtigung der Witterungsverh\u00e4ltnisse mit insgesamt \u00fcber 850 Regnern. Es gilt die Maxime:\u00a0 soviel Wasser wie n\u00f6tig, so wenig wie m\u00f6glich. Ein effizientes Wassermanagement\u00a0 schont die Ressourcen und senkt die Stromkosten der Pumpen.<\/span><\/p>\n<p><span style=\"color: #152229;\">Sowohl \u00a0die ausgebrachten D\u00fcngermengen und die D\u00fcngersorte, die dem Grundwasser entnommenen Wassermengen, die eingesetzten Pflanzenschutzmittel, der Treibstoffverbrauch u.a., \u00a0werden \u00a0regelm\u00e4\u00dfig dokumentiert. Die Nachhaltigkeit der Pflegema\u00dfnahmen ist wesentlicher Bestandteil unserer Pflegestrategie.<\/span>[\/vc_column_text][vc_column_text css=&#8220;.vc_custom_1534325396456{padding-top: 35px !important;}&#8220;]<span style=\"color: #152229;\"><strong>Negative Faktoren f\u00fcr die Grasnarbe und die Folgen<br \/>\n<\/strong>Die Erhaltungspflege allein reicht jedoch nicht aus, um den Qualit\u00e4tsstandard zu halten bzw. stetig zu verbessern. Extreme Witterung, starke Belastung durch Golfspieler und Pflegemaschinen sowie Krankheitsbefall f\u00fchren zu Bodenverdichtungen, Ausfall des Pflanzenbestandes und verursachen Stress bei den Pflanzen. Stress macht krank; so ist es auch bei den Gr\u00e4sern. Die ausreichende Durchl\u00e4ssigkeit von Wasser und Sauerstoff ist eine wichtige Voraussetzung f\u00fcr eine gesunde Grasnarbe. Eine zu starke Verfilzung der Grasnarbe durch abgestorbene Wurzeln vermindert die Wasserdurchl\u00e4ssigkeit und den Gasaustausch. Dies hat zur Folge, dass f\u00fcr Krankheitserreger eine gute \u00dcberdauerungsm\u00f6glichkeit gegeben ist und die Belastbarkeit des Rasens, bedingt durch ein flacher wachsendes Wurzelwerk, abnimmt. Dadurch ist auch die Wasser- und N\u00e4hrstoffdurchl\u00e4ssigkeit in tiefere Schichten vermindert \u00a0und\u00a0 die nachhaltige Strapazierf\u00e4higkeit sowie die hohe Regenerationskraft der Rasenfl\u00e4che leiden darunter. Die Auswirkungen sind Trockenstellen auf den Gr\u00fcns, Kahlstellen auf dem Fairway und rund ums Gr\u00fcn sowie Wasserstau.<\/span><\/p>\n<p><span style=\"color: #152229;\">Einige Gr\u00fcns und Abschl\u00e4ge auf der C- Schleife leiden unter Schatten und wenig Luftzirkulation. Einige B\u00e4ume wurden gef\u00e4llt und das Unterholz ausgelichtet, um mehr Licht und Luft auf die Rasenfl\u00e4che zu bringen und die Rasennarbe besser und schneller abtrocknen zu lassen. Eine st\u00e4ndig feuchte Grasnarbe ist der N\u00e4hrboden f\u00fcr Krankheitserreger.<\/span>[\/vc_column_text][vc_column_text css=&#8220;.vc_custom_1541606144511{padding-top: 35px !important;}&#8220;]<span style=\"color: #152229;\"><strong>Regenerationspflege<br \/>\n<\/strong>Insbesondere bei den st\u00e4rker frequentierten Spielelementen (Gr\u00fcn, Vorgr\u00fcn, Semi-Rough ums Gr\u00fcn und Abschlag) ist die Regerationspflege unverzichtbar. Zur Regenerationspflege geh\u00f6ren verschiedene mechanische Pflegema\u00dfnahmen wie Vertikutieren, Aerifizieren mit Vollspoon und Hohlspoon, Graden (Tiefenvertikutieren), Spiken, Sanden, Nachsaat und B\u00fcgeln. Die verschiedenen Pflegema\u00dfnahmen f\u00fcr die einzelnen Spielfl\u00e4chen sind im Jahrespflegeplan festgelegt und werden in Abh\u00e4ngigkeit von der Witterung durchgef\u00fchrt. Beispielhaft der aktuelle Pflegeplan unserer Gr\u00fcns.<\/span><\/p>\n<p><span style=\"color: #152229;\">All diese mechanischen Pflegema\u00dfnahmen sind Bestandteil des integrierten Pflanzenschutzes, der heutzutage zu einer zielgerichteten und nachhaltigen Golfplatzpflege geh\u00f6rt. Diese vorbeugenden Ma\u00dfnahmen f\u00fchren in Verbindung mit einer ausgewogenen D\u00fcngung, richtig dosierter Bew\u00e4sserung, gezielter Tauentfernung auf den Gr\u00fcns zu einem guten Immunsystem der Pflanzen und verbessern die Resistenz gegen pilzliche Erreger.\u00a0 Der Einsatz von chemischen Pflanzenschutzmitteln wird im GC Abenberg auf das notwendige Ma\u00df gegrenzt und wird nur eingesetzt, wenn Rasenkrankheiten, z.B. Schneeschimmelbefall, akut auftritt.<\/span><\/p>\n<p><span style=\"color: #152229;\">Ein weiterer Schwerpunkt der Pflege liegt in der Umstellung der Gr\u00fcns auf eine Grassorte, die weniger anf\u00e4llig gegen Krankheiten ist, weniger D\u00fcnger und Wasser ben\u00f6tigt und\u00a0 dar\u00fcber hinaus eine bessere Spielqualit\u00e4t insbes. gute Spurtreue aufweist.\u00a0 Die ist jedoch ein langwieriger Prozess, der sich \u00fcber viele Jahre hinzieht und der auch mit einigen R\u00fcckschl\u00e4gen verbunden sein wird.<\/span>[\/vc_column_text]<\/div><div class=\"column-1_2 sc_column_item sc_column_item_2 even\">[vc_column_text]<span style=\"color: #152229;\"><strong>Verbesserung der Spielqualit\u00e4t und Pflege der Biotoptypen<br \/>\n<\/strong>Die Aufrechterhaltung bzw. stetige Verbesserung der Qualit\u00e4t der Spielfl\u00e4chen aber auch die naturgerechte Pflege der angrenzenden, nicht zum Spiel geh\u00f6renden Fl\u00e4chen (Biotoptypen) stehen im Mittelpunkt des Qualit\u00e4tsmanagement Programms Golf &amp;\u00a0Natur. Dadurch sollen faire Bedingungen f\u00fcr das Golfspiel geschaffen und die Freude beim Spiel verst\u00e4rkt werden. Eine ebene, regenerationsfreudige und gesunde Grasnarbe zeichnet eine gute Spielfl\u00e4che aus. Die Farbe der Spielfl\u00e4che ist dabei von untergeordneter Bedeutung. Ein gr\u00fcnes Gr\u00fcn ist nicht gleichzeitig auch ein gutes Gr\u00fcn. Gr\u00fcns m\u00fcssen in erster Linie eine ausreichende H\u00e4rte und eine gute Balltreue aufweisen.<\/span>[\/vc_column_text][vc_column_text css=&#8220;.vc_custom_1534325516182{padding-top: 35px !important;}&#8220;]<span style=\"color: #152229;\"><strong>Biotoptypen<br \/>\n<\/strong>Neben den Spielfl\u00e4chen geh\u00f6rt die Aufmerksamkeit der Greenkeeper auch den Fl\u00e4chen, die nicht unmittelbar zum Spiel geh\u00f6ren. <strong>Biotoptypen<\/strong> sind auf unserer Golfanlage die 12 Teiche und deren Uferbewuchs, das Flussbett des Kaltenbachs, die vielz\u00e4hligen Hecken, B\u00fcsche, Solit\u00e4r- und Streuobstb\u00e4ume, die Feuchtwiesen und Trockenrasen, das Heidekraut, die Besenginsterheide und die Bienenweiden. Diese sogenannten Biotoptypen bed\u00fcrfen ebenso einer regelm\u00e4\u00dfigen naturgerechten Pflege, um die Optik zu versch\u00f6nern und vor allem um die Artenvielfalt auf unserer Golfanlage zu erhalten und zu f\u00f6rdern.<\/span><\/p>\n<p><span style=\"color: #152229;\">Diese vielz\u00e4hligen Ma\u00dfnahmen werden durchgef\u00fchrt, um die Zufriedenheit unserer Mitglieder und G\u00e4ste sicherzustellen. Jeweils im Sommer befragen wir unsere Mitglieder \u00fcber die Zufriedenheit mit der Golfanlage im Allgemeinen und der Spielqualit\u00e4t im Besonderen. Die Ergebnisse zeigen, wir sind auf einem guten Weg. Ein gepflegter Golfplatz mit guter Spielqualit\u00e4t sorgt f\u00fcr zufriedene Mitglieder und G\u00e4ste und ist somit ein wesentlicher Wettbewerbsfaktor.<\/span>[\/vc_column_text][vc_column_text css=&#8220;.vc_custom_1533643492179{padding-top: 35px !important;}&#8220;]<span style=\"color: #152229;\"><strong>Greenkeeping<br \/>\n<\/strong>Gute Spielbedingungen und nachhaltige Qualit\u00e4tssicherung sind jedoch nur m\u00f6glich, wenn dem Greenkeeping Zeit f\u00fcr die Pflege einger\u00e4umt wird. Trotz des Bem\u00fchens den Spielbetrieb so wenig wie m\u00f6glich zu st\u00f6ren, l\u00e4sst es sich jedoch nicht ganz vermeiden. Golfer sollten die Platzarbeiter das Gr\u00fcn\u00a0 bzw. die Bahn des Fairways zu Ende m\u00e4hen lassen. L\u00e4ngere Standzeiten bedeuten gleichzeitig weniger Pflegezeiten. Es gebietet die Etikette auf andere Golfspieler aber auch auf Platzarbeiter R\u00fccksicht zu nehmen. <\/span>Einen wesentlichen Beitrag zur Qualit\u00e4t der Platzpflege kann jeder Golfer dadurch leisten, indem er:<\/p>\n<ul>\n<li>Pitchmarken auf den Gr\u00fcns sofort ausbessert, sei es seine eigenen oder andere bereits vorhandene Pitchmarken<\/li>\n<li>Divots auf den Fairways zur\u00fccklegt und festtritt.<\/li>\n<\/ul>\n<p><span style=\"color: #152229;\">\u00a0<\/span>[\/vc_column_text][vc_single_image image=&#8220;7388&#8243; img_size=&#8220;full&#8220;]<\/div><\/div><\/div><\/div><\/div>[\/vc_column][\/vc_row][vc_row full_width=&#8220;stretch_row&#8220; css=&#8220;.vc_custom_1497858855854{background-color: #f7f5f1 !important;}&#8220;][\/vc_row]<\/p>\n","protected":false},"excerpt":{"rendered":"<p>[vc_row full_width=&#8220;stretch_row&#8220; css=&#8220;.vc_custom_1487766570698{padding-bottom: 70px !important;background-color: #f7f5f1 !important;}&#8220;][vc_column][\/vc_column][\/vc_row][vc_row full_width=&#8220;stretch_row&#8220; css=&#8220;.vc_custom_1497858855854{background-color: #f7f5f1 !important;}&#8220;][\/vc_row]<\/p>\n","protected":false},"author":5,"featured_media":0,"parent":0,"menu_order":0,"comment_status":"closed","ping_status":"closed","template":"","meta":{"_EventAllDay":false,"_EventTimezone":"","_EventStartDate":"","_EventEndDate":"","_EventStartDateUTC":"","_EventEndDateUTC":"","_EventShowMap":false,"_EventShowMapLink":false,"_EventURL":"","_EventCost":"","_EventCostDescription":"","_EventCurrencySymbol":"","_EventCurrencyCode":"","_EventCurrencyPosition":"","_EventDateTimeSeparator":"","_EventTimeRangeSeparator":"","_EventOrganizerID":[],"_EventVenueID":0,"_OrganizerEmail":"","_OrganizerPhone":"","_OrganizerWebsite":"","_VenueAddress":"","_VenueCity":"","_VenueCountry":"","_VenueProvince":"","_VenueZip":"","_VenuePhone":"","_VenueURL":"","_VenueStateProvince":"","_VenueLat":"","_VenueLng":"","_links_to":"","_links_to_target":""},"_links":{"self":[{"href":"https:\/\/golfclubabenberg.de\/index.php\/wp-json\/wp\/v2\/pages\/20919"}],"collection":[{"href":"https:\/\/golfclubabenberg.de\/index.php\/wp-json\/wp\/v2\/pages"}],"about":[{"href":"https:\/\/golfclubabenberg.de\/index.php\/wp-json\/wp\/v2\/types\/page"}],"author":[{"embeddable":true,"href":"https:\/\/golfclubabenberg.de\/index.php\/wp-json\/wp\/v2\/users\/5"}],"replies":[{"embeddable":true,"href":"https:\/\/golfclubabenberg.de\/index.php\/wp-json\/wp\/v2\/comments?post=20919"}],"version-history":[{"count":1,"href":"https:\/\/golfclubabenberg.de\/index.php\/wp-json\/wp\/v2\/pages\/20919\/revisions"}],"predecessor-version":[{"id":20920,"href":"https:\/\/golfclubabenberg.de\/index.php\/wp-json\/wp\/v2\/pages\/20919\/revisions\/20920"}],"wp:attachment":[{"href":"https:\/\/golfclubabenberg.de\/index.php\/wp-json\/wp\/v2\/media?parent=20919"}],"curies":[{"name":"wp","href":"https:\/\/api.w.org\/{rel}","templated":true}]}}