{"id":20911,"date":"2026-01-03T10:50:32","date_gmt":"2026-01-03T09:50:32","guid":{"rendered":"https:\/\/golfclubabenberg.de\/?page_id=20911"},"modified":"2026-01-03T10:50:32","modified_gmt":"2026-01-03T09:50:32","slug":"golf-natur-wofuer-steht-das-programm","status":"publish","type":"page","link":"https:\/\/golfclubabenberg.de\/index.php\/golf-natur-wofuer-steht-das-programm\/","title":{"rendered":"Wof\u00fcr das Programm steht"},"content":{"rendered":"<p>[vc_row css=&#8220;.vc_custom_1487319056680{padding-bottom: 30px !important;}&#8220;][vc_column]<h1 class=\"sc_title sc_title_underline\">Golf &amp; Natur<\/h1>[\/vc_column][\/vc_row][vc_row full_width=&#8220;stretch_row&#8220; css=&#8220;.vc_custom_1487766570698{padding-bottom: 70px !important;background-color: #f7f5f1 !important;}&#8220;][vc_column]<div class=\"sc_section\"><div class=\"sc_section_inner\"><div class=\"sc_section_content_wrap\">[vc_single_image image=&#8220;7327&#8243; img_size=&#8220;1400&#215;300&#8243; alignment=&#8220;center&#8220; css=&#8220;.vc_custom_1541605861025{padding-top: 40px !important;}&#8220;]<h3 class=\"sc_title sc_title_regular margin_bottom_small\"><strong>DAS PROGRAMM GOLF &amp; NATUR STEHT F\u00dcR:<\/strong><\/h3><div class=\"columns_wrap sc_columns columns_nofluid sc_columns_count_2\"><div class=\"column-1_2 sc_column_item sc_column_item_1 odd first\">[vc_column_text css=&#8220;.vc_custom_1488469206459{padding-bottom: 30px !important;}&#8220;]<span style=\"color: #152229;\"><strong>Mehr Qualit\u00e4t. Mehr Spielfreude. Mehr Zukunft<br \/>\n<\/strong><\/span><span style=\"color: #152229;\">Das Programm Golf &amp;\u00a0Natur ist ein Qualit\u00e4tsmanagement System f\u00fcr Golfanlagen, das sowohl Qualit\u00e4ts- als auch Umweltaspekte ber\u00fccksichtigt. Es unterst\u00fctzt und f\u00f6rdert ein harmonisches Miteinander von Golfsport und Umwelt.<\/span><br \/>\n<span style=\"color: #152229;\">Das Programm Golf &amp;\u00a0Natur beinhaltet alle relevanten Aspekte, die zur Sicherung der Qualit\u00e4t beim Management einer Golfanlage und zum umweltbewusstem Umgang mit den nat\u00fcrlichen Ressourcen beitragen.<\/span>[\/vc_column_text][vc_column_text]<span style=\"color: #152229;\"><strong>Optimierung der Spielbedingungen und Umweltschutz<br \/>\n<\/strong><\/span><span style=\"color: #152229;\">Die Verbesserung der Spielbedingungen steht im Mittelpunkt des Konzeptes von Golf &amp; Natur. Neben der intensiven Bearbeitung der Spielfl\u00e4chen bed\u00fcrfen auch die Fl\u00e4chen zwischen und am Rande der Spielbahnen, die verschiedenen sog. Biotoptypen, einer individuellen, naturgerechten Pflege. Ziel ist die Optimierung der Spielqualit\u00e4t des Golfplatzes im Einklang mit dem Schutz und der Pflege der nat\u00fcrlichen Umgebung unter Verwendung \u00f6konomisch solider und \u00f6kologisch verantwortungsvoller Pflegema\u00dfnahmen. Die Pflege unter Nachhaltigkeitsaspekten spielt dabei eine immer gr\u00f6\u00dfer werdende Rolle. Aus Schutz und Verantwortung f\u00fcr die Umwelt erfolgt ein bewusster Umgang mit Wasser, D\u00fcnger, Saatgut und Pflanzenschutzmitteln. Dies hat gleichzeitig kostensparende Wirkung.<\/span>[\/vc_column_text]<\/div><div class=\"column-1_2 sc_column_item sc_column_item_2 even\">[vc_column_text]<span style=\"color: #152229;\"><strong>Ziel des Qualit\u00e4tsmanagement Programms Golf + Natur ist die stetige Verbesserung in den 4 Kernbereichen:<\/strong><\/span>[\/vc_column_text]<ul class=\"sc_list sc_list_style_iconed margin_bottom_null\" style=\"color:#152229;\"><li class=\"sc_list_item odd first\" title=\"Platzpflege und Spielbetrieb\"><span class=\"sc_list_icon icon-check93\"><\/span>Platzpflege und Spielbetrieb<\/li><li class=\"sc_list_item even\" title=\"Naturschutz und Umweltpflege\"><span class=\"sc_list_icon icon-check93\"><\/span>Naturschutz und Umweltpflege<\/li><li class=\"sc_list_item odd\" title=\"Arbeitssicherheit und Umweltmanagement\"><span class=\"sc_list_icon icon-check93\"><\/span>Arbeitssicherheit und Umweltmanagement<\/li><li class=\"sc_list_item even\" title=\"\u00d6ffentlichkeitsarbeit und Infrastruktur\"><span class=\"sc_list_icon icon-check93\"><\/span>\u00d6ffentlichkeitsarbeit und Infrastruktur<\/li><\/ul>[vc_column_text css=&#8220;.vc_custom_1487320151783{padding-bottom: 30px !important;}&#8220;]<span style=\"color: #152229;\">Einige der ergriffenen Ma\u00dfnahmen und die entsprechenden Verbesserungen sind f\u00fcr die Mitglieder unmittelbar sichtbar, andere brauchen Zeit, um Ergebnisse zu zeigen und wiederum andere\u00a0 bleiben oftmals unbemerkt.<\/span>[\/vc_column_text][vc_column_text]<span style=\"color: #152229;\"><strong>Pflegequalit\u00e4t ist entscheidender Wettbewerbsfaktor<br \/>\n<\/strong><\/span><span style=\"color: #152229;\">Hohe Pflegequalit\u00e4t ist nicht nur eine Frage der \u00c4sthetik. Gepflegte Spielfl\u00e4chen in intakter Natur f\u00f6rdern die Freude am Spiel und sind gleicherma\u00dfen ein entscheidender Wettbewerbsfaktor im regionalen Golfmarkt. Im Zuge zunehmender Konkurrenz durch eine F\u00fclle von alternativen Freizeitangeboten und einem stagnierenden Golfmarkt ist die Attraktivit\u00e4t eines Golfplatzes von gro\u00dfer Bedeutung f\u00fcr den wirtschaftlichen Erfolg. Zufriedene Mitglieder und G\u00e4ste sind die Voraussetzung f\u00fcr ein aktives, harmonisches Clubleben und ein positives Image nach au\u00dfen.<br \/>\n<\/span><span style=\"color: #152229;\">Zur Qualit\u00e4tsinitiative geh\u00f6rt aber auch die Einhaltung der gesetzlichen Vorschriften und beh\u00f6rdlichen Auflagen u.a. bei Arbeitssicherheit, Sicherheit auf der Anlage im Allgemeinen, Arbeits- und Umweltschutz.<\/span><br \/>\n<span style=\"color: #152229;\">Abgerundet wird das Programm Golf &amp;\u00a0Natur durch eine laufende, aktuelle Kommunikation nach innen und au\u00dfen sowie eine an den Bed\u00fcrfnissen der Golfspielern orientierte Infrastruktur.<\/span>[\/vc_column_text]<\/div><\/div>[vc_column_text css=&#8220;.vc_custom_1487758531921{padding-top: 60px !important;padding-bottom: 60px !important;}&#8220;]<\/p>\n<h5><strong>Zusammenfassend l\u00e4sst sich sagen, dass mit Hilfe des \u00a0systematischen Qualit\u00e4tsmanagement Programms von Golf &amp;\u00a0Natur <span style=\"color: #578622;\">optimale Spielqualit\u00e4t<\/span>, <span style=\"color: #578622;\">Schutz und Pflege<\/span> der Flora und Fauna, <span style=\"color: #578622;\">verantwortungsbewusster Umgang<\/span> mit den Ressourcen, <span style=\"color: #578622;\">zeitgem\u00e4\u00dfes Umweltmanagement<\/span> und <span style=\"color: #578622;\">Rechtssicherheit<\/span> erreicht werden sollen.<\/strong><\/h5>\n<p>[\/vc_column_text]<div class=\"columns_wrap sc_columns columns_nofluid sc_columns_count_3\"><div class=\"column-2_3 sc_column_item sc_column_item_1 odd first span_2\">[vc_column_text css=&#8220;.vc_custom_1488469032385{padding-bottom: 2% !important;}&#8220;]<span style=\"line-height: 1.5; color: #152229;\"><strong>Erwartungen an das Programm Golf &amp;\u00a0Natur<\/strong><br \/>\nWir erwarten folgende positiven Auswirkungen durch die Umsetzung des Qualit\u00e4tsmanagement Programms von Golf &amp;\u00a0Natur:<\/span>[\/vc_column_text]<ul class=\"sc_list sc_list_style_iconed\" style=\"color:#152229;\"><li class=\"sc_list_item odd first\" title=\"Standortgerechtes und qualit\u00e4tsorientiertes Pflegemanagement\"><span class=\"sc_list_icon icon-check93\"><\/span>Standortgerechtes und qualit\u00e4tsorientiertes Pflegemanagement<\/li><li class=\"sc_list_item even\" title=\"Betonung von Natur- und Umweltschutz als Werte unseres Golfclubs und positive Wirkung nach innen und au\u00dfen\"><span class=\"sc_list_icon icon-check93\"><\/span>Betonung von Natur- und Umweltschutz als Werte unseres Golfclubs und positive Wirkung nach innen und au\u00dfen<\/li><li class=\"sc_list_item odd\" title=\"Weiterentwicklung der landschaftstypischen Eigenarten\"><span class=\"sc_list_icon icon-check93\"><\/span>Weiterentwicklung der landschaftstypischen Eigenarten<\/li><li class=\"sc_list_item even\" title=\"Kosteneinsparung und Umweltschutz durch dem bewussten Umgang mit den Ressourcen wie Wasser, Strom, D\u00fcnger und Pflanzenschutzmitteln\"><span class=\"sc_list_icon icon-check93\"><\/span>Kosteneinsparung und Umweltschutz durch dem bewussten Umgang mit den Ressourcen wie Wasser, Strom, D\u00fcnger und Pflanzenschutzmitteln<\/li><li class=\"sc_list_item odd\" title=\"Reduzierung der Haftungsrisiken durch die Einhaltung sicherheitsrelevanter Aspekte\"><span class=\"sc_list_icon icon-check93\"><\/span>Reduzierung der Haftungsrisiken durch die Einhaltung sicherheitsrelevanter Aspekte<\/li><li class=\"sc_list_item even\" title=\"Wettbewerbsvorteil gegen\u00fcber regionalen Mitbewerbern\"><span class=\"sc_list_icon icon-check93\"><\/span>Wettbewerbsvorteil gegen\u00fcber regionalen Mitbewerbern<\/li><\/ul>[vc_column_text css=&#8220;.vc_custom_1497786429714{padding-right: 20% !important;}&#8220;][\/vc_column_text]<\/div><div class=\"column-1_3 sc_column_item sc_column_item_3 odd after_span_2\">[vc_single_image image=&#8220;7317&#8243; img_size=&#8220;240&#215;300&#8243; alignment=&#8220;right&#8220; css=&#8220;.vc_custom_1541605940284{padding-top: 10px !important;}&#8220;]<\/div><\/div><\/div><\/div><\/div>[\/vc_column][\/vc_row][vc_row full_width=&#8220;stretch_row&#8220; css=&#8220;.vc_custom_1497858855854{background-color: #f7f5f1 !important;}&#8220;][\/vc_row]<\/p>\n","protected":false},"excerpt":{"rendered":"<p>[vc_row css=&#8220;.vc_custom_1487319056680{padding-bottom: 30px !important;}&#8220;][vc_column][\/vc_column][\/vc_row][vc_row full_width=&#8220;stretch_row&#8220; css=&#8220;.vc_custom_1487766570698{padding-bottom: 70px !important;background-color: #f7f5f1 !important;}&#8220;][vc_column][\/vc_column][\/vc_row][vc_row full_width=&#8220;stretch_row&#8220; css=&#8220;.vc_custom_1497858855854{background-color: #f7f5f1 !important;}&#8220;][\/vc_row]<\/p>\n","protected":false},"author":5,"featured_media":0,"parent":0,"menu_order":0,"comment_status":"closed","ping_status":"closed","template":"","meta":{"_EventAllDay":false,"_EventTimezone":"","_EventStartDate":"","_EventEndDate":"","_EventStartDateUTC":"","_EventEndDateUTC":"","_EventShowMap":false,"_EventShowMapLink":false,"_EventURL":"","_EventCost":"","_EventCostDescription":"","_EventCurrencySymbol":"","_EventCurrencyCode":"","_EventCurrencyPosition":"","_EventDateTimeSeparator":"","_EventTimeRangeSeparator":"","_EventOrganizerID":[],"_EventVenueID":0,"_OrganizerEmail":"","_OrganizerPhone":"","_OrganizerWebsite":"","_VenueAddress":"","_VenueCity":"","_VenueCountry":"","_VenueProvince":"","_VenueZip":"","_VenuePhone":"","_VenueURL":"","_VenueStateProvince":"","_VenueLat":"","_VenueLng":"","_links_to":"","_links_to_target":""},"_links":{"self":[{"href":"https:\/\/golfclubabenberg.de\/index.php\/wp-json\/wp\/v2\/pages\/20911"}],"collection":[{"href":"https:\/\/golfclubabenberg.de\/index.php\/wp-json\/wp\/v2\/pages"}],"about":[{"href":"https:\/\/golfclubabenberg.de\/index.php\/wp-json\/wp\/v2\/types\/page"}],"author":[{"embeddable":true,"href":"https:\/\/golfclubabenberg.de\/index.php\/wp-json\/wp\/v2\/users\/5"}],"replies":[{"embeddable":true,"href":"https:\/\/golfclubabenberg.de\/index.php\/wp-json\/wp\/v2\/comments?post=20911"}],"version-history":[{"count":3,"href":"https:\/\/golfclubabenberg.de\/index.php\/wp-json\/wp\/v2\/pages\/20911\/revisions"}],"predecessor-version":[{"id":20926,"href":"https:\/\/golfclubabenberg.de\/index.php\/wp-json\/wp\/v2\/pages\/20911\/revisions\/20926"}],"wp:attachment":[{"href":"https:\/\/golfclubabenberg.de\/index.php\/wp-json\/wp\/v2\/media?parent=20911"}],"curies":[{"name":"wp","href":"https:\/\/api.w.org\/{rel}","templated":true}]}}