{"id":20909,"date":"2026-01-03T10:48:42","date_gmt":"2026-01-03T09:48:42","guid":{"rendered":"https:\/\/golfclubabenberg.de\/?page_id=20909"},"modified":"2026-03-17T15:24:41","modified_gmt":"2026-03-17T14:24:41","slug":"dgv-gold-zertifizierung","status":"publish","type":"page","link":"https:\/\/golfclubabenberg.de\/index.php\/dgv-gold-zertifizierung\/","title":{"rendered":"DGV Gold-Zertifizierung"},"content":{"rendered":"<p>[vc_row css=&#8220;.vc_custom_1487319056680{padding-bottom: 30px !important;}&#8220;][vc_column]<h1 class=\"sc_title sc_title_underline\">Golf &amp; Natur<\/h1><div class=\"sc_section\"><div class=\"sc_section_inner\"><div class=\"sc_section_content_wrap\"><div class=\"columns_wrap sc_columns columns_nofluid sc_columns_count_2 margin_bottom_medium\"><div class=\"column-1_2 sc_column_item sc_column_item_1 odd first\"><h4 class=\"sc_title sc_title_regular\"><strong>GOLFCLUB ABENBERG ERH\u00c4LT VOM DGV F\u00dcR &#8222;GOLF &amp; NATUR&#8220; <\/strong><strong>ERNEUTE\u00a0 GOLD ZERTIFIZIERUNG MIT\u00a0 SONDERAUSZEICHNUNG<\/strong><\/p>\n<p><strong>\u00a0<\/strong><\/h4>[vc_column_text css=&#8220;.vc_custom_1773757182819{padding-right: 25px !important;}&#8220;]<strong>Der\u00a0 Golfclub Abenberg ist vom Deutschen Golfverband (DGV) im M\u00e4rz 2026 zum 5.Mal nach 2017, 2019, 2021 und 2024 mit der h\u00f6chsten Zertifizierung in Gold ausgezeichnet und dabei mit seinem sehr engagierten\u00a0 und strukturierten Golf &amp;Natur Team hervorragend bewertet worden. <\/strong><\/p>\n<p><strong>Auf der Golfanlage wurde im Rahmen der Golf &amp; Natur Projektarbeit seit 2013 f\u00fcr die Anreicherung der Artenvielfalt beispielsweise Folgendes geschaffen:<\/strong><\/p>\n<ul>\n<li>Ca. 13.000 m \u00b2 Bl\u00fchfl\u00e4chen in 14 Teilbereichen mit mehrj\u00e4hrigen Saaten von Wildblumen und Wildkr\u00e4utern,<\/li>\n<li>\u00fcber 120 Nistk\u00e4sten in 20 unterschiedlichen Arten f\u00fcr die verschiedenen Vogelarten,<\/li>\n<li>17 Insektenh\u00e4user mit einer Umgebung von speziellen Nahrungsangeboten f\u00fcr die n\u00fctzlichen Insekten,<\/li>\n<li>einer Bienenecke mit 8 Bienenst\u00f6cken und einer Schauwabe.<\/li>\n<\/ul>\n<p>Durch gezielte Informationen auf der Golfanlage und auf der Homepage des Clubs werden diese Elemente den Mitgliedern und Interessenten \u00fcber die Landschaft und Natur der Golfanlage vermittelt. Das Golf &amp; Natur Projektteam arbeitet eng mit dem Landesbund f\u00fcr Vogelschutz (LBV) und der \u201eUmweltschule \u201c Abenberg zusammen.<\/p>\n<p><strong>Finanziell wurden bisher nahezu alle Ma\u00dfnahmen des Golf &amp; Natur Projekts durch einen 2015 gegr\u00fcndeten gemeinn\u00fctzigen F\u00f6rderverein erm\u00f6glicht. Informationen zum F\u00f6rderverein unter <a href=\"https:\/\/www.gca-fv.de\/\">www.gca-fv.de <\/a><\/strong><\/p>\n<p>Seit Anfang 2019 wird ein Projekt zur gezielten Vorbereitung auf die zu erwartenden Folgen des Klimawandels mit den Schwerpunktaspekten bearbeitet:<\/p>\n<ul>\n<li>Weiterentwicklung des Wassermanagements,<\/li>\n<li>Anpassung der Gr\u00e4ser hin zu hitze\u2013 und trockenheitsresistenteren Mischungen,<\/li>\n<li>Vermittlung der notwendigen Ver\u00e4nderungen mit einer gezielten \u00d6ffentlichkeitsarbeit.<\/li>\n<\/ul>\n<p>Bei diesen Themen wird intensiv mit Marc Biber und Hartmut Schneider aus dem Bereich \u201eUmwelt und Platzpflege\u201c im DGV zusammen gearbeitet, von denen der GC Abenberg \u00a0wertvolle Hinweise f\u00fcr die Arbeiten erh\u00e4lt. Im Gegenzug vermittelt das G&amp;N Projektteam\u00a0 den DGV Experten die gemachten Erfahrungen mit den ergriffenen Ma\u00dfnahmen.<\/p>\n<p><strong>F\u00fcr die n\u00e4chste Zertifizierungsperiode bis Mitte 2026 ist eine \u00dcbertragung der bisherigen Aktivit\u00e4ten und Erfahrungen auf weitere Bereiche der Golfanlage geplant, um die Artenvielfalt der Pflanzen- und Tierwelt weiter zu entwickeln.<\/strong><\/p>\n<p>Viele GCA Clubmitglieder haben mit ihrer Arbeit und Unterst\u00fctzung zum Erfolg sowie der Erlangung des erneuten Gold-Zertifikats vom DGV f\u00fcr den Golfclub und die Golfanlage \u00a0Abenberg beigetragen.<\/p>\n<p>Bei der Abschlussbesprechung zur Gold Rezertifizierung sprach Pr\u00e4sident Gerd Kehrbach allen Beteiligten sein Lob und seinen Dank aus.[\/vc_column_text]<\/div><div class=\"column-1_2 sc_column_item sc_column_item_2 even\">[vc_empty_space height=&#8220;135px&#8220;]<h4 class=\"sc_title sc_title_regular\"><strong>\u00a0<\/strong><\/h4>[vc_column_text]<em><img loading=\"lazy\" class=\"alignnone wp-image-21228 size-large\" src=\"https:\/\/golfclubabenberg.de\/wp-content\/uploads\/IMG_4526-1024x768.jpg\" alt=\"\" width=\"1024\" height=\"768\" srcset=\"https:\/\/golfclubabenberg.de\/wp-content\/uploads\/IMG_4526-1024x768.jpg 1024w, https:\/\/golfclubabenberg.de\/wp-content\/uploads\/IMG_4526-300x225.jpg 300w, https:\/\/golfclubabenberg.de\/wp-content\/uploads\/IMG_4526-768x576.jpg 768w, https:\/\/golfclubabenberg.de\/wp-content\/uploads\/IMG_4526-1536x1152.jpg 1536w, https:\/\/golfclubabenberg.de\/wp-content\/uploads\/IMG_4526-2048x1536.jpg 2048w, https:\/\/golfclubabenberg.de\/wp-content\/uploads\/IMG_4526-600x450.jpg 600w\" sizes=\"(max-width: 1024px) 100vw, 1024px\" \/><\/em><\/p>\n<p><em>\u00dcbergabe der \u201eGolf und Natur\u201c-Zertifizierung in Gold. v.l.n.r. Werner Ni\u00dflein (Headgreenkeeper), Hartmut Schneider (Auditor DGV), J\u00fcrgen M\u00fcnch (Schatzmeister GCA), Thomas Dann (Vize-Pr\u00e4sident GCA), Alex Bayer (Headgreenkeeper), Gerd Kehrbach (Pr\u00e4sident GCA), Tobias Volkert (Junior-Clubmanager), Rolf Walther (Koordinator G&amp;N)<\/em><\/p>\n<p><img loading=\"lazy\" class=\"alignnone size-medium wp-image-19324\" src=\"https:\/\/golfclubabenberg.de\/wp-content\/uploads\/DGV-Zertifikat-300x182.jpg\" alt=\"\" width=\"300\" height=\"182\" srcset=\"https:\/\/golfclubabenberg.de\/wp-content\/uploads\/DGV-Zertifikat-300x182.jpg 300w, https:\/\/golfclubabenberg.de\/wp-content\/uploads\/DGV-Zertifikat.jpg 418w\" sizes=\"(max-width: 300px) 100vw, 300px\" \/>[\/vc_column_text]<\/div><\/div><\/div><\/div><\/div>[\/vc_column][\/vc_row][vc_row full_width=&#8220;stretch_row&#8220; css=&#8220;.vc_custom_1497858855854{background-color: #f7f5f1 !important;}&#8220;][\/vc_row]<\/p>\n","protected":false},"excerpt":{"rendered":"<p>[vc_row css=&#8220;.vc_custom_1487319056680{padding-bottom: 30px !important;}&#8220;][vc_column][\/vc_column][\/vc_row][vc_row full_width=&#8220;stretch_row&#8220; css=&#8220;.vc_custom_1497858855854{background-color: #f7f5f1 !important;}&#8220;][\/vc_row]<\/p>\n","protected":false},"author":5,"featured_media":0,"parent":0,"menu_order":0,"comment_status":"closed","ping_status":"closed","template":"","meta":{"_EventAllDay":false,"_EventTimezone":"","_EventStartDate":"","_EventEndDate":"","_EventStartDateUTC":"","_EventEndDateUTC":"","_EventShowMap":false,"_EventShowMapLink":false,"_EventURL":"","_EventCost":"","_EventCostDescription":"","_EventCurrencySymbol":"","_EventCurrencyCode":"","_EventCurrencyPosition":"","_EventDateTimeSeparator":"","_EventTimeRangeSeparator":"","_EventOrganizerID":[],"_EventVenueID":0,"_OrganizerEmail":"","_OrganizerPhone":"","_OrganizerWebsite":"","_VenueAddress":"","_VenueCity":"","_VenueCountry":"","_VenueProvince":"","_VenueZip":"","_VenuePhone":"","_VenueURL":"","_VenueStateProvince":"","_VenueLat":"","_VenueLng":"","_links_to":"","_links_to_target":""},"_links":{"self":[{"href":"https:\/\/golfclubabenberg.de\/index.php\/wp-json\/wp\/v2\/pages\/20909"}],"collection":[{"href":"https:\/\/golfclubabenberg.de\/index.php\/wp-json\/wp\/v2\/pages"}],"about":[{"href":"https:\/\/golfclubabenberg.de\/index.php\/wp-json\/wp\/v2\/types\/page"}],"author":[{"embeddable":true,"href":"https:\/\/golfclubabenberg.de\/index.php\/wp-json\/wp\/v2\/users\/5"}],"replies":[{"embeddable":true,"href":"https:\/\/golfclubabenberg.de\/index.php\/wp-json\/wp\/v2\/comments?post=20909"}],"version-history":[{"count":3,"href":"https:\/\/golfclubabenberg.de\/index.php\/wp-json\/wp\/v2\/pages\/20909\/revisions"}],"predecessor-version":[{"id":21229,"href":"https:\/\/golfclubabenberg.de\/index.php\/wp-json\/wp\/v2\/pages\/20909\/revisions\/21229"}],"wp:attachment":[{"href":"https:\/\/golfclubabenberg.de\/index.php\/wp-json\/wp\/v2\/media?parent=20909"}],"curies":[{"name":"wp","href":"https:\/\/api.w.org\/{rel}","templated":true}]}}