{"id":20905,"date":"2026-01-03T10:49:22","date_gmt":"2026-01-03T09:49:22","guid":{"rendered":"https:\/\/golfclubabenberg.de\/?page_id=20905"},"modified":"2026-01-03T10:49:22","modified_gmt":"2026-01-03T09:49:22","slug":"golf-und-natur-neu-2026","status":"publish","type":"page","link":"https:\/\/golfclubabenberg.de\/index.php\/golf-und-natur-neu-2026\/","title":{"rendered":"Golf &#038; Natur neu"},"content":{"rendered":"<p>[vc_row css=&#8220;.vc_custom_1489742046938{padding-bottom: 30px !important;}&#8220;][vc_column]<h1 class=\"sc_title sc_title_underline\">Golf &amp; Natur im GCA<\/h1><div class=\"sc_section\"><div class=\"sc_section_inner\"><div class=\"sc_section_content_wrap\">[vc_column_text css=&#8220;.vc_custom_1767432771838{padding-right: 15% !important;padding-bottom: 30px !important;}&#8220;]Der Golfclub Abenberg verbindet Golfspiel mit einem starken <strong>Fokus auf Artenvielfalt, Nachhaltigkeit und naturnahes Platzmanagement<\/strong>. Die Anlage ist harmonisch in die Landschaft eingebettet und setzt auf Ma\u00dfnahmen, die <strong>Naturr\u00e4ume sch\u00fctzen, Lebensr\u00e4ume f\u00f6rdern und umweltbewusste Pflege sicherstellen<\/strong>.<\/p>\n<p>Wer mehr zu dem Programm erfahren m\u00f6chte, dem sei der Link auf die <a style=\"color: #dc6c12;\" href=\"https:\/\/serviceportal.dgv-intranet.de\/umwelt-platzpflege\/golf-natur\/ueberblick.cfm\" target=\"_blank\" rel=\"noopener noreferrer\">entsprechende Seite<\/a> des Deutschen Golf Verbandes empfohlen.<\/p>\n<p>Wir haben dazu zwei sehenswerte Videos aus <a style=\"color: #dc6c12;\" href=\"https:\/\/www.youtube.com\/watch?v=LfaAZfz17SA\" target=\"_blank\" rel=\"noopener noreferrer\">April 2018<\/a> und <a style=\"color: #dc6c12;\" href=\"https:\/\/www.youtube.com\/watch?v=XSF4YnUUtek\" target=\"_blank\" rel=\"noopener noreferrer\">August 2018<\/a>, eine <a style=\"color: #dc6c12;\" href=\"https:\/\/www.youtube.com\/watch?v=cryicUeG7SA\" target=\"_blank\" rel=\"noopener noreferrer\">Bildershow<\/a> sowie auf unserer Flickr-Seite ein <a style=\"color: #dc6c12;\" href=\"https:\/\/www.flickr.com\/photos\/125396072@N03\/sets\/72157646660581525\/\" target=\"_blank\" rel=\"noopener noreferrer\">Fotoalbum<\/a> eingerichtet.<\/p>\n<p>Eine interaktive \u00dcbersicht aller Nistk\u00e4sten und deren Belegung auf unserer Anlage finden Sie<span style=\"color: #ff9900;\"> <a style=\"color: #ff9900;\" href=\"https:\/\/www.google.com\/maps\/d\/viewer?mid=1r0-OzDk2Y6z3kY9fgzcK5PW6ndlteYK4&amp;ll=49.25422091162156%2C10.974917055706323&amp;z=15\" target=\"_blank\" rel=\"noopener noreferrer\"><span style=\"color: #ff6600;\">hier<\/span><\/a><span style=\"color: #ff6600;\">.<\/span><\/span>[\/vc_column_text]<div class=\"columns_wrap sc_columns columns_nofluid sc_columns_count_3\"><div class=\"column-2_3 sc_column_item sc_column_item_1 odd first span_2\"><ul class=\"sc_list sc_list_style_iconed\" style=\"color:#152229;\"><\/ul><\/div><div class=\"column-1_3 sc_column_item sc_column_item_3 odd after_span_2\"><\/div><\/div><\/div><\/div><\/div>[\/vc_column][\/vc_row]<\/p>\n","protected":false},"excerpt":{"rendered":"<p>[vc_row css=&#8220;.vc_custom_1489742046938{padding-bottom: 30px !important;}&#8220;][vc_column][\/vc_column][\/vc_row]<\/p>\n","protected":false},"author":5,"featured_media":0,"parent":0,"menu_order":0,"comment_status":"closed","ping_status":"closed","template":"","meta":{"_EventAllDay":false,"_EventTimezone":"","_EventStartDate":"","_EventEndDate":"","_EventStartDateUTC":"","_EventEndDateUTC":"","_EventShowMap":false,"_EventShowMapLink":false,"_EventURL":"","_EventCost":"","_EventCostDescription":"","_EventCurrencySymbol":"","_EventCurrencyCode":"","_EventCurrencyPosition":"","_EventDateTimeSeparator":"","_EventTimeRangeSeparator":"","_EventOrganizerID":[],"_EventVenueID":0,"_OrganizerEmail":"","_OrganizerPhone":"","_OrganizerWebsite":"","_VenueAddress":"","_VenueCity":"","_VenueCountry":"","_VenueProvince":"","_VenueZip":"","_VenuePhone":"","_VenueURL":"","_VenueStateProvince":"","_VenueLat":"","_VenueLng":"","_links_to":"","_links_to_target":""},"_links":{"self":[{"href":"https:\/\/golfclubabenberg.de\/index.php\/wp-json\/wp\/v2\/pages\/20905"}],"collection":[{"href":"https:\/\/golfclubabenberg.de\/index.php\/wp-json\/wp\/v2\/pages"}],"about":[{"href":"https:\/\/golfclubabenberg.de\/index.php\/wp-json\/wp\/v2\/types\/page"}],"author":[{"embeddable":true,"href":"https:\/\/golfclubabenberg.de\/index.php\/wp-json\/wp\/v2\/users\/5"}],"replies":[{"embeddable":true,"href":"https:\/\/golfclubabenberg.de\/index.php\/wp-json\/wp\/v2\/comments?post=20905"}],"version-history":[{"count":6,"href":"https:\/\/golfclubabenberg.de\/index.php\/wp-json\/wp\/v2\/pages\/20905\/revisions"}],"predecessor-version":[{"id":20916,"href":"https:\/\/golfclubabenberg.de\/index.php\/wp-json\/wp\/v2\/pages\/20905\/revisions\/20916"}],"wp:attachment":[{"href":"https:\/\/golfclubabenberg.de\/index.php\/wp-json\/wp\/v2\/media?parent=20905"}],"curies":[{"name":"wp","href":"https:\/\/api.w.org\/{rel}","templated":true}]}}