{"id":20817,"date":"2025-11-07T09:04:40","date_gmt":"2025-11-07T08:04:40","guid":{"rendered":"https:\/\/golfclubabenberg.de\/?page_id=20817"},"modified":"2025-11-10T09:37:49","modified_gmt":"2025-11-10T08:37:49","slug":"ihre-meinung-zaehlt","status":"publish","type":"page","link":"https:\/\/golfclubabenberg.de\/index.php\/ihre-meinung-zaehlt\/","title":{"rendered":"Ihre Meinung z\u00e4hlt"},"content":{"rendered":"<p>Wir freuen uns, dass Sie sich f\u00fcr uns entschieden haben. Ihre Zufriedenheit ist unser gr\u00f6\u00dftes Ziel \u2013 und Ihr Feedback hilft uns, noch besser zu werden.<\/p>\n<p><strong>Wenn Sie mit unserem Service zufrieden sind, w\u00fcrden wir uns sehr \u00fcber eine kurze Rezension freuen.<\/strong> So unterst\u00fctzen Sie nicht nur uns, sondern auch andere Kunden bei ihrer Entscheidung.<\/p>\n<p><strong><a href=\"https:\/\/g.page\/r\/CQbQj59hT3kCEBM\/review\" target=\"_blank\" rel=\"noopener\">Jetzt eine Bewertung abgeben<\/a><\/strong><\/p>\n<p>Vielen Dank f\u00fcr Ihre Unterst\u00fctzung \u2013 wir sch\u00e4tzen Ihr Vertrauen sehr!<\/p>\n<p style=\"text-align: center;\"><em>Anstelle des Links k\u00f6nnen Sie Ihre Bewertung auch \u00fcber diesen QR-Code vornehmen.<\/em><\/p>\n<p><img loading=\"lazy\" class=\"size-full wp-image-20818 aligncenter\" src=\"https:\/\/golfclubabenberg.de\/wp-content\/uploads\/QR-Code-Rezension-bitten.png\" alt=\"\" width=\"132\" height=\"132\" srcset=\"https:\/\/golfclubabenberg.de\/wp-content\/uploads\/QR-Code-Rezension-bitten.png 132w, https:\/\/golfclubabenberg.de\/wp-content\/uploads\/QR-Code-Rezension-bitten-100x100.png 100w\" sizes=\"(max-width: 132px) 100vw, 132px\" \/><\/p>\n<p>&nbsp;<\/p>\n<p>&nbsp;<\/p>\n<p><img loading=\"lazy\" class=\"wp-image-20829 size-large aligncenter\" src=\"https:\/\/golfclubabenberg.de\/wp-content\/uploads\/MLLJ3096-1024x576.jpg\" alt=\"\" width=\"1024\" height=\"576\" srcset=\"https:\/\/golfclubabenberg.de\/wp-content\/uploads\/MLLJ3096-1024x576.jpg 1024w, https:\/\/golfclubabenberg.de\/wp-content\/uploads\/MLLJ3096-300x169.jpg 300w, https:\/\/golfclubabenberg.de\/wp-content\/uploads\/MLLJ3096-768x432.jpg 768w, https:\/\/golfclubabenberg.de\/wp-content\/uploads\/MLLJ3096-1536x864.jpg 1536w, https:\/\/golfclubabenberg.de\/wp-content\/uploads\/MLLJ3096-600x338.jpg 600w, https:\/\/golfclubabenberg.de\/wp-content\/uploads\/MLLJ3096.jpg 2048w\" sizes=\"(max-width: 1024px) 100vw, 1024px\" \/><\/p>\n","protected":false},"excerpt":{"rendered":"<p>Wir freuen uns, dass Sie sich f\u00fcr uns entschieden haben. Ihre Zufriedenheit ist unser gr\u00f6\u00dftes Ziel \u2013 und Ihr Feedback hilft uns, noch besser zu werden. Wenn Sie mit unserem [&hellip;]<\/p>\n","protected":false},"author":5,"featured_media":0,"parent":0,"menu_order":0,"comment_status":"closed","ping_status":"closed","template":"","meta":{"_EventAllDay":false,"_EventTimezone":"","_EventStartDate":"","_EventEndDate":"","_EventStartDateUTC":"","_EventEndDateUTC":"","_EventShowMap":false,"_EventShowMapLink":false,"_EventURL":"","_EventCost":"","_EventCostDescription":"","_EventCurrencySymbol":"","_EventCurrencyCode":"","_EventCurrencyPosition":"","_EventDateTimeSeparator":"","_EventTimeRangeSeparator":"","_EventOrganizerID":[],"_EventVenueID":0,"_OrganizerEmail":"","_OrganizerPhone":"","_OrganizerWebsite":"","_VenueAddress":"","_VenueCity":"","_VenueCountry":"","_VenueProvince":"","_VenueZip":"","_VenuePhone":"","_VenueURL":"","_VenueStateProvince":"","_VenueLat":"","_VenueLng":"","_links_to":"","_links_to_target":""},"_links":{"self":[{"href":"https:\/\/golfclubabenberg.de\/index.php\/wp-json\/wp\/v2\/pages\/20817"}],"collection":[{"href":"https:\/\/golfclubabenberg.de\/index.php\/wp-json\/wp\/v2\/pages"}],"about":[{"href":"https:\/\/golfclubabenberg.de\/index.php\/wp-json\/wp\/v2\/types\/page"}],"author":[{"embeddable":true,"href":"https:\/\/golfclubabenberg.de\/index.php\/wp-json\/wp\/v2\/users\/5"}],"replies":[{"embeddable":true,"href":"https:\/\/golfclubabenberg.de\/index.php\/wp-json\/wp\/v2\/comments?post=20817"}],"version-history":[{"count":5,"href":"https:\/\/golfclubabenberg.de\/index.php\/wp-json\/wp\/v2\/pages\/20817\/revisions"}],"predecessor-version":[{"id":20830,"href":"https:\/\/golfclubabenberg.de\/index.php\/wp-json\/wp\/v2\/pages\/20817\/revisions\/20830"}],"wp:attachment":[{"href":"https:\/\/golfclubabenberg.de\/index.php\/wp-json\/wp\/v2\/media?parent=20817"}],"curies":[{"name":"wp","href":"https:\/\/api.w.org\/{rel}","templated":true}]}}