{"id":20209,"date":"2025-02-17T11:12:00","date_gmt":"2025-02-17T10:12:00","guid":{"rendered":"https:\/\/golfclubabenberg.de\/?page_id=20209"},"modified":"2025-02-18T11:13:26","modified_gmt":"2025-02-18T10:13:26","slug":"flyover-drohnenflug","status":"publish","type":"page","link":"https:\/\/golfclubabenberg.de\/index.php\/flyover-drohnenflug\/","title":{"rendered":"Drohnen\u00fcberflug"},"content":{"rendered":"<p>[vc_row][vc_column]<div class=\"sc_section\"><div class=\"sc_section_inner\"><div class=\"sc_section_content_wrap\"><h1 class=\"sc_title sc_title_underline\">Drohnen\u00fcberflug \u00fcber unsere Anlage<\/h1><\/div><\/div><\/div>[\/vc_column][\/vc_row][vc_row full_width=&#8220;stretch_row&#8220; inverse=&#8220;&#8220; css=&#8220;.vc_custom_1584547937246{background-color: #f7f5f1 !important;}&#8220;][vc_column css=&#8220;.vc_custom_1486050702304{padding-bottom: 80px !important;}&#8220;][vc_empty_space height=&#8220;64px&#8220;]<div class=\"sc_section\"><div class=\"sc_section_inner\"><div class=\"sc_section_content_wrap\"><div class=\"columns_wrap sc_columns columns_nofluid sc_columns_count_2\"><div class=\"column-1_2 sc_column_item sc_column_item_1 odd first\" style=\"text-align:center;\">[vc_video link=&#8220;https:\/\/youtu.be\/4dal4jXQ3uk&#8220;]<\/div><div class=\"column-1_2 sc_column_item sc_column_item_2 even\">[vc_column_text]<span style=\"color: #152229;\">Mit diesem Drohnen\u00fcberflug k\u00f6nnen Sie sich einen ersten Eindruck\u00a0 \u00fcber unsere gro\u00dfz\u00fcgige Anlage machen.<\/span><\/p>\n<p>Wir bedanken uns bei unserem Mitglied <strong>Mike Hotten<\/strong> f\u00fcr die Freigabe![\/vc_column_text]<\/div><\/div><\/div><\/div><\/div>[\/vc_column][\/vc_row]<\/p>\n","protected":false},"excerpt":{"rendered":"<p>[vc_row][vc_column][\/vc_column][\/vc_row][vc_row full_width=&#8220;stretch_row&#8220; inverse=&#8220;&#8220; css=&#8220;.vc_custom_1584547937246{background-color: #f7f5f1 !important;}&#8220;][vc_column css=&#8220;.vc_custom_1486050702304{padding-bottom: 80px !important;}&#8220;][vc_empty_space height=&#8220;64px&#8220;][\/vc_column][\/vc_row]<\/p>\n","protected":false},"author":5,"featured_media":0,"parent":0,"menu_order":0,"comment_status":"closed","ping_status":"closed","template":"","meta":{"_EventAllDay":false,"_EventTimezone":"","_EventStartDate":"","_EventEndDate":"","_EventStartDateUTC":"","_EventEndDateUTC":"","_EventShowMap":false,"_EventShowMapLink":false,"_EventURL":"","_EventCost":"","_EventCostDescription":"","_EventCurrencySymbol":"","_EventCurrencyCode":"","_EventCurrencyPosition":"","_EventDateTimeSeparator":"","_EventTimeRangeSeparator":"","_EventOrganizerID":[],"_EventVenueID":0,"_OrganizerEmail":"","_OrganizerPhone":"","_OrganizerWebsite":"","_VenueAddress":"","_VenueCity":"","_VenueCountry":"","_VenueProvince":"","_VenueZip":"","_VenuePhone":"","_VenueURL":"","_VenueStateProvince":"","_VenueLat":"","_VenueLng":"","_links_to":"","_links_to_target":""},"_links":{"self":[{"href":"https:\/\/golfclubabenberg.de\/index.php\/wp-json\/wp\/v2\/pages\/20209"}],"collection":[{"href":"https:\/\/golfclubabenberg.de\/index.php\/wp-json\/wp\/v2\/pages"}],"about":[{"href":"https:\/\/golfclubabenberg.de\/index.php\/wp-json\/wp\/v2\/types\/page"}],"author":[{"embeddable":true,"href":"https:\/\/golfclubabenberg.de\/index.php\/wp-json\/wp\/v2\/users\/5"}],"replies":[{"embeddable":true,"href":"https:\/\/golfclubabenberg.de\/index.php\/wp-json\/wp\/v2\/comments?post=20209"}],"version-history":[{"count":3,"href":"https:\/\/golfclubabenberg.de\/index.php\/wp-json\/wp\/v2\/pages\/20209\/revisions"}],"predecessor-version":[{"id":20223,"href":"https:\/\/golfclubabenberg.de\/index.php\/wp-json\/wp\/v2\/pages\/20209\/revisions\/20223"}],"wp:attachment":[{"href":"https:\/\/golfclubabenberg.de\/index.php\/wp-json\/wp\/v2\/media?parent=20209"}],"curies":[{"name":"wp","href":"https:\/\/api.w.org\/{rel}","templated":true}]}}