{"id":19443,"date":"2024-05-02T14:08:38","date_gmt":"2024-05-02T12:08:38","guid":{"rendered":"https:\/\/golfclubabenberg.de\/?page_id=19443"},"modified":"2024-05-14T16:14:08","modified_gmt":"2024-05-14T14:14:08","slug":"golferlebnistag-2024","status":"publish","type":"page","link":"https:\/\/golfclubabenberg.de\/index.php\/golferlebnistag-2024\/","title":{"rendered":"Golferlebnistag 2024"},"content":{"rendered":"<p>[vc_row][vc_column]<div class=\"sc_section\"><div class=\"sc_section_inner\"><div class=\"sc_section_content_wrap\"><h1 class=\"sc_title sc_title_underline\">KOSTENLOS GOLFEN IN ABENBERG<\/h1><\/div><\/div><\/div>[\/vc_column][\/vc_row][vc_row full_width=&#8220;stretch_row&#8220; css=&#8220;.vc_custom_1596452198240{background-color: #f7f5f1 !important;}&#8220;][vc_column width=&#8220;1\/2&#8243;][vc_empty_space height=&#8220;3em&#8220;]<h3 class=\"sc_title sc_title_regular\">DEIN GOLFERLEBNIS\u00adTAG<br \/>\nIN ABENBERG \u2013<br \/>\nENTDECKE GOLFEN<\/h3>[vc_empty_space height=&#8220;1em&#8220;][vc_column_text]<strong>Erlebe den Spa\u00df am Golf auf dem gr\u00f6\u00dften Golfplatz in der Region &#8211; und das kostenlos! Am Sonntag, den 19.05.2024 von 10:30 bis 15:00 Uhr bieten wir dir die einmalige Gelegenheit, den Golfsport f\u00fcr dich zu entdecken.<\/strong><\/p>\n<p>Erlebe den Spa\u00df am Golf auf dem gr\u00f6\u00dften Golfplatz in der Region \u2013 und das kostenlos! Am Sonntag, den 19.05.2024 bieten wir dir die einmalige Gelegenheit, den Golfsport f\u00fcr dich vollkommen umsonst zu entdecken.<br \/>\nAuf \u00fcber 440.000qm spielst du bei uns mitten in der Natur.[\/vc_column_text][\/vc_column][vc_column width=&#8220;1\/2&#8243;][vc_empty_space height=&#8220;6em&#8220;][vc_single_image image=&#8220;19458&#8243; img_size=&#8220;293&#215;368&#8243; alignment=&#8220;center&#8220;][\/vc_column][\/vc_row][vc_row full_width=&#8220;stretch_row&#8220; css=&#8220;.vc_custom_1596452198240{background-color: #f7f5f1 !important;}&#8220;][vc_column][vc_empty_space height=&#8220;4em&#8220;][\/vc_column][\/vc_row][vc_row full_width=&#8220;stretch_row&#8220;][vc_column][vc_empty_space height=&#8220;2.5em&#8220;][\/vc_column][\/vc_row][vc_row full_width=&#8220;stretch_row&#8220; inverse=&#8220;&#8220;][vc_column width=&#8220;1\/2&#8243;][vc_empty_space height=&#8220;2em&#8220;][vc_single_image image=&#8220;15264&#8243; img_size=&#8220;510&#215;368&#8243;][vc_empty_space height=&#8220;2em&#8220;][vc_empty_space height=&#8220;2em&#8220;][\/vc_column][vc_column width=&#8220;1\/2&#8243; css=&#8220;.vc_custom_1596629047837{padding-right: 17% !important;}&#8220;]<h3 class=\"sc_title sc_title_regular\">GOLFERLEBNIS\u00adKURS<\/h3><h6 class=\"sc_title sc_title_regular\" style=\"color:#dc6c12;\"><\/p>\n<h6 style=\"color: #dc6c12;\">ERST DIE GRUNDLAGEN<\/h6>\n<p><\/h6>[vc_column_text]Unsere Trainer zeigen dir zuerst alles Wichtige zum Golfspiel. Dabei \u00fcbst Du mit unseren Pros die Grundlagen im Golfspiel \u2013 sowohl auf unserer Driving-Range als auch auf unserem \u00dcbungsgel\u00e4nde.<\/p>\n<p>Die <strong>kostenlosen Kurse<\/strong> beginnen um <strong>11:00, 12:15 und 13:30 Uhr<\/strong>. Buche vorab online deine Wunschzeit.<br \/>\nTreffpunkt vor dem Clubhaus.<code><br \/>\n<\/code>[\/vc_column_text][vc_empty_space height=&#8220;3em&#8220;]<div class=\"cq-accordion \" style=\"width:;\" data-displayfirst=\"\"><ul><li><input type=\"checkbox\" checked><i class=\"\"><\/i><h4 style=\"color:#ffffff;font-size:;padding:20px;\">Buche deinen Schnupperkurs-Teilnahmeplatz!<\/h4><div class=\"accordion-content\" style=\"background-color:;color:#333333;font-size:;\"><\/p>\n<p><code><div class=\"booked-calendar-shortcode-wrap\"><div class=\"booked-list-view booked-calendar-wrap large\" data-default=\"2024-05-19\"><div class=\"booked-appt-list\" data-list-date=\"2024-05-19\" data-min-date=\"2024-05-19\" data-max-date=\"\"><h2 class=\"booked-no-prev\"><span>Available Appointments on <\/span><strong>19. Mai 2024<\/strong><\/h2><div class=\"booked-list-view-nav\" data-calendar-id=\"162\"><button data-date=\"2024-05-20\" class=\"booked-list-view-date-next bb-small\">Next&nbsp;&nbsp;<i class=\"booked-icon booked-icon-arrow-right\"><\/i><\/button><span class=\"booked-datepicker-wrap\"><input data-min-date=\"2024-05-19\" class=\"booked_list_date_picker\" value=\"2024-05-19\" type=\"hidden\"><a href=\"#\" class=\"booked_list_date_picker_trigger\"><i class=\"booked-icon booked-icon-calendar\"><\/i><\/a><\/span><\/div><p>There are no appointment time slots available for this day.<\/p><\/div><\/div><\/div><\/code><br \/><\/div><\/li><\/ul><\/div>[vc_empty_space height=&#8220;3em&#8220;][vc_column_text]<strong>Wichtig:<\/strong> Beschr\u00e4nkte Teilnehmerzahl, Anmeldeschluss 18.05.2024.[\/vc_column_text][vc_empty_space height=&#8220;4em&#8220;][\/vc_column][\/vc_row][vc_row full_width=&#8220;stretch_row&#8220; inverse=&#8220;&#8220; css=&#8220;.vc_custom_1596627564056{background-color: #f7f5f1 !important;}&#8220;][vc_column width=&#8220;1\/2&#8243;][vc_empty_space height=&#8220;2.5em&#8220;][vc_empty_space height=&#8220;2em&#8220;][vc_single_image image=&#8220;15268&#8243; img_size=&#8220;full&#8220;][vc_empty_space height=&#8220;2em&#8220;][vc_empty_space height=&#8220;2em&#8220;][\/vc_column][vc_column width=&#8220;1\/2&#8243; css=&#8220;.vc_custom_1596629179067{padding-right: 15% !important;}&#8220;][vc_empty_space height=&#8220;2.5em&#8220;]<h3 class=\"sc_title sc_title_regular\">TUNIER SPIELEN<\/h3><h6 class=\"sc_title sc_title_regular\" style=\"color:#dc6c12;\"><\/p>\n<h6 style=\"color: #dc6c12;\">TRITT ZU DEINEM ERSTEN TURNIER AN<\/h6>\n<p><\/h6>[vc_column_text]Spiele dein erstes Kurzplatzturnier. Gemeinsam mit einem erfahrenen Golfer trittst du auf unserem 6-Loch Kurzplatz an. Dein Golfbuddy schl\u00e4gt bis zum Gr\u00fcn und du lochst ein. Wichtig: Unbedingt Platz reservieren!<\/p>\n<p>Das <strong>kostenlose Turnier<\/strong> findet um <strong>10:30 Uhr<\/strong> statt<br \/>\nund ist <strong>auf je 24 Teilnehmer begrenzt.<\/strong><br \/>\nTreffpunkt vor dem Clubhaus.[\/vc_column_text][vc_empty_space height=&#8220;3em&#8220;]<div class=\"cq-accordion \" style=\"width:;\" data-displayfirst=\"\"><ul><li><input type=\"checkbox\" checked><i class=\"\"><\/i><h4 style=\"color:#ffffff;font-size:;padding:20px;\">Buche deinen Turnier-Teilnahmeplatz!<\/h4><div class=\"accordion-content\" style=\"background-color:;color:#333333;font-size:;\"><\/p>\n<p><code><div class=\"booked-calendar-shortcode-wrap\"><div class=\"booked-list-view booked-calendar-wrap large\" data-default=\"2024-05-19\"><div class=\"booked-appt-list\" data-list-date=\"2024-05-19\" data-min-date=\"2024-05-19\" data-max-date=\"\"><h2 class=\"booked-no-prev\"><span>Available Appointments on <\/span><strong>19. Mai 2024<\/strong><\/h2><div class=\"booked-list-view-nav\" data-calendar-id=\"163\"><button data-date=\"2024-05-20\" class=\"booked-list-view-date-next bb-small\">Next&nbsp;&nbsp;<i class=\"booked-icon booked-icon-arrow-right\"><\/i><\/button><span class=\"booked-datepicker-wrap\"><input data-min-date=\"2024-05-19\" class=\"booked_list_date_picker\" value=\"2024-05-19\" type=\"hidden\"><a href=\"#\" class=\"booked_list_date_picker_trigger\"><i class=\"booked-icon booked-icon-calendar\"><\/i><\/a><\/span><\/div><p>There are no appointment time slots available for this day.<\/p><\/div><\/div><\/div><\/code><br \/><\/div><\/li><\/ul><\/div>[vc_empty_space height=&#8220;3em&#8220;][vc_column_text]<strong>Wichtig:<\/strong> Beschr\u00e4nkte Teilnehmerzahl, Anmeldeschluss 18.05.2024.[\/vc_column_text][vc_empty_space height=&#8220;4em&#8220;][\/vc_column][\/vc_row][vc_row full_width=&#8220;stretch_row&#8220; inverse=&#8220;&#8220;][vc_column width=&#8220;1\/2&#8243;][vc_empty_space height=&#8220;2.5em&#8220;][vc_empty_space height=&#8220;2em&#8220;][vc_single_image image=&#8220;19475&#8243; img_size=&#8220;full&#8220;][vc_empty_space height=&#8220;2em&#8220;][vc_empty_space height=&#8220;2em&#8220;][\/vc_column][vc_column width=&#8220;1\/2&#8243; css=&#8220;.vc_custom_1596629179067{padding-right: 15% !important;}&#8220;][vc_empty_space height=&#8220;2.5em&#8220;]<h3 class=\"sc_title sc_title_regular\">BEWEGLICHKEIT TESTEN<\/h3><h6 class=\"sc_title sc_title_regular\" style=\"color:#dc6c12;\"><\/p>\n<h6 style=\"color: #dc6c12;\">Golf &amp; Beweglichkeit<\/h6>\n<p><\/h6>[vc_column_text]In knackigen 30 min zeigt Dir Franzi, wie fit und beweglich Dich Golf macht. Viel Spa\u00df bei unserem Workout f\u00fcr Motorik, Koordination, Fitness und Konzentrationsf\u00e4higkeit. Tipp: Jetzt Platz sichern!<\/p>\n<p>Das <strong>kostenlose Beweglichkeitstraining<\/strong> mit Franzi findet um <strong>14:30 Uhr<\/strong> statt und ist <strong>auf 16 Teilnehmer begrenzt.<\/strong><br \/>\nTreffpunkt vor dem Clubhaus.[\/vc_column_text][vc_empty_space height=&#8220;3em&#8220;]<div class=\"cq-accordion \" style=\"width:;\" data-displayfirst=\"\"><ul><li><input type=\"checkbox\" checked><i class=\"\"><\/i><h4 style=\"color:#ffffff;font-size:;padding:20px;\">Buche deinen Teilnahmeplatz!<\/h4><div class=\"accordion-content\" style=\"background-color:;color:#333333;font-size:;\"><\/p>\n<p><code><div class=\"booked-calendar-shortcode-wrap\"><div class=\"booked-list-view booked-calendar-wrap large\" data-default=\"2024-05-19\"><div class=\"booked-appt-list\" data-list-date=\"2024-05-19\" data-min-date=\"2024-05-19\" data-max-date=\"\"><h2 class=\"booked-no-prev\"><span>Available Appointments on <\/span><strong>19. Mai 2024<\/strong><\/h2><div class=\"booked-list-view-nav\" data-calendar-id=\"164\"><button data-date=\"2024-05-20\" class=\"booked-list-view-date-next bb-small\">Next&nbsp;&nbsp;<i class=\"booked-icon booked-icon-arrow-right\"><\/i><\/button><span class=\"booked-datepicker-wrap\"><input data-min-date=\"2024-05-19\" class=\"booked_list_date_picker\" value=\"2024-05-19\" type=\"hidden\"><a href=\"#\" class=\"booked_list_date_picker_trigger\"><i class=\"booked-icon booked-icon-calendar\"><\/i><\/a><\/span><\/div><p>There are no appointment time slots available for this day.<\/p><\/div><\/div><\/div><\/code><br \/><\/div><\/li><\/ul><\/div>[vc_empty_space height=&#8220;3em&#8220;][vc_column_text]<strong>Wichtig:<\/strong> Beschr\u00e4nkte Teilnehmerzahl, Anmeldeschluss 18.05.2024.[\/vc_column_text][vc_empty_space height=&#8220;4em&#8220;][\/vc_column][\/vc_row][vc_row full_width=&#8220;stretch_row&#8220; inverse=&#8220;&#8220; css=&#8220;.vc_custom_1714983428383{background-color: #f7f5f1 !important;}&#8220;][vc_column width=&#8220;1\/2&#8243;][vc_empty_space height=&#8220;2.5em&#8220;][vc_empty_space height=&#8220;2em&#8220;][vc_single_image image=&#8220;15362&#8243; img_size=&#8220;full&#8220;][vc_empty_space height=&#8220;2em&#8220;][vc_empty_space height=&#8220;2em&#8220;][\/vc_column][vc_column width=&#8220;1\/2&#8243;][vc_empty_space height=&#8220;2.5em&#8220;]<h3 class=\"sc_title sc_title_regular\">GOLFCART FAHREN<\/h3>[vc_empty_space height=&#8220;0,2em&#8220;][vc_column_text css=&#8220;.vc_custom_1597071632311{padding-right: 15% !important;}&#8220;]Zu jeder Buchung bieten wir dir im Anschluss eine Rundfahrt mit dem Golfcart \u00fcber den gesamten Golfplatz. Entdecke die Sch\u00f6nheit eines der gr\u00f6\u00dften Golfpl\u00e4tze der Metropolregion.<\/p>\n<p>Die Golfcart Rundfahrten finden jeweils im Anschluss an die Erlebniskurse statt.[\/vc_column_text][vc_empty_space height=&#8220;4em&#8220;][\/vc_column][\/vc_row][vc_row full_width=&#8220;stretch_row&#8220; inverse=&#8220;&#8220;][vc_column width=&#8220;1\/2&#8243; css=&#8220;.vc_custom_1596629179067{padding-right: 15% !important;}&#8220;][vc_empty_space height=&#8220;2.5em&#8220;]<h3 class=\"sc_title sc_title_regular\">HUNGRIG?<\/h3>[vc_empty_space height=&#8220;0,2em&#8220;][vc_column_text]Nach deiner Golfrunde kannst du in unserem <a href=\"https:\/\/golfclubabenberg.de\/index.php\/club-restaurant\/\">\u201eRistorante da Renato\u201c<\/a> einen kulinarischen Mix aus italienischen und regionalen K\u00f6stlichkeiten genie\u00dfen.<\/p>\n<p>Wir freuen uns auf dich![\/vc_column_text][\/vc_column][vc_column width=&#8220;1\/2&#8243;][vc_empty_space height=&#8220;2.5em&#8220;][vc_empty_space height=&#8220;2em&#8220;][vc_single_image image=&#8220;15294&#8243; img_size=&#8220;full&#8220;][\/vc_column][\/vc_row][vc_row full_width=&#8220;stretch_row&#8220; inverse=&#8220;&#8220;][vc_column css=&#8220;.vc_custom_1596629179067{padding-right: 15% !important;}&#8220;][vc_empty_space height=&#8220;3em&#8220;][vc_empty_space height=&#8220;4em&#8220;][\/vc_column][\/vc_row]<\/p>\n","protected":false},"excerpt":{"rendered":"<p>[vc_row][vc_column][\/vc_column][\/vc_row][vc_row full_width=&#8220;stretch_row&#8220; css=&#8220;.vc_custom_1596452198240{background-color: #f7f5f1 !important;}&#8220;][vc_column width=&#8220;1\/2&#8243;][vc_empty_space height=&#8220;3em&#8220;][vc_empty_space height=&#8220;1em&#8220;][vc_column_text]Erlebe den Spa\u00df am Golf auf dem gr\u00f6\u00dften Golfplatz in der Region &#8211; und das kostenlos! Am Sonntag, den 19.05.2024 von 10:30 bis [&hellip;]<\/p>\n","protected":false},"author":1,"featured_media":0,"parent":0,"menu_order":0,"comment_status":"closed","ping_status":"closed","template":"","meta":{"_EventAllDay":false,"_EventTimezone":"","_EventStartDate":"","_EventEndDate":"","_EventStartDateUTC":"","_EventEndDateUTC":"","_EventShowMap":false,"_EventShowMapLink":false,"_EventURL":"","_EventCost":"","_EventCostDescription":"","_EventCurrencySymbol":"","_EventCurrencyCode":"","_EventCurrencyPosition":"","_EventDateTimeSeparator":"","_EventTimeRangeSeparator":"","_EventOrganizerID":[],"_EventVenueID":0,"_OrganizerEmail":"","_OrganizerPhone":"","_OrganizerWebsite":"","_VenueAddress":"","_VenueCity":"","_VenueCountry":"","_VenueProvince":"","_VenueZip":"","_VenuePhone":"","_VenueURL":"","_VenueStateProvince":"","_VenueLat":"","_VenueLng":"","_links_to":"","_links_to_target":""},"_links":{"self":[{"href":"https:\/\/golfclubabenberg.de\/index.php\/wp-json\/wp\/v2\/pages\/19443"}],"collection":[{"href":"https:\/\/golfclubabenberg.de\/index.php\/wp-json\/wp\/v2\/pages"}],"about":[{"href":"https:\/\/golfclubabenberg.de\/index.php\/wp-json\/wp\/v2\/types\/page"}],"author":[{"embeddable":true,"href":"https:\/\/golfclubabenberg.de\/index.php\/wp-json\/wp\/v2\/users\/1"}],"replies":[{"embeddable":true,"href":"https:\/\/golfclubabenberg.de\/index.php\/wp-json\/wp\/v2\/comments?post=19443"}],"version-history":[{"count":28,"href":"https:\/\/golfclubabenberg.de\/index.php\/wp-json\/wp\/v2\/pages\/19443\/revisions"}],"predecessor-version":[{"id":19493,"href":"https:\/\/golfclubabenberg.de\/index.php\/wp-json\/wp\/v2\/pages\/19443\/revisions\/19493"}],"wp:attachment":[{"href":"https:\/\/golfclubabenberg.de\/index.php\/wp-json\/wp\/v2\/media?parent=19443"}],"curies":[{"name":"wp","href":"https:\/\/api.w.org\/{rel}","templated":true}]}}