{"id":19039,"date":"2023-11-16T16:32:02","date_gmt":"2023-11-16T15:32:02","guid":{"rendered":"https:\/\/golfclubabenberg.de\/?page_id=19039"},"modified":"2023-12-16T11:00:20","modified_gmt":"2023-12-16T10:00:20","slug":"adventsraetsel-2023","status":"publish","type":"page","link":"https:\/\/golfclubabenberg.de\/index.php\/adventsraetsel-2023\/","title":{"rendered":"Adventsr\u00e4tsel 2023"},"content":{"rendered":"<p>[vc_row css=&#8220;.vc_custom_1489742046938{padding-bottom: 30px !important;}&#8220;][vc_column]<h1 class=\"sc_title sc_title_underline\">Das GCA-Adventsr\u00e4tsel 2023<\/h1><div class=\"sc_section\" style=\"background-color:#f7f5f1;\"><div class=\"sc_section_inner\"><div class=\"sc_section_overlay\" style=\"\"><div class=\"sc_section_content padding_on\" style=\"\"><div class=\"sc_section_content_wrap\">[vc_column_text]<strong>Wir m\u00f6chten Ihnen zur Adventszeit eine kleine Freude machen und laden Sie zum Mitspielen ein! Am Wochenende vor dem 1.Advent und den drei folgenden Adventswochenenden m\u00fcssen Sie jeweils die richtige Antwort finden und die 3 dazugeh\u00f6rigen Buchstaben notieren. Nach der 4.Runde m\u00fcssen Sie nur noch das richtige L\u00f6sungswort finden. <span style=\"color: #ff0000;\">Die richtigen Hinweise k\u00f6nnen Sie auf unserer Homepage finden.<\/span> Schicken Sie Ihre L\u00f6sung\u00a0 \u00a0 _ _ _ _ _ _ _ _ _ _ _ _\u00a0 \u00a0 mit der Betreffzeile &#8222;Adventsr\u00e4tsel&#8220; bis zum 23.12.2023 per Mail an info@golfclub-abenberg.de und schon sind Sie dabei. Unter allen richtigen Einsendungen verlosen wir im Januar 2024 drei Restaurantgutscheine in H\u00f6he von 25 \u20ac, 50 \u20ac und 75 \u20ac in unserem Clubrestaurant &#8222;Da Renato&#8220;. Wir w\u00fcnschen Ihnen viel Spa\u00df beim R\u00e4tseln! <\/strong><em>(Der Rechtsweg ist ausgeschlossen. Mit der Teilnahme am Weihnachtsr\u00e4tsel erkl\u00e4ren Sie Ihre Zustimmung zur Ver\u00f6ffentlichung Ihres Namens im Gewinnfall)<\/em><strong><br \/>\n<\/strong>[\/vc_column_text]<h1 class=\"sc_title sc_title_regular\"><\/p>\n<h4>R\u00e4tsel vor dem 1.Advent<\/h4>\n<p><\/h1>[vc_column_text css=&#8220;.vc_custom_1700148592458{padding-right: 15% !important;padding-bottom: 30px !important;}&#8220;]<strong>Wie heisst die Ansprechpartnerin unserer Seniorinnen-Gruppe?<\/strong><\/p>\n<ol>\n<li>\u00a0Marlies Reuter\u00a0 \u00a0 \u00a0 \u00a0 \u00a0 \u00a0 \u00a0 \u00a0<strong>IVE<\/strong><\/li>\n<li>\u00a0Petra Imolauer\u00a0 \u00a0 \u00a0 \u00a0 \u00a0 \u00a0 \u00a0 \u00a0<strong>FLA<\/strong><\/li>\n<li>\u00a0Roswitha Heue\u00a0 \u00a0 \u00a0 \u00a0 \u00a0 \u00a0 \u00a0 <strong>RAT<\/strong><\/li>\n<\/ol>\n<p>[\/vc_column_text][vc_empty_space height=&#8220;16px&#8220; css=&#8220;.vc_custom_1638613976713{background-color: #ffffff !important;}&#8220;]<h1 class=\"sc_title sc_title_regular\"><\/p>\n<h4>R\u00e4tsel 1.Advent<\/h4>\n<p><\/h1>[vc_column_text css=&#8220;.vc_custom_1701586407269{padding-right: 15% !important;padding-bottom: 30px !important;}&#8220;]<strong>Wann fand in der Saison 2023 das Turnier &#8222;Preis der Greenkeeper&#8220; statt?<\/strong><\/p>\n<ol>\n<li>\u00a0am 24.Juni\u00a0 \u00a0 \u00a0 \u00a0 <strong>GRE<\/strong><\/li>\n<li>\u00a0am 8.Juli\u00a0 \u00a0 \u00a0 \u00a0 \u00a0 \u00a0 <strong>RSE<\/strong><\/li>\n<li>\u00a0am 9.Juli\u00a0 \u00a0 \u00a0 \u00a0 \u00a0 \u00a0 <strong>LON<\/strong><\/li>\n<\/ol>\n<p>[\/vc_column_text][vc_empty_space height=&#8220;16px&#8220; css=&#8220;.vc_custom_1638613976713{background-color: #ffffff !important;}&#8220;]<h1 class=\"sc_title sc_title_regular\"><\/p>\n<h4>R\u00e4tsel 2.Advent<\/h4>\n<p><\/h1>[vc_column_text css=&#8220;.vc_custom_1702124418078{padding-right: 15% !important;padding-bottom: 30px !important;}&#8220;]<strong>Zu welchem Zeitpunkt wurden durch unseren F\u00f6rderverein weitere 5 Insektenh\u00e4use finanziert und aufgestellt?<\/strong><\/p>\n<ol>\n<li>\u00a0Ende 2021\u00a0 \u00a0 \u00a0 \u00a0 \u00a0 <strong>ING<\/strong><\/li>\n<li>\u00a0Anfang 2022\u00a0 \u00a0 \u00a0 <strong>VER<\/strong><\/li>\n<li>\u00a0M\u00e4rz 2023\u00a0 \u00a0 \u00a0 \u00a0 \u00a0 <strong>TDR<\/strong><\/li>\n<\/ol>\n<p>[\/vc_column_text][vc_empty_space height=&#8220;16px&#8220; css=&#8220;.vc_custom_1638613976713{background-color: #ffffff !important;}&#8220;]<h1 class=\"sc_title sc_title_regular\"><\/p>\n<h4>R\u00e4tsel 3.Advent<\/h4>\n<p><\/h1>[vc_column_text css=&#8220;.vc_custom_1702720804907{padding-right: 15% !important;padding-bottom: 30px !important;}&#8220;]<strong>Mit welcher Spielvorgabe startet eine Spielerin mit HCP 26,3 auf der Schleife AC?<\/strong><\/p>\n<p>1. Spielvorgabe 27\u00a0 \u00a0 \u00a0 \u00a0 \u00a0 <strong>DAN<\/strong><br \/>\n2. Spielvorgabe 28\u00a0 \u00a0 \u00a0 \u00a0 \u00a0 <strong>PIT<\/strong><br \/>\n3. Spielvorgabe 32\u00a0 \u00a0 \u00a0 \u00a0 \u00a0 <strong>COU<\/strong>[\/vc_column_text]<div class=\"columns_wrap sc_columns columns_nofluid sc_columns_count_3\"><div class=\"column-2_3 sc_column_item sc_column_item_1 odd first span_2\"><ul class=\"sc_list sc_list_style_iconed\" style=\"color:#152229;\"><\/ul><\/div><div class=\"column-1_3 sc_column_item sc_column_item_3 odd after_span_2\"><\/div><\/div><\/div><\/div><\/div><\/div><\/div>[\/vc_column][\/vc_row]<\/p>\n","protected":false},"excerpt":{"rendered":"<p>[vc_row css=&#8220;.vc_custom_1489742046938{padding-bottom: 30px !important;}&#8220;][vc_column][\/vc_column][\/vc_row]<\/p>\n","protected":false},"author":5,"featured_media":0,"parent":0,"menu_order":0,"comment_status":"closed","ping_status":"closed","template":"","meta":{"_EventAllDay":false,"_EventTimezone":"","_EventStartDate":"","_EventEndDate":"","_EventStartDateUTC":"","_EventEndDateUTC":"","_EventShowMap":false,"_EventShowMapLink":false,"_EventURL":"","_EventCost":"","_EventCostDescription":"","_EventCurrencySymbol":"","_EventCurrencyCode":"","_EventCurrencyPosition":"","_EventDateTimeSeparator":"","_EventTimeRangeSeparator":"","_EventOrganizerID":[],"_EventVenueID":0,"_OrganizerEmail":"","_OrganizerPhone":"","_OrganizerWebsite":"","_VenueAddress":"","_VenueCity":"","_VenueCountry":"","_VenueProvince":"","_VenueZip":"","_VenuePhone":"","_VenueURL":"","_VenueStateProvince":"","_VenueLat":"","_VenueLng":"","_links_to":"","_links_to_target":""},"_links":{"self":[{"href":"https:\/\/golfclubabenberg.de\/index.php\/wp-json\/wp\/v2\/pages\/19039"}],"collection":[{"href":"https:\/\/golfclubabenberg.de\/index.php\/wp-json\/wp\/v2\/pages"}],"about":[{"href":"https:\/\/golfclubabenberg.de\/index.php\/wp-json\/wp\/v2\/types\/page"}],"author":[{"embeddable":true,"href":"https:\/\/golfclubabenberg.de\/index.php\/wp-json\/wp\/v2\/users\/5"}],"replies":[{"embeddable":true,"href":"https:\/\/golfclubabenberg.de\/index.php\/wp-json\/wp\/v2\/comments?post=19039"}],"version-history":[{"count":7,"href":"https:\/\/golfclubabenberg.de\/index.php\/wp-json\/wp\/v2\/pages\/19039\/revisions"}],"predecessor-version":[{"id":19142,"href":"https:\/\/golfclubabenberg.de\/index.php\/wp-json\/wp\/v2\/pages\/19039\/revisions\/19142"}],"wp:attachment":[{"href":"https:\/\/golfclubabenberg.de\/index.php\/wp-json\/wp\/v2\/media?parent=19039"}],"curies":[{"name":"wp","href":"https:\/\/api.w.org\/{rel}","templated":true}]}}