{"id":18166,"date":"2022-11-26T09:38:36","date_gmt":"2022-11-26T08:38:36","guid":{"rendered":"https:\/\/golfclubabenberg.de\/?page_id=18166"},"modified":"2022-12-17T10:56:33","modified_gmt":"2022-12-17T09:56:33","slug":"adventsraetsel-2022","status":"publish","type":"page","link":"https:\/\/golfclubabenberg.de\/index.php\/adventsraetsel-2022\/","title":{"rendered":"Adventsr\u00e4tsel 2022"},"content":{"rendered":"<p>[vc_row css=&#8220;.vc_custom_1489742046938{padding-bottom: 30px !important;}&#8220;][vc_column]<h1 class=\"sc_title sc_title_underline\">Das GCA-Adventsr\u00e4tsel 2022<\/h1><div class=\"sc_section\" style=\"background-color:#f7f5f1;\"><div class=\"sc_section_inner\"><div class=\"sc_section_overlay\" style=\"\"><div class=\"sc_section_content padding_on\" style=\"\"><div class=\"sc_section_content_wrap\">[vc_column_text]<strong>Wir m\u00f6chten Ihnen zur Adventszeit eine kleine Freude machen und laden Sie zum Mitspielen ein! An den vier Adventswochenenden m\u00fcssen Sie jeweils die richtige Antwort finden und die 3 dazugeh\u00f6rigen Buchstaben notieren. Nach der 4.Runde m\u00fcssen Sie nur noch das richtige L\u00f6sungswort finden. <span style=\"color: #ff0000;\">Die richtigen Hinweise k\u00f6nnen Sie auf unserer Homepage finden.<\/span> Schicken Sie Ihre L\u00f6sung\u00a0 \u00a0 _ _ _ _ _ _ _ _ _ _ _ _\u00a0 \u00a0 mit der Betreffzeile &#8222;Adventsr\u00e4tsel&#8220; bis zum 23.12.2022 per Mail an info@golfclub-abenberg.de und schon sind Sie dabei. Unter allen richtigen Einsendungen verlosen wir im Januar 2023 drei Restaurantgutscheine in H\u00f6he von 25 \u20ac, 50 \u20ac und 75 \u20ac in unserem Clubrestaurant &#8222;Da Renato&#8220;. Wir w\u00fcnschen Ihnen viel Spa\u00df beim R\u00e4tseln! <\/strong><em>(Der Rechtsweg ist ausgeschlossen. Mit der Teilnahme am Weihnachtsr\u00e4tsel erkl\u00e4ren Sie Ihre Zustimmung zur Ver\u00f6ffentlichung Ihres Namens im Gewinnfall)<\/em><strong><br \/>\n<\/strong>[\/vc_column_text]<h1 class=\"sc_title sc_title_regular\"><\/p>\n<h4>R\u00e4tsel 1.Advent<\/h4>\n<p><\/h1>[vc_column_text css=&#8220;.vc_custom_1669217219866{padding-right: 15% !important;padding-bottom: 30px !important;}&#8220;]<strong>Wie gro\u00df ist in etwa unser Biber-Refugium zwischen den Spielbahnen A4 und C4?<\/strong><\/p>\n<ol>\n<li>\u00a0ca. 45.000 qm\u00a0 \u00a0 \u00a0 \u00a0 \u00a0 \u00a0 \u00a0 \u00a0<strong>ONE<\/strong><\/li>\n<li>\u00a0ca.35.000 qm\u00a0 \u00a0 \u00a0 \u00a0 \u00a0 \u00a0 \u00a0 \u00a0 <strong>WAS<\/strong><\/li>\n<li>\u00a0ca. 40.000 qm\u00a0 \u00a0 \u00a0 \u00a0 \u00a0 \u00a0 \u00a0 \u00a0<strong>EIN<\/strong><\/li>\n<\/ol>\n<p>[\/vc_column_text][vc_empty_space height=&#8220;16px&#8220; css=&#8220;.vc_custom_1638613976713{background-color: #ffffff !important;}&#8220;]<h1 class=\"sc_title sc_title_regular\"><\/p>\n<h4>R\u00e4tsel 2.Advent<\/h4>\n<p><\/h1>[vc_column_text css=&#8220;.vc_custom_1670076477384{padding-right: 15% !important;padding-bottom: 30px !important;}&#8220;]<strong>Wie viele Wohnmobil-Stellpl\u00e4tze mit Stromanschluss bietet unser Golfclub?<br \/>\n<\/strong><\/p>\n<ol>\n<li>sechs Stellpl\u00e4tze\u00a0 \u00a0<strong> PPI<\/strong><\/li>\n<li>vier Stellpl\u00e4tze\u00a0 \u00a0 \u00a0 \u00a0<strong>DER<\/strong><\/li>\n<li>f\u00fcnf Stellpl\u00e4tze\u00a0 \u00a0 \u00a0 <strong>ENT<\/strong><\/li>\n<\/ol>\n<p>[\/vc_column_text][vc_empty_space height=&#8220;16px&#8220; css=&#8220;.vc_custom_1638613976713{background-color: #ffffff !important;}&#8220;]<h1 class=\"sc_title sc_title_regular\"><\/p>\n<h4>R\u00e4tsel 3.Advent<\/h4>\n<p><\/h1>[vc_column_text css=&#8220;.vc_custom_1670673894375{padding-right: 15% !important;padding-bottom: 30px !important;}&#8220;]<strong>An welchem Termin hatte unsere Herrenmannschaft AK30 ihr Heimspiel 2022?<br \/>\n<\/strong><\/p>\n<ol>\n<li>am 22.Juli\u00a0 \u00a0 \u00a0 <strong>DRO<\/strong><\/li>\n<li>am 1.Juli\u00a0 \u00a0 \u00a0 \u00a0 \u00a0<strong>MET<\/strong><\/li>\n<li>am 29.April\u00a0 \u00a0<strong>VER<\/strong><\/li>\n<\/ol>\n<p>[\/vc_column_text][vc_empty_space height=&#8220;16px&#8220; css=&#8220;.vc_custom_1638613976713{background-color: #ffffff !important;}&#8220;]<h1 class=\"sc_title sc_title_regular\"><\/p>\n<h4>R\u00e4tsel 4.Advent<\/h4>\n<p><\/h1>[vc_column_text css=&#8220;.vc_custom_1671270978664{padding-right: 15% !important;padding-bottom: 30px !important;}&#8220;]<strong>Welche L\u00e4nge vom gelben Abschlag hat unsere Spielbahn C5 ?<br \/>\n<\/strong><\/p>\n<ol>\n<li>\u00a0 444 Meter\u00a0 \u00a0 <strong>F\u00d6R<\/strong><\/li>\n<li>\u00a0 467 Meter\u00a0 \u00a0 <strong>POL<\/strong><\/li>\n<li>\u00a0 453 Meter\u00a0 \u00a0 <strong>AGE<\/strong><\/li>\n<\/ol>\n<p>[\/vc_column_text]<div class=\"columns_wrap sc_columns columns_nofluid sc_columns_count_3\"><div class=\"column-2_3 sc_column_item sc_column_item_1 odd first span_2\"><ul class=\"sc_list sc_list_style_iconed\" style=\"color:#152229;\"><\/ul><\/div><div class=\"column-1_3 sc_column_item sc_column_item_3 odd after_span_2\"><\/div><\/div><\/div><\/div><\/div><\/div><\/div>[\/vc_column][\/vc_row]<\/p>\n","protected":false},"excerpt":{"rendered":"<p>[vc_row css=&#8220;.vc_custom_1489742046938{padding-bottom: 30px !important;}&#8220;][vc_column][\/vc_column][\/vc_row]<\/p>\n","protected":false},"author":5,"featured_media":0,"parent":0,"menu_order":0,"comment_status":"closed","ping_status":"closed","template":"","meta":{"_EventAllDay":false,"_EventTimezone":"","_EventStartDate":"","_EventEndDate":"","_EventStartDateUTC":"","_EventEndDateUTC":"","_EventShowMap":false,"_EventShowMapLink":false,"_EventURL":"","_EventCost":"","_EventCostDescription":"","_EventCurrencySymbol":"","_EventCurrencyCode":"","_EventCurrencyPosition":"","_EventDateTimeSeparator":"","_EventTimeRangeSeparator":"","_EventOrganizerID":[],"_EventVenueID":0,"_OrganizerEmail":"","_OrganizerPhone":"","_OrganizerWebsite":"","_VenueAddress":"","_VenueCity":"","_VenueCountry":"","_VenueProvince":"","_VenueZip":"","_VenuePhone":"","_VenueURL":"","_VenueStateProvince":"","_VenueLat":"","_VenueLng":"","_links_to":"","_links_to_target":""},"_links":{"self":[{"href":"https:\/\/golfclubabenberg.de\/index.php\/wp-json\/wp\/v2\/pages\/18166"}],"collection":[{"href":"https:\/\/golfclubabenberg.de\/index.php\/wp-json\/wp\/v2\/pages"}],"about":[{"href":"https:\/\/golfclubabenberg.de\/index.php\/wp-json\/wp\/v2\/types\/page"}],"author":[{"embeddable":true,"href":"https:\/\/golfclubabenberg.de\/index.php\/wp-json\/wp\/v2\/users\/5"}],"replies":[{"embeddable":true,"href":"https:\/\/golfclubabenberg.de\/index.php\/wp-json\/wp\/v2\/comments?post=18166"}],"version-history":[{"count":0,"href":"https:\/\/golfclubabenberg.de\/index.php\/wp-json\/wp\/v2\/pages\/18166\/revisions"}],"wp:attachment":[{"href":"https:\/\/golfclubabenberg.de\/index.php\/wp-json\/wp\/v2\/media?parent=18166"}],"curies":[{"name":"wp","href":"https:\/\/api.w.org\/{rel}","templated":true}]}}