{"id":17948,"date":"2022-08-07T17:37:09","date_gmt":"2022-08-07T15:37:09","guid":{"rendered":"https:\/\/golfclubabenberg.de\/?page_id=17948"},"modified":"2023-04-27T08:42:47","modified_gmt":"2023-04-27T06:42:47","slug":"e-ladestation","status":"publish","type":"page","link":"https:\/\/golfclubabenberg.de\/index.php\/e-ladestation\/","title":{"rendered":"E-Ladestation"},"content":{"rendered":"<p>[vc_row][vc_column]<div class=\"sc_section\"><div class=\"sc_section_inner\"><div class=\"sc_section_content_wrap\"><h1 class=\"sc_title sc_title_underline\">E-Ladestation<\/h1><\/div><\/div><\/div>[\/vc_column][\/vc_row][vc_row full_width=&#8220;stretch_row&#8220; css=&#8220;.vc_custom_1584533169416{padding-bottom: 80px !important;background-color: #f7f5f1 !important;}&#8220;][vc_column][vc_empty_space height=&#8220;64px&#8220;]<div class=\"sc_section\"><div class=\"sc_section_inner\"><div class=\"sc_section_content_wrap\"><div class=\"columns_wrap sc_columns columns_nofluid sc_columns_count_2\"><div class=\"column-1_2 sc_column_item sc_column_item_1 odd first\">[vc_column_text]<span style=\"color: #152229;\">Der Golfclub Abenberg f\u00f6rdert nat\u00fcrlich auch die E-Mobilit\u00e4t. <\/span><\/p>\n<div class=\"l7ghb35v kjdc1dyq kmwttqpk gh25dzvf jikcssrz n3t5jt4f\">\n<div dir=\"auto\">Auf unserem Parkplatz gibt es schon l\u00e4nger direkt vor dem Clubhaus zwei \u00f6ffentlich zug\u00e4ngliche E-Ladestationen. Zus\u00e4tzlich haben wir 4 neue Ladepl\u00e4tze geschaffen.<\/div>\n<div dir=\"auto\">Hier k\u00f6nnen Sie ganz entspannt Ihr Elektrofahrzeug w\u00e4hrend der Golfrunde vertragsfrei aufladen. N\u00e4here Informationen halten wir an unserem Clubsekretariat f\u00fcr Sie bereit<\/div>\n<\/div>\n<div class=\"l7ghb35v kjdc1dyq kmwttqpk gh25dzvf jikcssrz n3t5jt4f\">\n<div dir=\"auto\"><\/div>\n<div dir=\"auto\"><strong>Die E-Ladestationen sind ausschlie\u00dflich f\u00fcr E-Autos reserviert.<\/strong><\/div>\n<\/div>\n<p>[\/vc_column_text]<\/div><div class=\"column-1_2 sc_column_item sc_column_item_2 even\">[vc_single_image image=&#8220;18644&#8243; img_size=&#8220;medium&#8220; alignment=&#8220;center&#8220; css=&#8220;.vc_custom_1682577737846{padding-top: 2% !important;}&#8220;][vc_single_image image=&#8220;18645&#8243; img_size=&#8220;medium&#8220; alignment=&#8220;center&#8220; css=&#8220;.vc_custom_1682577752058{padding-top: 2% !important;}&#8220;]<\/div><\/div><\/div><\/div><\/div>[\/vc_column][\/vc_row]<\/p>\n","protected":false},"excerpt":{"rendered":"<p>[vc_row][vc_column][\/vc_column][\/vc_row][vc_row full_width=&#8220;stretch_row&#8220; css=&#8220;.vc_custom_1584533169416{padding-bottom: 80px !important;background-color: #f7f5f1 !important;}&#8220;][vc_column][vc_empty_space height=&#8220;64px&#8220;][\/vc_column][\/vc_row]<\/p>\n","protected":false},"author":5,"featured_media":0,"parent":0,"menu_order":0,"comment_status":"closed","ping_status":"closed","template":"","meta":{"_EventAllDay":false,"_EventTimezone":"","_EventStartDate":"","_EventEndDate":"","_EventStartDateUTC":"","_EventEndDateUTC":"","_EventShowMap":false,"_EventShowMapLink":false,"_EventURL":"","_EventCost":"","_EventCostDescription":"","_EventCurrencySymbol":"","_EventCurrencyCode":"","_EventCurrencyPosition":"","_EventDateTimeSeparator":"","_EventTimeRangeSeparator":"","_EventOrganizerID":[],"_EventVenueID":0,"_OrganizerEmail":"","_OrganizerPhone":"","_OrganizerWebsite":"","_VenueAddress":"","_VenueCity":"","_VenueCountry":"","_VenueProvince":"","_VenueZip":"","_VenuePhone":"","_VenueURL":"","_VenueStateProvince":"","_VenueLat":"","_VenueLng":"","_links_to":"","_links_to_target":""},"_links":{"self":[{"href":"https:\/\/golfclubabenberg.de\/index.php\/wp-json\/wp\/v2\/pages\/17948"}],"collection":[{"href":"https:\/\/golfclubabenberg.de\/index.php\/wp-json\/wp\/v2\/pages"}],"about":[{"href":"https:\/\/golfclubabenberg.de\/index.php\/wp-json\/wp\/v2\/types\/page"}],"author":[{"embeddable":true,"href":"https:\/\/golfclubabenberg.de\/index.php\/wp-json\/wp\/v2\/users\/5"}],"replies":[{"embeddable":true,"href":"https:\/\/golfclubabenberg.de\/index.php\/wp-json\/wp\/v2\/comments?post=17948"}],"version-history":[{"count":3,"href":"https:\/\/golfclubabenberg.de\/index.php\/wp-json\/wp\/v2\/pages\/17948\/revisions"}],"predecessor-version":[{"id":18647,"href":"https:\/\/golfclubabenberg.de\/index.php\/wp-json\/wp\/v2\/pages\/17948\/revisions\/18647"}],"wp:attachment":[{"href":"https:\/\/golfclubabenberg.de\/index.php\/wp-json\/wp\/v2\/media?parent=17948"}],"curies":[{"name":"wp","href":"https:\/\/api.w.org\/{rel}","templated":true}]}}