{"id":17337,"date":"2021-11-18T10:26:00","date_gmt":"2021-11-18T09:26:00","guid":{"rendered":"https:\/\/golfclubabenberg.de\/?page_id=17337"},"modified":"2026-03-07T08:18:49","modified_gmt":"2026-03-07T07:18:49","slug":"jobboerse-2024","status":"publish","type":"page","link":"https:\/\/golfclubabenberg.de\/index.php\/jobboerse-2024\/","title":{"rendered":"Jobb\u00f6rse 2024"},"content":{"rendered":"<p>[vc_row][vc_column]<div class=\"sc_section\"><div class=\"sc_section_inner\"><div class=\"sc_section_content_wrap\"><h1 class=\"sc_title sc_title_underline sc_align_left\" style=\"text-align:left;\">Jobb\u00f6rse<\/h1><\/div><\/div><\/div>[\/vc_column][\/vc_row][vc_row full_width=&#8220;stretch_row&#8220; inverse=&#8220;&#8220; css=&#8220;.vc_custom_1587376600257{background-color: #f7f5f1 !important;}&#8220;][vc_column][vc_empty_space height=&#8220;3em&#8220;]<div class=\"sc_section\" data-animation=\"animated fadeInUp normal\"><div class=\"sc_section_inner\"><div class=\"sc_section_content_wrap\"><h3 class=\"sc_title sc_title_regular sc_align_left margin_top_null margin_bottom_small\" style=\"text-align:left;\">Der Golfclub Abenberg als Arbeitgeber<\/h3>[vc_empty_space height=&#8220;1em&#8220;]<div class=\"columns_wrap sc_columns columns_nofluid sc_columns_count_2\"><div class=\"column-1_2 sc_column_item sc_column_item_1 odd first\">[vc_column_text]Im Golfclub Abenberg sind wir regelm\u00e4\u00dfig auf der Suche nach motivierten und zuverl\u00e4ssigen Menschen, die unser Team tatkr\u00e4ftig &#8211; zum Wohle unserer Mitglieder und G\u00e4ste &#8211; unterst\u00fctzen.[\/vc_column_text][vc_empty_space height=&#8220;1em&#8220;]<\/div><div class=\"column-1_2 sc_column_item sc_column_item_2 even\">[vc_single_image image=&#8220;13367&#8243; img_size=&#8220;full&#8220;]<\/div><\/div><\/div><\/div><\/div>[vc_empty_space height=&#8220;2em&#8220;]<div class=\"sc_section\" data-animation=\"animated fadeInUp normal\"><div class=\"sc_section_inner\"><div class=\"sc_section_content_wrap\"><h3 class=\"sc_title sc_title_regular sc_align_left margin_top_null margin_bottom_small\" style=\"text-align:left;\">Aktuelle Stellenangebote<\/h3><div class=\"columns_wrap sc_columns columns_nofluid sc_columns_count_2\"><div class=\"column-1_2 sc_column_item sc_column_item_1 odd first\">[vc_column_text]<strong>Front- \/ Back Office-Assistent<\/strong><\/p>\n<p>Wir brauchen Verst\u00e4rkung und suchen Jemanden, der Spa\u00df im Umgang mit Menschen hat, der aber auch gerne Events organisiert, sich um Sponsoren k\u00fcmmert und administrative Aufgaben \u00fcbernimmt.<\/p>\n<p>Du passt zu uns, wenn Du:<\/p>\n<ul>\n<li>Freude an einer abwechslungsreichen, vielseitigen T\u00e4tigkeit in einem anspruchsvollen Umfeld hast.<\/li>\n<li>Gerne in der Dienstleistung arbeitest und dann immer noch l\u00e4chelst, wenn es mal nicht so rund l\u00e4uft.<\/li>\n<li>Eine kaufm\u00e4nnische Ausbildung und bereits in der Dienstleistung gearbeitet hast.<\/li>\n<li>Wochenendarbeit nicht abschreckt, weil Du daf\u00fcr auch mal unter der Woche frei hast.<\/li>\n<li>\u00dcber Organisationsgeschick verf\u00fcgt.<\/li>\n<li>Gute Deutschkenntnisse in Wort und Schrift hast<\/li>\n<\/ul>\n<p>Was bekommst Du daf\u00fcr?:<\/p>\n<ul>\n<li>Du musst Dich nicht unbedingt mit Golf auskennen &#8211; das, was Du ben\u00f6tigst, bringen Dir unsere netten Kollegen bei. Und wenn Du selbst Lust auf Golf spielen hast &#8211; gern!<\/li>\n<li>Du arbeitest mitten in der Natur und doch stadtnah (1 KM nach Abenberg, 10 KM nach Schwabach) und hast einen Parkplatz vor der T\u00fcr.<\/li>\n<li>Bei uns hast Du flexible Arbeitszeiten und profitierst von Feiertagszuschl\u00e4gen.<\/li>\n<\/ul>\n<p>Wir freuen uns auf Deinen Kontakt zu uns![\/vc_column_text][vc_empty_space height=&#8220;1em&#8220;][vc_empty_space height=&#8220;3em&#8220;]<\/div><div class=\"column-1_2 sc_column_item sc_column_item_2 even\">[vc_single_image image=&#8220;21163&#8243; img_size=&#8220;full&#8220;]<\/div><\/div><div class=\"columns_wrap sc_columns columns_nofluid sc_columns_count_2\"><div class=\"column-1_2 sc_column_item sc_column_item_1 odd first\">[vc_column_text]<strong>Greenkeeper \/ Platzarbeiter<\/strong><\/p>\n<p>Unser Greenkeeper-Team braucht Verst\u00e4rkung und sucht Jemanden, der Spa\u00df im Umgang mit der Natur hat und der (nach Anleitung) gerne eigenst\u00e4ndige Aufgaben auf unserer Golfanlage \u00fcbernimmt.<\/p>\n<p>Was wir bieten:<\/p>\n<ul>\n<li>ein kollegiales Team mit professioneller Einarbeitung<\/li>\n<li>moderner Maschinenpark und gepflegte Arbeitsumgebung<\/li>\n<li>Pers\u00f6nliche Entwicklungsm\u00f6glichkeiten<\/li>\n<li>Einstieg in ein wachsendes Unternehmen mit langfristiger Perspektive<\/li>\n<\/ul>\n<p>Was wir erwarten:<\/p>\n<ul>\n<li>Erfahrung in der Landschaftspflege w\u00e4ren von Vorteil, Quereinsteiger sind uns aber willkommen (das, was Du ben\u00f6tigst, bringen Dir unsere netten Kollegen bei)<\/li>\n<li>handwerkliches Geschick sowie Zuverl\u00e4ssigkeit und Teamf\u00e4higkeit solltest Du ebenso mitbringen wie freundliches Auftreten gegen\u00fcber unseren \u00fcber 1.300 Mitgliedern<\/li>\n<li>Flexible Arbeitszeiten und Bereitschaft zur Wochenend- und Feiertagsarbeit<\/li>\n<\/ul>\n<p>Unser Headgreenkeeper Alexander Bayer freut sich \u00fcber Deine Kontaktaufnahme![\/vc_column_text][vc_empty_space height=&#8220;1em&#8220;][vc_empty_space height=&#8220;3em&#8220;]<\/div><div class=\"column-1_2 sc_column_item sc_column_item_2 even\">[vc_single_image image=&#8220;21166&#8243; img_size=&#8220;full&#8220;]<\/div><\/div><div class=\"columns_wrap sc_columns columns_nofluid sc_columns_count_2\"><div class=\"column-1_2 sc_column_item sc_column_item_1 odd first\"><\/div><\/div>[vc_empty_space height=&#8220;3em&#8220;]<\/div><\/div><\/div>[vc_empty_space height=&#8220;3em&#8220;][\/vc_column][\/vc_row][vc_row][vc_column][\/vc_column][\/vc_row]<\/p>\n","protected":false},"excerpt":{"rendered":"<p>[vc_row][vc_column][\/vc_column][\/vc_row][vc_row full_width=&#8220;stretch_row&#8220; inverse=&#8220;&#8220; css=&#8220;.vc_custom_1587376600257{background-color: #f7f5f1 !important;}&#8220;][vc_column][vc_empty_space height=&#8220;3em&#8220;][vc_empty_space height=&#8220;2em&#8220;][vc_empty_space height=&#8220;3em&#8220;][\/vc_column][\/vc_row][vc_row][vc_column][\/vc_column][\/vc_row]<\/p>\n","protected":false},"author":5,"featured_media":0,"parent":0,"menu_order":0,"comment_status":"closed","ping_status":"closed","template":"","meta":{"_EventAllDay":false,"_EventTimezone":"","_EventStartDate":"","_EventEndDate":"","_EventStartDateUTC":"","_EventEndDateUTC":"","_EventShowMap":false,"_EventShowMapLink":false,"_EventURL":"","_EventCost":"","_EventCostDescription":"","_EventCurrencySymbol":"","_EventCurrencyCode":"","_EventCurrencyPosition":"","_EventDateTimeSeparator":"","_EventTimeRangeSeparator":"","_EventOrganizerID":[],"_EventVenueID":0,"_OrganizerEmail":"","_OrganizerPhone":"","_OrganizerWebsite":"","_VenueAddress":"","_VenueCity":"","_VenueCountry":"","_VenueProvince":"","_VenueZip":"","_VenuePhone":"","_VenueURL":"","_VenueStateProvince":"","_VenueLat":"","_VenueLng":"","_links_to":"","_links_to_target":""},"_links":{"self":[{"href":"https:\/\/golfclubabenberg.de\/index.php\/wp-json\/wp\/v2\/pages\/17337"}],"collection":[{"href":"https:\/\/golfclubabenberg.de\/index.php\/wp-json\/wp\/v2\/pages"}],"about":[{"href":"https:\/\/golfclubabenberg.de\/index.php\/wp-json\/wp\/v2\/types\/page"}],"author":[{"embeddable":true,"href":"https:\/\/golfclubabenberg.de\/index.php\/wp-json\/wp\/v2\/users\/5"}],"replies":[{"embeddable":true,"href":"https:\/\/golfclubabenberg.de\/index.php\/wp-json\/wp\/v2\/comments?post=17337"}],"version-history":[{"count":32,"href":"https:\/\/golfclubabenberg.de\/index.php\/wp-json\/wp\/v2\/pages\/17337\/revisions"}],"predecessor-version":[{"id":21172,"href":"https:\/\/golfclubabenberg.de\/index.php\/wp-json\/wp\/v2\/pages\/17337\/revisions\/21172"}],"wp:attachment":[{"href":"https:\/\/golfclubabenberg.de\/index.php\/wp-json\/wp\/v2\/media?parent=17337"}],"curies":[{"name":"wp","href":"https:\/\/api.w.org\/{rel}","templated":true}]}}