{"id":15992,"date":"2020-10-14T16:38:00","date_gmt":"2020-10-14T14:38:00","guid":{"rendered":"https:\/\/golfclubabenberg.de\/?page_id=15992"},"modified":"2020-10-15T09:58:23","modified_gmt":"2020-10-15T07:58:23","slug":"philosophie2","status":"publish","type":"page","link":"https:\/\/golfclubabenberg.de\/index.php\/philosophie2\/","title":{"rendered":"Philosophie 2020"},"content":{"rendered":"<p>[vc_row][vc_column]<div class=\"sc_section\"><div class=\"sc_section_inner\"><div class=\"sc_section_content_wrap\"><h1 class=\"sc_title sc_title_underline sc_align_left\" style=\"text-align:left;\">Unsere Philosophie<\/h1><\/div><\/div><\/div>[\/vc_column][\/vc_row][vc_row full_width=&#8220;stretch_row&#8220; css=&#8220;.vc_custom_1486626998497{padding-top: 30px !important;padding-bottom: 30px !important;background-color: #f7f5f1 !important;}&#8220;][vc_column css=&#8220;.vc_custom_1486039494471{padding-bottom: 20px !important;}&#8220;][vc_empty_space height=&#8220;1em&#8220;]<div class=\"columns_wrap sc_columns columns_nofluid sc_columns_count_2\"><div class=\"column-1_2 sc_column_item sc_column_item_1 odd first\"><h3 class=\"sc_title sc_title_regular margin_top_small margin_bottom_tiny\">VIELFALT<\/h3><h6 class=\"sc_title sc_title_regular custom_subtitle theme_accent1 margin_top_null margin_bottom_medium\">Wir sind der einzige 27-Loch-Golfplatz in Mittelfranken und ein Club zum Wohlf\u00fchlen.<\/h6><ul class=\"sc_list sc_list_style_iconed margin_top_null margin_bottom_tiny-\" style=\"color:#152229;\"><li class=\"sc_list_item odd first\" title=\"Im Mittelpunkt unseres Handelns steht stets das Wohl des Vereins und unserer Mitglieder.\"><span class=\"sc_list_icon icon-check93\"><\/span>Im Mittelpunkt unseres Handelns steht stets das Wohl des Vereins und unserer Mitglieder.<\/li><li class=\"sc_list_item even\" title=\"Oberste Maxime ist es, eine hohe Attraktivit\u00e4t sowie eine stabile Finanzsituation unseres Vereins sicher\u00adzustellen.\"><span class=\"sc_list_icon icon-check93\"><\/span>Oberste Maxime ist es, eine hohe Attraktivit\u00e4t sowie eine stabile Finanzsituation unseres Vereins sicher\u00adzustellen.<\/li><li class=\"sc_list_item odd\" title=\"Dabei streben wir nach \"><span class=\"sc_list_icon icon-check93\"><\/span>Dabei streben wir nach<\/li><\/ul>[vc_column_text css_animation=&#8220;bottom-to-top&#8220; css=&#8220;.vc_custom_1486484490151{padding-top: 15px !important;padding-left: 22px !important;}&#8220;]<span style=\"color: #000000;\">\u2022 sportlicher Attraktivit\u00e4t<br \/>\n\u2022 sozialer Attraktivit\u00e4t<br \/>\n\u2022 wirtschaftlicher Attraktivit\u00e4t.<\/span>[\/vc_column_text]<\/div><div class=\"column-1_2 sc_column_item sc_column_item_2 even\">[vc_empty_space height=&#8220;2em&#8220;][vc_single_image image=&#8220;16006&#8243; img_size=&#8220;full&#8220;]<\/div><\/div>[vc_empty_space height=&#8220;2em&#8220;][\/vc_column][\/vc_row][vc_row css=&#8220;.vc_custom_1486627007763{padding-top: 30px !important;padding-bottom: 30px !important;}&#8220;][vc_column][vc_empty_space height=&#8220;1em&#8220;]<div class=\"columns_wrap sc_columns columns_nofluid sc_columns_count_2\"><div class=\"column-1_2 sc_column_item sc_column_item_1 odd first\">[vc_empty_space height=&#8220;2em&#8220;][vc_single_image image=&#8220;16007&#8243; img_size=&#8220;full&#8220;]<\/div><div class=\"column-1_2 sc_column_item sc_column_item_2 even\"><h3 class=\"sc_title sc_title_regular margin_top_small margin_bottom_tiny\">ATTRAKTIV<\/h3><h6 class=\"sc_title sc_title_regular custom_subtitle theme_accent1 margin_top_null margin_bottom_medium\">Wir sind ein sportlich attraktiver Golfclub in der Region Mittelfranken.<\/h6><ul class=\"sc_list sc_list_style_iconed margin_top_null margin_bottom_tiny-\" style=\"color:#152229;\"><li class=\"sc_list_item odd first\" title=\"Unsere Anlage ist wundersch\u00f6n gelegen und f\u00fcr Anf\u00e4nger sowie versierte Golf\u00adspieler geeignet.\"><span class=\"sc_list_icon icon-check93\"><\/span>Unsere Anlage ist wundersch\u00f6n gelegen und f\u00fcr Anf\u00e4nger sowie versierte Golf\u00adspieler geeignet.<\/li><li class=\"sc_list_item even\" title=\"Einziger 27-Loch-Golfplatz in der Metropolregion.\"><span class=\"sc_list_icon icon-check93\"><\/span>Einziger 27-Loch-Golfplatz in der Metropolregion.<\/li><li class=\"sc_list_item odd\" title=\"\u00d6ffentlicher 6-Loch-Kurzplatz f\u00fcr Einsteiger.\"><span class=\"sc_list_icon icon-check93\"><\/span>\u00d6ffentlicher 6-Loch-Kurzplatz f\u00fcr Einsteiger.<\/li><li class=\"sc_list_item even\" title=\"Unsere Golfschule sowie die zahlreichen \u00dcbungseinrichtungen bieten perfekte Trainingsm\u00f6glichkeiten.\"><span class=\"sc_list_icon icon-check93\"><\/span>Unsere Golfschule sowie die zahlreichen \u00dcbungseinrichtungen bieten perfekte Trainingsm\u00f6glichkeiten.<\/li><li class=\"sc_list_item odd\" title=\"Mit unseren Mannschaften bieten wir unseren Mitgliedern sportliche Herausforderungen.\"><span class=\"sc_list_icon icon-check93\"><\/span>Mit unseren Mannschaften bieten wir unseren Mitgliedern sportliche Herausforderungen.<\/li><\/ul><\/div><\/div>[vc_empty_space height=&#8220;4em&#8220;][\/vc_column][\/vc_row][vc_row full_width=&#8220;stretch_row&#8220; css=&#8220;.vc_custom_1486627017203{padding-top: 30px !important;padding-bottom: 30px !important;background-color: #f7f5f1 !important;}&#8220;][vc_column][vc_empty_space height=&#8220;1em&#8220;]<div class=\"columns_wrap sc_columns columns_nofluid sc_columns_count_2\"><div class=\"column-1_2 sc_column_item sc_column_item_1 odd first\"><h3 class=\"sc_title sc_title_regular margin_top_small margin_bottom_tiny\">MITEINANDER<\/h3><h6 class=\"sc_title sc_title_regular custom_subtitle theme_accent1 margin_top_null margin_bottom_medium\">Sich wohlf\u00fchlen und ein aktives Miteinander pr\u00e4gen unsere Vereinskultur.<\/h6><ul class=\"sc_list sc_list_style_iconed margin_top_null margin_bottom_tiny-\" style=\"color:#152229;\"><li class=\"sc_list_item odd first\" title=\"Unser Golfclub zeichnet sich aus durch Freundlichkeit, Vertrauen, Fairness und Objektivit\u00e4t\"><span class=\"sc_list_icon icon-check93\"><\/span>Unser Golfclub zeichnet sich aus durch Freundlichkeit, Vertrauen, Fairness und Objektivit\u00e4t<\/li><li class=\"sc_list_item even\" title=\"Unsere Mitglieder verbindet der Spa\u00df am Golfspielen und ein team\u00adorientierter Umgang untereinander.\"><span class=\"sc_list_icon icon-check93\"><\/span>Unsere Mitglieder verbindet der Spa\u00df am Golfspielen und ein team\u00adorientierter Umgang untereinander.<\/li><li class=\"sc_list_item odd\" title=\"Unsere Clubmitglieder sollen sich in unserem Club in jeder Hinsicht wohlf\u00fchlen und zum Eigenengagement ermuntert werden.\"><span class=\"sc_list_icon icon-check93\"><\/span>Unsere Clubmitglieder sollen sich in unserem Club in jeder Hinsicht wohlf\u00fchlen und zum Eigenengagement ermuntert werden.<\/li><li class=\"sc_list_item even\" title=\"Unseren Golf-Nachwuchs f\u00f6rdern wir mit gezielter Jugendarbeit. Dabei gilt: \u201eDie Jugend ist unsere Zukunft\u201c.\"><span class=\"sc_list_icon icon-check93\"><\/span>Unseren Golf-Nachwuchs f\u00f6rdern wir mit gezielter Jugendarbeit. Dabei gilt: \u201eDie Jugend ist unsere Zukunft\u201c.<\/li><\/ul><\/div><div class=\"column-1_2 sc_column_item sc_column_item_2 even\">[vc_empty_space height=&#8220;2em&#8220;][vc_single_image image=&#8220;16008&#8243; img_size=&#8220;full&#8220;]<\/div><\/div>[vc_empty_space height=&#8220;3em&#8220;][\/vc_column][\/vc_row][vc_row css=&#8220;.vc_custom_1486627026571{padding-top: 30px !important;padding-bottom: 30px !important;}&#8220;][vc_column][vc_empty_space height=&#8220;1em&#8220;]<div class=\"columns_wrap sc_columns columns_nofluid sc_columns_count_2\"><div class=\"column-1_2 sc_column_item sc_column_item_1 odd first\">[vc_empty_space height=&#8220;2em&#8220;][vc_single_image image=&#8220;16009&#8243; img_size=&#8220;510&#215;368&#8243;]<\/div><div class=\"column-1_2 sc_column_item sc_column_item_2 even\"><h3 class=\"sc_title sc_title_regular margin_top_small margin_bottom_tiny\">NATUR GENIESSEN<\/h3><h6 class=\"sc_title sc_title_regular custom_subtitle theme_accent1 margin_top_null margin_bottom_medium\">Mit dem Programm Golf &amp; Natur stehen wir f\u00fcr mehr Qualit\u00e4t, Spielfreude und Zukunft.<\/h6><ul class=\"sc_list sc_list_style_iconed margin_top_null margin_bottom_tiny-\" style=\"color:#152229;\"><li class=\"sc_list_item odd first\" title=\"Wir unterst\u00fctzen und f\u00f6rdern ein harmonisches Miteinander von Golfsport und Umwelt.\"><span class=\"sc_list_icon icon-check93\"><\/span>Wir unterst\u00fctzen und f\u00f6rdern ein harmonisches Miteinander von Golfsport und Umwelt.<\/li><li class=\"sc_list_item even\" title=\"Im Mittelpunkt steht die naturgerechte Verbesserung der Spielbedingungen.\"><span class=\"sc_list_icon icon-check93\"><\/span>Im Mittelpunkt steht die naturgerechte Verbesserung der Spielbedingungen.<\/li><li class=\"sc_list_item odd\" title=\"Zielsetzung des Programms Golf &amp; Natur ist die stetige Verbesserung folgender 4 Kernbereiche:\"><span class=\"sc_list_icon icon-check93\"><\/span>Zielsetzung des Programms Golf & Natur ist die stetige Verbesserung folgender 4 Kernbereiche:<\/li><\/ul>[vc_column_text css_animation=&#8220;bottom-to-top&#8220; css=&#8220;.vc_custom_1602687262621{padding-top: 15px !important;padding-left: 22px !important;}&#8220;]<span style=\"color: #000000;\">\u2022 Platzpflege und Spielbetrieb<br \/>\n\u2022 Naturschutz und Umweltpflege<br \/>\n\u2022 Arbeitssicherheit und Umwelt\u00admanagement<br \/>\n\u2022 \u00d6ffentlichkeitsarbeit und Infrastruktur<\/span>[\/vc_column_text]<\/div><\/div>[vc_empty_space height=&#8220;3em&#8220;][\/vc_column][\/vc_row][vc_row full_width=&#8220;stretch_row&#8220; css=&#8220;.vc_custom_1486627037871{padding-top: 30px !important;padding-bottom: 30px !important;background-color: #f7f5f1 !important;}&#8220;][vc_column css=&#8220;.vc_custom_1486039494471{padding-bottom: 20px !important;}&#8220;][vc_empty_space height=&#8220;1em&#8220;]<div class=\"columns_wrap sc_columns columns_nofluid sc_columns_count_2\"><div class=\"column-1_2 sc_column_item sc_column_item_1 odd first\"><h3 class=\"sc_title sc_title_regular margin_top_small margin_bottom_tiny\">NACHHALTIG<\/h3><h6 class=\"sc_title sc_title_regular custom_subtitle theme_accent1 margin_top_null margin_bottom_medium\">Unser Verein zeichnet sich durch Professionalit\u00e4t und Nachhaltigkeit aus.<\/h6><ul class=\"sc_list sc_list_style_iconed margin_top_null margin_bottom_tiny-\" style=\"color:#152229;\"><li class=\"sc_list_item odd first\" title=\"Der wirtschaftliche Erfolg ist die Basis unseres Vereinslebens\"><span class=\"sc_list_icon icon-check93\"><\/span>Der wirtschaftliche Erfolg ist die Basis unseres Vereinslebens<\/li><\/ul>[vc_column_text css_animation=&#8220;bottom-to-top&#8220; css=&#8220;.vc_custom_1602687545858{padding-top: 15px !important;padding-left: 22px !important;}&#8220;]<span style=\"color: #000000;\">\u2022 Professionelles Management<br \/>\n\u2022 Transparente Vereinspolitik<br \/>\n\u2022 Regelm\u00e4\u00dfige Information der <\/span><span style=\"color: #000000;\">Mitglieder<br \/>\n\u2022 Steigerung unserer Erl\u00f6se und Aufbau langfristiger R\u00fccklagen.<br \/>\n<\/span>[\/vc_column_text]<ul class=\"sc_list sc_list_style_iconed margin_top_small margin_bottom_tiny-\" style=\"color:#152229;\"><li class=\"sc_list_item odd first\" title=\"Unser Ziel ist die vollste Zufriedenheit unserer Vereinsmitglieder sowie die Gewinnung neuer Mitglieder, die unsere Freude am Golfsport teilen.\"><span class=\"sc_list_icon icon-check93\"><\/span>Unser Ziel ist die vollste Zufriedenheit unserer Vereinsmitglieder sowie die Gewinnung neuer Mitglieder, die unsere Freude am Golfsport teilen.<\/li><\/ul><\/div><div class=\"column-1_2 sc_column_item sc_column_item_2 even\">[vc_empty_space height=&#8220;2em&#8220;][vc_single_image image=&#8220;16010&#8243; img_size=&#8220;full&#8220;]<\/div><\/div>[vc_empty_space height=&#8220;2em&#8220;][\/vc_column][\/vc_row]<\/p>\n","protected":false},"excerpt":{"rendered":"<p>[vc_row][vc_column][\/vc_column][\/vc_row][vc_row full_width=&#8220;stretch_row&#8220; css=&#8220;.vc_custom_1486626998497{padding-top: 30px !important;padding-bottom: 30px !important;background-color: #f7f5f1 !important;}&#8220;][vc_column css=&#8220;.vc_custom_1486039494471{padding-bottom: 20px !important;}&#8220;][vc_empty_space height=&#8220;1em&#8220;][vc_empty_space height=&#8220;2em&#8220;][\/vc_column][\/vc_row][vc_row css=&#8220;.vc_custom_1486627007763{padding-top: 30px !important;padding-bottom: 30px !important;}&#8220;][vc_column][vc_empty_space height=&#8220;1em&#8220;][vc_empty_space height=&#8220;4em&#8220;][\/vc_column][\/vc_row][vc_row full_width=&#8220;stretch_row&#8220; css=&#8220;.vc_custom_1486627017203{padding-top: 30px !important;padding-bottom: 30px !important;background-color: #f7f5f1 !important;}&#8220;][vc_column][vc_empty_space height=&#8220;1em&#8220;][vc_empty_space [&hellip;]<\/p>\n","protected":false},"author":1,"featured_media":0,"parent":0,"menu_order":0,"comment_status":"closed","ping_status":"closed","template":"","meta":{"_EventAllDay":false,"_EventTimezone":"","_EventStartDate":"","_EventEndDate":"","_EventStartDateUTC":"","_EventEndDateUTC":"","_EventShowMap":false,"_EventShowMapLink":false,"_EventURL":"","_EventCost":"","_EventCostDescription":"","_EventCurrencySymbol":"","_EventCurrencyCode":"","_EventCurrencyPosition":"","_EventDateTimeSeparator":"","_EventTimeRangeSeparator":"","_EventOrganizerID":[],"_EventVenueID":0,"_OrganizerEmail":"","_OrganizerPhone":"","_OrganizerWebsite":"","_VenueAddress":"","_VenueCity":"","_VenueCountry":"","_VenueProvince":"","_VenueZip":"","_VenuePhone":"","_VenueURL":"","_VenueStateProvince":"","_VenueLat":"","_VenueLng":"","_links_to":"","_links_to_target":""},"_links":{"self":[{"href":"https:\/\/golfclubabenberg.de\/index.php\/wp-json\/wp\/v2\/pages\/15992"}],"collection":[{"href":"https:\/\/golfclubabenberg.de\/index.php\/wp-json\/wp\/v2\/pages"}],"about":[{"href":"https:\/\/golfclubabenberg.de\/index.php\/wp-json\/wp\/v2\/types\/page"}],"author":[{"embeddable":true,"href":"https:\/\/golfclubabenberg.de\/index.php\/wp-json\/wp\/v2\/users\/1"}],"replies":[{"embeddable":true,"href":"https:\/\/golfclubabenberg.de\/index.php\/wp-json\/wp\/v2\/comments?post=15992"}],"version-history":[{"count":0,"href":"https:\/\/golfclubabenberg.de\/index.php\/wp-json\/wp\/v2\/pages\/15992\/revisions"}],"wp:attachment":[{"href":"https:\/\/golfclubabenberg.de\/index.php\/wp-json\/wp\/v2\/media?parent=15992"}],"curies":[{"name":"wp","href":"https:\/\/api.w.org\/{rel}","templated":true}]}}