{"id":14638,"date":"2020-06-19T11:44:42","date_gmt":"2020-06-19T09:44:42","guid":{"rendered":"https:\/\/golfclubabenberg.de\/?page_id=14638"},"modified":"2021-02-03T10:15:50","modified_gmt":"2021-02-03T09:15:50","slug":"whs","status":"publish","type":"page","link":"https:\/\/golfclubabenberg.de\/index.php\/whs\/","title":{"rendered":"World Handicap System"},"content":{"rendered":"<p>[vc_row][vc_column]<div class=\"sc_section\"><div class=\"sc_section_inner\"><div class=\"sc_section_content_wrap\"><h1 class=\"sc_title sc_title_underline\">Das neue World Handicap System<\/h1><\/div><\/div><\/div>[\/vc_column][\/vc_row][vc_row full_width=&#8220;stretch_row&#8220; inverse=&#8220;&#8220; css=&#8220;.vc_custom_1584706980016{background-color: #f7f5f1 !important;}&#8220;][vc_column css=&#8220;.vc_custom_1487842697916{padding-bottom: 50px !important;}&#8220;][vc_empty_space height=&#8220;64px&#8220;]<div class=\"sc_section margin_right_null\"><div class=\"sc_section_inner\"><div class=\"sc_section_content_wrap\">[vc_column_text css=&#8220;.vc_custom_1612343739466{padding-right: 15% !important;}&#8220;]<span style=\"color: #152229;\">Ab 2021 wird in Deutschland das World Handicap System eingef\u00fchrt.<\/span><\/p>\n<p><span style=\"color: #152229;\">An dieser Stelle haben wir mit den Folgen 1-6 einige h\u00e4ufig gestellte Fragen mit den passenden Antworten f\u00fcr Sie zusammengestellt und werden diese sukzessive weiter erg\u00e4nzen. <\/span><\/p>\n<p><span style=\"color: #152229;\">Wir bedanken uns bei den Autoren Tim Schrader und Didi Wedeg\u00e4rtner vom Universit\u00e4ts-Golfclub Paderborn e.V.<\/span><\/p>\n<p>Seit Februar 2021 steht auch dieses anschauliche <a href=\"https:\/\/www.youtube.com\/watch?v=hnaZLgBS804&amp;feature=youtu.be\" target=\"_blank\" rel=\"noopener noreferrer\"><strong><span style=\"color: #ff6600;\">Video<\/span> <span style=\"color: #ff6600;\">des DGV <\/span><\/strong><\/a>zur Verf\u00fcgung.[\/vc_column_text]<\/div><\/div><\/div>[vc_empty_space height=&#8220;20px&#8220;][\/vc_column][\/vc_row][vc_row full_width=&#8220;stretch_row&#8220; inverse=&#8220;&#8220;][vc_column css=&#8220;.vc_custom_1487842697916{padding-bottom: 50px !important;}&#8220;][vc_empty_space height=&#8220;64px&#8220;]<div class=\"sc_section margin_right_null\"><div class=\"sc_section_inner\"><div class=\"sc_section_content_wrap\"><div class=\"columns_wrap sc_columns columns_nofluid sc_columns_count_3\"><div class=\"column-1_3 sc_column_item sc_column_item_1 odd first\"><div class=\"sc_price_block sc_price_block_style_1 scheme_original\"><div class=\"sc_price_block_title\"><span>Folge 1: Das Grundprinzip<\/span><\/div><div class=\"sc_price_block_money\"><div class=\"sc_price_block_icon icon-file-pdf\"><\/div><\/div><div class=\"sc_price_block_description\"><a href=\"https:\/\/golfclubabenberg.de\/wp-content\/uploads\/World-Handicap-System-Folge-1-Grundprinzip_GCA-Logo.pdf\" target=\"_blank\" rel=\"noopener noreferrer\">DOWNLOAD (PDF)<\/a><\/div><\/div><\/div><div class=\"column-1_3 sc_column_item sc_column_item_2 even\"><div class=\"sc_price_block sc_price_block_style_1 scheme_original\"><div class=\"sc_price_block_title\"><span>Folge 2: 9-Loch-Runden<\/span><\/div><div class=\"sc_price_block_money\"><div class=\"sc_price_block_icon icon-file-pdf\"><\/div><\/div><div class=\"sc_price_block_description\"><a href=\"https:\/\/golfclubabenberg.de\/wp-content\/uploads\/World-Handicap-System-Folge-2-9-Loch-Runden-1.pdf\" target=\"_blank\" rel=\"noopener noreferrer\">DOWNLOAD (PDF)<\/a><\/div><\/div><\/div><div class=\"column-1_3 sc_column_item sc_column_item_3 odd\"><div class=\"sc_price_block sc_price_block_style_1 scheme_original\"><div class=\"sc_price_block_title\"><span>Folge 3: Handicap-\u00dcbergang<\/span><\/div><div class=\"sc_price_block_money\"><div class=\"sc_price_block_icon icon-file-pdf\"><\/div><\/div><div class=\"sc_price_block_description\"><a href=\"https:\/\/golfclubabenberg.de\/wp-content\/uploads\/World-Handicap-System-Folge-3-HCP-\u00dcbergang-1.pdf\" target=\"_blank\" rel=\"noopener noreferrer\">DOWNLOAD (PDF)<\/a><\/div><\/div><\/div><\/div>[vc_empty_space]<div class=\"columns_wrap sc_columns columns_nofluid sc_columns_count_3\"><div class=\"column-1_3 sc_column_item sc_column_item_1 odd first\"><div class=\"sc_price_block sc_price_block_style_1 margin_bottom_null scheme_original\"><div class=\"sc_price_block_title\"><span>Folge 4: Vorgabewirksame Spielformen<\/span><\/div><div class=\"sc_price_block_money\"><div class=\"sc_price_block_icon icon-file-pdf\"><\/div><\/div><div class=\"sc_price_block_description\"><a href=\"https:\/\/golfclubabenberg.de\/wp-content\/uploads\/World-Handicap-System-Folge-4-Vorgabewirksame-Spielformen-1.pdf\" target=\"_blank\" rel=\"noopener noreferrer\">DOWNLOAD (PDF)<\/a><\/div><\/div><\/div><div class=\"column-1_3 sc_column_item sc_column_item_2 even\"><div class=\"sc_price_block sc_price_block_style_1 margin_bottom_null scheme_original\"><div class=\"sc_price_block_title\"><span>Folge 5: Unvollst\u00e4ndige Runden \/ L\u00f6cher<\/span><\/div><div class=\"sc_price_block_money\"><div class=\"sc_price_block_icon icon-file-pdf\"><\/div><\/div><div class=\"sc_price_block_description\"><a href=\"https:\/\/golfclubabenberg.de\/wp-content\/uploads\/World-Handicap-System-Folge-5-Unvollst\u00e4ndige-Runden-u-L\u00f6cher-1.pdf\" target=\"_blank\" rel=\"noopener noreferrer\">DOWNLOAD (PDF)<\/a><\/div><\/div><\/div><div class=\"column-1_3 sc_column_item sc_column_item_3 odd\"><div class=\"sc_price_block sc_price_block_style_1 margin_bottom_null scheme_original\"><div class=\"sc_price_block_title\"><span>Folge 6: Super-Ergebnis-Bonus<\/span><\/div><div class=\"sc_price_block_money\"><div class=\"sc_price_block_icon icon-file-pdf\"><\/div><\/div><div class=\"sc_price_block_description\"><a href=\"https:\/\/golfclubabenberg.de\/wp-content\/uploads\/World-Handicap-System-Folge-6-Super-Ergebnis-Bonus-1.pdf\" target=\"_blank\" rel=\"noopener noreferrer\">DOWNLOAD (PDF)<\/a><\/div><\/div><\/div><\/div>[vc_empty_space]<\/div><\/div><\/div>[\/vc_column][\/vc_row]<\/p>\n","protected":false},"excerpt":{"rendered":"<p>[vc_row][vc_column][\/vc_column][\/vc_row][vc_row full_width=&#8220;stretch_row&#8220; inverse=&#8220;&#8220; css=&#8220;.vc_custom_1584706980016{background-color: #f7f5f1 !important;}&#8220;][vc_column css=&#8220;.vc_custom_1487842697916{padding-bottom: 50px !important;}&#8220;][vc_empty_space height=&#8220;64px&#8220;][vc_empty_space height=&#8220;20px&#8220;][\/vc_column][\/vc_row][vc_row full_width=&#8220;stretch_row&#8220; inverse=&#8220;&#8220;][vc_column css=&#8220;.vc_custom_1487842697916{padding-bottom: 50px !important;}&#8220;][vc_empty_space height=&#8220;64px&#8220;][\/vc_column][\/vc_row]<\/p>\n","protected":false},"author":5,"featured_media":0,"parent":0,"menu_order":0,"comment_status":"closed","ping_status":"closed","template":"","meta":{"_EventAllDay":false,"_EventTimezone":"","_EventStartDate":"","_EventEndDate":"","_EventStartDateUTC":"","_EventEndDateUTC":"","_EventShowMap":false,"_EventShowMapLink":false,"_EventURL":"","_EventCost":"","_EventCostDescription":"","_EventCurrencySymbol":"","_EventCurrencyCode":"","_EventCurrencyPosition":"","_EventDateTimeSeparator":"","_EventTimeRangeSeparator":"","_EventOrganizerID":[],"_EventVenueID":0,"_OrganizerEmail":"","_OrganizerPhone":"","_OrganizerWebsite":"","_VenueAddress":"","_VenueCity":"","_VenueCountry":"","_VenueProvince":"","_VenueZip":"","_VenuePhone":"","_VenueURL":"","_VenueStateProvince":"","_VenueLat":"","_VenueLng":"","_links_to":"","_links_to_target":""},"_links":{"self":[{"href":"https:\/\/golfclubabenberg.de\/index.php\/wp-json\/wp\/v2\/pages\/14638"}],"collection":[{"href":"https:\/\/golfclubabenberg.de\/index.php\/wp-json\/wp\/v2\/pages"}],"about":[{"href":"https:\/\/golfclubabenberg.de\/index.php\/wp-json\/wp\/v2\/types\/page"}],"author":[{"embeddable":true,"href":"https:\/\/golfclubabenberg.de\/index.php\/wp-json\/wp\/v2\/users\/5"}],"replies":[{"embeddable":true,"href":"https:\/\/golfclubabenberg.de\/index.php\/wp-json\/wp\/v2\/comments?post=14638"}],"version-history":[{"count":0,"href":"https:\/\/golfclubabenberg.de\/index.php\/wp-json\/wp\/v2\/pages\/14638\/revisions"}],"wp:attachment":[{"href":"https:\/\/golfclubabenberg.de\/index.php\/wp-json\/wp\/v2\/media?parent=14638"}],"curies":[{"name":"wp","href":"https:\/\/api.w.org\/{rel}","templated":true}]}}