{"id":14488,"date":"2020-06-18T08:57:02","date_gmt":"2020-06-18T06:57:02","guid":{"rendered":"https:\/\/golfclubabenberg.de\/?page_id=14488"},"modified":"2020-06-18T13:02:16","modified_gmt":"2020-06-18T11:02:16","slug":"27lochgolfplatz","status":"publish","type":"page","link":"https:\/\/golfclubabenberg.de\/index.php\/27lochgolfplatz\/","title":{"rendered":"27-Loch Golfplatz"},"content":{"rendered":"<p>[vc_row css=&#8220;.vc_custom_1592472384375{background-position: center !important;background-repeat: no-repeat !important;background-size: cover !important;}&#8220;][vc_column]<div class=\"sc_section\"><div class=\"sc_section_inner\"><div class=\"sc_section_content_wrap\"><h1 class=\"sc_title sc_title_underline\">27-Loch Golfplatz<\/h1><\/div><\/div><\/div>[\/vc_column][\/vc_row][vc_row full_width=&#8220;stretch_row&#8220; el_class=&#8220;parallax_fixed&#8220; css=&#8220;.vc_custom_1592475712298{background-image: url(https:\/\/golfclubabenberg.de\/wp-content\/uploads\/27LochGolfplatz_Ausschnitt_1500x1000_2.jpg?id=14498) !important;}&#8220;][vc_column offset=&#8220;vc_hidden-md vc_hidden-sm vc_hidden-xs&#8220;][vc_empty_space height=&#8220;8em&#8220;][vc_row_inner css=&#8220;.vc_custom_1592474639978{background-image: url(https:\/\/golfclubabenberg.de\/wp-content\/uploads\/GCA_27Loch_bg3_anthrazit-1.jpg?id=14507) !important;background-position: center !important;background-repeat: no-repeat !important;background-size: cover !important;}&#8220; el_id=&#8220;birdiebook&#8220;][vc_column_inner]<h2 class=\"sc_title sc_title_regular margin_left_huge\"><span style=\"color: #ffffff;\">PLATZ\u00dcBERSICHT<\/span><\/h2>[vc_empty_space height=&#8220;1em&#8220;][vc_single_image image=&#8220;14490&#8243; img_size=&#8220;742&#215;629&#8243; alignment=&#8220;center&#8220; onclick=&#8220;zoom&#8220;][vc_empty_space height=&#8220;1em&#8220;][vc_column_text css=&#8220;.vc_custom_1592473555099{padding-top: 8% !important;padding-bottom: 10% !important;}&#8220; el_class=&#8220;27loch&#8220;]<\/p>\n<p style=\"text-align: center;\">In unserem interaktiven Birdiebook k\u00f6nnen Sie sich hier schon einmal einen \u00dcberblick \u00fcber die Bahnen verschaffen.<\/p>\n<p style=\"text-align: center;\"><div class=\"BorlabsCookie _brlbs-cb-default\"><div class=\"_brlbs-content-blocker\"> <div class=\"_brlbs-default\"> <p>Klicken Sie auf den unteren Button, um den Inhalt von pfaff-interaktiv.de zu laden.<\/p> <p><a class=\"_brlbs-btn\" href=\"#\" data-borlabs-cookie-unblock role=\"button\">Inhalt laden<\/a><\/p> <\/div> <\/div><div class=\"borlabs-hide\" data-borlabs-cookie-type=\"content-blocker\" data-borlabs-cookie-id=\"default\"><script type=\"text\/template\">PGlmcmFtZSBsb2FkaW5nPSJsYXp5IiBzdHlsZT0iYm9yZGVyOiAwcHggI0ZGRkZGRiBub25lOyIgc3JjPSJodHRwczovL3BmYWZmLWludGVyYWt0aXYuZGUvQkItQWJlbmJlcmcvaW5kZXguaHRtbCM0NCIgbmFtZT0ibXlpZnJhbWUiIHdpZHRoPSI5ODAiIGhlaWdodD0iNzIwIiBmcmFtZWJvcmRlcj0iMSIgbWFyZ2lud2lkdGg9IjBweCIgbWFyZ2luaGVpZ2h0PSIwcHgiIHNjcm9sbGluZz0ibm8iIGFsaWduPSJjZW50ZXIiPjwvaWZyYW1lPjwvcD4=<\/script><\/div><\/div>\n<p>[\/vc_column_text][\/vc_column_inner][\/vc_row_inner][vc_empty_space height=&#8220;8em&#8220;][\/vc_column][\/vc_row][vc_row full_width=&#8220;stretch_row&#8220; parallax=&#8220;content-moving&#8220; parallax_image=&#8220;14498&#8243; inverse=&#8220;&#8220; css=&#8220;.vc_custom_1592475066069{background-image: url(https:\/\/golfclubabenberg.de\/wp-content\/uploads\/27LochGolfplatz_Ausschnitt_1500x1000_2.jpg?id=14498) !important;}&#8220;][vc_column offset=&#8220;vc_hidden-lg&#8220;][vc_empty_space height=&#8220;5em&#8220;][vc_single_image image=&#8220;14490&#8243; img_size=&#8220;742&#215;629&#8243; alignment=&#8220;center&#8220; onclick=&#8220;zoom&#8220;][vc_empty_space height=&#8220;5em&#8220;][\/vc_column][\/vc_row][vc_row full_width=&#8220;stretch_row&#8220; inverse=&#8220;&#8220;][vc_column offset=&#8220;vc_hidden-lg&#8220;][vc_empty_space height=&#8220;2em&#8220;][vc_column_text css=&#8220;.vc_custom_1592475385998{padding-top: 8% !important;padding-bottom: 10% !important;}&#8220; el_class=&#8220;27loch&#8220;]<\/p>\n<p style=\"text-align: center;\"><strong>In unserem interaktiven Birdiebook k\u00f6nnen Sie sich hier schon einmal einen \u00dcberblick \u00fcber die Bahnen verschaffen.<\/strong><\/p>\n<p style=\"text-align: center;\"><div class=\"BorlabsCookie _brlbs-cb-default\"><div class=\"_brlbs-content-blocker\"> <div class=\"_brlbs-default\"> <p>Klicken Sie auf den unteren Button, um den Inhalt von pfaff-interaktiv.de zu laden.<\/p> <p><a class=\"_brlbs-btn\" href=\"#\" data-borlabs-cookie-unblock role=\"button\">Inhalt laden<\/a><\/p> <\/div> <\/div><div class=\"borlabs-hide\" data-borlabs-cookie-type=\"content-blocker\" data-borlabs-cookie-id=\"default\"><script type=\"text\/template\">PGlmcmFtZSBsb2FkaW5nPSJsYXp5IiBzdHlsZT0iYm9yZGVyOiAwcHggI0ZGRkZGRiBub25lOyIgc3JjPSJodHRwczovL3BmYWZmLWludGVyYWt0aXYuZGUvQkItQWJlbmJlcmcvaW5kZXguaHRtbCM0NCIgbmFtZT0ibXlpZnJhbWUiIHdpZHRoPSI5ODAiIGhlaWdodD0iNzIwIiBmcmFtZWJvcmRlcj0iMSIgbWFyZ2lud2lkdGg9IjBweCIgbWFyZ2luaGVpZ2h0PSIwcHgiIHNjcm9sbGluZz0ibm8iIGFsaWduPSJjZW50ZXIiPjwvaWZyYW1lPjwvcD4=<\/script><\/div><\/div>\n<p>[\/vc_column_text][vc_empty_space height=&#8220;2em&#8220;][\/vc_column][\/vc_row]<\/p>\n","protected":false},"excerpt":{"rendered":"<p>[vc_row css=&#8220;.vc_custom_1592472384375{background-position: center !important;background-repeat: no-repeat !important;background-size: cover !important;}&#8220;][vc_column][\/vc_column][\/vc_row][vc_row full_width=&#8220;stretch_row&#8220; el_class=&#8220;parallax_fixed&#8220; css=&#8220;.vc_custom_1592475712298{background-image: url(https:\/\/golfclubabenberg.de\/wp-content\/uploads\/27LochGolfplatz_Ausschnitt_1500x1000_2.jpg?id=14498) !important;}&#8220;][vc_column offset=&#8220;vc_hidden-md vc_hidden-sm vc_hidden-xs&#8220;][vc_empty_space height=&#8220;8em&#8220;][vc_row_inner css=&#8220;.vc_custom_1592474639978{background-image: url(https:\/\/golfclubabenberg.de\/wp-content\/uploads\/GCA_27Loch_bg3_anthrazit-1.jpg?id=14507) !important;background-position: center !important;background-repeat: no-repeat !important;background-size: cover !important;}&#8220; el_id=&#8220;birdiebook&#8220;][vc_column_inner][vc_empty_space height=&#8220;1em&#8220;][vc_single_image image=&#8220;14490&#8243; img_size=&#8220;742&#215;629&#8243; [&hellip;]<\/p>\n","protected":false},"author":1,"featured_media":0,"parent":0,"menu_order":0,"comment_status":"closed","ping_status":"closed","template":"","meta":{"_EventAllDay":false,"_EventTimezone":"","_EventStartDate":"","_EventEndDate":"","_EventStartDateUTC":"","_EventEndDateUTC":"","_EventShowMap":false,"_EventShowMapLink":false,"_EventURL":"","_EventCost":"","_EventCostDescription":"","_EventCurrencySymbol":"","_EventCurrencyCode":"","_EventCurrencyPosition":"","_EventDateTimeSeparator":"","_EventTimeRangeSeparator":"","_EventOrganizerID":[],"_EventVenueID":0,"_OrganizerEmail":"","_OrganizerPhone":"","_OrganizerWebsite":"","_VenueAddress":"","_VenueCity":"","_VenueCountry":"","_VenueProvince":"","_VenueZip":"","_VenuePhone":"","_VenueURL":"","_VenueStateProvince":"","_VenueLat":"","_VenueLng":"","_links_to":"","_links_to_target":""},"_links":{"self":[{"href":"https:\/\/golfclubabenberg.de\/index.php\/wp-json\/wp\/v2\/pages\/14488"}],"collection":[{"href":"https:\/\/golfclubabenberg.de\/index.php\/wp-json\/wp\/v2\/pages"}],"about":[{"href":"https:\/\/golfclubabenberg.de\/index.php\/wp-json\/wp\/v2\/types\/page"}],"author":[{"embeddable":true,"href":"https:\/\/golfclubabenberg.de\/index.php\/wp-json\/wp\/v2\/users\/1"}],"replies":[{"embeddable":true,"href":"https:\/\/golfclubabenberg.de\/index.php\/wp-json\/wp\/v2\/comments?post=14488"}],"version-history":[{"count":0,"href":"https:\/\/golfclubabenberg.de\/index.php\/wp-json\/wp\/v2\/pages\/14488\/revisions"}],"wp:attachment":[{"href":"https:\/\/golfclubabenberg.de\/index.php\/wp-json\/wp\/v2\/media?parent=14488"}],"curies":[{"name":"wp","href":"https:\/\/api.w.org\/{rel}","templated":true}]}}