{"id":14050,"date":"2020-04-20T11:38:19","date_gmt":"2020-04-20T09:38:19","guid":{"rendered":"https:\/\/golfclubabenberg.de\/?page_id=14050"},"modified":"2020-06-17T15:38:23","modified_gmt":"2020-06-17T13:38:23","slug":"mitglieder-werben-mitglieder","status":"publish","type":"page","link":"https:\/\/golfclubabenberg.de\/index.php\/mitglieder-werben-mitglieder\/","title":{"rendered":"Mitglieder werben Mitglieder"},"content":{"rendered":"<p>[vc_row][vc_column]<h1 class=\"sc_title sc_title_underline sc_align_left\" style=\"text-align:left;\">Mitglieder werben Mitglieder<\/h1>[\/vc_column][\/vc_row][vc_row full_width=&#8220;stretch_row&#8220; inverse=&#8220;&#8220; css=&#8220;.vc_custom_1587375687892{background-color: #f7f5f1 !important;}&#8220;][vc_column][vc_empty_space height=&#8220;3em&#8220;]<div class=\"sc_section\" data-animation=\"animated fadeInUp normal\"><div class=\"sc_section_inner\"><div class=\"sc_section_content_wrap\"><h3 class=\"sc_title sc_title_regular sc_align_left margin_top_null margin_bottom_small\" style=\"text-align:left;\">WIR BELOHNEN IHR ENGAGEMENT<\/h3><div class=\"columns_wrap sc_columns columns_nofluid sc_columns_count_2\"><div class=\"column-1_2 sc_column_item sc_column_item_1 odd first\">[vc_column_text]<span style=\"color: #152229;\">Liebe Mitglieder,<\/span><br \/>\n<span style=\"color: #152229;\">wir haben unsere Aktion \u201eMitglieder werben Mitglieder\u201c neu aufgesetzt. Motivieren auch Sie Ihre Familie, Freunde und Bekannten, Mitglied im Golfclub Abenberg e.V. zu werden und profitieren Sie von tollen Pr\u00e4mien.<\/span>[\/vc_column_text][vc_empty_space]<a href=\"https:\/\/www.golfclubabenberg.de\/wp-content\/uploads\/GCA_MitgliederwerbenMitglieder.pdf\" target=\"blank\" class=\"sc_button sc_button_square sc_button_style_filled sc_button_size_medium\">MITGLIEDER WERBEN MITGLIEDER<\/a><\/div><div class=\"column-1_2 sc_column_item sc_column_item_2 even\">[vc_empty_space height=&#8220;30px&#8220;][vc_column_text]<span style=\"color: #152229;\">Einfach das Formular \u201eMitglieder werben Mitglieder\u201c ausf\u00fcllen. Sie erhalten sofort nach Vertragsschlu\u00df und erfolgtem Rechnungsausgleich Ihre Pr\u00e4mie. Danke f\u00fcr Ihren Einsatz, denn alle Mitglieder des GCA profitieren von neuen Mitgliedern!<\/span><\/p>\n<p><span style=\"color: #152229;\"><em>Ihr Pr\u00e4sidium<\/em><\/span>[\/vc_column_text]<\/div><\/div><\/div><\/div><\/div>[vc_empty_space height=&#8220;4em&#8220;][\/vc_column][\/vc_row][vc_row full_width=&#8220;stretch_row&#8220;][vc_column offset=&#8220;vc_hidden-sm vc_hidden-xs&#8220;]<div class=\"sc_section margin_top_large margin_bottom_large\" data-animation=\"animated fadeInUp normal\"><div class=\"sc_section_inner\"><div class=\"sc_section_content_wrap\"><h3 class=\"sc_title sc_title_regular sc_align_left margin_top_null margin_bottom_medium\" style=\"text-align:left;\">UNSERE PR\u00c4MIEN<\/h3>[vc_empty_space height=&#8220;16px&#8220;]<div class=\"columns_wrap sc_columns columns_nofluid sc_columns_count_3 margin_bottom_huge\"><div class=\"column-1_3 sc_column_item sc_column_item_1 odd first\"><div class=\"sc_price_block sc_price_block_style_1\" style=\"height:250px;\" data-animation=\"animated fadeInUp normal\"><div class=\"sc_price_block_title\"><span>Vollmitglied werben<\/span><\/div><div class=\"sc_price_block_money\"><div class=\"sc_price_block_icon icon-male\"><\/div><\/div><div class=\"sc_price_block_description\"><span style=\"color: #152229;\">2x E-Cart-Gutscheine oder<\/span><br \/>\n<span style=\"color: #152229;\">4x Greenfee-Gutscheine f\u00fcr Ihre Freunde<\/span><\/div><\/div><\/div><div class=\"column-1_3 sc_column_item sc_column_item_2 even\"><div class=\"sc_price_block sc_price_block_style_1\" style=\"height:250px;\" data-animation=\"animated fadeInUp normal\"><div class=\"sc_price_block_title\"><span>Eingeschr\u00e4nktes Mitglied werben<\/span><\/div><div class=\"sc_price_block_money\"><div class=\"sc_price_block_icon icon-male\"><\/div><\/div><div class=\"sc_price_block_description\"><span style=\"color: #152229;\">1x E-Cart-Gutschein oder<\/span><br \/>\n<span style=\"color: #152229;\">2x Greenfee-Gutscheine f\u00fcr Ihre Freunde<br \/>\n<\/span><\/div><\/div><\/div><div class=\"column-1_3 sc_column_item sc_column_item_3 odd\"><div class=\"sc_price_block sc_price_block_style_1\" style=\"height:250px;\" data-animation=\"animated fadeInUp normal\"><div class=\"sc_price_block_title\"><span>4 Mitglieder pro Jahr werben<\/span><\/div><div class=\"sc_price_block_money\"><div class=\"sc_price_block_icon icon-users-group\"><\/div><\/div><div class=\"sc_price_block_description\"><span style=\"color: #152229;\">Wenn Sie innerhalb eines Kalenderjahres<\/span><br \/>\n<span style=\"color: #152229;\">4 Mitglieder werben, lassen wir uns f\u00fcr Sie<\/span><br \/>\n<span style=\"color: #152229;\">etwas ganz Besonderes einfallen!<\/span><\/div><\/div><\/div><\/div><\/div><\/div><\/div>[\/vc_column][\/vc_row][vc_row full_width=&#8220;stretch_row&#8220;][vc_column offset=&#8220;vc_hidden-lg vc_hidden-md&#8220;]<div class=\"sc_section margin_top_large margin_bottom_large\" data-animation=\"animated fadeInUp normal\"><div class=\"sc_section_inner\"><div class=\"sc_section_content_wrap\"><h3 class=\"sc_title sc_title_regular sc_align_left margin_top_null margin_bottom_medium\" style=\"text-align:left;\">UNSERE PR\u00c4MIEN<\/h3>[vc_empty_space height=&#8220;16px&#8220;]<div class=\"columns_wrap sc_columns columns_nofluid sc_columns_count_3 margin_bottom_huge\"><div class=\"column-1_3 sc_column_item sc_column_item_1 odd first\"><div class=\"sc_price_block sc_price_block_style_1\" style=\"height:270px;\" data-animation=\"animated fadeInUp normal\"><div class=\"sc_price_block_title\"><span>Vollmitglied werben<\/span><\/div><div class=\"sc_price_block_money\"><div class=\"sc_price_block_icon icon-male\"><\/div><\/div><div class=\"sc_price_block_description\"><span style=\"color: #152229;\">2x E-Cart-Gutscheine oder<\/span><br \/>\n<span style=\"color: #152229;\">4x Greenfee-Gutscheine f\u00fcr Ihre Freunde<\/span><\/div><\/div><\/div><div class=\"column-1_3 sc_column_item sc_column_item_2 even\"><div class=\"sc_price_block sc_price_block_style_1\" style=\"height:270px;\" data-animation=\"animated fadeInUp normal\"><div class=\"sc_price_block_title\"><span>Eingeschr\u00e4nktes Mitglied werben<\/span><\/div><div class=\"sc_price_block_money\"><div class=\"sc_price_block_icon icon-male\"><\/div><\/div><div class=\"sc_price_block_description\"><span style=\"color: #152229;\">1x E-Cart-Gutschein oder<\/span><br \/>\n<span style=\"color: #152229;\">2x Greenfee-Gutscheine f\u00fcr Ihre Freunde<br \/>\n<\/span><\/div><\/div><\/div><div class=\"column-1_3 sc_column_item sc_column_item_3 odd\"><div class=\"sc_price_block sc_price_block_style_1\" style=\"height:270px;\" data-animation=\"animated fadeInUp normal\"><div class=\"sc_price_block_title\"><span>4 Mitglieder pro Jahr werben<\/span><\/div><div class=\"sc_price_block_money\"><div class=\"sc_price_block_icon icon-users-group\"><\/div><\/div><div class=\"sc_price_block_description\"><span style=\"color: #152229;\">Wenn Sie innerhalb eines Kalenderjahres<\/span><br \/>\n<span style=\"color: #152229;\">4 Mitglieder werben, lassen wir uns f\u00fcr Sie<\/span><br \/>\n<span style=\"color: #152229;\">etwas ganz Besonderes einfallen!<\/span><\/div><\/div><\/div><\/div><\/div><\/div><\/div>[\/vc_column][\/vc_row]<\/p>\n","protected":false},"excerpt":{"rendered":"<p>[vc_row][vc_column][\/vc_column][\/vc_row][vc_row full_width=&#8220;stretch_row&#8220; inverse=&#8220;&#8220; css=&#8220;.vc_custom_1587375687892{background-color: #f7f5f1 !important;}&#8220;][vc_column][vc_empty_space height=&#8220;3em&#8220;][vc_empty_space height=&#8220;4em&#8220;][\/vc_column][\/vc_row][vc_row full_width=&#8220;stretch_row&#8220;][vc_column offset=&#8220;vc_hidden-sm vc_hidden-xs&#8220;][\/vc_column][\/vc_row][vc_row full_width=&#8220;stretch_row&#8220;][vc_column offset=&#8220;vc_hidden-lg vc_hidden-md&#8220;][\/vc_column][\/vc_row]<\/p>\n","protected":false},"author":1,"featured_media":0,"parent":0,"menu_order":0,"comment_status":"closed","ping_status":"closed","template":"","meta":{"_EventAllDay":false,"_EventTimezone":"","_EventStartDate":"","_EventEndDate":"","_EventStartDateUTC":"","_EventEndDateUTC":"","_EventShowMap":false,"_EventShowMapLink":false,"_EventURL":"","_EventCost":"","_EventCostDescription":"","_EventCurrencySymbol":"","_EventCurrencyCode":"","_EventCurrencyPosition":"","_EventDateTimeSeparator":"","_EventTimeRangeSeparator":"","_EventOrganizerID":[],"_EventVenueID":0,"_OrganizerEmail":"","_OrganizerPhone":"","_OrganizerWebsite":"","_VenueAddress":"","_VenueCity":"","_VenueCountry":"","_VenueProvince":"","_VenueZip":"","_VenuePhone":"","_VenueURL":"","_VenueStateProvince":"","_VenueLat":"","_VenueLng":"","_links_to":"","_links_to_target":""},"_links":{"self":[{"href":"https:\/\/golfclubabenberg.de\/index.php\/wp-json\/wp\/v2\/pages\/14050"}],"collection":[{"href":"https:\/\/golfclubabenberg.de\/index.php\/wp-json\/wp\/v2\/pages"}],"about":[{"href":"https:\/\/golfclubabenberg.de\/index.php\/wp-json\/wp\/v2\/types\/page"}],"author":[{"embeddable":true,"href":"https:\/\/golfclubabenberg.de\/index.php\/wp-json\/wp\/v2\/users\/1"}],"replies":[{"embeddable":true,"href":"https:\/\/golfclubabenberg.de\/index.php\/wp-json\/wp\/v2\/comments?post=14050"}],"version-history":[{"count":0,"href":"https:\/\/golfclubabenberg.de\/index.php\/wp-json\/wp\/v2\/pages\/14050\/revisions"}],"wp:attachment":[{"href":"https:\/\/golfclubabenberg.de\/index.php\/wp-json\/wp\/v2\/media?parent=14050"}],"curies":[{"name":"wp","href":"https:\/\/api.w.org\/{rel}","templated":true}]}}