{"id":14025,"date":"2020-04-17T17:13:17","date_gmt":"2020-04-17T15:13:17","guid":{"rendered":"https:\/\/golfclubabenberg.de\/?page_id=14025"},"modified":"2025-01-04T13:16:29","modified_gmt":"2025-01-04T12:16:29","slug":"mitgliedsbeitraege","status":"publish","type":"page","link":"https:\/\/golfclubabenberg.de\/index.php\/mitgliedsbeitraege\/","title":{"rendered":"Mitgliedsbeitr\u00e4ge"},"content":{"rendered":"<p>[vc_row][vc_column]<div class=\"sc_section\"><div class=\"sc_section_inner\"><div class=\"sc_section_content_wrap\"><h1 class=\"sc_title sc_title_underline sc_align_left\" style=\"text-align:left;\">Mitgliedsbeitr\u00e4ge<\/h1><\/div><\/div><\/div>[\/vc_column][\/vc_row][vc_row full_width=&#8220;stretch_row&#8220; css=&#8220;.vc_custom_1587365937105{background-color: #f7f5f1 !important;}&#8220;][vc_column offset=&#8220;vc_hidden-xs&#8220;][vc_empty_space height=&#8220;3em&#8220;]<div class=\"sc_section\" data-animation=\"animated fadeInRight normal\"><div class=\"sc_section_inner\"><div class=\"sc_section_content_wrap\"><h3 class=\"sc_title sc_title_regular sc_align_left margin_top_small margin_bottom_tiny\" style=\"text-align:left;\">ALLGEMEINE INFORMATIONEN<strong><br \/>\n<\/strong><\/h3>[vc_empty_space height=&#8220;2em&#8220;]<div class=\"columns_wrap sc_columns columns_nofluid sc_columns_count_3 margin_top_null margin_bottom_null\"><div class=\"column-1_3 sc_column_item sc_column_item_1 odd first\"><div id=\"beitraege_infobox\" class=\"sc_infobox sc_infobox_style_info margin_top_null margin_bottom_null sc_infobox_iconed icon-info\" style=\"color:#dc6c12;background-color:#ffffff;\">[vc_column_text]Basis f\u00fcr unsere Mitgliedschaften ist die Satzung des Golfclub Abenberg e.V. in ihrer jeweils g\u00fcltigen Fassung. Alle Mitgliedschaften laufen \u00fcber Kalenderjahre (01.01. &#8211; 31.12.).<br \/>\n[\/vc_column_text]<\/div>[vc_empty_space height=&#8220;2em&#8220;]<div id=\"beitraege_infobox\" class=\"sc_infobox sc_infobox_style_info margin_top_null margin_bottom_null sc_infobox_iconed icon-info\" style=\"color:#dc6c12;background-color:#ffffff;\">[vc_column_text]Pro Mitgliedschaft wird eine Verwaltungspauschale von 200 \u20ac erhoben. Ausgenommen sind Kinder, Jugendliche, Studenten sowie ruhende Mitglieder.[\/vc_column_text][vc_empty_space height=&#8220;2em&#8220;]<\/div><\/div><div class=\"column-1_3 sc_column_item sc_column_item_2 even\"><div id=\"beitraege_infobox\" class=\"sc_infobox sc_infobox_style_info margin_top_null margin_bottom_null sc_infobox_iconed icon-info\" style=\"color:#dc6c12;background-color:#ffffff;\">[vc_column_text]Die K\u00fcndigung der Mitgliedschaft muss urschriftlich bis zum 30. September eines Jahres erfolgen, ansonsten ist sie erst zum Ende des darauffolgenden Jahres wirksam.[\/vc_column_text]<\/div>[vc_empty_space height=&#8220;2em&#8220;]<div id=\"beitraege_infobox\" class=\"sc_infobox sc_infobox_style_info margin_top_null margin_bottom_null sc_infobox_iconed icon-info\" style=\"color:#dc6c12;background-color:#ffffff;\">[vc_column_text]Alle Mitgliedschaften berechtigen zur Nutzung aller \u00dcbungseinrichtungen inkl. 6-Loch-Kurzplatz.[\/vc_column_text][vc_empty_space height=&#8220;2em&#8220;]<\/div><\/div><div class=\"column-1_3 sc_column_item sc_column_item_3 odd\"><div id=\"beitraege_infobox\" class=\"sc_infobox sc_infobox_style_info margin_top_null margin_bottom_null sc_infobox_iconed icon-info\" style=\"color:#dc6c12;background-color:#ffffff;\">[vc_column_text]Die Passivstellung einer Mitgliedschaft erfolgt ausschlie\u00dflich auf schriftlichen Antrag an den Vorstand und wird, sofern die Kriterien erf\u00fcllt sind, nur bis zum Ende des Jahres, f\u00fcr den der Antrag gilt, gew\u00e4hrt. Danach wird automatisch wieder in eine Vollmitgliedschaft zur\u00fcckgestuft.[\/vc_column_text]<\/div>[vc_empty_space height=&#8220;2em&#8220;]<\/div><\/div><\/div><\/div><\/div>[vc_empty_space height=&#8220;4em&#8220;][\/vc_column][\/vc_row][vc_row full_width=&#8220;stretch_row&#8220; css=&#8220;.vc_custom_1587365937105{background-color: #f7f5f1 !important;}&#8220;][vc_column offset=&#8220;vc_hidden-lg vc_hidden-md vc_hidden-sm&#8220;][vc_empty_space height=&#8220;3em&#8220;]<div class=\"sc_section\" data-animation=\"animated fadeInRight normal\"><div class=\"sc_section_inner\"><div class=\"sc_section_content_wrap\"><h3 class=\"sc_title sc_title_regular sc_align_left margin_top_small margin_bottom_tiny\" style=\"text-align:left;\">ALLGEMEINE INFORMATIONEN<strong><br \/>\n<\/strong><\/h3>[vc_empty_space height=&#8220;2em&#8220;]<div class=\"columns_wrap sc_columns columns_nofluid sc_columns_count_3 margin_top_null margin_bottom_null\"><div class=\"column-1_3 sc_column_item sc_column_item_1 odd first\"><div id=\"beitraege_infobox\" class=\"sc_infobox sc_infobox_style_info margin_top_null margin_bottom_null sc_infobox_iconed icon-info\" style=\"color:#dc6c12;background-color:#ffffff;\">[vc_column_text]Basis f\u00fcr unsere Mitgliedschaften ist die Satzung des Golfclub Abenberg e.V. in ihrer jeweils g\u00fcltigen Fassung. Alle Mitgliedschaften laufen \u00fcber Kalenderjahre (01.01. &#8211; 31.12.).<br \/>\n[\/vc_column_text]<\/div>[vc_empty_space height=&#8220;2.6em&#8220;]<div id=\"beitraege_infobox\" class=\"sc_infobox sc_infobox_style_info margin_top_null margin_bottom_null sc_infobox_iconed icon-info\" style=\"color:#dc6c12;background-color:#ffffff;\">[vc_column_text]Pro Mitgliedschaft wird eine Verwaltungspauschale von 200 \u20ac erhoben. Ausgenommen sind Kinder, Jugendliche, Studenten sowie ruhende Mitglieder.[\/vc_column_text][vc_empty_space height=&#8220;2em&#8220;]<\/div><\/div><div class=\"column-1_3 sc_column_item sc_column_item_2 even\">[vc_empty_space height=&#8220;2em&#8220;]<div id=\"beitraege_infobox\" class=\"sc_infobox sc_infobox_style_info margin_top_null margin_bottom_null sc_infobox_iconed icon-info\" style=\"color:#dc6c12;background-color:#ffffff;\">[vc_column_text]Die K\u00fcndigung der Mitgliedschaft muss urschriftlich bis zum 30. September eines Jahres erfolgen, ansonsten ist sie erst zum Ende des darauffolgenden Jahres wirksam.[\/vc_column_text]<\/div>[vc_empty_space height=&#8220;2.6em&#8220;]<div id=\"beitraege_infobox\" class=\"sc_infobox sc_infobox_style_info margin_top_null margin_bottom_null sc_infobox_iconed icon-info\" style=\"color:#dc6c12;background-color:#ffffff;\">[vc_column_text]Alle Mitgliedschaften berechtigen zur Nutzung aller \u00dcbungseinrichtungen inkl. 6-Loch-Kurzplatz.[\/vc_column_text][vc_empty_space height=&#8220;2em&#8220;]<\/div><\/div><div class=\"column-1_3 sc_column_item sc_column_item_3 odd\">[vc_empty_space height=&#8220;2em&#8220;]<div id=\"beitraege_infobox\" class=\"sc_infobox sc_infobox_style_info margin_top_null margin_bottom_null sc_infobox_iconed icon-info\" style=\"color:#dc6c12;background-color:#ffffff;\">[vc_column_text]Die Passivstellung einer Mitgliedschaft erfolgt ausschlie\u00dflich auf schriftlichen Antrag an den Vorstand und wird, sofern die Kriterien erf\u00fcllt sind, nur bis zum Ende des Jahres, f\u00fcr den der Antrag gilt, gew\u00e4hrt. Danach wird automatisch wieder in eine Vollmitgliedschaft zur\u00fcckgestuft.[\/vc_column_text]<\/div>[vc_empty_space height=&#8220;2em&#8220;]<\/div><\/div><\/div><\/div><\/div>[vc_empty_space height=&#8220;4em&#8220;][\/vc_column][\/vc_row][vc_row][vc_column][vc_empty_space height=&#8220;3em&#8220;]<h3 class=\"sc_title sc_title_regular margin_bottom_small\">MITGLIEDSCHAFTEN<\/h3>[vc_empty_space height=&#8220;2em&#8220;]<div class=\"sc_section\"><div class=\"sc_section_inner\"><div class=\"sc_section_content_wrap\"><div class=\"columns_wrap sc_columns columns_nofluid sc_columns_count_3 margin_bottom_huge\"><div class=\"column-1_3 sc_column_item sc_column_item_1 odd first\"><div class=\"sc_price_block sc_price_block_style_1\" style=\"height:330px;\"><div class=\"sc_price_block_title\"><span>27-Loch<\/span><\/div><div class=\"sc_price_block_money\"><div class=\"sc_price\"><span class=\"sc_price_currency\">\u20ac<\/span><span class=\"sc_price_money\">1850<\/span><span class=\"sc_price_period\">j\u00e4hrlich<\/span><\/div><\/div><div class=\"sc_price_block_description\"><span style=\"color: #152229;\">Mitgliedschaft 27-Loch incl. 200 \u20ac Verwaltungspauschale<\/span><\/p>\n<h6><\/h6>\n<p><\/div><div class=\"sc_price_block_link\"><a href=\"mailto:info@golfclub-abenberg.de?subject=Mitgliedschaftsbeantragung%2027-Loch\" class=\"sc_button sc_button_square sc_button_style_filled sc_button_size_medium\">MITGLIEDSCHAFT BEANTRAGEN<\/a><\/div><\/div>[vc_empty_space]<\/div><div class=\"column-1_3 sc_column_item sc_column_item_2 even\"><div class=\"sc_price_block sc_price_block_style_1\" style=\"height:330px;\"><div class=\"sc_price_block_title\"><span>9-Loch<\/span><\/div><div class=\"sc_price_block_money\"><div class=\"sc_price\"><span class=\"sc_price_currency\">\u20ac<\/span><span class=\"sc_price_money\">1325<\/span><span class=\"sc_price_period\">j\u00e4hrlich<\/span><\/div><\/div><div class=\"sc_price_block_description\"><span style=\"color: #152229;\">Mitgliedschaft 9-Loch incl. 200 \u20ac Verwaltungspauschale<\/span><\/p>\n<h6><\/h6>\n<p><\/div><div class=\"sc_price_block_link\"><a href=\"mailto:info@golfclub-abenberg.de?subject=Mitgliedschaftsbeantragung%209-Loch\" class=\"sc_button sc_button_square sc_button_style_filled sc_button_size_medium\">MITGLIEDSCHAFT BEANTRAGEN<\/a><\/div><\/div>[vc_empty_space]<\/div><div class=\"column-1_3 sc_column_item sc_column_item_3 odd\"><div class=\"sc_price_block sc_price_block_style_1\" style=\"height:330px;\"><div class=\"sc_price_block_title\"><span>Schnupper-\/Kennenlernjahr<\/span><\/div><div class=\"sc_price_block_money\"><div class=\"sc_price\"><span class=\"sc_price_currency\">\u20ac<\/span><span class=\"sc_price_money\">1185<\/span><span class=\"sc_price_period\">j\u00e4hrlich<\/span><\/div><\/div><div class=\"sc_price_block_description\"><span style=\"color: #152229;\">\u00a0incl. 200 \u20ac Verwaltungspauschale. F\u00fcr alle, die den GCA zum ersten Mal kennenlernen m\u00f6chten; max. 12 Monate m\u00f6glich.\u00a0 \u00a0 \u00a0\u00a0<\/span><\/div><div class=\"sc_price_block_link\"><a href=\"mailto:info@golfclub-abenberg.de?subject=Mitgliedschaftsbeantragung%20Schnupper-\/Kennenlernjahr\" class=\"sc_button sc_button_square sc_button_style_filled sc_button_size_medium\">MITGLIEDSCHAFT BEANTRAGEN<\/a><\/div><\/div>[vc_empty_space]<\/div><div class=\"column-1_3 sc_column_item sc_column_item_4 even\"><div class=\"sc_price_block sc_price_block_style_1\" style=\"height:330px;\"><div class=\"sc_price_block_title\"><span>Familienmitgliedschaft<\/span><\/div><div class=\"sc_price_block_money\"><div class=\"sc_price\"><span class=\"sc_price_currency\">\u20ac<\/span><span class=\"sc_price_money\">Gratis<\/span><\/div><\/div><div class=\"sc_price_block_description\"><span style=\"color: #152229;\">Beide Eltern sind Vollmitglieder; die Kinder spielen ohne Geb\u00fchr bis zu dem Jahr, in dem<\/span><br \/>\n<span style=\"color: #152229;\">sie 14 Jahre alt werden.<\/span><\/div><div class=\"sc_price_block_link\"><a href=\"mailto:info@golfclub-abenberg.de?subject=Mitgliedschaftsbeantragung%20Familienmitgliedschaft\" class=\"sc_button sc_button_square sc_button_style_filled sc_button_size_medium\">MITGLIEDSCHAFT BEANTRAGEN<\/a><\/div><\/div>[vc_empty_space]<\/div><div class=\"column-1_3 sc_column_item sc_column_item_5 odd\"><div class=\"sc_price_block sc_price_block_style_1\" style=\"height:330px;\"><div class=\"sc_price_block_title\"><span>Zweitmitgliedschaft<\/span><\/div><div class=\"sc_price_block_money\"><div class=\"sc_price\"><span class=\"sc_price_currency\">\u20ac<\/span><span class=\"sc_price_money\">1295<\/span><span class=\"sc_price_period\">j\u00e4hrlich<\/span><\/div><\/div><div class=\"sc_price_block_description\"><span style=\"color: #152229;\">incl. 200 \u20ac Verwaltungspauschale. Voraussetzung: Vollmitgliedschaft in einem vom DGV oder \u00d6GV anerkannten Golfclub.<\/span><br \/>\n<span style=\"color: #152229;\">Nachweis j\u00e4hrlich bis 31.01.\u00a0<\/span><\/div><div class=\"sc_price_block_link\"><a href=\"mailto:info@golfclub-abenberg.de?subject=Mitgliedschaftsbeantragung%20Zweitmitgliedschaft\" class=\"sc_button sc_button_square sc_button_style_filled sc_button_size_medium\">MITGLIEDSCHAFT BEANTRAGEN<\/a><\/div><\/div>[vc_empty_space]<\/div><div class=\"column-1_3 sc_column_item sc_column_item_6 even\"><div class=\"sc_price_block sc_price_block_style_1\" style=\"height:330px;\"><div class=\"sc_price_block_title\"><span>Firmenmitgliedschaft<\/span><\/div><div class=\"sc_price_block_money\"><div class=\"sc_price\"><span class=\"sc_price_currency\">\u20ac<\/span><span class=\"sc_price_money\">auf Anfrage<\/span><\/div><\/div><div class=\"sc_price_block_description\"><span style=\"color: #152229;\">Attraktive Vorteile f\u00fcr Ihr Unternehmen und die Gesundheit Ihrer Mitarbeiter.<\/span><\/div><div class=\"sc_price_block_link\"><a href=\"mailto:info@golfclub-abenberg.de?subject=Mitgliedschaftsbeantragung%20Firmenmitgliedschaft\" class=\"sc_button sc_button_square sc_button_style_filled sc_button_size_medium\">MITGLIEDSCHAFT BEANTRAGEN<\/a><\/div><\/div>[vc_empty_space]<\/div><div class=\"column-1_3 sc_column_item sc_column_item_7 odd\"><div class=\"sc_price_block sc_price_block_style_1\" style=\"height:330px;\"><div class=\"sc_price_block_title\"><span>Fernmitgliedschaft I<\/span><\/div><div class=\"sc_price_block_money\"><div class=\"sc_price\"><span class=\"sc_price_currency\">\u20ac<\/span><span class=\"sc_price_money\">435<\/span><span class=\"sc_price_period\">j\u00e4hrlich<\/span><\/div><\/div><div class=\"sc_price_block_description\"><span style=\"color: #152229;\">Voraussetzung: eingetragener<strong> Wohnort weiter als<\/strong><br \/>\n<strong>200 km vom GCA entfernt<\/strong>. Nachweis j\u00e4hrlich<br \/>\nbis 31.01. zu erbringen, incl. 6&#215;18-Loch-Runde<\/span><\/p>\n<p><span style=\"color: #152229;\">\u00a0<\/span><\/div><div class=\"sc_price_block_link\"><a href=\"mailto:info@golfclub-abenberg.de?subject=Mitgliedschaftsbeantragung%20Fernmitgliedschaft\" class=\"sc_button sc_button_square sc_button_style_filled sc_button_size_medium\">MITGLIEDSCHAFT BEANTRAGEN<\/a><\/div><\/div>[vc_empty_space]<\/div><div class=\"column-1_3 sc_column_item sc_column_item_8 even\"><div class=\"sc_price_block sc_price_block_style_1\" style=\"height:330px;\"><div class=\"sc_price_block_title\"><span>Fernmitgliedschaft II<\/span><\/div><div class=\"sc_price_block_money\"><div class=\"sc_price\"><span class=\"sc_price_currency\">\u20ac<\/span><span class=\"sc_price_money\">1295<\/span><span class=\"sc_price_period\">j\u00e4hrlich<\/span><\/div><\/div><div class=\"sc_price_block_description\"><span style=\"color: #152229;\">\u00a0incl. 200 \u20ac Verwaltungspauschale. Voraussetzung: eingetr.<strong> Wohnort weiter als<\/strong><\/span><br \/>\n<span style=\"color: #152229;\"><strong>80 km vom GCA entfernt,<\/strong> Nachweis j\u00e4hrlich<\/span><br \/>\n<span style=\"color: #152229;\">bis 31.01.<br \/>\n<\/span><\/div><div class=\"sc_price_block_link\"><a href=\"mailto:info@golfclub-abenberg.de?subject=Mitgliedschaftsbeantragung%20Fernmitgliedschaft\" class=\"sc_button sc_button_square sc_button_style_filled sc_button_size_medium\">MITGLIEDSCHAFT BEANTRAGEN<\/a><\/div><\/div>[vc_empty_space]<\/div><div class=\"column-1_3 sc_column_item sc_column_item_9 odd\"><div class=\"sc_price_block sc_price_block_style_1\" style=\"height:330px;\"><div class=\"sc_price_block_title\"><span>Jugendliche<\/span><\/div><div class=\"sc_price_block_money\"><div class=\"sc_price\"><span class=\"sc_price_currency\">\u20ac<\/span><span class=\"sc_price_money\">215<\/span><span class=\"sc_price_period\">j\u00e4hrlich<\/span><\/div><\/div><div class=\"sc_price_block_description\"><span style=\"color: #152229;\">Mitgliedschaft f\u00fcr Jugendliche von 15-18 Jahre.<\/span><\/div><div class=\"sc_price_block_link\"><a href=\"mailto:info@golfclub-abenberg.de?subject=Mitgliedschaftsbeantragung%20Jugendliche\" class=\"sc_button sc_button_square sc_button_style_filled sc_button_size_medium\">MITGLIEDSCHAFT BEANTRAGEN<\/a><\/div><\/div>[vc_empty_space]<\/div><div class=\"column-1_3 sc_column_item sc_column_item_10 even\"><div class=\"sc_price_block sc_price_block_style_1\" style=\"height:330px;\"><div class=\"sc_price_block_title\"><span>Berufseinsteiger<\/span><\/div><div class=\"sc_price_block_money\"><div class=\"sc_price\"><span class=\"sc_price_currency\">\u20ac<\/span><span class=\"sc_price_money\">1325<\/span><span class=\"sc_price_period\">j\u00e4hrlich<\/span><\/div><\/div><div class=\"sc_price_block_description\"><span style=\"color: #152229;\">Vollmitgliedschaft incl. 200 \u20ac Verwaltungspauschale: ins Berufsleben startende Mitglieder f\u00fcr max.<br \/>\n5 Jahre ab Ausbildungsende (mit Nachweis);\u00a0<\/span><\/div><div class=\"sc_price_block_link\"><a href=\"mailto:info@golfclub-abenberg.de?subject=Mitgliedschaftsbeantragung%20Berufseinsteiger\" class=\"sc_button sc_button_square sc_button_style_filled sc_button_size_medium\">MITGLIEDSCHAFT BEANTRAGEN<\/a><\/div><\/div><\/div><div class=\"column-1_3 sc_column_item sc_column_item_11 odd\"><div class=\"sc_price_block sc_price_block_style_1\" style=\"height:330px;\"><div class=\"sc_price_block_title\"><span>Kinder<\/span><\/div><div class=\"sc_price_block_money\"><div class=\"sc_price\"><span class=\"sc_price_currency\">\u20ac<\/span><span class=\"sc_price_money\">135<\/span><span class=\"sc_price_period\">j\u00e4hrlich<\/span><\/div><\/div><div class=\"sc_price_block_description\"><span style=\"color: #152229;\">Mitgliedschaft f\u00fcr Kinder bis 14 Jahre.<\/span><\/div><div class=\"sc_price_block_link\"><a href=\"mailto:info@golfclub-abenberg.de?subject=Mitgliedschaftsbeantragung%20Kinder\" class=\"sc_button sc_button_square sc_button_style_filled sc_button_size_medium\">MITGLIEDSCHAFT BEANTRAGEN<\/a><\/div><\/div>[vc_empty_space]<\/div><div class=\"column-1_3 sc_column_item sc_column_item_12 even\"><div class=\"sc_price_block sc_price_block_style_1\" style=\"height:330px;\"><div class=\"sc_price_block_title\"><span>Azubis & Studenten<\/span><\/div><div class=\"sc_price_block_money\"><div class=\"sc_price\"><span class=\"sc_price_currency\">\u20ac<\/span><span class=\"sc_price_money\">380<\/span><span class=\"sc_price_period\">j\u00e4hrlich<\/span><\/div><\/div><div class=\"sc_price_block_description\"><span style=\"color: #152229;\">Mitgliedschaft f\u00fcr Azubis &amp; Studenten<\/span><br \/>\n<span style=\"color: #152229;\">von 19-27 Jahre.<\/span><\/div><div class=\"sc_price_block_link\"><a href=\"mailto:info@golfclub-abenberg.de?subject=Mitgliedschaftsbeantragung%20Azubis%20&%20Studenten\" class=\"sc_button sc_button_square sc_button_style_filled sc_button_size_medium\">MITGLIEDSCHAFT BEANTRAGEN<\/a><\/div><\/div><\/div><div class=\"column-1_3 sc_column_item sc_column_item_13 odd\"><\/div><\/div><\/div><\/div><\/div><div class=\"sc_section\"><div class=\"sc_section_inner\"><div class=\"sc_section_content_wrap\"><h3 class=\"sc_title sc_title_regular margin_bottom_small\">SPIELBERECHTIGUNG<\/h3><\/div><\/div><\/div><div class=\"columns_wrap sc_columns columns_nofluid sc_columns_count_3\"><div class=\"column-1_3 sc_column_item sc_column_item_1 odd first\"><div class=\"sc_price_block sc_price_block_style_1\" style=\"height:330px;\"><div class=\"sc_price_block_title\"><span>Jahresspielgeb\u00fchr Kurzplatz<\/span><\/div><div class=\"sc_price_block_money\"><div class=\"sc_price\"><span class=\"sc_price_currency\">\u20ac<\/span><span class=\"sc_price_money\">349<\/span><span class=\"sc_price_period\">j\u00e4hrlich<\/span><\/div><\/div><div class=\"sc_price_block_description\">12 Monate Nutzung von Kurzplatz<br \/>\nund \u00dcbungseinrichtungen<\/div><div class=\"sc_price_block_link\"><a href=\"mailto:info@golfclub-abenberg.de?subject=Spielberechtigung\" class=\"sc_button sc_button_square sc_button_style_filled sc_button_size_medium\">SPIELBERECHTIGUNG BEANTRAGEN<\/a><\/div><\/div><\/div><\/div>[vc_empty_space height=&#8220;4em&#8220;][\/vc_column][\/vc_row]<\/p>\n","protected":false},"excerpt":{"rendered":"<p>[vc_row][vc_column][\/vc_column][\/vc_row][vc_row full_width=&#8220;stretch_row&#8220; css=&#8220;.vc_custom_1587365937105{background-color: #f7f5f1 !important;}&#8220;][vc_column offset=&#8220;vc_hidden-xs&#8220;][vc_empty_space height=&#8220;3em&#8220;][vc_empty_space height=&#8220;4em&#8220;][\/vc_column][\/vc_row][vc_row full_width=&#8220;stretch_row&#8220; css=&#8220;.vc_custom_1587365937105{background-color: #f7f5f1 !important;}&#8220;][vc_column offset=&#8220;vc_hidden-lg vc_hidden-md vc_hidden-sm&#8220;][vc_empty_space height=&#8220;3em&#8220;][vc_empty_space height=&#8220;4em&#8220;][\/vc_column][\/vc_row][vc_row][vc_column][vc_empty_space height=&#8220;3em&#8220;][vc_empty_space height=&#8220;2em&#8220;][vc_empty_space height=&#8220;4em&#8220;][\/vc_column][\/vc_row]<\/p>\n","protected":false},"author":1,"featured_media":0,"parent":0,"menu_order":0,"comment_status":"closed","ping_status":"closed","template":"","meta":{"_EventAllDay":false,"_EventTimezone":"","_EventStartDate":"","_EventEndDate":"","_EventStartDateUTC":"","_EventEndDateUTC":"","_EventShowMap":false,"_EventShowMapLink":false,"_EventURL":"","_EventCost":"","_EventCostDescription":"","_EventCurrencySymbol":"","_EventCurrencyCode":"","_EventCurrencyPosition":"","_EventDateTimeSeparator":"","_EventTimeRangeSeparator":"","_EventOrganizerID":[],"_EventVenueID":0,"_OrganizerEmail":"","_OrganizerPhone":"","_OrganizerWebsite":"","_VenueAddress":"","_VenueCity":"","_VenueCountry":"","_VenueProvince":"","_VenueZip":"","_VenuePhone":"","_VenueURL":"","_VenueStateProvince":"","_VenueLat":"","_VenueLng":"","_links_to":"","_links_to_target":""},"_links":{"self":[{"href":"https:\/\/golfclubabenberg.de\/index.php\/wp-json\/wp\/v2\/pages\/14025"}],"collection":[{"href":"https:\/\/golfclubabenberg.de\/index.php\/wp-json\/wp\/v2\/pages"}],"about":[{"href":"https:\/\/golfclubabenberg.de\/index.php\/wp-json\/wp\/v2\/types\/page"}],"author":[{"embeddable":true,"href":"https:\/\/golfclubabenberg.de\/index.php\/wp-json\/wp\/v2\/users\/1"}],"replies":[{"embeddable":true,"href":"https:\/\/golfclubabenberg.de\/index.php\/wp-json\/wp\/v2\/comments?post=14025"}],"version-history":[{"count":9,"href":"https:\/\/golfclubabenberg.de\/index.php\/wp-json\/wp\/v2\/pages\/14025\/revisions"}],"predecessor-version":[{"id":20122,"href":"https:\/\/golfclubabenberg.de\/index.php\/wp-json\/wp\/v2\/pages\/14025\/revisions\/20122"}],"wp:attachment":[{"href":"https:\/\/golfclubabenberg.de\/index.php\/wp-json\/wp\/v2\/media?parent=14025"}],"curies":[{"name":"wp","href":"https:\/\/api.w.org\/{rel}","templated":true}]}}