{"id":14019,"date":"2020-04-17T16:40:01","date_gmt":"2020-04-17T14:40:01","guid":{"rendered":"https:\/\/golfclubabenberg.de\/?page_id=14019"},"modified":"2020-06-17T15:33:25","modified_gmt":"2020-06-17T13:33:25","slug":"partnerhotels-ausland","status":"publish","type":"page","link":"https:\/\/golfclubabenberg.de\/index.php\/partnerhotels-ausland\/","title":{"rendered":"Partnerhotels Ausland"},"content":{"rendered":"<p>[vc_row][vc_column]<div class=\"sc_section\"><div class=\"sc_section_inner\"><div class=\"sc_section_content_wrap\"><h1 class=\"sc_title sc_title_underline\">Partnerhotels f\u00fcr Mitglieder<\/h1><\/div><\/div><\/div>[\/vc_column][\/vc_row][vc_row full_width=&#8220;stretch_row&#8220; css=&#8220;.vc_custom_1587134641915{background-color: #f7f5f1 !important;}&#8220;][vc_column][vc_empty_space height=&#8220;3em&#8220;]<div class=\"sc_section\"><div class=\"sc_section_inner\"><div class=\"sc_section_content_wrap\">[vc_column_text]<span style=\"color: #152229;\">F\u00fcr unsere reisefreudigen Mitglieder haben wir interessante Konditionen\u00a0<\/span><span style=\"color: #152229;\">mit aktuell einem Partnerhotel in <strong>S\u00fcdtirol<\/strong> vereinbart. Vor Ort<\/span><span style=\"color: #152229;\"> weisen Sie sich bitte mit Ihrem <strong>GCA Mitgliedsausweis<\/strong> des aktuellen Jahres aus.<\/span>[\/vc_column_text]<\/div><\/div><\/div><div class=\"sc_section\"><div class=\"sc_section_inner\"><div class=\"sc_section_content_wrap\">[vc_empty_space height=&#8220;3em&#8220;]<h3 class=\"sc_title sc_title_regular\">HOTEL MIRABELL, OLANG\/S\u00dcDTIROL<\/h3><div class=\"columns_wrap sc_columns columns_nofluid sc_columns_count_2\"><div class=\"column-1_2 sc_column_item sc_column_item_1 odd first\">[vc_column_text]F\u00fcr unsere Mitglieder haben wir einen neuen Hotelpartner mit attraktiven Konditionen gewinnen k\u00f6nnen: Die F\u00fcnf-Sterne Wellness Residenz <a href=\"https:\/\/www.mirabell.it\">Mirabell<\/a> in Olang\/S\u00fcdtirol. Das Haus steht\u00a0 f\u00fcr exklusive Wellness- und haubengekr\u00f6nte Gaumenerlebnisse. 55 ger\u00e4umige Suiten und Zimmer, 1400 m\u00b2 Wellnessbereich und eine Vielzahl an Beauty- und Ayurveda-Anwendungen durch das erfahrene Aurora Spa Team laden zum entspannen ein.<\/p>\n<p>In den Dolomiten gelegen ist das Hotel mit hauseigener Golfanlage und -schule ein idealer Ausgangspunkt f\u00fcr zahlreiche Outdoor-Aktivit\u00e4ten, im Winter vor allem auch f\u00fcr Skifahren auf dem Kronplatz.[\/vc_column_text]<\/div><div class=\"column-1_2 sc_column_item sc_column_item_2 even\">[vc_column_text]F\u00fcr unsere Mitglieder gew\u00e4hrt das Haus\u00a0ab 3 \u00dcbernachtungen einen Preisnachlass von 10% auf den Listenpreis. So k\u00f6nnen Sie Ihren Aufenthalt in Umfang und Inhalt selbst bestimmen.<\/p>\n<p>Buchungsanfragen unter:<br \/>\n<a href=\"mailto:hotel@mirabell.it\">hotel@mirabell.it<\/a>,<br \/>\n<a href=\"tel:+39474496191\">Tel. (+39) 474 496191<\/a><\/p>\n<p>Bitte auf Ihre Mitgliedschaft im GC Abenberg e. V. verweisen.[\/vc_column_text]<\/div><\/div>[vc_empty_space height=&#8220;3em&#8220;][vc_single_image image=&#8220;5649&#8243; img_size=&#8220;full&#8220;][vc_empty_space height=&#8220;3em&#8220;][vc_column_text css=&#8220;.vc_custom_1587135026278{padding-right: 12% !important;}&#8220;]<span style=\"color: #152229;\">Golf spielen kann man auf dem <\/span><a href=\"https:\/\/www.mirabell.it\/de\/golf\/\">hauseigenen Kurzplatz<\/a><span style=\"color: #152229;\"> mit Driving Range und Golfschule. Die n\u00e4chstgelegenen Golfpl\u00e4tze sind der <\/span><a href=\"https:\/\/www.golfpustertal.com\/de\/golfanlage.aspx\">GC Pustertal<\/a><span style=\"color: #152229;\"> in Bruneck (9 Loch) und das <\/span><a href=\"https:\/\/www.dolomitengolf.at\/go\/home\">Dolomitengolf-Resort<\/a><span style=\"color: #152229;\"> in Lienz (27 Loch).<\/span>[\/vc_column_text][vc_empty_space height=&#8220;4em&#8220;]<\/div><\/div><\/div>[\/vc_column][\/vc_row]<\/p>\n","protected":false},"excerpt":{"rendered":"<p>[vc_row][vc_column][\/vc_column][\/vc_row][vc_row full_width=&#8220;stretch_row&#8220; css=&#8220;.vc_custom_1587134641915{background-color: #f7f5f1 !important;}&#8220;][vc_column][vc_empty_space height=&#8220;3em&#8220;][\/vc_column][\/vc_row]<\/p>\n","protected":false},"author":1,"featured_media":0,"parent":0,"menu_order":0,"comment_status":"closed","ping_status":"closed","template":"","meta":{"_EventAllDay":false,"_EventTimezone":"","_EventStartDate":"","_EventEndDate":"","_EventStartDateUTC":"","_EventEndDateUTC":"","_EventShowMap":false,"_EventShowMapLink":false,"_EventURL":"","_EventCost":"","_EventCostDescription":"","_EventCurrencySymbol":"","_EventCurrencyCode":"","_EventCurrencyPosition":"","_EventDateTimeSeparator":"","_EventTimeRangeSeparator":"","_EventOrganizerID":[],"_EventVenueID":0,"_OrganizerEmail":"","_OrganizerPhone":"","_OrganizerWebsite":"","_VenueAddress":"","_VenueCity":"","_VenueCountry":"","_VenueProvince":"","_VenueZip":"","_VenuePhone":"","_VenueURL":"","_VenueStateProvince":"","_VenueLat":"","_VenueLng":"","_links_to":"","_links_to_target":""},"_links":{"self":[{"href":"https:\/\/golfclubabenberg.de\/index.php\/wp-json\/wp\/v2\/pages\/14019"}],"collection":[{"href":"https:\/\/golfclubabenberg.de\/index.php\/wp-json\/wp\/v2\/pages"}],"about":[{"href":"https:\/\/golfclubabenberg.de\/index.php\/wp-json\/wp\/v2\/types\/page"}],"author":[{"embeddable":true,"href":"https:\/\/golfclubabenberg.de\/index.php\/wp-json\/wp\/v2\/users\/1"}],"replies":[{"embeddable":true,"href":"https:\/\/golfclubabenberg.de\/index.php\/wp-json\/wp\/v2\/comments?post=14019"}],"version-history":[{"count":0,"href":"https:\/\/golfclubabenberg.de\/index.php\/wp-json\/wp\/v2\/pages\/14019\/revisions"}],"wp:attachment":[{"href":"https:\/\/golfclubabenberg.de\/index.php\/wp-json\/wp\/v2\/media?parent=14019"}],"curies":[{"name":"wp","href":"https:\/\/api.w.org\/{rel}","templated":true}]}}