{"id":13936,"date":"2020-04-16T13:23:08","date_gmt":"2020-04-16T11:23:08","guid":{"rendered":"https:\/\/golfclubabenberg.de\/?page_id=13936"},"modified":"2025-01-05T10:05:59","modified_gmt":"2025-01-05T09:05:59","slug":"gruppen_herren","status":"publish","type":"page","link":"https:\/\/golfclubabenberg.de\/index.php\/gruppen_herren\/","title":{"rendered":"Herren"},"content":{"rendered":"<p>[vc_row][vc_column]<div class=\"sc_section\"><div class=\"sc_section_inner\"><div class=\"sc_section_content_wrap\"><h1 class=\"sc_title sc_title_underline\">Herren<\/h1><\/div><\/div><\/div>[\/vc_column][\/vc_row][vc_row full_width=&#8220;stretch_row&#8220; inverse=&#8220;&#8220; css=&#8220;.vc_custom_1587036471594{background-color: #f7f5f1 !important;}&#8220;][vc_column css=&#8220;.vc_custom_1486568666009{margin-bottom: 50px !important;}&#8220;][vc_empty_space height=&#8220;3em&#8220;]<div class=\"sc_section\"><div class=\"sc_section_inner\"><div class=\"sc_section_content_wrap\"><div class=\"columns_wrap sc_columns columns_nofluid sc_columns_count_2\"><div class=\"column-1_2 sc_column_item sc_column_item_1 odd first\">[vc_empty_space height=&#8220;2.5em&#8220;][vc_single_image image=&#8220;20124&#8243; img_size=&#8220;full&#8220;]<\/div><div class=\"column-1_2 sc_column_item sc_column_item_2 even\"><h3 class=\"sc_title sc_title_regular\"><span style=\"color: #152229;\"><strong>Treffen:<\/strong><\/span><br \/>\n<span style=\"color: #152229;\">1x monatlich freitags<\/span><\/h3>[vc_column_text]<span style=\"color: #152229;\">Einmal im Monat geht es am Freitag f\u00fcr die Herren sportlich zu: es werden vorgabenwirksame 18 Loch gespielt, einmal im Jahr sogar als Z\u00e4hlspiel.<\/span><\/p>\n<p><span style=\"color: #152229;\">Unbestrittenes Highlight ist jedoch das allj\u00e4hrliche Vatertagsturnier, das vom jeweiligen Sponsor mit &#8222;Bier satt&#8220; ausgestattet wird. Daf\u00fcr reisen gl\u00fcckliche Golfspieler von nah und fern gerne an und lassen sich zu vorger\u00fcckter Stunde von Ihren Partnerinnen abholen.<\/span><\/p>\n<p>Ansprechpartner:<\/p>\n<p>Ingo Bauer, Tel. 0171-2213744; <a href=\"mailto:ingo.bauer@gmx.de\">ingo.bauer(at)gmx.de<\/a>[\/vc_column_text]<\/div><\/div><\/div><\/div><\/div>[vc_empty_space height=&#8220;3em&#8220;][\/vc_column][\/vc_row]<\/p>\n","protected":false},"excerpt":{"rendered":"<p>[vc_row][vc_column][\/vc_column][\/vc_row][vc_row full_width=&#8220;stretch_row&#8220; inverse=&#8220;&#8220; css=&#8220;.vc_custom_1587036471594{background-color: #f7f5f1 !important;}&#8220;][vc_column css=&#8220;.vc_custom_1486568666009{margin-bottom: 50px !important;}&#8220;][vc_empty_space height=&#8220;3em&#8220;][vc_empty_space height=&#8220;3em&#8220;][\/vc_column][\/vc_row]<\/p>\n","protected":false},"author":1,"featured_media":0,"parent":0,"menu_order":0,"comment_status":"closed","ping_status":"closed","template":"","meta":{"_EventAllDay":false,"_EventTimezone":"","_EventStartDate":"","_EventEndDate":"","_EventStartDateUTC":"","_EventEndDateUTC":"","_EventShowMap":false,"_EventShowMapLink":false,"_EventURL":"","_EventCost":"","_EventCostDescription":"","_EventCurrencySymbol":"","_EventCurrencyCode":"","_EventCurrencyPosition":"","_EventDateTimeSeparator":"","_EventTimeRangeSeparator":"","_EventOrganizerID":[],"_EventVenueID":0,"_OrganizerEmail":"","_OrganizerPhone":"","_OrganizerWebsite":"","_VenueAddress":"","_VenueCity":"","_VenueCountry":"","_VenueProvince":"","_VenueZip":"","_VenuePhone":"","_VenueURL":"","_VenueStateProvince":"","_VenueLat":"","_VenueLng":"","_links_to":"","_links_to_target":""},"_links":{"self":[{"href":"https:\/\/golfclubabenberg.de\/index.php\/wp-json\/wp\/v2\/pages\/13936"}],"collection":[{"href":"https:\/\/golfclubabenberg.de\/index.php\/wp-json\/wp\/v2\/pages"}],"about":[{"href":"https:\/\/golfclubabenberg.de\/index.php\/wp-json\/wp\/v2\/types\/page"}],"author":[{"embeddable":true,"href":"https:\/\/golfclubabenberg.de\/index.php\/wp-json\/wp\/v2\/users\/1"}],"replies":[{"embeddable":true,"href":"https:\/\/golfclubabenberg.de\/index.php\/wp-json\/wp\/v2\/comments?post=13936"}],"version-history":[{"count":1,"href":"https:\/\/golfclubabenberg.de\/index.php\/wp-json\/wp\/v2\/pages\/13936\/revisions"}],"predecessor-version":[{"id":20125,"href":"https:\/\/golfclubabenberg.de\/index.php\/wp-json\/wp\/v2\/pages\/13936\/revisions\/20125"}],"wp:attachment":[{"href":"https:\/\/golfclubabenberg.de\/index.php\/wp-json\/wp\/v2\/media?parent=13936"}],"curies":[{"name":"wp","href":"https:\/\/api.w.org\/{rel}","templated":true}]}}