{"id":13841,"date":"2020-04-16T09:05:21","date_gmt":"2020-04-16T07:05:21","guid":{"rendered":"https:\/\/golfclubabenberg.de\/?page_id=13841"},"modified":"2025-01-05T09:59:59","modified_gmt":"2025-01-05T08:59:59","slug":"historie","status":"publish","type":"page","link":"https:\/\/golfclubabenberg.de\/index.php\/historie\/","title":{"rendered":"Historie"},"content":{"rendered":"<p>[vc_row][vc_column]<div class=\"sc_section\"><div class=\"sc_section_inner\"><div class=\"sc_section_content_wrap\"><h1 class=\"sc_title sc_title_underline sc_align_left\" style=\"text-align:left;\">Historie<\/h1><\/div><\/div><\/div>[\/vc_column][\/vc_row][vc_row full_width=&#8220;stretch_row&#8220; css=&#8220;.vc_custom_1587022174608{background-color: #f7f5f1 !important;}&#8220;][vc_column][vc_empty_space height=&#8220;3em&#8220;]<div class=\"columns_wrap sc_columns columns_nofluid sc_columns_count_2\"><div class=\"column-1_2 sc_column_item sc_column_item_1 odd first\"><h3 class=\"sc_title sc_title_regular sc_align_left margin_bottom_tiny\" style=\"text-align:left;\">DIE GESCHICHTE DES CLUBS<\/h3><h6 class=\"sc_title sc_title_regular sc_align_left custom_subtitle theme_accent1 margin_top_null margin_bottom_medium\" style=\"text-align:left;\">Wie alles begann<\/h6>[vc_column_text]<span style=\"color: #152229;\">Einst im Jahr 1988 wurde der Golfclub Franken Abenberg e.V. durch eine kleine, golfbesessene Gruppe gegr\u00fcndet und mit dem Bau der urspr\u00fcnglichen 18-Loch Golfanlage begonnen.<\/span><\/p>\n<p><span style=\"color: #152229;\">Am 12. Mai 1989 wurde der Platz zum Bespielen f\u00fcr die noch geringe Mitgliederzahl freigegeben. 1989 benannte sich der Verein in den Golfclub Abenberg e.V. um. So haben wir im Jahr 2014 unser 25-j\u00e4hriges Jubil\u00e4um mit einer bunten Festwoche gefeiert.<\/span>[\/vc_column_text][vc_empty_space height=&#8220;1em&#8220;]<\/div><div class=\"column-1_2 sc_column_item sc_column_item_2 even\">[vc_empty_space height=&#8220;2em&#8220;][vc_single_image image=&#8220;6768&#8243; img_size=&#8220;full&#8220;]<\/div><\/div>[vc_empty_space height=&#8220;4em&#8220;][\/vc_column][\/vc_row][vc_row css=&#8220;.vc_custom_1587026978342{background-color: #ffffff !important;}&#8220;][vc_column][vc_empty_space height=&#8220;3em&#8220;]<div class=\"columns_wrap sc_columns columns_nofluid sc_columns_count_2\" data-animation=\"animated fadeInLeft normal\"><div class=\"column-1_2 sc_column_item sc_column_item_1 odd first\">[vc_empty_space height=&#8220;2em&#8220;][vc_single_image image=&#8220;6769&#8243; img_size=&#8220;full&#8220;]<\/div><div class=\"column-1_2 sc_column_item sc_column_item_2 even\"><h3 class=\"sc_title sc_title_regular sc_align_left margin_bottom_tiny\" style=\"text-align:left;\">27-LOCH-ANLAGE<\/h3><h6 class=\"sc_title sc_title_regular sc_align_left custom_subtitle theme_accent1 margin_top_null margin_bottom_medium\" style=\"text-align:left;\">F\u00fcr noch mehr spa\u00df am Golf<\/h6>[vc_column_text]<span style=\"color: #152229;\">Die Mitgliederzahlen stiegen stetig an und im September 2005 wurde auf der Mitgliederversammlung die Erweiterung auf 27-Loch beschlossen. Bereits im M\u00e4rz 2007 wurde die 27-Loch-Anlage feierlich er\u00f6ffnet.<\/span><\/p>\n<p><span style=\"color: #152229;\">Was damals ein gro\u00dfer Kraftakt auch f\u00fcr uns Mitglieder war, denn die Umbauma\u00dfnahmen bedeuteten nat\u00fcrlich auch Einschr\u00e4nkungen im Spielbetrieb, ist f\u00fcr uns heute das gr\u00f6\u00dfte Gl\u00fcck! So sind wir die einzige 27-Loch-Anlage in der Metropolregion N\u00fcrnberg und freuen uns dar\u00fcber, dass wir dadurch immer eine Spielm\u00f6glichkeit haben, auch bei laufenden Turnieren oder an stark frequentierten Spieltagen.<\/span>[\/vc_column_text][vc_empty_space height=&#8220;1em&#8220;]<\/div><\/div>[vc_empty_space height=&#8220;4em&#8220;][\/vc_column][\/vc_row][vc_row full_width=&#8220;stretch_row&#8220; css=&#8220;.vc_custom_1587027498838{background-color: #f7f5f1 !important;}&#8220;][vc_column][vc_empty_space height=&#8220;3em&#8220;]<div class=\"columns_wrap sc_columns columns_nofluid sc_columns_count_2\"><div class=\"column-1_2 sc_column_item sc_column_item_1 odd first\"><h3 class=\"sc_title sc_title_regular sc_align_left margin_bottom_tiny\" style=\"text-align:left;\">\u00d6FFENTLICHER 6-LOCH-KURZPLATZ<\/h3><h6 class=\"sc_title sc_title_regular sc_align_left custom_subtitle theme_accent1 margin_top_null margin_bottom_medium\" style=\"text-align:left;\">die gro\u00dfe \u00dcbungsanlage f\u00fcr alle Golfer<\/h6>[vc_column_text]<span style=\"color: #152229;\">Dann im Jahr 2008 wurde noch der komplett neu gestaltete 6-Loch-Akademieplatz er\u00f6ffnet, der uns allen als gro\u00dfz\u00fcgige \u00dcbungsanlage optimale Bedingungen bietet. Bezeichnend f\u00fcr den GC Abenberg ist auch die Tatsache, dass wir sehr engagierte Mitglieder im Verein haben. <\/span><\/p>\n<p><span style=\"color: #152229;\">So gratulierten wir beispielsweise Marlies Witzgall im Jahr 2021 und Ingo Bauer im April 2023, zu ihren 25-j\u00e4hrigen Jubil\u00e4en als Ladies Captain, bzw. Mens Captain.<\/span>[\/vc_column_text][vc_empty_space height=&#8220;1em&#8220;]<\/div><div class=\"column-1_2 sc_column_item sc_column_item_2 even\">[vc_empty_space height=&#8220;2em&#8220;][vc_single_image image=&#8220;6839&#8243; img_size=&#8220;full&#8220;]<\/div><\/div>[vc_empty_space height=&#8220;4em&#8220;][\/vc_column][\/vc_row][vc_row inverse=&#8220;&#8220; css=&#8220;.vc_custom_1587027137575{background-color: #ffffff !important;}&#8220;][vc_column][vc_empty_space height=&#8220;3em&#8220;]<div class=\"columns_wrap sc_columns columns_nofluid sc_columns_count_2\" data-animation=\"animated fadeInLeft normal\"><div class=\"column-1_2 sc_column_item sc_column_item_1 odd first\">[vc_empty_space height=&#8220;2em&#8220;][vc_single_image image=&#8220;10977&#8243; img_size=&#8220;full&#8220;]<\/div><div class=\"column-1_2 sc_column_item sc_column_item_2 even\"><h3 class=\"sc_title sc_title_regular sc_align_left margin_bottom_tiny\" style=\"text-align:left;\">DER CLUB HEUTE<\/h3><h6 class=\"sc_title sc_title_regular sc_align_left custom_subtitle theme_accent1 margin_top_null margin_bottom_medium\" style=\"text-align:left;\">und ein Blick in die Zukunft<\/h6>[vc_column_text]<span style=\"color: #152229;\">Heute z\u00e4hlt der Golfclub Abenberg e.V. zu den bekannten und gesch\u00e4tzten Golfadressen in der Metropolregion N\u00fcrnberg. Und es bereitet uns gro\u00dfe Freude, wenn uns G\u00e4ste aus anderen Clubs sagen, wie sch\u00f6n sie den Platz und wie angenehm sie den kompletten Golftag bei uns empfanden.<\/span><\/p>\n<p><span style=\"color: #152229;\">Besonders freuen wir uns aber dar\u00fcber, dass unsere Mitglieder viel Spa\u00df bei ihrem Hobby und im Verein haben, und dass wir auch hier sehr positives Feedback erhalten. Wir sind also auf dem richtigen Weg!<\/span>[\/vc_column_text][vc_empty_space height=&#8220;1em&#8220;]<\/div><\/div>[vc_empty_space height=&#8220;4em&#8220;][\/vc_column][\/vc_row][vc_row full_width=&#8220;stretch_row&#8220; parallax=&#8220;content-moving&#8220; parallax_image=&#8220;14502&#8243; css=&#8220;.vc_custom_1594816750366{background-color: #f7f5f1 !important;}&#8220;][vc_column offset=&#8220;vc_hidden-sm vc_hidden-xs&#8220;][vc_empty_space height=&#8220;3em&#8220;]<div class=\"sc_section\" data-animation=\"animated fadeInRight normal\"><div class=\"sc_section_inner\"><div class=\"sc_section_content_wrap\"><h3 class=\"sc_title sc_title_regular sc_align_left margin_bottom_tiny\" style=\"text-align:left;color:#ffffff;\">PR\u00c4SIDENTEN DES GOLFCLUB ABENBERG E.V.<\/h3><h6 class=\"sc_title sc_title_regular sc_align_left custom_subtitle theme_accent1 margin_top_null margin_bottom_small\" style=\"text-align:left;\">seit der Clubgr\u00fcndung<\/h6>[vc_empty_space]<div class=\"columns_wrap sc_columns columns_nofluid sc_columns_count_6\"><div class=\"column-1_6 sc_column_item sc_column_item_1 odd first\"><div class=\"sc_price_block sc_price_block_style_1\" style=\"height:250px;\" data-animation=\"animated fadeInUp normal\"><div class=\"sc_price_block_title\"><span>1988 - 1993<\/span><\/div><div class=\"sc_price_block_money\"><div class=\"sc_price_block_icon icon-cup34\"><\/div><\/div><div class=\"sc_price_block_description\"><span style=\"color: #152229;\">PR\u00c4SIDENT<\/span><br \/>\n<span style=\"color: #152229;\">WALTER KERSCHER<\/span><\/div><\/div><\/div><div class=\"column-1_6 sc_column_item sc_column_item_2 even\"><div class=\"sc_price_block sc_price_block_style_1\" style=\"height:250px;\" data-animation=\"animated fadeInUp normal\"><div class=\"sc_price_block_title\"><span>1993 - 1998<\/span><\/div><div class=\"sc_price_block_money\"><div class=\"sc_price_block_icon icon-cup34\"><\/div><\/div><div class=\"sc_price_block_description\"><span style=\"color: #152229;\">PR\u00c4SIDENT<\/span><br \/>\n<span style=\"color: #152229;\">WILLY SPECK<\/span><\/p>\n<p><span style=\"color: #152229;\">\u00a0<\/span><\/div><\/div><\/div><div class=\"column-1_6 sc_column_item sc_column_item_3 odd\"><div class=\"sc_price_block sc_price_block_style_1\" style=\"height:250px;\" data-animation=\"animated fadeInUp normal\"><div class=\"sc_price_block_title\"><span>1998 - 2001<\/span><\/div><div class=\"sc_price_block_money\"><div class=\"sc_price_block_icon icon-cup34\"><\/div><\/div><div class=\"sc_price_block_description\"><span style=\"color: #152229;\">PR\u00c4SIDENT<\/span><br \/>\n<span style=\"color: #152229;\">PETER ADAMI<\/span><\/div><\/div><\/div><div class=\"column-1_6 sc_column_item sc_column_item_4 even\"><div class=\"sc_price_block sc_price_block_style_1\" style=\"height:250px;\" data-animation=\"animated fadeInUp normal\"><div class=\"sc_price_block_title\"><span>2001 - 2004<\/span><\/div><div class=\"sc_price_block_money\"><div class=\"sc_price_block_icon icon-cup34\"><\/div><\/div><div class=\"sc_price_block_description\"><span style=\"color: #152229;\">PR\u00c4SIDENT<\/span><br \/>\n<span style=\"color: #152229;\">EMIL SORGER<\/span><\/div><\/div><\/div><div class=\"column-1_6 sc_column_item sc_column_item_5 odd\"><div class=\"sc_price_block sc_price_block_style_1\" style=\"height:250px;\" data-animation=\"animated fadeInUp normal\"><div class=\"sc_price_block_title\"><span>2004 - 2013<\/span><\/div><div class=\"sc_price_block_money\"><div class=\"sc_price_block_icon icon-cup34\"><\/div><\/div><div class=\"sc_price_block_description\"><span style=\"color: #152229;\">PR\u00c4SIDENT<\/span><br \/>\n<span style=\"color: #152229;\">PETER VORGEL<\/span><\/p>\n<p><span style=\"color: #152229;\">\u00a0<\/span><\/div><\/div><\/div><div class=\"column-1_6 sc_column_item sc_column_item_6 even\"><div class=\"sc_price_block sc_price_block_style_1\" style=\"height:250px;\" data-animation=\"animated fadeInUp normal\"><div class=\"sc_price_block_title\"><span>Seit 2013<\/span><\/div><div class=\"sc_price_block_money\"><div class=\"sc_price_block_icon icon-cup34\"><\/div><\/div><div class=\"sc_price_block_description\"><span style=\"color: #152229;\">PR\u00c4SIDENT<\/span><br \/>\n<span style=\"color: #152229;\">GERD KEHRBACH<\/span><\/p>\n<p><span style=\"color: #152229;\">\u00a0<\/span><\/div><\/div><\/div><div class=\"column-1_6 sc_column_item sc_column_item_7 odd\"><\/div><\/div><\/div><\/div><\/div>[vc_empty_space height=&#8220;4em&#8220;][\/vc_column][\/vc_row][vc_row full_width=&#8220;stretch_row&#8220; parallax=&#8220;content-moving&#8220; parallax_image=&#8220;14502&#8243; css=&#8220;.vc_custom_1594816910082{background-color: #f7f5f1 !important;}&#8220;][vc_column offset=&#8220;vc_hidden-lg vc_hidden-md&#8220;][vc_empty_space height=&#8220;3em&#8220;]<div class=\"sc_section\" data-animation=\"animated fadeInRight normal\"><div class=\"sc_section_inner\"><div class=\"sc_section_content_wrap\"><h3 class=\"sc_title sc_title_regular sc_align_left margin_bottom_tiny\" style=\"text-align:left;color:#ffffff;\">PR\u00c4SIDENTEN DES GOLFCLUB ABENBERG E.V.<\/h3><h6 class=\"sc_title sc_title_regular sc_align_left custom_subtitle theme_accent1 margin_top_null margin_bottom_small\" style=\"text-align:left;\">seit der Clubgr\u00fcndung<\/h6>[vc_empty_space]<div class=\"columns_wrap sc_columns columns_nofluid sc_columns_count_3\"><div class=\"column-1_3 sc_column_item sc_column_item_1 odd first\"><div class=\"sc_price_block sc_price_block_style_1\" style=\"height:250px;\" data-animation=\"animated fadeInUp normal\"><div class=\"sc_price_block_title\"><span>1988 - 1993<\/span><\/div><div class=\"sc_price_block_money\"><div class=\"sc_price_block_icon icon-cup34\"><\/div><\/div><div class=\"sc_price_block_description\"><span style=\"color: #152229;\">PR\u00c4SIDENT<\/span><br \/>\n<span style=\"color: #152229;\">WALTER KERSCHER<\/span><\/div><\/div><\/div><div class=\"column-1_3 sc_column_item sc_column_item_2 even\"><div class=\"sc_price_block sc_price_block_style_1\" style=\"height:250px;\" data-animation=\"animated fadeInUp normal\"><div class=\"sc_price_block_title\"><span>1993 - 1998<\/span><\/div><div class=\"sc_price_block_money\"><div class=\"sc_price_block_icon icon-cup34\"><\/div><\/div><div class=\"sc_price_block_description\"><span style=\"color: #152229;\">PR\u00c4SIDENT<\/span><br \/>\n<span style=\"color: #152229;\">WILLY SPECK<\/span><\/p>\n<p><span style=\"color: #152229;\">\u00a0<\/span><\/div><\/div><\/div><div class=\"column-1_3 sc_column_item sc_column_item_3 odd\"><div class=\"sc_price_block sc_price_block_style_1\" style=\"height:250px;\" data-animation=\"animated fadeInUp normal\"><div class=\"sc_price_block_title\"><span>1998 - 2001<\/span><\/div><div class=\"sc_price_block_money\"><div class=\"sc_price_block_icon icon-cup34\"><\/div><\/div><div class=\"sc_price_block_description\"><span style=\"color: #152229;\">PR\u00c4SIDENT<\/span><br \/>\n<span style=\"color: #152229;\">PETER ADAMI<\/span><\/div><\/div><\/div><\/div><div class=\"columns_wrap sc_columns columns_nofluid sc_columns_count_3\"><div class=\"column-1_3 sc_column_item sc_column_item_1 odd first\"><div class=\"sc_price_block sc_price_block_style_1\" style=\"height:250px;\" data-animation=\"animated fadeInUp normal\"><div class=\"sc_price_block_title\"><span>2001 - 2004<\/span><\/div><div class=\"sc_price_block_money\"><div class=\"sc_price_block_icon icon-cup34\"><\/div><\/div><div class=\"sc_price_block_description\"><span style=\"color: #152229;\">PR\u00c4SIDENT<\/span><br \/>\n<span style=\"color: #152229;\">EMIL SORGER<\/span><\/div><\/div><\/div><div class=\"column-1_3 sc_column_item sc_column_item_2 even\"><div class=\"sc_price_block sc_price_block_style_1\" style=\"height:250px;\" data-animation=\"animated fadeInUp normal\"><div class=\"sc_price_block_title\"><span>2004 - 2013<\/span><\/div><div class=\"sc_price_block_money\"><div class=\"sc_price_block_icon icon-cup34\"><\/div><\/div><div class=\"sc_price_block_description\"><span style=\"color: #152229;\">PR\u00c4SIDENT<\/span><br \/>\n<span style=\"color: #152229;\">PETER VORGEL<\/span><\/p>\n<p><span style=\"color: #152229;\">\u00a0<\/span><\/div><\/div><\/div><div class=\"column-1_3 sc_column_item sc_column_item_3 odd\"><div class=\"sc_price_block sc_price_block_style_1\" style=\"height:250px;\" data-animation=\"animated fadeInUp normal\"><div class=\"sc_price_block_title\"><span>Seit 2013<\/span><\/div><div class=\"sc_price_block_money\"><div class=\"sc_price_block_icon icon-cup34\"><\/div><\/div><div class=\"sc_price_block_description\"><span style=\"color: #152229;\">PR\u00c4SIDENT<\/span><br \/>\n<span style=\"color: #152229;\">GERD KEHRBACH<\/span><\/p>\n<p><span style=\"color: #152229;\">\u00a0<\/span><\/div><\/div><\/div><\/div><\/div><\/div><\/div>[vc_empty_space height=&#8220;4em&#8220;][\/vc_column][\/vc_row]<\/p>\n","protected":false},"excerpt":{"rendered":"<p>[vc_row][vc_column][\/vc_column][\/vc_row][vc_row full_width=&#8220;stretch_row&#8220; css=&#8220;.vc_custom_1587022174608{background-color: #f7f5f1 !important;}&#8220;][vc_column][vc_empty_space height=&#8220;3em&#8220;][vc_empty_space height=&#8220;4em&#8220;][\/vc_column][\/vc_row][vc_row css=&#8220;.vc_custom_1587026978342{background-color: #ffffff !important;}&#8220;][vc_column][vc_empty_space height=&#8220;3em&#8220;][vc_empty_space height=&#8220;4em&#8220;][\/vc_column][\/vc_row][vc_row full_width=&#8220;stretch_row&#8220; css=&#8220;.vc_custom_1587027498838{background-color: #f7f5f1 !important;}&#8220;][vc_column][vc_empty_space height=&#8220;3em&#8220;][vc_empty_space height=&#8220;4em&#8220;][\/vc_column][\/vc_row][vc_row inverse=&#8220;&#8220; css=&#8220;.vc_custom_1587027137575{background-color: #ffffff !important;}&#8220;][vc_column][vc_empty_space height=&#8220;3em&#8220;][vc_empty_space height=&#8220;4em&#8220;][\/vc_column][\/vc_row][vc_row full_width=&#8220;stretch_row&#8220; parallax=&#8220;content-moving&#8220; parallax_image=&#8220;14502&#8243; css=&#8220;.vc_custom_1594816750366{background-color: #f7f5f1 !important;}&#8220;][vc_column [&hellip;]<\/p>\n","protected":false},"author":1,"featured_media":0,"parent":0,"menu_order":0,"comment_status":"closed","ping_status":"closed","template":"","meta":{"_EventAllDay":false,"_EventTimezone":"","_EventStartDate":"","_EventEndDate":"","_EventStartDateUTC":"","_EventEndDateUTC":"","_EventShowMap":false,"_EventShowMapLink":false,"_EventURL":"","_EventCost":"","_EventCostDescription":"","_EventCurrencySymbol":"","_EventCurrencyCode":"","_EventCurrencyPosition":"","_EventDateTimeSeparator":"","_EventTimeRangeSeparator":"","_EventOrganizerID":[],"_EventVenueID":0,"_OrganizerEmail":"","_OrganizerPhone":"","_OrganizerWebsite":"","_VenueAddress":"","_VenueCity":"","_VenueCountry":"","_VenueProvince":"","_VenueZip":"","_VenuePhone":"","_VenueURL":"","_VenueStateProvince":"","_VenueLat":"","_VenueLng":"","_links_to":"","_links_to_target":""},"_links":{"self":[{"href":"https:\/\/golfclubabenberg.de\/index.php\/wp-json\/wp\/v2\/pages\/13841"}],"collection":[{"href":"https:\/\/golfclubabenberg.de\/index.php\/wp-json\/wp\/v2\/pages"}],"about":[{"href":"https:\/\/golfclubabenberg.de\/index.php\/wp-json\/wp\/v2\/types\/page"}],"author":[{"embeddable":true,"href":"https:\/\/golfclubabenberg.de\/index.php\/wp-json\/wp\/v2\/users\/1"}],"replies":[{"embeddable":true,"href":"https:\/\/golfclubabenberg.de\/index.php\/wp-json\/wp\/v2\/comments?post=13841"}],"version-history":[{"count":1,"href":"https:\/\/golfclubabenberg.de\/index.php\/wp-json\/wp\/v2\/pages\/13841\/revisions"}],"predecessor-version":[{"id":20123,"href":"https:\/\/golfclubabenberg.de\/index.php\/wp-json\/wp\/v2\/pages\/13841\/revisions\/20123"}],"wp:attachment":[{"href":"https:\/\/golfclubabenberg.de\/index.php\/wp-json\/wp\/v2\/media?parent=13841"}],"curies":[{"name":"wp","href":"https:\/\/api.w.org\/{rel}","templated":true}]}}