{"id":13817,"date":"2020-04-15T16:25:24","date_gmt":"2020-04-15T14:25:24","guid":{"rendered":"https:\/\/golfclubabenberg.de\/?page_id=13817"},"modified":"2025-02-06T10:23:48","modified_gmt":"2025-02-06T09:23:48","slug":"mitglied-werden","status":"publish","type":"page","link":"https:\/\/golfclubabenberg.de\/index.php\/mitglied-werden\/","title":{"rendered":"Mitglied werden"},"content":{"rendered":"<p>[vc_row][vc_column]<div class=\"sc_section\"><div class=\"sc_section_inner\"><div class=\"sc_section_content_wrap\"><h1 class=\"sc_title sc_title_underline margin_bottom_medium\">Mitglied werden<\/h1><\/div><\/div><\/div>[\/vc_column][\/vc_row][vc_row full_width=&#8220;stretch_row&#8220; css=&#8220;.vc_custom_1456831732527{background-color: #f7f5f1 !important;}&#8220;][vc_column css=&#8220;.vc_custom_1486039494471{padding-bottom: 20px !important;}&#8220;][vc_empty_space height=&#8220;0.5em&#8220;]<div class=\"columns_wrap sc_columns columns_nofluid sc_columns_count_2\"><div class=\"column-1_2 sc_column_item sc_column_item_1 odd first\">[vc_empty_space height=&#8220;2em&#8220;]<h3 class=\"sc_title sc_title_regular margin_top_medium margin_bottom_medium\">MITGLIED IM GOLFCLUB ABENBERG WERDEN WEIL&#8230;<\/h3><ul class=\"sc_list sc_list_style_iconed margin_top_null margin_bottom_tiny-\" style=\"color:#152229;\"><li class=\"sc_list_item odd first\" title=\"\u2026 Golf spielen bei uns unglaublich viel Spa\u00df macht.\"><span class=\"sc_list_icon icon-check93\"><\/span>\u2026 Golf spielen bei uns unglaublich viel Spa\u00df macht.<\/li><li class=\"sc_list_item even\" title=\"\u2026 wir \u00fcber ideale Trainingsm\u00f6glichkeiten verf\u00fcgen.\"><span class=\"sc_list_icon icon-check93\"><\/span>\u2026 wir \u00fcber ideale Trainingsm\u00f6glichkeiten verf\u00fcgen.<\/li><li class=\"sc_list_item odd\" title=\"\u2026 unsere Golflehrer alles tun, damit sich Ihr Golfspiel weiter verbessert.\"><span class=\"sc_list_icon icon-check93\"><\/span>\u2026 unsere Golflehrer alles tun, damit sich Ihr Golfspiel weiter verbessert.<\/li><li class=\"sc_list_item even\" title=\"\u2026 man in unseren Gruppen gut aufgehoben ist.\"><span class=\"sc_list_icon icon-check93\"><\/span>\u2026 man in unseren Gruppen gut aufgehoben ist.<\/li><li class=\"sc_list_item odd\" title=\"\u2026 Sie ein aktives Vereinsleben vorfinden, wenn Sie sich anschlie\u00dfen wollen.\"><span class=\"sc_list_icon icon-check93\"><\/span>\u2026 Sie ein aktives Vereinsleben vorfinden, wenn Sie sich anschlie\u00dfen wollen.<\/li><li class=\"sc_list_item even\" title=\"\u2026 man bei uns immer Golf spielen kann \u2013 auch zu stark frequentierten Zeiten.\"><span class=\"sc_list_icon icon-check93\"><\/span>\u2026 man bei uns immer Golf spielen kann \u2013 auch zu stark frequentierten Zeiten.<\/li><li class=\"sc_list_item odd\" title=\"\u2026 wir alles tun, damit Sie sich bei uns wohl f\u00fchlen!\"><span class=\"sc_list_icon icon-check93\"><\/span>\u2026 wir alles tun, damit Sie sich bei uns wohl f\u00fchlen!<\/li><\/ul>[vc_column_text css=&#8220;.vc_custom_1486369371374{margin-bottom: 25px !important;padding-top: 25px !important;padding-right: 5% !important;}&#8220;]<span style=\"color: #152229;\">Sie wollen noch genauer wissen, warum Sie Mitglied im GC Abenberg werden sollten? Sprechen Sie <a href=\"https:\/\/www.golfclubabenberg.de\/index.php\/team\/\" target=\"_blank\" rel=\"noopener noreferrer\">uns<\/a> an! Oder kommen Sie zu einer kostenfreien Kennenlern-Runde bei uns vorbei (bitte vorher anmelden).<\/span>[\/vc_column_text]<a href=\"https:\/\/golfclubabenberg.de\/index.php\/mitgliedsbeitraege\/\" target=\"blank\" class=\"sc_button sc_button_square sc_button_style_filled sc_button_size_medium alignleft margin_top_tiny margin_right_medium\" style=\"width:14em;\">MITGLIEDSBEITR\u00c4GE<\/a><a href=\"https:\/\/golfclubabenberg.de\/wp-content\/uploads\/GCA_Antrag-auf-MitgliedschaftStand01_2025.pdf\" target=\"blank\" class=\"sc_button sc_button_square sc_button_style_filled sc_button_size_medium margin_top_tiny\" style=\"width:14em;\">Aufnahmeantrag<\/a><\/div><div class=\"column-1_2 sc_column_item sc_column_item_2 even\" style=\"text-align:center;\">[vc_empty_space height=&#8220;5em&#8220;][vc_single_image image=&#8220;6672&#8243; img_size=&#8220;full&#8220; alignment=&#8220;center&#8220;]<\/div><\/div>[vc_empty_space height=&#8220;50px&#8220;]<div class=\"columns_wrap sc_columns columns_nofluid sc_columns_count_3\"><div class=\"column-1_3 sc_column_item sc_column_item_1 odd first\"><div class=\"sc_column_item_inner\" style=\"background-color:#ffffff;\"><div class=\"sc_price_block sc_price_block_style_1 scheme_original\" style=\"padding-bottom: 20px\"><div class=\"sc_price_block_title\"><span>Internet<\/span><\/div><div class=\"sc_price_block_money\"><div class=\"sc_price_block_icon icon-reply\"><\/div><\/div><div class=\"sc_price_block_description\"><\/p>\n<h6><span style=\"color: #152229;\"> <a href=\"info@golfclub-abenberg.de&quot;\">info@golfclub-abenberg.de<\/a><br \/>\n<\/span>www.golfclubabenberg.de<\/h6>\n<h6><span style=\"color: #152229;\">\u00a0<\/span><\/h6>\n<p><\/div><\/div><\/div><\/div><div class=\"column-1_3 sc_column_item sc_column_item_2 even\"><div class=\"sc_column_item_inner\" style=\"background-color:#ffffff;\"><div class=\"sc_price_block sc_price_block_style_1 scheme_original\" style=\"padding-bottom: 20px\"><div class=\"sc_price_block_title\"><span>Telefon<\/span><\/div><div class=\"sc_price_block_money\"><div class=\"sc_price_block_icon icon-phone\"><\/div><\/div><div class=\"sc_price_block_description\"><\/p>\n<h6><strong><span style=\"color: #152229;\">Sekretariat<\/span><\/strong><br \/>\n<span style=\"color: #152229;\">+49 (0 91 78) 98 96-0<\/span><\/h6>\n<h6><span style=\"color: #152229;\">\u00a0<\/span><\/h6>\n<p><\/div><\/div><\/div><\/div><div class=\"column-1_3 sc_column_item sc_column_item_3 odd\"><div class=\"sc_column_item_inner\" style=\"background-color:#ffffff;\"><div class=\"sc_price_block sc_price_block_style_1 scheme_original\" style=\"padding-bottom: 20px\"><div class=\"sc_price_block_title\"><span>Adresse<\/span><\/div><div class=\"sc_price_block_money\"><div class=\"sc_price_block_icon icon-home\"><\/div><\/div><div class=\"sc_price_block_description\"><\/p>\n<h6>Am Golfplatz 19<br \/>\nD-91183 Abenberg<\/h6>\n<h6><span style=\"color: #152229;\">\u00a0<\/span><\/h6>\n<p><\/div><\/div><\/div><\/div><\/div>[vc_empty_space][\/vc_column][\/vc_row]<\/p>\n","protected":false},"excerpt":{"rendered":"<p>[vc_row][vc_column][\/vc_column][\/vc_row][vc_row full_width=&#8220;stretch_row&#8220; css=&#8220;.vc_custom_1456831732527{background-color: #f7f5f1 !important;}&#8220;][vc_column css=&#8220;.vc_custom_1486039494471{padding-bottom: 20px !important;}&#8220;][vc_empty_space height=&#8220;0.5em&#8220;][vc_empty_space height=&#8220;50px&#8220;][vc_empty_space][\/vc_column][\/vc_row]<\/p>\n","protected":false},"author":1,"featured_media":0,"parent":0,"menu_order":0,"comment_status":"closed","ping_status":"closed","template":"","meta":{"_EventAllDay":false,"_EventTimezone":"","_EventStartDate":"","_EventEndDate":"","_EventStartDateUTC":"","_EventEndDateUTC":"","_EventShowMap":false,"_EventShowMapLink":false,"_EventURL":"","_EventCost":"","_EventCostDescription":"","_EventCurrencySymbol":"","_EventCurrencyCode":"","_EventCurrencyPosition":"","_EventDateTimeSeparator":"","_EventTimeRangeSeparator":"","_EventOrganizerID":[],"_EventVenueID":0,"_OrganizerEmail":"","_OrganizerPhone":"","_OrganizerWebsite":"","_VenueAddress":"","_VenueCity":"","_VenueCountry":"","_VenueProvince":"","_VenueZip":"","_VenuePhone":"","_VenueURL":"","_VenueStateProvince":"","_VenueLat":"","_VenueLng":"","_links_to":"","_links_to_target":""},"_links":{"self":[{"href":"https:\/\/golfclubabenberg.de\/index.php\/wp-json\/wp\/v2\/pages\/13817"}],"collection":[{"href":"https:\/\/golfclubabenberg.de\/index.php\/wp-json\/wp\/v2\/pages"}],"about":[{"href":"https:\/\/golfclubabenberg.de\/index.php\/wp-json\/wp\/v2\/types\/page"}],"author":[{"embeddable":true,"href":"https:\/\/golfclubabenberg.de\/index.php\/wp-json\/wp\/v2\/users\/1"}],"replies":[{"embeddable":true,"href":"https:\/\/golfclubabenberg.de\/index.php\/wp-json\/wp\/v2\/comments?post=13817"}],"version-history":[{"count":16,"href":"https:\/\/golfclubabenberg.de\/index.php\/wp-json\/wp\/v2\/pages\/13817\/revisions"}],"predecessor-version":[{"id":20188,"href":"https:\/\/golfclubabenberg.de\/index.php\/wp-json\/wp\/v2\/pages\/13817\/revisions\/20188"}],"wp:attachment":[{"href":"https:\/\/golfclubabenberg.de\/index.php\/wp-json\/wp\/v2\/media?parent=13817"}],"curies":[{"name":"wp","href":"https:\/\/api.w.org\/{rel}","templated":true}]}}