{"id":13766,"date":"2020-04-06T11:12:53","date_gmt":"2020-04-06T09:12:53","guid":{"rendered":"https:\/\/golfclubabenberg.de\/?page_id=13766"},"modified":"2026-05-04T13:35:05","modified_gmt":"2026-05-04T11:35:05","slug":"golfeinsteigergruppe-rabbits","status":"publish","type":"page","link":"https:\/\/golfclubabenberg.de\/index.php\/golfeinsteigergruppe-rabbits\/","title":{"rendered":"Golfeinsteigergruppe \/ Rabbits"},"content":{"rendered":"<p>[vc_row][vc_column]<div class=\"sc_section\"><div class=\"sc_section_inner\"><div class=\"sc_section_content_wrap\"><h1 class=\"sc_title sc_title_underline sc_align_left margin_right_huge\" style=\"text-align:left;\">Golfeinsteiger\/Rabbits<\/h1><\/div><\/div><\/div>[\/vc_column][\/vc_row][vc_row full_width=&#8220;stretch_row&#8220; inverse=&#8220;&#8220; css=&#8220;.vc_custom_1586164365824{background-color: #f7f5f1 !important;}&#8220;][vc_column][vc_empty_space height=&#8220;64px&#8220;]<div class=\"sc_section\" data-animation=\"animated fadeInUp normal\"><div class=\"sc_section_inner\"><div class=\"sc_section_content_wrap\"><h3 class=\"sc_title sc_title_regular sc_align_left margin_top_null margin_bottom_medium\" style=\"text-align:left;\">&#8222;RABBITS&#8220; &#8211; EINE BESONDERHEIT IM GCA<\/h3><div class=\"columns_wrap sc_columns columns_nofluid sc_columns_count_2 margin_top_small margin_bottom_small\"><div class=\"column-1_2 sc_column_item sc_column_item_1 odd first\">[vc_column_text]<strong>Jeder Golfspieler war schon einmal selbst ein Golf- Rabbit. <\/strong><\/p>\n<p>Golf- Rabbit bedeutet aus dem Englischen ins Deutsche \u00fcbersetzt Hase. Der Name Rabbit entstand aus dem Zickzack- Kurs von Golfb\u00e4llen, welche wie fl\u00fcchtende Hasen \u00fcber den Golfplatz springen und hoppeln. Dies ist speziell bei blutigen Anf\u00e4ngern der Fall, welche noch nicht die Regelm\u00e4\u00dfigkeit und Konstanz beim Treffen des Golfballes haben. Somit entsteht bei einem Golf- Rabbit das wilde Hin und Her der Golfb\u00e4lle beim Spielen auf dem Platz.<\/p>\n<p><strong>Der Begriff Golf- Rabbit ist die positive Bezeichnung eines Golfneulings und spiegelt Sympathie wieder.<\/strong><\/p>\n<p>[\/vc_column_text]<\/div><div class=\"column-1_2 sc_column_item sc_column_item_2 even\">[vc_column_text]<span style=\"color: #152229;\">Um es f\u00fcr Neulinge im Golfsport etwas einfacher zu machen haben wir im Golfclub Abenberg eine Rabbit-Betreuung etabliert<\/span><\/p>\n<p><span style=\"color: #152229;\">Heinz Funk k\u00fcmmert sich zusammen mit Thomas Groll um die Turnierserie, unsere Pro&#8217;s Erik Wineker \/ Simone Meier \/ Sebastian Zaus \u00fcbernehmen die Ausbildung und alle werden unterst\u00fctzt von Clubmanager Tobias Volkert mit seinem Team Nina W\u00f6lzlein und Manuel Bandasch.<\/span><\/p>\n<p><span style=\"color: #152229;\">Ludger Stenmans und Petra Imolauer \u00fcbernehmen wieder die \u201elockere Runde \u00fcber den Platz&#8220; mit den Rabbits, ab Mai Mittwochs, jeweils alle zwei Wochen.<\/span><\/p>\n<p><span style=\"color: #152229;\">Das Sponsoring der Turniere liegt in den bew\u00e4hrten H\u00e4nden von Malermeister Guido von Lennep.<\/span>[\/vc_column_text]<\/div><\/div><\/div><\/div><\/div>[vc_empty_space height=&#8220;60px&#8220;][\/vc_column][\/vc_row][vc_row full_width=&#8220;stretch_row&#8220; css=&#8220;.vc_custom_1586164431614{padding-top: 30px !important;padding-bottom: 50px !important;}&#8220;][vc_column]<h3 class=\"sc_title sc_title_regular margin_top_medium margin_bottom_tiny\">R.I.Bs<strong><br \/>\n<\/strong><\/h3><h6 class=\"sc_title sc_title_regular custom_subtitle theme_accent1 margin_top_null margin_bottom_medium\">DIE RABBIT-INTEGRATIONS-BEAUFTRAGTEN<strong><br \/>\n<\/strong><\/h6><div class=\"sc_section\"><div class=\"sc_section_inner\"><div class=\"sc_section_content_wrap\"><div class=\"columns_wrap sc_columns columns_nofluid sc_columns_count_4\"><div class=\"column-1_4 sc_column_item sc_column_item_1 odd first\">[vc_single_image image=&#8220;20860&#8243; img_size=&#8220;full&#8220;][vc_column_text css=&#8220;.vc_custom_1763375427982{padding-top: -20px !important;}&#8220;]<\/p>\n<h4><strong>Heinz Funk \/ Thomas Groll<\/strong><\/h4>\n<h5>RABBITBETREUUNG<\/h5>\n<ul>\n<li><span style=\"color: #152229;\">DGV-Stammvorgaben: 16,2 \/ 18,7 (Stand: 01\/2026)<\/span><\/li>\n<li><span style=\"color: #152229;\"><span style=\"color: #152229;\">Zust\u00e4ndig im Club f\u00fcr alles rund um die Rabbitbetreuung<\/span><\/span><\/li>\n<\/ul>\n<p><span style=\"color: #152229;\"><strong style=\"color: #152229;\">Heinz Funk \u00fcber Golf:<\/strong> Ich bin seit 1995 Mitglied im GC Abenberg und arbeite immer noch an meinem Schwung. Golf ist f\u00fcr mich das faszinierendste Hobby, welches man nur haben kann.<\/span>[\/vc_column_text]<\/div><div class=\"column-1_4 sc_column_item sc_column_item_2 even\">[vc_single_image image=&#8220;17080&#8243; img_size=&#8220;full&#8220;][vc_column_text]<\/p>\n<h4><strong>Petra Imolauer<\/strong><span style=\"color: #152229;\"><br \/>\n<\/span><\/h4>\n<h5><span style=\"color: #152229;\">RABBITBETREUUNG<\/span><\/h5>\n<ul>\n<li><span style=\"color: #152229;\">DGV-Stammvorgabe: 11,6 (Stand: 01\/2026)<\/span><\/li>\n<li><span style=\"color: #152229;\"><span style=\"color: #152229;\">Zust\u00e4ndig im Club gemeinsam mit Ludger Stenmans f\u00fcr die Begleitung der Rabbits und deren Freunde bei ihrer abendlichen Runde \u00fcber den Platz.<\/span><\/span><\/li>\n<\/ul>\n<p><span style=\"color: #152229;\"><strong>Petra Imolauer \u00fcber Golf<\/strong>: Golf besteht zu 20% aus Schwung und Technik. Der Rest setzt sich zusammen aus Demut, Philosophie, Humor, Trag\u00f6die, Romantik, Drama, Kameradschaft, Geduld und Spa\u00df \u2013 so wird dieser Sport nie langweilig.<\/span>[\/vc_column_text]<\/div><div class=\"column-1_4 sc_column_item sc_column_item_3 odd\">[vc_single_image image=&#8220;17090&#8243; img_size=&#8220;full&#8220;][vc_column_text]<\/p>\n<div class=\"span7\">\n<div class=\"row-fluid\">\n<div class=\"span7\">\n<h4><strong>Ludger Stenmans<\/strong><span style=\"color: #152229;\"><br \/>\n<\/span><\/h4>\n<h5><span style=\"color: #152229;\">RABBITBETREUUNG<\/span><\/h5>\n<ul>\n<li><span style=\"color: #152229;\">DGV-Stammvorgabe: 14,7 (Stand: 01\/2026)<\/span><\/li>\n<li><span style=\"color: #152229;\">Zust\u00e4ndig im Club gemeinsam mit Petra Imolauer f\u00fcr die Begleitung der Rabbits und deren Freunde bei ihrer abendlichen Runde \u00fcber den Platz.<\/span><\/li>\n<\/ul>\n<p><span style=\"color: #152229;\"><strong>Ludger Stenmans \u00fcber Golf: <\/strong>Mein gr\u00f6\u00dftes Hobby und ein wunderbarer Sport, um einfach abzuschalten.<br \/>\n<\/span><\/p>\n<\/div>\n<\/div>\n<\/div>\n<p>[\/vc_column_text]<\/div><div class=\"column-1_4 sc_column_item sc_column_item_4 even\">[vc_single_image image=&#8220;20862&#8243; img_size=&#8220;570&#215;570&#8243;][vc_column_text]<\/p>\n<div class=\"span7\">\n<div class=\"row-fluid\">\n<div class=\"span7\">\n<h4><strong>Guido von Lennep<\/strong><span style=\"color: #152229;\"><br \/>\n<\/span><\/h4>\n<h5><span style=\"color: #152229;\">TITELSPONSOR<\/span><\/h5>\n<ul>\n<li><span style=\"color: #152229;\">DGV-Stammvorgabe: 12,7 (Stand: 01\/2026)<\/span><\/li>\n<li><span style=\"color: #152229;\">Zust\u00e4ndig bei den Rabbits f\u00fcr tolle Preise<\/span><\/li>\n<\/ul>\n<\/div>\n<\/div>\n<\/div>\n<p>[\/vc_column_text]<\/div><\/div>[vc_empty_space]<\/div><\/div><\/div>[\/vc_column][\/vc_row][vc_row full_width=&#8220;stretch_row&#8220; inverse=&#8220;&#8220; css=&#8220;.vc_custom_1490272404089{background-image: url(https:\/\/www.golfclubabenberg.de\/wp-content\/uploads\/hintergrund_turniertermine.jpg?id=8900) !important;background-position: center !important;background-repeat: no-repeat !important;background-size: cover !important;}&#8220;][vc_column]<div class=\"sc_section aligncenter\"><div class=\"sc_section_inner\"><div class=\"sc_section_content_wrap\"><div id=\"sc_testimonials_481326713\" class=\"sc_testimonials sc_testimonials_style_testimonials-1  testimonials_custom1 margin_top_huge margin_bottom_huge aligncenter\" data-animation=\"animated fadeInUp normal\" style=\"width:66%;\"><h6 class=\"sc_testimonials_subtitle sc_item_subtitle\">GOLFEINSTEIGER \/ RABBITS<\/h6><h2 class=\"sc_testimonials_title sc_item_title\">UNSER TERMINKALENDER 2026<\/h2>\t\t\t<div id=\"sc_testimonials_481326713_1\" class=\"sc_testimonial_item\">\n\t\t\t\t<div class=\"sc_testimonial_content\"><p><strong>Lockere Runde mit den Rabbits: <\/strong>Wir spielen, Rabbits und Erfahrene, gemeinsam eine lockere 9-Loch-Runde. Die Termine dazu finden Sie im <a href=\"https:\/\/golfclubabenberg.de\/index.php\/turniere-events\/\" target=\"_blank\" rel=\"noopener noreferrer\">Wettspielkalender<\/a>.<\/p>\n<p><strong>Regelabende<\/strong>: werden im Turnierkalender bekanntgegeben.<\/p>\n<p><strong>Rabbit-Turniere:<\/strong> 11.April, 9. Mai, 21. Juni, 11. Juli und 5.September 2026<\/p>\n<p><strong>Rabbit-Clubmeisterschaft<\/strong>: am 15.\/16. August 2026 (2 Runden \u00e0 9 Loch)<\/p>\n<p>Anmeldung zu den <strong>Turnieren<\/strong> und der <strong>Lockeren Runde <\/strong>bitte online \u00fcber den <a href=\"https:\/\/www.golfclubabenberg.de\/index.php\/turniere-events\/\" target=\"_blank\" rel=\"noopener noreferrer\">Wettspielkalender<\/a>.<\/p>\n<\/div>\n\t\t\t\t\t\t\t\t\t\t\t<\/div>\n\t\t<\/div><\/div><\/div><\/div>[\/vc_column][\/vc_row]<\/p>\n","protected":false},"excerpt":{"rendered":"<p>[vc_row][vc_column][\/vc_column][\/vc_row][vc_row full_width=&#8220;stretch_row&#8220; inverse=&#8220;&#8220; css=&#8220;.vc_custom_1586164365824{background-color: #f7f5f1 !important;}&#8220;][vc_column][vc_empty_space height=&#8220;64px&#8220;][vc_empty_space height=&#8220;60px&#8220;][\/vc_column][\/vc_row][vc_row full_width=&#8220;stretch_row&#8220; css=&#8220;.vc_custom_1586164431614{padding-top: 30px !important;padding-bottom: 50px !important;}&#8220;][vc_column][\/vc_column][\/vc_row][vc_row full_width=&#8220;stretch_row&#8220; inverse=&#8220;&#8220; css=&#8220;.vc_custom_1490272404089{background-image: url(https:\/\/www.golfclubabenberg.de\/wp-content\/uploads\/hintergrund_turniertermine.jpg?id=8900) !important;background-position: center !important;background-repeat: no-repeat !important;background-size: cover !important;}&#8220;][vc_column][\/vc_column][\/vc_row]<\/p>\n","protected":false},"author":1,"featured_media":0,"parent":0,"menu_order":0,"comment_status":"closed","ping_status":"closed","template":"","meta":{"_EventAllDay":false,"_EventTimezone":"","_EventStartDate":"","_EventEndDate":"","_EventStartDateUTC":"","_EventEndDateUTC":"","_EventShowMap":false,"_EventShowMapLink":false,"_EventURL":"","_EventCost":"","_EventCostDescription":"","_EventCurrencySymbol":"","_EventCurrencyCode":"","_EventCurrencyPosition":"","_EventDateTimeSeparator":"","_EventTimeRangeSeparator":"","_EventOrganizerID":[],"_EventVenueID":0,"_OrganizerEmail":"","_OrganizerPhone":"","_OrganizerWebsite":"","_VenueAddress":"","_VenueCity":"","_VenueCountry":"","_VenueProvince":"","_VenueZip":"","_VenuePhone":"","_VenueURL":"","_VenueStateProvince":"","_VenueLat":"","_VenueLng":"","_links_to":"","_links_to_target":""},"_links":{"self":[{"href":"https:\/\/golfclubabenberg.de\/index.php\/wp-json\/wp\/v2\/pages\/13766"}],"collection":[{"href":"https:\/\/golfclubabenberg.de\/index.php\/wp-json\/wp\/v2\/pages"}],"about":[{"href":"https:\/\/golfclubabenberg.de\/index.php\/wp-json\/wp\/v2\/types\/page"}],"author":[{"embeddable":true,"href":"https:\/\/golfclubabenberg.de\/index.php\/wp-json\/wp\/v2\/users\/1"}],"replies":[{"embeddable":true,"href":"https:\/\/golfclubabenberg.de\/index.php\/wp-json\/wp\/v2\/comments?post=13766"}],"version-history":[{"count":24,"href":"https:\/\/golfclubabenberg.de\/index.php\/wp-json\/wp\/v2\/pages\/13766\/revisions"}],"predecessor-version":[{"id":21628,"href":"https:\/\/golfclubabenberg.de\/index.php\/wp-json\/wp\/v2\/pages\/13766\/revisions\/21628"}],"wp:attachment":[{"href":"https:\/\/golfclubabenberg.de\/index.php\/wp-json\/wp\/v2\/media?parent=13766"}],"curies":[{"name":"wp","href":"https:\/\/api.w.org\/{rel}","templated":true}]}}