{"id":13667,"date":"2020-03-18T16:15:42","date_gmt":"2020-03-18T15:15:42","guid":{"rendered":"https:\/\/golfclubabenberg.de\/?page_id=13667"},"modified":"2026-02-05T10:29:25","modified_gmt":"2026-02-05T09:29:25","slug":"partnerhotels-2","status":"publish","type":"page","link":"https:\/\/golfclubabenberg.de\/index.php\/partnerhotels-2\/","title":{"rendered":"Partnerhotels"},"content":{"rendered":"<p>[vc_row][vc_column]<h1 class=\"sc_title sc_title_underline\">Unsere Partnerhotels laden ein&#8230;<\/h1>[\/vc_column][\/vc_row][vc_row full_width=&#8220;stretch_row&#8220; css=&#8220;.vc_custom_1584544537339{background-color: #f7f5f1 !important;}&#8220;][vc_column css=&#8220;.vc_custom_1486028958159{padding-bottom: 40px !important;}&#8220;][vc_empty_space height=&#8220;64px&#8220;]<div class=\"sc_section alignleft\"><div class=\"sc_section_inner\"><div class=\"sc_section_content_wrap\">[vc_column_text css=&#8220;.vc_custom_1487843032929{padding-right: 12% !important;padding-bottom: 20px !important;}&#8220;]<span style=\"color: #152229;\">Die folgenden Betriebe freuen sich auf Ihren Besuch. Als Gast in diesen H\u00e4usern spielen Sie zu erm\u00e4\u00dfigten Greenfeekondition bei uns im Golfclub\u00a0Abenberg.<\/span>[\/vc_column_text][vc_empty_space]<i class=\"fa pull-left fa-3x fa-info faa-wrench animated \" style=\"color:#dc6c12;\"><\/i>\n                <span style=\"color: #dc6c12; font-size: 14px; font-weight: 500;\">REIHUNG NACH ENTFERNUNG ZUM GOLFCLUB &#8211; F\u00dcR EXTERNE INHALTE AUF DEN WEBSEITEN DER GASTH\u00d6FE UND HOTELS \u00dcBERNIMMT DER GOLFCLUB ABENBERG KEINE HAFTUNG!<\/span>[vc_empty_space][vc_raw_html css=&#8220;.vc_custom_1770283755174{margin-right: -3% !important;}&#8220;]JTNDZGl2JTIwY2xhc3MlM0QlMjJ0YWJsZS1zY3JvbGxhYmxlJTIyJTIwc3R5bGUlM0QlMjJtYXJnaW4tdG9wJTNBJTIwMjBweCUzQiUyMiUzRSUwQSUzQ3RhYmxlJTIwc3R5bGUlM0QlMjJoZWlnaHQlM0ElMjBhdXRvJTNCJTIwd2lkdGglM0ElMjBhdXRvJTNCJTIyJTIwc3VtbWFyeSUzRCUyMkhvdGVscyUyMiUyMGNlbGxzcGFjaW5nJTNEJTIyMSUyMiUzRSUwQSUzQ3Rib2R5JTNFJTBBJTNDdHIlM0UlMEElM0N0aCUyMHN0eWxlJTNEJTIycGFkZGluZy1sZWZ0JTNBJTIwMjVweCUzQiUyMHBhZGRpbmctcmlnaHQlM0ElMjAxNXB4JTNCJTIwdGV4dC1hbGlnbiUzQSUyMGxlZnQlM0IlMjIlMjBiZ2NvbG9yJTNEJTIyJTIzZGM2YzEyJTIyJTNFJTNDc3BhbiUyMHN0eWxlJTNEJTIyY29sb3IlM0ElMjAlMjMxNTIyMjklM0IlMjIlM0UlM0NzdHJvbmclM0VIb3RlbCUzQyUyRnN0cm9uZyUzRSUzQyUyRnNwYW4lM0UlM0MlMkZ0aCUzRSUwQSUzQ3RoJTIwc3R5bGUlM0QlMjJwYWRkaW5nLWxlZnQlM0ElMjAyNXB4JTNCJTIwcGFkZGluZy1yaWdodCUzQSUyMDE1cHglM0IlMjB0ZXh0LWFsaWduJTNBJTIwbGVmdCUzQiUyMiUyMGJnY29sb3IlM0QlMjIlMjNkYzZjMTIlMjIlM0UlM0NzcGFuJTIwc3R5bGUlM0QlMjJjb2xvciUzQSUyMCUyMzE1MjIyOSUzQiUyMiUzRSUzQ3N0cm9uZyUzRUtvbnRha3QlM0MlMkZzdHJvbmclM0UlM0MlMkZzcGFuJTNFJTNDJTJGdGglM0UlMEElM0MlMkZ0ciUzRSUwQSUzQ3RyJTNFJTBBJTNDdGQlMjBzdHlsZSUzRCUyMnBhZGRpbmctbGVmdCUzQSUyMDE1cHglM0IlMjIlMjBiZ2NvbG9yJTNEJTIyJTIzZmZmJTIyJTNFJTNDc3Ryb25nJTNFJTNDc3BhbiUyMHN0eWxlJTNEJTIyY29sb3IlM0ElMjAlMjMxNTIyMjklM0IlMjIlM0VIb3RlbCUyMEJ1cmclMjBBYmVuYmVyZyUyQyUwQSUzQyUyRnNwYW4lM0UlM0MlMkZzdHJvbmclM0UlM0NzcGFuJTIwc3R5bGUlM0QlMjJjb2xvciUzQSUyMCUyMzE1MjIyOSUzQiUyMiUzRUJ1cmdzdHJhJUMzJTlGZSUyMDE2JTJDJTBBJTNDJTJGc3BhbiUzRSUzQ3NwYW4lMjBzdHlsZSUzRCUyMmNvbG9yJTNBJTIwJTIzMTUyMjI5JTNCJTIyJTNFOTExODMlMjBBYmVuYmVyZyUzQyUyRnNwYW4lM0UlM0MlMkZ0ZCUzRSUwQSUzQ3RkJTIwc3R5bGUlM0QlMjJwYWRkaW5nLWxlZnQlM0ElMjAxNXB4JTNCJTIyJTIwYmdjb2xvciUzRCUyMiUyM2ZmZiUyMiUzRSUzQ3NwYW4lMjBzdHlsZSUzRCUyMmNvbG9yJTNBJTIwJTIzMTUyMjI5JTNCJTIyJTNFVGVsZWZvbiUzQSUyMCUyODAlMjA5MSUyMDc4JTI5JTIwOTglMjAyOSUyMDkwJTJDJTBBJTNDJTJGc3BhbiUzRSUzQ3NwYW4lMjBzdHlsZSUzRCUyMmNvbG9yJTNBJTIwJTIzMTUyMjI5JTNCJTIyJTNFaW5mbyU0MGJ1cmdhYmVuYmVyZy5kZSUyQyUwQSUzQyUyRnNwYW4lM0UlM0NhJTIwaHJlZiUzRCUyMmh0dHAlM0ElMkYlMkZ3d3cuYnVyZ2FiZW5iZXJnLmRlJTIyJTNFd3d3LmJ1cmdhYmVuYmVyZy5kZSUzQyUyRmElM0UlM0MlMkZ0ZCUzRSUwQSUzQyUyRnRyJTNFJTBBJTNDdHIlM0UlMEElM0N0ZCUyMHN0eWxlJTNEJTIycGFkZGluZy1sZWZ0JTNBJTIwMTVweCUzQiUyMiUyMGJnY29sb3IlM0QlMjIlMjNmN2Y1ZjElMjIlM0UlM0NzdHJvbmclM0UlM0NzcGFuJTIwc3R5bGUlM0QlMjJjb2xvciUzQSUyMCUyMzE1MjIyOSUzQiUyMiUzRUxhbmRoYXVzJTIwS2Fpc2VyJTJDJTBBJTNDJTJGc3BhbiUzRSUzQyUyRnN0cm9uZyUzRSUzQ3NwYW4lMjBzdHlsZSUzRCUyMmNvbG9yJTNBJTIwJTIzMTUyMjI5JTNCJTIyJTNFV2luZHNiYWNoZXIlMjBTdHIuJTIwMzIlMkMlMEElM0MlMkZzcGFuJTNFJTNDc3BhbiUyMHN0eWxlJTNEJTIyY29sb3IlM0ElMjAlMjMxNTIyMjklM0IlMjIlM0U5MTE4MyUyMEFiZW5iZXJnJTNDJTJGc3BhbiUzRSUzQyUyRnRkJTNFJTBBJTNDdGQlMjBzdHlsZSUzRCUyMnBhZGRpbmctbGVmdCUzQSUyMDE1cHglM0IlMjIlMjBiZ2NvbG9yJTNEJTIyJTIzZjdmNWYxJTIyJTNFJTNDc3BhbiUyMHN0eWxlJTNEJTIyY29sb3IlM0ElMjAlMjMxNTIyMjklM0IlMjIlM0VUZWxlZm9uJTNBJTIwJTI4MCUyMDkxJTIwNzglMjklMjA5OSUyMDgwJTIwODktMCUyQyUwQSUzQyUyRnNwYW4lM0UlM0NzcGFuJTIwc3R5bGUlM0QlMjJjb2xvciUzQSUyMCUyMzE1MjIyOSUzQiUyMiUzRWluZm8lNDBrYWlzZXItbGFuZGhhdXMuZGUlMkMlMEElM0MlMkZzcGFuJTNFJTNDYSUyMGhyZWYlM0QlMjJodHRwJTNBJTJGJTJGd3d3LmthaXNlci1sYW5kaGF1cy5kZSUyMiUzRXd3dy5rYWlzZXItbGFuZGhhdXMuZGUlM0MlMkZhJTNFJTNDJTJGdGQlM0UlMEElM0MlMkZ0ciUzRSUwQSUzQ3RyJTNFJTBBJTNDdGQlMjBzdHlsZSUzRCUyMnBhZGRpbmctbGVmdCUzQSUyMDE1cHglM0IlMjIlMjBiZ2NvbG9yJTNEJTIyJTIzZmZmJTIyJTNFJTNDc3Ryb25nJTNFJTNDc3BhbiUyMHN0eWxlJTNEJTIyY29sb3IlM0ElMjAlMjMxNTIyMjklM0IlMjIlM0VIb2xpZGF5JTIwSW5uJTIwRXhwcmVzcyUyMFNjaHdhYmFjaCUyQyUwQSUzQyUyRnNwYW4lM0UlM0MlMkZzdHJvbmclM0UlM0NzcGFuJTIwc3R5bGUlM0QlMjJjb2xvciUzQSUyMCUyMzE1MjIyOSUzQiUyMiUzRVdlbmRlbHN0ZWluZXIlMjBTdHJhJUMzJTlGZSUyMDQlMkMlMEElM0MlMkZzcGFuJTNFJTNDc3BhbiUyMHN0eWxlJTNEJTIyY29sb3IlM0ElMjAlMjMxNTIyMjklM0IlMjIlM0U5MTEyNiUyMFNjaHdhYmFjaCUzQyUyRnNwYW4lM0UlM0MlMkZ0ZCUzRSUwQSUzQ3RkJTIwc3R5bGUlM0QlMjJwYWRkaW5nLWxlZnQlM0ElMjAxNXB4JTNCJTIyJTIwYmdjb2xvciUzRCUyMiUyM2ZmZiUyMiUzRSUzQ3NwYW4lMjBzdHlsZSUzRCUyMmNvbG9yJTNBJTIwJTIzMTUyMjI5JTNCJTIyJTNFVGVsZWZvbiUzQSUyMCUyODAlMjA5MSUyMDIyJTI5JTIwMTglMjA4MC0wJTJDJTBBJTNDJTJGc3BhbiUzRSUzQ3NwYW4lMjBzdHlsZSUzRCUyMmNvbG9yJTNBJTIwJTIzMTUyMjI5JTNCJTIyJTNFaW5mbyU0MGV4cHJlc3Mtc2Nod2FiYWNoLmRlJTJDJTBBJTNDJTJGc3BhbiUzRSUzQ2ElMjBocmVmJTNEJTIyaHR0cCUzQSUyRiUyRnd3dy5leHByZXNzLXNjaHdhYmFjaC5kZSUyMiUzRXd3dy5leHByZXNzLXNjaHdhYmFjaC5kZSUzQyUyRmElM0UlM0MlMkZ0ZCUzRSUwQSUzQyUyRnRyJTNFJTBBJTNDdHIlM0UlMEElM0N0ZCUyMHN0eWxlJTNEJTIycGFkZGluZy1sZWZ0JTNBJTIwMTVweCUzQiUyMiUyMGJnY29sb3IlM0QlMjIlMjNmN2Y1ZjElMjIlM0UlM0NzdHJvbmclM0UlM0NzcGFuJTIwc3R5bGUlM0QlMjJjb2xvciUzQSUyMCUyMzE1MjIyOSUzQiUyMiUzRUhvdGVsJTIwR2FzdGhvZiUyMFJhYWIlMkMlMEElM0MlMkZzcGFuJTNFJTNDJTJGc3Ryb25nJTNFJTNDc3BhbiUyMHN0eWxlJTNEJTIyY29sb3IlM0ElMjAlMjMxNTIyMjklM0IlMjIlM0UlQzMlODR1JUMzJTlGZXJlJTIwUml0dGVyc2JhY2hlciUyMFN0ci4lMjAxNCUyQyUwQSUzQyUyRnNwYW4lM0UlM0NzcGFuJTIwc3R5bGUlM0QlMjJjb2xvciUzQSUyMCUyMzE1MjIyOSUzQiUyMiUzRTkxMjI2JTIwU2Nod2FiYWNoJTNDJTJGc3BhbiUzRSUzQyUyRnRkJTNFJTBBJTNDdGQlMjBzdHlsZSUzRCUyMnBhZGRpbmctbGVmdCUzQSUyMDE1cHglM0IlMjIlMjBiZ2NvbG9yJTNEJTIyJTIzZjdmNWYxJTIyJTNFJTNDc3BhbiUyMHN0eWxlJTNEJTIyY29sb3IlM0ElMjAlMjMxNTIyMjklM0IlMjIlM0VUZWxlZm9uJTNBJTIwJTI4MCUyMDkxJTIwMjIlMjklMjA5MyUyMDg4LTAlMkMlMEElM0MlMkZzcGFuJTNFJTNDc3BhbiUyMHN0eWxlJTNEJTIyY29sb3IlM0ElMjAlMjMxNTIyMjklM0IlMjIlM0VpbmZvJTQwaG90ZWwtcmFhYi5kZSUyQyUwQSUzQyUyRnNwYW4lM0UlM0NhJTIwaHJlZiUzRCUyMmh0dHAlM0ElMkYlMkZ3d3cuaG90ZWwtcmFhYi5kZSUyMiUzRXd3dy5ob3RlbC1yYWFiLmRlJTNDJTJGYSUzRSUzQyUyRnRkJTNFJTBBJTNDJTJGdHIlM0UlMEElM0N0ciUzRSUwQSUzQ3RkJTIwc3R5bGUlM0QlMjJwYWRkaW5nLWxlZnQlM0ElMjAxNXB4JTNCJTIyJTIwYmdjb2xvciUzRCUyMiUyM2ZmZiUyMiUzRSUzQ3N0cm9uZyUzRSUzQ3NwYW4lMjBzdHlsZSUzRCUyMmNvbG9yJTNBJTIwJTIzMTUyMjI5JTNCJTIyJTNFTGFuZGhvdGVsJTIwWnVtJTIwQiVDMyVCNmhtJTJDJTBBJTNDJTJGc3BhbiUzRSUzQyUyRnN0cm9uZyUzRSUzQ3NwYW4lMjBzdHlsZSUzRCUyMmNvbG9yJTNBJTIwJTIzMTUyMjI5JTNCJTIyJTNFU2Nod2FiYWNoZXIlMjBTdHIuJTIwMS0zJTJDJTBBOTExNTQlMjBSb3RoLVJvdGhhdXJhY2glM0MlMkZzcGFuJTNFJTNDJTJGdGQlM0UlMEElM0N0ZCUyMHN0eWxlJTNEJTIycGFkZGluZy1sZWZ0JTNBJTIwMTVweCUzQiUyMiUyMGJnY29sb3IlM0QlMjIlMjNmZmYlMjIlM0UlM0NzcGFuJTIwc3R5bGUlM0QlMjJjb2xvciUzQSUyMCUyMzE1MjIyOSUzQiUyMiUzRVRlbGVmb24lM0ElMjAlMjgwJTIwOTElMjA3MSUyOSUyMDklMjA3MSUyMDUwJTJDJTBBJTNDJTJGc3BhbiUzRSUzQ3NwYW4lMjBzdHlsZSUzRCUyMmNvbG9yJTNBJTIwJTIzMTUyMjI5JTNCJTIyJTNFaW5mbyU0MHp1bWJvZWhtLmRlJTJDJTNDJTJGc3BhbiUzRSUwQSUzQ2ElMjBocmVmJTNEJTIyaHR0cCUzQSUyRiUyRnd3dy56dW1ib2VobS5kZSUyMiUzRXd3dy56dW1ib2VobS5kZSUzQyUyRmElM0UlM0MlMkZ0ZCUzRSUwQSUzQyUyRnRyJTNFJTBBJTNDdHIlM0UlMEElM0N0ZCUyMHN0eWxlJTNEJTIycGFkZGluZy1sZWZ0JTNBJTIwMTVweCUzQiUyMiUyMGJnY29sb3IlM0QlMjIlMjNmN2Y1ZjElMjIlM0UlM0NzdHJvbmclM0UlM0NzcGFuJTIwc3R5bGUlM0QlMjJjb2xvciUzQSUyMCUyMzE1MjIyOSUzQiUyMiUzRUxhbmRnYXN0aG9mJTIwS3J1ZyUyQyUwQSUzQyUyRnNwYW4lM0UlM0MlMkZzdHJvbmclM0UlM0NzcGFuJTIwc3R5bGUlM0QlMjJjb2xvciUzQSUyMCUyMzE1MjIyOSUzQiUyMiUzRUZpY2h0ZW53ZWclMjAxJTJDJTBBJTNDJTJGc3BhbiUzRSUzQ3NwYW4lMjBzdHlsZSUzRCUyMmNvbG9yJTNBJTIwJTIzMTUyMjI5JTNCJTIyJTNFOTExODklMjBEZWNoZW5kb3JmJTNDJTJGc3BhbiUzRSUzQyUyRnRkJTNFJTBBJTNDdGQlMjBzdHlsZSUzRCUyMnBhZGRpbmctbGVmdCUzQSUyMDE1cHglM0IlMjIlMjBiZ2NvbG9yJTNEJTIyJTIzZjdmNWYxJTIyJTNFJTNDc3BhbiUyMHN0eWxlJTNEJTIyY29sb3IlM0ElMjAlMjMxNTIyMjklM0IlMjIlM0VUZWxlZm9uJTNBJTIwJTI4MCUyMDk4JTIwNzYlMjklMjA5NSUyMDk1JTJDJTBBJTNDJTJGc3BhbiUzRSUzQ3NwYW4lMjBzdHlsZSUzRCUyMmNvbG9yJTNBJTIwJTIzMTUyMjI5JTNCJTIyJTNFaW5mbyU0MGxhbmRnYXN0aG9mLWtydWcuZGUlMkMlMEElM0MlMkZzcGFuJTNFJTNDYSUyMGhyZWYlM0QlMjJodHRwJTNBJTJGJTJGd3d3LmxhbmRnYXN0aG9mLWtydWcuZGUlMjIlM0V3d3cubGFuZGdhc3Rob2Yta3J1Zy5kZSUzQyUyRmElM0UlM0MlMkZ0ZCUzRSUwQSUzQyUyRnRyJTNFJTBBJTNDdHIlM0UlMEElM0N0ZCUyMHN0eWxlJTNEJTIycGFkZGluZy1sZWZ0JTNBJTIwMTVweCUzQiUyMiUyMGJnY29sb3IlM0QlMjIlMjNmZmYlMjIlM0UlM0NzdHJvbmclM0UlM0NzcGFuJTIwc3R5bGUlM0QlMjJjb2xvciUzQSUyMCUyMzE1MjIyOSUzQiUyMiUzRVN0cmFuZGhvdGVsJTIwU2VlaG9mJTJDJTBBJTNDJTJGc3BhbiUzRSUzQyUyRnN0cm9uZyUzRSUzQ3NwYW4lMjBzdHlsZSUzRCUyMmNvbG9yJTNBJTIwJTIzMTUyMjI5JTNCJTIyJTNFU2Vlc3RyYSVDMyU5RmUlMjAzMyUyQyUwQSUzQyUyRnNwYW4lM0UlM0NzcGFuJTIwc3R5bGUlM0QlMjJjb2xvciUzQSUyMCUyMzE1MjIyOSUzQiUyMiUzRTkxNzM4JTIwUGZvZmVsZC1MYW5nbGF1JTNDJTJGc3BhbiUzRSUzQyUyRnRkJTNFJTBBJTNDdGQlMjBzdHlsZSUzRCUyMnBhZGRpbmctbGVmdCUzQSUyMDE1cHglM0IlMjIlMjBiZ2NvbG9yJTNEJTIyJTIzZmZmJTIyJTNFJTNDc3BhbiUyMHN0eWxlJTNEJTIyY29sb3IlM0ElMjAlMjMxNTIyMjklM0IlMjIlM0VUZWxlZm9uJTNBJTIwJTI4MCUyMDk4JTIwMzQlMjklMjA5OCUyMDgtMCUyQyUwQSUzQyUyRnNwYW4lM0UlM0NzcGFuJTIwc3R5bGUlM0QlMjJjb2xvciUzQSUyMCUyMzE1MjIyOSUzQiUyMiUzRWluZm8lNDBzdHJhbmRob3RlbC1zZWVob2YuZGUlMkMlMEElM0MlMkZzcGFuJTNFJTNDYSUyMGhyZWYlM0QlMjJodHRwJTNBJTJGJTJGd3d3LnN0cmFuZGhvdGVsLXNlZWhvZi5kZSUyMiUzRXd3dy5zdHJhbmRob3RlbC1zZWVob2YuZGUlM0MlMkZhJTNFJTNDJTJGdGQlM0UlMEElM0MlMkZ0ciUzRSUwQSUzQyUyRnRib2R5JTNFJTBBJTNDJTJGdGFibGUlM0UlMEElM0MlMkZkaXYlM0U=[\/vc_raw_html]<\/div><\/div><\/div>[\/vc_column][\/vc_row][vc_row][vc_column offset=&#8220;vc_hidden-lg vc_hidden-md vc_hidden-sm vc_hidden-xs&#8220;]<div id=\"sc_section_183255097\" class=\"sc_section\"><div class=\"sc_section_inner\"><div id=\"sc_section_183255097_scroll\" class=\"sc_scroll sc_scroll_horizontal swiper-slider-container scroll-container\" style=\"\"><div class=\"sc_scroll_wrapper swiper-wrapper\"><div class=\"sc_scroll_slide swiper-slide\"><div class=\"sc_section_content_wrap\"><div class=\"sc_table margin_top_medium\" style=\"width:600px;\"><\/p>\n<table style=\"height: 716px;\" summary=\"Hotels\" width=\"500\" cellspacing=\"0\">\n<tbody>\n<tr>\n<th style=\"padding-left: 25px; padding-right: 15px; text-align: left;\" bgcolor=\"#dc6c12\"><span style=\"color: #152229;\"><strong>Hotel<\/strong><\/span><\/th>\n<th style=\"padding-left: 25px; padding-right: 15px; text-align: left;\" bgcolor=\"#dc6c12\"><span style=\"color: #152229;\"><strong>Kontakt<\/strong><\/span><\/th>\n<\/tr>\n<tr>\n<td style=\"padding-left: 30px;\" bgcolor=\"#fff\"><strong><span style=\"color: #152229;\">Hotel Burg Abenberg<br \/>\n<\/span><\/strong><span style=\"color: #152229;\">Burgstra\u00dfe 16<br \/>\n<\/span><span style=\"color: #152229;\">91183 Abenberg<\/span><\/td>\n<td style=\"padding-left: 30px;\" bgcolor=\"#fff\"><span style=\"color: #152229;\">Telefon: (0 91 78) 98 29 90<br \/>\n<\/span><span style=\"color: #152229;\">info@burgabenberg.de<br \/>\n<\/span><a href=\"https:\/\/www.burgabenberg.de\">www.burgabenberg.de<\/a><\/td>\n<\/tr>\n<tr>\n<td style=\"padding-left: 30px;\" bgcolor=\"#f7f5f1\"><strong><span style=\"color: #152229;\">Landhaus Kaiser<br \/>\n<\/span><\/strong><span style=\"color: #152229;\">Windsbacher Str. 32<br \/>\n<\/span><span style=\"color: #152229;\">91183 Abenberg<\/span><\/td>\n<td style=\"padding-left: 30px;\" bgcolor=\"#f7f5f1\"><span style=\"color: #152229;\">Telefon: (0 91 78) 99 80 89-0<br \/>\n<\/span><span style=\"color: #152229;\">info@kaiser-landhaus.de<br \/>\n<\/span><a href=\"https:\/\/www.kaiser-landhaus.de\">www.kaiser-landhaus.de<\/a><\/td>\n<\/tr>\n<tr>\n<td style=\"padding-left: 30px;\" bgcolor=\"#fff\"><strong><span style=\"color: #152229;\">Holiday Inn Express Schwabach<br \/>\n<\/span><\/strong><span style=\"color: #152229;\">Wendelsteiner Stra\u00dfe 4<br \/>\n<\/span><span style=\"color: #152229;\">91126 Schwabach<\/span><\/td>\n<td style=\"padding-left: 30px;\" bgcolor=\"#fff\"><span style=\"color: #152229;\">Telefon: (0 91 22) 18 80-0<br \/>\n<\/span><span style=\"color: #152229;\">info@express-schwabach.de<br \/>\n<\/span><a href=\"https:\/\/www.express-schwabach.de\">www.express-schwabach.de<\/a><\/td>\n<\/tr>\n<tr>\n<td style=\"padding-left: 30px;\" bgcolor=\"#f7f5f1\"><strong><span style=\"color: #152229;\">Hotel Gasthof Raab<br \/>\n<\/span><\/strong><span style=\"color: #152229;\">\u00c4u\u00dfere Rittersbacher Str. 14<br \/>\n<\/span><span style=\"color: #152229;\">91226 Schwabach<\/span><\/td>\n<td style=\"padding-left: 30px;\" bgcolor=\"#f7f5f1\"><span style=\"color: #152229;\">Telefon: (0 91 22) 93 88-0<br \/>\n<\/span><span style=\"color: #152229;\">info@hotel-raab.de<br \/>\n<\/span><a href=\"https:\/\/www.hotel-raab.de\">www.hotel-raab.de<\/a><\/td>\n<\/tr>\n<tr>\n<td style=\"padding-left: 30px;\" bgcolor=\"#fff\"><strong><span style=\"color: #152229;\">Landhotel Zum B\u00f6hm<br \/>\n<\/span><\/strong><span style=\"color: #152229;\">Schwabacher Str. 1-3<br \/>\n91154 Roth-Rothaurach<\/span><\/td>\n<td style=\"padding-left: 30px;\" bgcolor=\"#fff\"><span style=\"color: #152229;\">Telefon: (0 91 71) 9 71 50<br \/>\n<\/span><span style=\"color: #152229;\">info@zumboehm.de<\/span>\n<a href=\"https:\/\/www.zumboehm.de\">www.zumboehm.de<\/a><\/td>\n<\/tr>\n<tr>\n<td style=\"padding-left: 30px;\" bgcolor=\"#f7f5f1\"><strong><span style=\"color: #152229;\">Strandhotel Seehof<br \/>\n<\/span><\/strong><span style=\"color: #152229;\">Seestra\u00dfe 33<br \/>\n<\/span><span style=\"color: #152229;\">91738 Pfofeld-Langlau<\/span><\/td>\n<td style=\"padding-left: 30px;\" bgcolor=\"#f7f5f1\">Telefon: (0 98 34) 98 8-0<br \/>\ninfo@strandhotel-seehof.de<br \/>\n<a href=\"http:\/\/www.strandhotel-seehof.de\">www.strandhotel-seehof.de<\/a><\/td>\n<\/tr>\n<tr>\n<td style=\"padding-left: 30px;\" bgcolor=\"#fff\"><strong><span style=\"color: #152229;\">Landgasthof Krug<br \/>\n<\/span><\/strong><span style=\"color: #152229;\">Fichtenweg 1<br \/>\n<\/span><span style=\"color: #152229;\">91189 Dechendorf<\/span><\/td>\n<td style=\"padding-left: 30px;\" bgcolor=\"#fff\"><span style=\"color: #152229;\">Telefon: (0 98 76) 95 95<br \/>\n<\/span><span style=\"color: #152229;\">info@landgasthof-krug.de<br \/>\n<\/span><a href=\"https:\/\/www.landgasthof-krug.de\">www.landgasthof-krug.de<\/a><\/td>\n<\/tr>\n<tr>\n<td style=\"padding-left: 30px;\" bgcolor=\"#f7f5f1\"><\/td>\n<td style=\"padding-left: 30px;\" bgcolor=\"#f7f5f1\"><\/td>\n<\/tr>\n<\/tbody>\n<\/table>\n<p><\/div><\/div><\/div><\/div><div id=\"sc_section_183255097_scroll_bar\" class=\"sc_scroll_bar sc_scroll_bar_horizontal sc_section_183255097_scroll_bar\"><\/div><\/div><\/div><\/div>[vc_empty_space][vc_empty_space][\/vc_column][\/vc_row]<\/p>\n","protected":false},"excerpt":{"rendered":"<p>[vc_row][vc_column][\/vc_column][\/vc_row][vc_row full_width=&#8220;stretch_row&#8220; css=&#8220;.vc_custom_1584544537339{background-color: #f7f5f1 !important;}&#8220;][vc_column css=&#8220;.vc_custom_1486028958159{padding-bottom: 40px !important;}&#8220;][vc_empty_space height=&#8220;64px&#8220;][\/vc_column][\/vc_row][vc_row][vc_column offset=&#8220;vc_hidden-lg vc_hidden-md vc_hidden-sm vc_hidden-xs&#8220;][vc_empty_space][vc_empty_space][\/vc_column][\/vc_row]<\/p>\n","protected":false},"author":1,"featured_media":0,"parent":0,"menu_order":0,"comment_status":"closed","ping_status":"closed","template":"","meta":{"_EventAllDay":false,"_EventTimezone":"","_EventStartDate":"","_EventEndDate":"","_EventStartDateUTC":"","_EventEndDateUTC":"","_EventShowMap":false,"_EventShowMapLink":false,"_EventURL":"","_EventCost":"","_EventCostDescription":"","_EventCurrencySymbol":"","_EventCurrencyCode":"","_EventCurrencyPosition":"","_EventDateTimeSeparator":"","_EventTimeRangeSeparator":"","_EventOrganizerID":[],"_EventVenueID":0,"_OrganizerEmail":"","_OrganizerPhone":"","_OrganizerWebsite":"","_VenueAddress":"","_VenueCity":"","_VenueCountry":"","_VenueProvince":"","_VenueZip":"","_VenuePhone":"","_VenueURL":"","_VenueStateProvince":"","_VenueLat":"","_VenueLng":"","_links_to":"","_links_to_target":""},"_links":{"self":[{"href":"https:\/\/golfclubabenberg.de\/index.php\/wp-json\/wp\/v2\/pages\/13667"}],"collection":[{"href":"https:\/\/golfclubabenberg.de\/index.php\/wp-json\/wp\/v2\/pages"}],"about":[{"href":"https:\/\/golfclubabenberg.de\/index.php\/wp-json\/wp\/v2\/types\/page"}],"author":[{"embeddable":true,"href":"https:\/\/golfclubabenberg.de\/index.php\/wp-json\/wp\/v2\/users\/1"}],"replies":[{"embeddable":true,"href":"https:\/\/golfclubabenberg.de\/index.php\/wp-json\/wp\/v2\/comments?post=13667"}],"version-history":[{"count":5,"href":"https:\/\/golfclubabenberg.de\/index.php\/wp-json\/wp\/v2\/pages\/13667\/revisions"}],"predecessor-version":[{"id":21038,"href":"https:\/\/golfclubabenberg.de\/index.php\/wp-json\/wp\/v2\/pages\/13667\/revisions\/21038"}],"wp:attachment":[{"href":"https:\/\/golfclubabenberg.de\/index.php\/wp-json\/wp\/v2\/media?parent=13667"}],"curies":[{"name":"wp","href":"https:\/\/api.w.org\/{rel}","templated":true}]}}