{"id":13605,"date":"2020-03-17T16:27:50","date_gmt":"2020-03-17T15:27:50","guid":{"rendered":"https:\/\/golfclubabenberg.de\/?page_id=13605"},"modified":"2026-01-31T10:45:29","modified_gmt":"2026-01-31T09:45:29","slug":"club-restaurant","status":"publish","type":"page","link":"https:\/\/golfclubabenberg.de\/index.php\/club-restaurant\/","title":{"rendered":"Club-Restaurant"},"content":{"rendered":"<p>[vc_row][vc_column]<div class=\"sc_section\"><div class=\"sc_section_inner\"><div class=\"sc_section_content_wrap\"><h1 class=\"sc_title sc_title_underline sc_align_left\" style=\"text-align:left;\">Gastronomie<\/h1><\/div><\/div><\/div>[\/vc_column][\/vc_row][vc_row full_width=&#8220;stretch_row&#8220; css=&#8220;.vc_custom_1486548186093{padding-bottom: 40px !important;background-color: #f7f5f1 !important;}&#8220;][vc_column][vc_empty_space height=&#8220;64px&#8220;]<i class=\"fa pull-left fa-3x fa-info faa-wrench animated \" style=\"color:#dc6c12;\"><\/i>\n                <span style=\"font-weight: bold; font-size: 17px;\">Montag Ruhetag!<\/span><br \/>\n[vc_empty_space][\/vc_column][\/vc_row][vc_row full_width=&#8220;stretch_row&#8220; css=&#8220;.vc_custom_1584459035082{padding-bottom: 40px !important;}&#8220;][vc_column][vc_empty_space height=&#8220;80px&#8220;]<div class=\"sc_section margin_bottom_medium\" style=\"background-image:url(https:\/\/golfclubabenberg.de\/wp-content\/uploads\/custom_gastro-3.png);background-repeat:no-repeat;background-size:cover;\"><div class=\"sc_section_inner\"><div class=\"sc_section_overlay\" style=\"\"><div class=\"sc_section_content padding_on\" style=\"\"><div class=\"sc_section_content_wrap\"><div class=\"columns_wrap sc_columns columns_nofluid no_margins sc_columns_count_2\"><div class=\"column-1_2 sc_column_item sc_column_item_1 odd first\"><\/div><div class=\"column-1_2 sc_column_item sc_column_item_2 even\" style=\"text-align:center;\"><div class=\"sc_column_item_inner\" style=\"background-color:#152229;\">[vc_empty_space height=&#8220;50px&#8220;]<h6 class=\"sc_title sc_title_regular margin_top_tiny-\"><span style=\"color: #578622; font-size: 1.5em;\">Ristorante da Renato &#8211;<br \/>\ndie Golfgastronomie im Golfclub Abenberg<\/span><\/h6>[vc_empty_space height=&#8220;15px&#8220;][vc_column_text css=&#8220;.vc_custom_1584459870636{padding-right: 5% !important;padding-left: 5% !important;}&#8220;]<span style=\"color: #ffffff;\">Ob im neu gestalteten Innenraum mit gro\u00dfen Panoramafenstern oder auf unserer gro\u00dfen Sonnenterrasse mit \u00fcberdachter Veranda: das Ristorante da Renato verf\u00fchrt G\u00e4ste und Golfbegeisterte mit einem kulinarischen Mix aus italienischen, regionalen und klassisch-internationalen K\u00f6stlichkeiten immer wieder zum &#8222;Sitzenbleiben&#8220;. Ob Sonne oder Regen &#8211; hier macht das Erholen nach der Runde Spa\u00df. T\u00e4glich finden Sie bei uns einen gem\u00fctlichen Platz zum Essen, Trinken und Zuschauen &#8211; der spektakul\u00e4re Blick auf die Burg Abenberg und auf das 18. Gr\u00fcn ist inklusive.<\/span><\/p>\n<p><span style=\"color: #000000;\">\u00a0<\/span>[\/vc_column_text]<\/div><\/div><\/div><\/div><\/div><\/div><\/div><\/div>[\/vc_column][\/vc_row][vc_row full_width=&#8220;stretch_row&#8220; css=&#8220;.vc_custom_1486548186093{padding-bottom: 40px !important;background-color: #f7f5f1 !important;}&#8220;][vc_column][vc_empty_space]<h3 class=\"sc_title sc_title_regular margin_top_medium margin_bottom_null\">SPEISEKARTE<\/h3><h6 class=\"sc_title sc_title_regular custom_subtitle theme_accent1 margin_bottom_medium\" data-animation=\"animated fadeInUp normal\">Unsere Speisekarte, die t\u00e4glich durch saisonale<br \/>\nSpezialit\u00e4ten erg\u00e4nzt wird, k\u00f6nnen Sie <span style=\"color: #dc6c12;\"><strong><a style=\"color: #dc6c12;\" href=\"https:\/\/golfclubabenberg.de\/wp-content\/uploads\/Speisekarte-2024.pdf\">hier herunterladen<\/a><\/strong><\/span><\/h6>[vc_empty_space]<div class=\"sc_section\"><div class=\"sc_section_inner\"><div class=\"sc_section_content_wrap\">[vc_gallery interval=&#8220;0&#8243; images=&#8220;19243&#8243; img_size=&#8220;full&#8220;]<\/div><\/div><\/div>[vc_empty_space][\/vc_column][\/vc_row][vc_row full_width=&#8220;stretch_row&#8220;][vc_column css=&#8220;.vc_custom_1486028165829{padding-top: 10px !important;}&#8220;][vc_empty_space]<div class=\"sc_section\"><div class=\"sc_section_inner\"><div class=\"sc_section_content_wrap\"><div class=\"columns_wrap sc_columns columns_nofluid sc_columns_count_3 margin_top_tiny margin_bottom_small\"><div class=\"column-1_3 sc_column_item sc_column_item_1 odd first\"><h3 class=\"sc_title sc_title_underline\">\u00d6FFNUNGSZEITEN<\/h3>[vc_empty_space height=&#8220;15px&#8220;][vc_column_text]<span style=\"color: #152229;\"><strong>Ganzj\u00e4hrig<\/strong> von Dienstag bis Sonntag<\/span><br \/>\n<span style=\"color: #152229;\">10.00 bis 23.00 Uhr<\/span><\/p>\n<p>Montag Ruhetag<\/p>\n<p>K\u00fcche ge\u00f6ffnet von 11:30 bis 21:30 Uhr<br \/>\n<span style=\"color: #152229;\"><br \/>\n<\/span>[\/vc_column_text]<\/div><div class=\"column-1_3 sc_column_item sc_column_item_2 even\"><h3 class=\"sc_title sc_title_underline\">KONTAKT<\/h3>[vc_empty_space height=&#8220;15px&#8220;][vc_column_text]<\/p>\n<p style=\"text-align: left;\"><strong><span style=\"color: #152229;\">Ristorante da Renato<\/span><\/strong><br \/>\n<strong><span style=\"color: #152229;\">Am Golfplatz 19<\/span><\/strong><br \/>\n<strong><span style=\"color: #152229;\">91183 Abenberg<\/span><\/strong><\/p>\n<p style=\"text-align: left;\"><strong>Telefon<br \/>\n(0 91 78) 98 96-12<\/strong><\/p>\n<p>[\/vc_column_text]<\/div><div class=\"column-1_3 sc_column_item sc_column_item_3 odd\"><h3 class=\"sc_title sc_title_underline\">GASTRONOMEN<\/h3>[vc_empty_space height=&#8220;15px&#8220;][vc_column_text]<\/p>\n<p><span style=\"color: #152229;\"><img loading=\"lazy\" class=\"alignnone wp-image-21008\" src=\"https:\/\/golfclubabenberg.de\/wp-content\/uploads\/Renato-zurueck-Facebook-Post-300x251.png\" alt=\"\" width=\"570\" height=\"478\" srcset=\"https:\/\/golfclubabenberg.de\/wp-content\/uploads\/Renato-zurueck-Facebook-Post-300x251.png 300w, https:\/\/golfclubabenberg.de\/wp-content\/uploads\/Renato-zurueck-Facebook-Post-768x644.png 768w, https:\/\/golfclubabenberg.de\/wp-content\/uploads\/Renato-zurueck-Facebook-Post-600x503.png 600w, https:\/\/golfclubabenberg.de\/wp-content\/uploads\/Renato-zurueck-Facebook-Post.png 940w\" sizes=\"(max-width: 570px) 100vw, 570px\" \/><\/span><\/p>\n<p><span style=\"color: #152229;\">Renato und Susi D&#8217;Angelo freuen sich gemeinsam mit ihrem Team auf Ihren Besuch!<\/span>[\/vc_column_text]<\/div><\/div>[vc_empty_space height=&#8220;64px&#8220;]<\/div><\/div><\/div>[\/vc_column][\/vc_row]<\/p>\n","protected":false},"excerpt":{"rendered":"<p>[vc_row][vc_column][\/vc_column][\/vc_row][vc_row full_width=&#8220;stretch_row&#8220; css=&#8220;.vc_custom_1486548186093{padding-bottom: 40px !important;background-color: #f7f5f1 !important;}&#8220;][vc_column][vc_empty_space height=&#8220;64px&#8220;][vc_empty_space][\/vc_column][\/vc_row][vc_row full_width=&#8220;stretch_row&#8220; css=&#8220;.vc_custom_1584459035082{padding-bottom: 40px !important;}&#8220;][vc_column][vc_empty_space height=&#8220;80px&#8220;][\/vc_column][\/vc_row][vc_row full_width=&#8220;stretch_row&#8220; css=&#8220;.vc_custom_1486548186093{padding-bottom: 40px !important;background-color: #f7f5f1 !important;}&#8220;][vc_column][vc_empty_space][vc_empty_space][vc_empty_space][\/vc_column][\/vc_row][vc_row full_width=&#8220;stretch_row&#8220;][vc_column css=&#8220;.vc_custom_1486028165829{padding-top: 10px !important;}&#8220;][vc_empty_space][\/vc_column][\/vc_row]<\/p>\n","protected":false},"author":1,"featured_media":0,"parent":0,"menu_order":0,"comment_status":"closed","ping_status":"closed","template":"","meta":{"_EventAllDay":false,"_EventTimezone":"","_EventStartDate":"","_EventEndDate":"","_EventStartDateUTC":"","_EventEndDateUTC":"","_EventShowMap":false,"_EventShowMapLink":false,"_EventURL":"","_EventCost":"","_EventCostDescription":"","_EventCurrencySymbol":"","_EventCurrencyCode":"","_EventCurrencyPosition":"","_EventDateTimeSeparator":"","_EventTimeRangeSeparator":"","_EventOrganizerID":[],"_EventVenueID":0,"_OrganizerEmail":"","_OrganizerPhone":"","_OrganizerWebsite":"","_VenueAddress":"","_VenueCity":"","_VenueCountry":"","_VenueProvince":"","_VenueZip":"","_VenuePhone":"","_VenueURL":"","_VenueStateProvince":"","_VenueLat":"","_VenueLng":"","_links_to":"","_links_to_target":""},"_links":{"self":[{"href":"https:\/\/golfclubabenberg.de\/index.php\/wp-json\/wp\/v2\/pages\/13605"}],"collection":[{"href":"https:\/\/golfclubabenberg.de\/index.php\/wp-json\/wp\/v2\/pages"}],"about":[{"href":"https:\/\/golfclubabenberg.de\/index.php\/wp-json\/wp\/v2\/types\/page"}],"author":[{"embeddable":true,"href":"https:\/\/golfclubabenberg.de\/index.php\/wp-json\/wp\/v2\/users\/1"}],"replies":[{"embeddable":true,"href":"https:\/\/golfclubabenberg.de\/index.php\/wp-json\/wp\/v2\/comments?post=13605"}],"version-history":[{"count":17,"href":"https:\/\/golfclubabenberg.de\/index.php\/wp-json\/wp\/v2\/pages\/13605\/revisions"}],"predecessor-version":[{"id":21009,"href":"https:\/\/golfclubabenberg.de\/index.php\/wp-json\/wp\/v2\/pages\/13605\/revisions\/21009"}],"wp:attachment":[{"href":"https:\/\/golfclubabenberg.de\/index.php\/wp-json\/wp\/v2\/media?parent=13605"}],"curies":[{"name":"wp","href":"https:\/\/api.w.org\/{rel}","templated":true}]}}