{"id":13547,"date":"2020-03-13T16:31:55","date_gmt":"2020-03-13T15:31:55","guid":{"rendered":"https:\/\/golfclubabenberg.de\/?page_id=13547"},"modified":"2026-02-19T14:48:36","modified_gmt":"2026-02-19T13:48:36","slug":"kursangebote-golfeinsteiger-platzreifekurs","status":"publish","type":"page","link":"https:\/\/golfclubabenberg.de\/index.php\/kursangebote-golfeinsteiger-platzreifekurs\/","title":{"rendered":"Platzreifekurse"},"content":{"rendered":"<p>[vc_row][vc_column]<div class=\"sc_section\"><div class=\"sc_section_inner\"><div class=\"sc_section_content_wrap\"><h1 class=\"sc_title sc_title_underline\">Kursangebot Platzreifekurs<\/h1><\/div><\/div><\/div>[\/vc_column][\/vc_row][vc_row full_width=&#8220;stretch_row&#8220; css=&#8220;.vc_custom_1550746958909{padding-bottom: 40px !important;background-color: #f7f5f1 !important;}&#8220;][vc_column]<div class=\"sc_section\"><div class=\"sc_section_inner\"><div class=\"sc_section_content_wrap\"><div class=\"columns_wrap sc_columns columns_nofluid sc_columns_count_1\"><div class=\"column-1_1 sc_column_item sc_column_item_1 odd first\"><h1 class=\"sc_title sc_title_regular sc_align_left\" style=\"text-align:left;\"><\/p>\n<h3 style=\"margin-left: -4px;\">Platzreife-Kurs<\/h3>\n<p><\/h1><i class=\"fa pull-left fa-3x fa-info faa-wrench animated \" style=\"color:#f73900;\"><\/i>\n                <span style=\"font-weight: bold; font-size: 17px;\">nur 199.-\u20ac.<\/span><br \/>\n<h6 class=\"sc_title sc_title_regular sc_align_left custom_subtitle theme_accent1 \" style=\"text-align:left;\">Einstiegsangebot<\/h6>[vc_empty_space][vc_column_text css=&#8220;.vc_custom_1771508912870{padding-right: 3% !important;}&#8220;]F\u00fcr diejenigen, die den Schnupperkurs erfolgreich abgelegt haben oder ohne Schnupperkurs einsteigen wollen, haben wir folgendes Schmankerl vorbereitet<\/p>\n<p><span style=\"color: #dc6c12; font-weight: 500;\">Jetzt mit dem Golfsport beginnen und 199.-\u20ac sparen!<\/span><\/p>\n<p><img loading=\"lazy\" class=\"alignnone wp-image-20999 size-large\" src=\"https:\/\/golfclubabenberg.de\/wp-content\/uploads\/0001-3-722x1024.jpg\" alt=\"\" width=\"722\" height=\"1024\" srcset=\"https:\/\/golfclubabenberg.de\/wp-content\/uploads\/0001-3-722x1024.jpg 722w, https:\/\/golfclubabenberg.de\/wp-content\/uploads\/0001-3-212x300.jpg 212w, https:\/\/golfclubabenberg.de\/wp-content\/uploads\/0001-3-768x1089.jpg 768w, https:\/\/golfclubabenberg.de\/wp-content\/uploads\/0001-3-600x851.jpg 600w, https:\/\/golfclubabenberg.de\/wp-content\/uploads\/0001-3.jpg 839w\" sizes=\"(max-width: 722px) 100vw, 722px\" \/><\/p>\n<p><img loading=\"lazy\" class=\"alignnone wp-image-21000 size-large\" src=\"https:\/\/golfclubabenberg.de\/wp-content\/uploads\/0002-1-722x1024.jpg\" alt=\"\" width=\"722\" height=\"1024\" srcset=\"https:\/\/golfclubabenberg.de\/wp-content\/uploads\/0002-1-722x1024.jpg 722w, https:\/\/golfclubabenberg.de\/wp-content\/uploads\/0002-1-212x300.jpg 212w, https:\/\/golfclubabenberg.de\/wp-content\/uploads\/0002-1-768x1089.jpg 768w, https:\/\/golfclubabenberg.de\/wp-content\/uploads\/0002-1-600x851.jpg 600w, https:\/\/golfclubabenberg.de\/wp-content\/uploads\/0002-1.jpg 839w\" sizes=\"(max-width: 722px) 100vw, 722px\" \/><\/p>\n<p><img loading=\"lazy\" class=\"alignnone wp-image-21001 size-large\" src=\"https:\/\/golfclubabenberg.de\/wp-content\/uploads\/0003-722x1024.jpg\" alt=\"\" width=\"722\" height=\"1024\" srcset=\"https:\/\/golfclubabenberg.de\/wp-content\/uploads\/0003-722x1024.jpg 722w, https:\/\/golfclubabenberg.de\/wp-content\/uploads\/0003-212x300.jpg 212w, https:\/\/golfclubabenberg.de\/wp-content\/uploads\/0003-768x1089.jpg 768w, https:\/\/golfclubabenberg.de\/wp-content\/uploads\/0003-600x851.jpg 600w, https:\/\/golfclubabenberg.de\/wp-content\/uploads\/0003.jpg 839w\" sizes=\"(max-width: 722px) 100vw, 722px\" \/><\/p>\n<p><img loading=\"lazy\" class=\"alignnone wp-image-21002 size-large\" src=\"https:\/\/golfclubabenberg.de\/wp-content\/uploads\/0004-722x1024.jpg\" alt=\"\" width=\"722\" height=\"1024\" srcset=\"https:\/\/golfclubabenberg.de\/wp-content\/uploads\/0004-722x1024.jpg 722w, https:\/\/golfclubabenberg.de\/wp-content\/uploads\/0004-212x300.jpg 212w, https:\/\/golfclubabenberg.de\/wp-content\/uploads\/0004-768x1089.jpg 768w, https:\/\/golfclubabenberg.de\/wp-content\/uploads\/0004-600x851.jpg 600w, https:\/\/golfclubabenberg.de\/wp-content\/uploads\/0004.jpg 839w\" sizes=\"(max-width: 722px) 100vw, 722px\" \/><\/p>\n<p>Buche einen Platzreifekurs und trete gleich anschlie\u00dfend in den Golfclub Abenberg ein. Bei Abschlu\u00df einer Schnuppermitgliedschaft erh\u00e4ltst Du die Platzreife-Kursgeb\u00fchr zur\u00fcck.<\/p>\n<p>Wir freuen uns auf Dich![\/vc_column_text][vc_column_text][\/vc_column_text]<\/div><\/div><\/div><\/div><\/div>[vc_empty_space]<div class=\"columns_wrap sc_columns columns_nofluid sc_columns_count_1\"><div class=\"column-1_1 sc_column_item sc_column_item_1 odd first\"><a href=\"https:\/\/golfclubabenberg.de\/wp-content\/uploads\/Platzreife_2026.pdf\" target=\"_blank\" class=\"sc_button sc_button_square sc_button_style_filled sc_button_size_medium  sc_button_iconed icon-file-pdf\">Anmeldeformular als pdf<\/a><\/div><\/div>[vc_empty_space][vc_empty_space][vc_empty_space]<h4 class=\"sc_title sc_title_regular sc_align_left\" style=\"text-align:left;\"><\/p>\n<p style=\"text-align: center;\">Ob Platzreife- oder Schnupper-Kurs:<\/p>\n<p style=\"text-align: center;\"><span style=\"color: #dc6c12;\"><a style=\"color: #dc6c12;\" href=\"https:\/\/golfclubabenberg.de\/index.php\/kursangebote-golfschule\/\" target=\"_blank\" rel=\"noopener noreferrer\">hier<\/a> <\/span>finden Sie Detailinformationen sowie die aktuellen Termine 2026.<\/p>\n<p><\/h4>[\/vc_column][\/vc_row][vc_row full_width=&#8220;stretch_row&#8220; css=&#8220;.vc_custom_1550747316846{padding-top: 30px !important;padding-bottom: 30px !important;}&#8220;][vc_column]<div class=\"sc_section\"><div class=\"sc_section_inner\"><div class=\"sc_section_content_wrap\"><div class=\"columns_wrap sc_columns columns_nofluid sc_columns_count_2\"><div class=\"column-1_2 sc_column_item sc_column_item_1 odd first\"><h3 class=\"sc_title sc_title_regular margin_top_medium\">Details zu unseren Kursen<\/h3><h6 class=\"sc_title sc_title_regular custom_subtitle theme_accent1 \">Unsere Kurse beinhalten:<\/h6><ul class=\"sc_list sc_list_style_iconed margin_top_small\" style=\"color:#152229;\"><li class=\"sc_list_item odd first\" style=\"color:#152229;\" title=\"Qualifizierter Golflehrer \"><span class=\"sc_list_icon icon-check93\"><\/span>Qualifizierter Golflehrer<\/li><li class=\"sc_list_item even\" style=\"color:#152229;\" title=\"Leihschl\u00e4ger, B\u00e4lle &amp; Tees\"><span class=\"sc_list_icon icon-check93\"><\/span>Leihschl\u00e4ger, B\u00e4lle & Tees<\/li><li class=\"sc_list_item odd\" style=\"color:#152229;\" title=\"Dauer: 3 Stunden\"><span class=\"sc_list_icon icon-check93\"><\/span>Dauer: 3 Stunden<\/li><\/ul>[vc_column_text css=&#8220;.vc_custom_1584350442843{margin-top: 7% !important;}&#8220;]<strong><span style=\"color: #152229;\">Bitte bringen Sie bequeme Kleidung mit und ziehen Sie Schuhe an, in denen Sie einen festen Stand haben. Anmeldung und weitere Informationen erhalten Sie im Sekretariat.<\/span><\/strong>[\/vc_column_text]<\/div><div class=\"column-1_2 sc_column_item sc_column_item_2 even\">[vc_single_image image=&#8220;6564&#8243; img_size=&#8220;700&#215;500&#8243; css=&#8220;.vc_custom_1486733493461{padding-top: 20px !important;}&#8220;]<\/div><\/div><\/div><\/div><\/div><div class=\"columns_wrap sc_columns columns_nofluid sc_columns_count_3 margin_top_large\"><div class=\"column-1_3 sc_column_item sc_column_item_1 odd first\"><div class=\"sc_price_block sc_price_block_style_1 margin_bottom_small scheme_original\" style=\"padding-bottom: 20px\"><div class=\"sc_price_block_title\"><span>Mail<\/span><\/div><div class=\"sc_price_block_money\"><div class=\"sc_price_block_icon icon-email-2\"><\/div><\/div><div class=\"sc_price_block_description\"><\/p>\n<h6><span style=\"color: #152229;\"> <a href=\"info@golfclub-abenberg.de&quot;\">info@golfclub-abenberg.de<\/a><\/span><\/h6>\n<h6><\/h6>\n<p><\/div><\/div><\/div><div class=\"column-1_3 sc_column_item sc_column_item_2 even\"><div class=\"sc_price_block sc_price_block_style_1 scheme_original\" style=\"padding-bottom: 20px\"><div class=\"sc_price_block_title\"><span>Telefon<\/span><\/div><div class=\"sc_price_block_money\"><div class=\"sc_price_block_icon icon-phone\"><\/div><\/div><div class=\"sc_price_block_description\"><\/p>\n<h6><span style=\"color: #152229;\"><strong>Sekretariat<\/strong><\/span><br \/>\n<span style=\"color: #152229;\">+49 (0 91 78) 98 96-0<\/span><\/h6>\n<p><\/div><\/div><\/div><div class=\"column-1_3 sc_column_item sc_column_item_3 odd\"><div class=\"sc_price_block sc_price_block_style_1 scheme_original\" style=\"padding-bottom: 20px\"><div class=\"sc_price_block_title\"><span>Adresse<\/span><\/div><div class=\"sc_price_block_money\"><div class=\"sc_price_block_icon icon-address\"><\/div><\/div><div class=\"sc_price_block_description\"><\/p>\n<h6><span style=\"color: #152229;\">Am Golfplatz 19<\/span><br \/>\n<span style=\"color: #152229;\">D-91183 Abenberg<\/span><\/h6>\n<p><\/div><\/div><\/div><\/div>[\/vc_column][\/vc_row][vc_row full_width=&#8220;stretch_row&#8220; inverse=&#8220;&#8220; css=&#8220;.vc_custom_1682410588781{margin-bottom: 30px !important;padding-top: 30px !important;padding-bottom: 30px !important;background-color: #f7f5f1 !important;}&#8220;][vc_column][vc_empty_space height=&#8220;10px&#8220;]<div class=\"sc_section\" data-animation=\"animated fadeInUp normal\"><div class=\"sc_section_inner\"><div class=\"sc_section_content_wrap\"><h3 class=\"sc_title sc_title_regular sc_align_left\" style=\"text-align:left;\">UNSERE EINSTEIGERKURSE<strong><br \/>\n<\/strong><\/h3><div class=\"columns_wrap sc_columns columns_nofluid sc_columns_count_2 margin_bottom_small\"><div class=\"column-1_2 sc_column_item sc_column_item_1 odd first\">[vc_column_text css=&#8220;.vc_custom_1768983697502{padding-right: 3% !important;}&#8220;]<span style=\"color: #152229;\">Starten Sie mit uns in das sch\u00f6nste Spiel unter freiem Himmel. <\/span><a href=\"mailto:info@golfclub-abenberg.de?subject=Anmeldung+zum+Platzreifekurs&amp;bcc=manager%40golfclub-abenberg.de\">Buchen<\/a> <span style=\"color: #152229;\">Sie noch heute Ihren Schnupper- oder Platzreifekurs.<\/span>[\/vc_column_text]<\/div><div class=\"column-1_2 sc_column_item sc_column_item_2 even\">[vc_column_text][\/vc_column_text]<\/div><\/div><div class=\"columns_wrap sc_columns columns_nofluid sc_columns_count_2 margin_bottom_small\"><div class=\"column-1_2 sc_column_item sc_column_item_1 odd first\">[vc_column_text css=&#8220;.vc_custom_1584350864149{padding-right: 3% !important;}&#8220;]<span style=\"color: #152229;\">Hier erhalten Sie detaillierte Informationen zu unseren Platzreifekursen. Details der inkludierten Leistungen entnehmen Sie den Infoflyern. Alle haben folgendes gemeinsam:<\/span>[\/vc_column_text][vc_empty_space]<\/div><\/div><div class=\"columns_wrap sc_columns columns_nofluid sc_columns_count_3 margin_top_large\"><div class=\"column-1_3 sc_column_item sc_column_item_1 odd first\" style=\"color:#ffffff;\"><div class=\"sc_column_item_inner\" style=\"background-color:#ffffff;\"><div class=\"sc_price_block sc_price_block_style_1 scheme_original\" style=\"padding-bottom: 20px\"><div class=\"sc_price_block_title\"><span>mindeste Teilnehmerzahl<\/span><\/div><div class=\"sc_price_block_money\"><div class=\"sc_price_block_icon icon-male\"><\/div><\/div><div class=\"sc_price_block_description\"><\/p>\n<h3 style=\"text-align: center;\"><span style=\"color: #548321;\"><strong>4<\/strong><\/span><\/h3>\n<p><\/div><\/div><\/div><\/div><div class=\"column-1_3 sc_column_item sc_column_item_2 even\"><div class=\"sc_column_item_inner\" style=\"background-color:#ffffff;\"><div class=\"sc_price_block sc_price_block_style_1 scheme_original\" style=\"padding-bottom: 20px\"><div class=\"sc_price_block_title\"><span>maximale Teilnehmerzahl<\/span><\/div><div class=\"sc_price_block_money\"><div class=\"sc_price_block_icon icon-users-group\"><\/div><\/div><div class=\"sc_price_block_description\"><\/p>\n<h3 style=\"text-align: center;\"><span style=\"color: #548321;\"><strong>8<\/strong><\/span><\/h3>\n<p><\/div><\/div><\/div><\/div><div class=\"column-1_3 sc_column_item sc_column_item_3 odd\"><div class=\"sc_column_item_inner\" style=\"background-color:#ffffff;\"><div class=\"sc_price_block sc_price_block_style_1 scheme_original\" style=\"padding-bottom: 20px\"><div class=\"sc_price_block_title\"><span>Kosten Platzreifekurs<\/span><\/div><div class=\"sc_price_block_money\"><div class=\"sc_price_block_icon icon-money-light\"><\/div><\/div><div class=\"sc_price_block_description\"><\/p>\n<h3 style=\"text-align: center;\"><span style=\"color: #548321;\"><strong>199 \u20ac<\/strong><\/span><\/h3>\n<p><\/div><\/div><\/div><\/div><\/div>[vc_empty_space]<\/div><\/div><\/div>[vc_empty_space][\/vc_column][\/vc_row][vc_row full_width=&#8220;stretch_row&#8220; css=&#8220;.vc_custom_1584345740190{padding-top: 30px !important;padding-bottom: 40px !important;}&#8220;][vc_column width=&#8220;1\/2&#8243;]<div class=\"sc_section margin_top_medium margin_right_null margin_bottom_medium margin_left_null\"><div class=\"sc_section_inner\"><div class=\"sc_section_content_wrap\">[vc_column_text css=&#8220;.vc_custom_1700814946432{padding-right: 15% !important;}&#8220;][\/vc_column_text][vc_empty_space][vc_single_image image=&#8220;19211&#8243; onclick=&#8220;custom_link&#8220; link=&#8220;https:\/\/www.golfschule-abenberg.de\/&#8220;]<\/div><\/div><\/div>[\/vc_column][vc_column width=&#8220;1\/2&#8243;]<div class=\"sc_section margin_top_medium margin_right_null margin_bottom_medium margin_left_null\"><div class=\"sc_section_inner\"><div class=\"sc_section_content_wrap\">[vc_empty_space height=&#8220;64px&#8220;][vc_column_text css=&#8220;.vc_custom_1768983721573{padding-right: 15% !important;}&#8220;]Neben den Schnupper- und Platzreifekursen bietet unsere Golfschule mit Head Coach Erik Winecker nat\u00fcrlich f\u00fcr jede Leistungsstufe die passenden Kurse und Trainingseinheiten. Details dazu finden Sie <span style=\"color: #dc6c12;\"><a style=\"color: #dc6c12; font-weight: 500;\" href=\"https:\/\/www.golfschule-abenberg.de\/training\" target=\"_blank\" rel=\"noopener noreferrer\">hier<\/a>.<\/span>[\/vc_column_text]<\/div><\/div><\/div>[\/vc_column][\/vc_row]<\/p>\n","protected":false},"excerpt":{"rendered":"<p>[vc_row][vc_column][\/vc_column][\/vc_row][vc_row full_width=&#8220;stretch_row&#8220; css=&#8220;.vc_custom_1550746958909{padding-bottom: 40px !important;background-color: #f7f5f1 !important;}&#8220;][vc_column][vc_empty_space][vc_empty_space][vc_empty_space][vc_empty_space][\/vc_column][\/vc_row][vc_row full_width=&#8220;stretch_row&#8220; css=&#8220;.vc_custom_1550747316846{padding-top: 30px !important;padding-bottom: 30px !important;}&#8220;][vc_column][\/vc_column][\/vc_row][vc_row full_width=&#8220;stretch_row&#8220; inverse=&#8220;&#8220; css=&#8220;.vc_custom_1682410588781{margin-bottom: 30px !important;padding-top: 30px !important;padding-bottom: 30px !important;background-color: #f7f5f1 !important;}&#8220;][vc_column][vc_empty_space height=&#8220;10px&#8220;][vc_empty_space][\/vc_column][\/vc_row][vc_row full_width=&#8220;stretch_row&#8220; css=&#8220;.vc_custom_1584345740190{padding-top: 30px !important;padding-bottom: 40px [&hellip;]<\/p>\n","protected":false},"author":1,"featured_media":0,"parent":0,"menu_order":0,"comment_status":"closed","ping_status":"closed","template":"","meta":{"_EventAllDay":false,"_EventTimezone":"","_EventStartDate":"","_EventEndDate":"","_EventStartDateUTC":"","_EventEndDateUTC":"","_EventShowMap":false,"_EventShowMapLink":false,"_EventURL":"","_EventCost":"","_EventCostDescription":"","_EventCurrencySymbol":"","_EventCurrencyCode":"","_EventCurrencyPosition":"","_EventDateTimeSeparator":"","_EventTimeRangeSeparator":"","_EventOrganizerID":[],"_EventVenueID":0,"_OrganizerEmail":"","_OrganizerPhone":"","_OrganizerWebsite":"","_VenueAddress":"","_VenueCity":"","_VenueCountry":"","_VenueProvince":"","_VenueZip":"","_VenuePhone":"","_VenueURL":"","_VenueStateProvince":"","_VenueLat":"","_VenueLng":"","_links_to":"","_links_to_target":""},"_links":{"self":[{"href":"https:\/\/golfclubabenberg.de\/index.php\/wp-json\/wp\/v2\/pages\/13547"}],"collection":[{"href":"https:\/\/golfclubabenberg.de\/index.php\/wp-json\/wp\/v2\/pages"}],"about":[{"href":"https:\/\/golfclubabenberg.de\/index.php\/wp-json\/wp\/v2\/types\/page"}],"author":[{"embeddable":true,"href":"https:\/\/golfclubabenberg.de\/index.php\/wp-json\/wp\/v2\/users\/1"}],"replies":[{"embeddable":true,"href":"https:\/\/golfclubabenberg.de\/index.php\/wp-json\/wp\/v2\/comments?post=13547"}],"version-history":[{"count":23,"href":"https:\/\/golfclubabenberg.de\/index.php\/wp-json\/wp\/v2\/pages\/13547\/revisions"}],"predecessor-version":[{"id":21068,"href":"https:\/\/golfclubabenberg.de\/index.php\/wp-json\/wp\/v2\/pages\/13547\/revisions\/21068"}],"wp:attachment":[{"href":"https:\/\/golfclubabenberg.de\/index.php\/wp-json\/wp\/v2\/media?parent=13547"}],"curies":[{"name":"wp","href":"https:\/\/api.w.org\/{rel}","templated":true}]}}