{"id":12139,"date":"2019-06-24T10:26:35","date_gmt":"2019-06-24T08:26:35","guid":{"rendered":"https:\/\/golfclubabenberg.de\/?page_id=12139"},"modified":"2023-11-24T09:56:28","modified_gmt":"2023-11-24T08:56:28","slug":"humor-2","status":"publish","type":"page","link":"https:\/\/golfclubabenberg.de\/index.php\/humor-2\/","title":{"rendered":"Humor"},"content":{"rendered":"<p>[vc_row css=&#8220;.vc_custom_1489742046938{padding-bottom: 30px !important;}&#8220;][vc_column]<h1 class=\"sc_title sc_title_underline\">Die Humorseite des GCA<\/h1><div class=\"sc_section\"><div class=\"sc_section_inner\"><div class=\"sc_section_content_wrap\"><h1 class=\"sc_title sc_title_regular\"><\/p>\n<h5>Golf ist nicht nur Spa\u00df am Spiel, sondern auch Humor. Sie haben einen guten Golfwitz oder ein lustiges Golfzitat? Mailen Sie uns Ihren Vorschlag zur Ver\u00f6ffentlichung!<\/h5>\n<p><\/h1>[vc_column_text css=&#8220;.vc_custom_1700816184404{padding-right: 15% !important;padding-bottom: 30px !important;}&#8220;]<\/p>\n<p>***<\/p>\n<p><em>Ein Golfer hackt sich \u00fcber das Fairway und schl\u00e4gt gewaltige Divots aus dem Boden. Gegen Ende der Runde sagt er zu seinem Caddy: <\/em><em>&#8222;Ich k\u00f6nnte Himmel und Erde in Bewegung setzen, um auf diesem Kurs unter 100 zu scoren.&#8220;<\/em><br \/>\n<em>&#8222;Versuchen Sie es mit dem Himmel&#8220; sagt der Caddy,&#8220; Erde haben Sie schon genug bewegt.&#8220;<\/em><\/p>\n<p>***<\/p>\n<p><em>&#8222;Manch ein Golfer steht zu nah am Ball &#8211; auch nachdem er geschlagen hat.&#8220; (Sam Snead)<br \/>\n<\/em><\/p>\n<p>***<\/p>\n<p><em>Der Chef des Golf-Shops m\u00f6chte wissen: &#8222;Hat der Herr, den Sie eben bedient haben, etwas gekauft?&#8220; &#8222;Nat\u00fcrlich, die teuren Golfschuhe aus echtem Leder.&#8220; &#8222;Hat er sie auch bezahlt?&#8220; &#8222;Nein, er bringt morgen das Geld vorbei, wenn er bei uns eine Runde spielt.&#8220; &#8222;Ja sind Sie denn verr\u00fcckt? Der Mann wird auf allen Pl\u00e4tzen der Welt mit unseren Schuhe spielen und niemals wiederkommen.&#8220; &#8222;Das glaube ich nicht, denn ich habe ihm zwei linke Schuhe eingepackt.&#8220;<\/em><\/p>\n<p>***<\/p>\n<p><em>&#8222;Golf ist ein Spiel, bei dem man einen zu kleinen Ball in ein viel zu kleines Loch schlagen muss, und das mit Ger\u00e4ten, die f\u00fcr diesen Zweck denkbar ungeeignet sind.\u201c (Winston Churchill)<\/em><\/p>\n<p>***<\/p>\n<p><em>Beim \u00dcbungsturnen f\u00fcr Schwangere lernen die Frauen, richtig zu atmen und den M\u00e4nnern wird beigebracht wie sie ihren Frauen in den letzten Tagen vor der Entbindung helfen k\u00f6nnen. <\/em><em>&#8222;Wichtig ist&#8220;, sagt der Trainer&#8220;, dass sie miteinander viel spazierengehen.&#8220; Alle nicken. <\/em><em>Da meldet sich ein Mann: &#8222;Ist etwas dagegen einzuwenden, dass meine Frau dabei mein Golfbag tr\u00e4gt?&#8220;<\/em><\/p>\n<p>***<\/p>\n<p><em>&#8222;Wenn in St. Andrews der Wind weht, gehen sogar die M\u00f6wen zu Fuss.&#8220; (Nick Faldo)<\/em><\/p>\n<p>***<\/p>\n<p><em>Nach einem v\u00f6llig verzogenem Drive, steht der junge Golfer vor dem Problem, die vor ihm hochauf ragenden B\u00e4ume zu umspielen, oder mit einem Wedge \u00fcber die B\u00e4ume zu spielen. In keinem Fall aber kann er das Gr\u00fcn mit dem n\u00e4chsten Schlag erreichen. W\u00e4hrend er noch \u00fcberlegt was er nun tun will, spricht ihn ein \u00e4lterer Herr an. \u201c Als ich so jung war wie sie, habe ich ein Eisen 7 genommen und den Ball \u00fcber die B\u00e4ume auf das Gr\u00fcn geschlagen\u201c. Gro\u00dfes Staunen bei dem jungen Golfer. \u201c Das schaffe ich noch nicht einmal mit einem Wedge, geschweige den mit einem Eisen 7 \u2013 wie haben sie das nur geschafft ?\u201c \u201eAls ich so alt war wie sie, waren die B\u00e4ume nur 80 Zentimeter hoch !\u201c<\/em><\/p>\n<p>***<\/p>\n<p><em>&#8222;Ich verbringe so viel Zeit im Wald, dass ich schon sagen kann, welche Pflanzen essbar sind.&#8220; (Lee Trevino)<\/em><\/p>\n<p>***<\/p>\n<p><em><span style=\"color: #152229;\">Treffen sich drei Golfer und sprechen \u00fcber ihr Sexleben. Sagt der erste: \u201eWenn ich meinem Sexleben ein Handicap geben m\u00fcsste, w\u00fcrde ich mir Handicap 11 geben\u201c. Sagt der zweite :\u201cIch bin ja nun nicht mehr der J\u00fcngste, ich gebe mir Handicap 23\u2033. Sagt der dritte : \u201eMich d\u00fcrft ihr \u00fcberhaupt nicht fragen, ich habe schon seit zwei Jahren keine Scorekarte mehr abgegeben\u201c !!<\/span><\/em><\/p>\n<p>***<\/p>\n<p><em>&#8222;Wenn Du denkst es ist schwierig neue Leute kennenzulernen, versuch mal den falschen Golfball aufzuheben.&#8220; (Jack Lemmon)<\/em><\/p>\n<p>***[\/vc_column_text]<div class=\"columns_wrap sc_columns columns_nofluid sc_columns_count_3\"><div class=\"column-2_3 sc_column_item sc_column_item_1 odd first span_2\"><ul class=\"sc_list sc_list_style_iconed\" style=\"color:#152229;\"><\/ul><\/div><div class=\"column-1_3 sc_column_item sc_column_item_3 odd after_span_2\"><\/div><\/div><\/div><\/div><\/div>[\/vc_column][\/vc_row]<\/p>\n","protected":false},"excerpt":{"rendered":"<p>[vc_row css=&#8220;.vc_custom_1489742046938{padding-bottom: 30px !important;}&#8220;][vc_column][\/vc_column][\/vc_row]<\/p>\n","protected":false},"author":5,"featured_media":0,"parent":0,"menu_order":0,"comment_status":"closed","ping_status":"closed","template":"","meta":{"_EventAllDay":false,"_EventTimezone":"","_EventStartDate":"","_EventEndDate":"","_EventStartDateUTC":"","_EventEndDateUTC":"","_EventShowMap":false,"_EventShowMapLink":false,"_EventURL":"","_EventCost":"","_EventCostDescription":"","_EventCurrencySymbol":"","_EventCurrencyCode":"","_EventCurrencyPosition":"","_EventDateTimeSeparator":"","_EventTimeRangeSeparator":"","_EventOrganizerID":[],"_EventVenueID":0,"_OrganizerEmail":"","_OrganizerPhone":"","_OrganizerWebsite":"","_VenueAddress":"","_VenueCity":"","_VenueCountry":"","_VenueProvince":"","_VenueZip":"","_VenuePhone":"","_VenueURL":"","_VenueStateProvince":"","_VenueLat":"","_VenueLng":"","_links_to":"","_links_to_target":""},"_links":{"self":[{"href":"https:\/\/golfclubabenberg.de\/index.php\/wp-json\/wp\/v2\/pages\/12139"}],"collection":[{"href":"https:\/\/golfclubabenberg.de\/index.php\/wp-json\/wp\/v2\/pages"}],"about":[{"href":"https:\/\/golfclubabenberg.de\/index.php\/wp-json\/wp\/v2\/types\/page"}],"author":[{"embeddable":true,"href":"https:\/\/golfclubabenberg.de\/index.php\/wp-json\/wp\/v2\/users\/5"}],"replies":[{"embeddable":true,"href":"https:\/\/golfclubabenberg.de\/index.php\/wp-json\/wp\/v2\/comments?post=12139"}],"version-history":[{"count":2,"href":"https:\/\/golfclubabenberg.de\/index.php\/wp-json\/wp\/v2\/pages\/12139\/revisions"}],"predecessor-version":[{"id":19084,"href":"https:\/\/golfclubabenberg.de\/index.php\/wp-json\/wp\/v2\/pages\/12139\/revisions\/19084"}],"wp:attachment":[{"href":"https:\/\/golfclubabenberg.de\/index.php\/wp-json\/wp\/v2\/media?parent=12139"}],"curies":[{"name":"wp","href":"https:\/\/api.w.org\/{rel}","templated":true}]}}