{"id":11190,"date":"2018-08-06T10:31:26","date_gmt":"2018-08-06T08:31:26","guid":{"rendered":"https:\/\/golfclubabenberg.de\/?page_id=11190"},"modified":"2026-03-20T13:13:10","modified_gmt":"2026-03-20T12:13:10","slug":"presseberichte","status":"publish","type":"page","link":"https:\/\/golfclubabenberg.de\/index.php\/presseberichte\/","title":{"rendered":"Presseberichte"},"content":{"rendered":"<p>[vc_row css=&#8220;.vc_custom_1489742046938{padding-bottom: 30px !important;}&#8220;][vc_column]<h1 class=\"sc_title sc_title_underline\">Der Golfclub Abenberg in der Presse<\/h1><div class=\"sc_section\" style=\"background-color:#f7f5f1;\"><div class=\"sc_section_inner\"><div class=\"sc_section_overlay\" style=\"\"><div class=\"sc_section_content padding_on\" style=\"\"><div class=\"sc_section_content_wrap\">[vc_column_text]<strong>Auch in der regionalen und \u00fcberregionalen Presse sowie im Internet wird \u00fcber die Aktivit\u00e4ten des GCA berichtet.<\/strong><br \/>\n<strong>Hier k\u00f6nnen Sie die Artikel in aller Ruhe nochmals nachlesen:<\/strong>[\/vc_column_text]<h1 class=\"sc_title sc_title_regular\"><\/p>\n<h4>2026<\/h4>\n<p><\/h1>[vc_column_text css=&#8220;.vc_custom_1774008784881{padding-right: 15% !important;padding-bottom: 30px !important;}&#8220;]<\/p>\n<ul>\n<li><a href=\"https:\/\/www.golf.de\/magazin\/gruene-nachhaltigkeit\/artikel\/fuenftes-gold-fuer-die-motivierten-mittelfranken.html\" target=\"_blank\" rel=\"noopener\">F\u00fcnftes Gold f\u00fcr die motivierten Mittelfranken\u00a0 \u00a0 (Golf.de)<\/a><\/li>\n<li><a href=\"https:\/\/www.golfpost.de\/golf-post-community-award-2026-ergebnis-7777502173\/?fbclid=IwY2xjawQktWxleHRuA2FlbQIxMABicmlkETFsVEtmcHVFZVp1eHcwcXhkc3J0YwZhcHBfaWQQMjIyMDM5MTc4ODIwMDg5MgABHgBb6S-nveSx0l_WG01f_QlCf9UYd6NzvtTLzWhm51IEc__9YeJlX0uaRoLW_aem_FY13RWUPKTVVAx7uoDRvCw#google_vignette\">Community Award 2026\u00a0 \u00a0 (Golf Post)<\/a><\/li>\n<\/ul>\n<p>[\/vc_column_text]<h1 class=\"sc_title sc_title_regular\"><\/p>\n<h4>2025<\/h4>\n<p><\/h1>[vc_column_text css=&#8220;.vc_custom_1760772529553{padding-right: 15% !important;padding-bottom: 30px !important;}&#8220;]<\/p>\n<ul>\n<li><a href=\"https:\/\/golfclubabenberg.de\/wp-content\/uploads\/ST_18.10.25.jpg\">Sie golfen f\u00fcr den guten Zweck\u00a0 \u00a0 (Schwabacher Tagblatt)<\/a><\/li>\n<li><a href=\"https:\/\/golfclubabenberg.de\/wp-content\/uploads\/ST_19.9.2025.jpeg\">Eingelocht f\u00fcrs Familienzentrum\u00a0 \u00a0 (Schwabacher Tagblatt)<\/a><\/li>\n<li><a href=\"https:\/\/golfclubabenberg.de\/wp-content\/uploads\/ST_11.9.2025.jpg\">18 L\u00f6cher f\u00fcr den guten Zweck\u00a0 \u00a0 (Schwabacher Tagblatt)<\/a><\/li>\n<li><a href=\"https:\/\/golfclubabenberg.de\/wp-content\/uploads\/ST_2.9.2025.pdf\">Golfen und Klima k\u00f6nnen sich vertragen\u00a0 \u00a0 (N\u00fcrnberger Nachrichten)<\/a><\/li>\n<li><a href=\"https:\/\/golfclubabenberg.de\/wp-content\/uploads\/WA-6.8.2025.jpg\">Lions-Clubturnier sammelt 6.000 \u20ac\u00a0 \u00a0 (Wochenanzeiger)<\/a><\/li>\n<li><a href=\"https:\/\/golfclubabenberg.de\/wp-content\/uploads\/ST-13.6.2025.jpeg\">Gro\u00dfe B\u00fcrde f\u00fcr Verp\u00e4chter\u00a0 \u00a0 (Schwabacher Tagblatt)<\/a><\/li>\n<li><a href=\"https:\/\/www.merkur.de\/sport\/mehr-sport\/drive-and-drive-tour-ere1525767\/der-stolze-mittelfranke-27-loecher-wirt-renato-und-ganz-viel-logo-zr-93735805.html\">Der stolze Mittelfranke: 27 L\u00f6cher, Wirt Renato und ganz viel Logo\u00a0 \u00a0 (Merkur.de)<\/a><\/li>\n<li><a href=\"https:\/\/golf-faszination.de\/golfclub-abenberg-2\/#Katalog\">Reizvolles Franken \u00a0 \u00a0(Golf Faszination &amp; Lifestyle)<\/a><\/li>\n<li><a href=\"https:\/\/golfclubabenberg.de\/wp-content\/uploads\/ST-17.4.2025.png\">Golfclub will weiter Ma\u00dfst\u00e4be setzen\u00a0 \u00a0 (Schwabacher Tagblatt)<\/a><\/li>\n<li><a href=\"https:\/\/golfclubabenberg.de\/wp-content\/uploads\/ST-10.1.205.jpg\">Grundsteuer bringt Golfclub in N\u00f6te\u00a0 \u00a0 (Schwabacher Tagblatt)<\/a><\/li>\n<\/ul>\n<p>[\/vc_column_text]<h1 class=\"sc_title sc_title_regular\"><\/p>\n<h4>2024<\/h4>\n<p><\/h1>[vc_column_text css=&#8220;.vc_custom_1729684918085{padding-right: 15% !important;padding-bottom: 30px !important;}&#8220;]<\/p>\n<ul>\n<li><a href=\"https:\/\/golfclubabenberg.de\/wp-content\/uploads\/ST-21.10.2024.jpeg\">Golfturnier mit Benefizcharakter\u00a0 \u00a0 (Schwabacher Tagblatt)<\/a><\/li>\n<li><a href=\"https:\/\/golfclubabenberg.de\/wp-content\/uploads\/ST-25.9.2024.jpeg\">Golfer unterst\u00fctzen Rother Tafel\u00a0 \u00a0 (Schwabacher Tagblatt)<\/a><\/li>\n<li><a href=\"https:\/\/golfclubabenberg.de\/wp-content\/uploads\/IMG_2056-scaled.jpg\">Tolle Momente und zufriedene Mitglieder\u00a0 \u00a0 (GolfRegional)<\/a><\/li>\n<li><a href=\"https:\/\/golfclubabenberg.de\/wp-content\/uploads\/image0.jpeg\">Sommer-Event f\u00fcr Golfer\u00a0 \u00a0 (Schwabacher Tagblatt)<\/a><\/li>\n<li><a href=\"https:\/\/www.golfpost.de\/writeups\/stadler-trophy-im-gc-abenberg-ein-tag-voller-golf-glamour-1718049648\/\" target=\"_blank\" rel=\"noopener\">Ein Tag voller Golf und Glamour\u00a0 \u00a0 (GolfPost)<\/a><\/li>\n<li><a href=\"https:\/\/bayerischer-golfverband.de\/artikel\/golfclub-abenberg-zum-vierten-mal-mit-dem-golf-natur-gold-zertifikat-ausgezeichnet\" target=\"_blank\" rel=\"noopener\">GCA erh\u00e4lt zum 4.Mal die Gold-Zertifizierung &#8222;Golf&amp;Natur&#8220;\u00a0 \u00a0 (Bayerischer Golfverband)<\/a><\/li>\n<\/ul>\n<p>[\/vc_column_text]<h1 class=\"sc_title sc_title_regular\"><\/p>\n<h4>2023<\/h4>\n<p><\/h1>[vc_column_text css=&#8220;.vc_custom_1699110986236{padding-right: 15% !important;padding-bottom: 30px !important;}&#8220;]<\/p>\n<ul>\n<li><a href=\"https:\/\/golfclubabenberg.de\/wp-content\/uploads\/ST_4.11.2923.jpg\">Weisse B\u00e4lle und gr\u00fcner Daumen\u00a0 (Schwabacher Tagblatt)<\/a><\/li>\n<li><a href=\"https:\/\/golfclubabenberg.de\/wp-content\/uploads\/ST-16.9.23.jpg\">Spende f\u00fcr den Jugendtreff\u00a0 \u00a0(Schwabacher Tagblatt)<\/a><\/li>\n<li><a href=\"https:\/\/golfclubabenberg.de\/wp-content\/uploads\/ST-21.07.23.jpg\">Golfen und Helfen &#8211; Gemeinsam gegen Krebs\u00a0 \u00a0 (Schwabacher Tagblatt)<\/a><\/li>\n<li><a href=\"https:\/\/golfclubabenberg.de\/wp-content\/uploads\/Golf-und-Business.jpg\">Der ganz spezielle Sp\u00e4tstarter\u00a0 \u00a0 (Golf &amp; Business)<\/a><\/li>\n<li><a href=\"https:\/\/www.br.de\/nachrichten\/bayern\/br24live-10-45-uhr-wer-darf-in-franken-wie-viel-wasser-nutzen,TeQes1p?fbclid=IwAR2SdzBQj469Uz0Qy6llBN1Bx4weZrEQpyBci5bNBv3x1kSqnEMtrWOV4Mc\" target=\"_blank\" rel=\"noopener\">Wer darf in Franken wieviel Wasser nutzen\u00a0 \u00a0 (Bayerischer Rundfunk)<\/a><\/li>\n<li><a href=\"https:\/\/golfclubabenberg.de\/wp-content\/uploads\/ST_26.4.2023.jpg\">Damit die Gr\u00fcns sch\u00f6n gr\u00fcn bleiben\u00a0 \u00a0 (Schwabacher Tagblatt)<\/a><\/li>\n<li><a href=\"https:\/\/golf-faszination.de\/golfclub-abenberg-2\/\" target=\"_blank\" rel=\"noopener\">Golfclub Abenberg: der Attraktive\u00a0 \u00a0 (Golf Faszination&amp;Lifestyle)<\/a><\/li>\n<\/ul>\n<p>[\/vc_column_text]<h1 class=\"sc_title sc_title_regular\"><\/p>\n<h4>2022<\/h4>\n<p><\/h1>[vc_column_text css=&#8220;.vc_custom_1671717916112{padding-right: 15% !important;padding-bottom: 30px !important;}&#8220;]<\/p>\n<ul>\n<li><a href=\"https:\/\/golfclubabenberg.de\/wp-content\/uploads\/RH-HIP-Volkszeitung_21.12.2022.jpg\" target=\"_blank\" rel=\"noopener\">Spende von 10.000 \u20ac an Georgensgm\u00fcnder Jugendzentrum\u00a0 \u00a0 (Roth-Hilpoltsteiner Volkszeitung)<\/a><\/li>\n<li><a href=\"https:\/\/golfclubabenberg.de\/wp-content\/uploads\/ST_17.9.22-1.jpg\" target=\"_blank\" rel=\"noopener\">Amalia Span: Kein Sport nur f\u00fcr Rentner\u00a0\u00a0\u00a0 (Schwabacher Tagblatt)<\/a><\/li>\n<li><a href=\"https:\/\/golfclubabenberg.de\/wp-content\/uploads\/ST_13.7.22.jpg\" target=\"_blank\" rel=\"noopener\">Golfen und Helfen\u00a0\u00a0\u00a0 (Schwabacher Tagblatt)<\/a><\/li>\n<li><a href=\"https:\/\/golfclubabenberg.de\/wp-content\/uploads\/Oekologie-ist-kein-Luxus.pdf\" target=\"_blank\" rel=\"noopener\">\u00d6kologie ist kein Luxus\u00a0\u00a0\u00a0 (Magazin &#8222;Green&#8220;)<\/a><\/li>\n<li><a href=\"https:\/\/www.golfpost.de\/golf-post-community-award-2022-7777416646\/\" target=\"_blank\" rel=\"noopener noreferrer\">Community Award 2022 \u00a0\u00a0 (Golf Post)<\/a><\/li>\n<\/ul>\n<p>[\/vc_column_text]<h1 class=\"sc_title sc_title_regular\"><\/p>\n<h4>2021<\/h4>\n<p><\/h1>[vc_column_text css=&#8220;.vc_custom_1644050831842{padding-right: 15% !important;padding-bottom: 30px !important;}&#8220;]<\/p>\n<ul>\n<li><a href=\"https:\/\/golfclubabenberg.de\/wp-content\/uploads\/ST_5.112021.jpg\" target=\"_blank\" rel=\"noopener noreferrer\">Gold f\u00fcr den Golfclub\u00a0 \u00a0 (Schwabacher Tagblatt)<\/a><\/li>\n<li><a href=\"https:\/\/reisenundgolfen.de\/?set=pages&amp;p=golf&amp;pID=3089\" target=\"_blank\" rel=\"noopener noreferrer\">Deutsch<\/a><a href=\"https:\/\/reisenundgolfen.de\/?set=pages&amp;p=golf&amp;pID=3089\" target=\"_blank\" rel=\"noopener noreferrer\">er<\/a><a href=\"http:\/\/www.baymego.de\/deutscher-medienpreis-golfclub-hoesel-ist-die-nummer-1\/\" target=\"_blank\" rel=\"noopener noreferrer\"> Medienpreis 2021\u00a0 \u00a0 (baymego.de)<\/a><\/li>\n<li><a href=\"https:\/\/golfclubabenberg.de\/wp-content\/uploads\/ST_19.8.2021.jpg\" target=\"_blank\" rel=\"noopener noreferrer\">Benefizturnier Lion&#8217;s\u00a0 \u00a0 (Schwabacher Tagblatt)<\/a><\/li>\n<li><a href=\"https:\/\/golfclubabenberg.de\/wp-content\/uploads\/ST_29.7.2021.jpg\" target=\"_blank\" rel=\"noopener noreferrer\">2.000 \u20ac f\u00fcr die Flutopfer \u00a0\u00a0 (Schwabacher Tagblatt)<\/a><\/li>\n<li><a href=\"https:\/\/golfclubabenberg.de\/wp-content\/uploads\/ST_28.5.2021.jpg\" target=\"_blank\" rel=\"noopener noreferrer\">Es fliegen B\u00e4lle und Insekten\u00a0\u00a0\u00a0 (Schwabacher Tagblatt)<\/a><\/li>\n<li><a href=\"https:\/\/www.stmuv.bayern.de\/aktuell\/presse\/detailansicht.htm?ID=A%2Bs3RgSTi2QQTVxdrZSz7w%3D%3D\" target=\"_blank\" rel=\"noopener noreferrer\">10 Bl\u00fchende Golfpl\u00e4tze erhalten neue Auszeichnung \u00a0\u00a0 (Bayr.Staatsministerium)<\/a><\/li>\n<li><a href=\"https:\/\/www.golfpost.de\/golf-post-community-awards-2021-7777395712\/\" target=\"_blank\" rel=\"noopener noreferrer\">Community Award 2021 \u00a0\u00a0 (Golf Post)<\/a><\/li>\n<\/ul>\n<p>[\/vc_column_text]<h1 class=\"sc_title sc_title_regular\"><\/p>\n<h4>2020<\/h4>\n<p><\/h1>[vc_column_text css=&#8220;.vc_custom_1738919053351{padding-right: 15% !important;padding-bottom: 30px !important;}&#8220;]<\/p>\n<ul>\n<li><a href=\"https:\/\/golfsustainable.com\/erste-auszeichnungen-als-bluehender-golfplatz\/\" target=\"_blank\" rel=\"noopener noreferrer\">Erste Auszeichnungen als &#8222;Bl\u00fchender Golfplatz&#8220; im Fr\u00fchjahr\u00a0\u00a0\u00a0 (Golf Sustainable)<\/a><\/li>\n<li><a href=\"https:\/\/golfclubabenberg.de\/wp-content\/uploads\/ST_20.11.2020.jpg\" target=\"_blank\" rel=\"noopener noreferrer\">Treffpunkt Golfplatz\u00a0\u00a0\u00a0 (Schwabacher Tagblatt)<\/a><\/li>\n<li><a href=\"https:\/\/golfclubabenberg.de\/wp-content\/uploads\/Golfmanager-Magazin_Ausgabe-5.pdf\" target=\"_blank\" rel=\"noopener noreferrer\">Nachhaltiges Wirtschaften schafft Image und Handlungsspielr\u00e4ume\u00a0\u00a0\u00a0 (Golfmanager-Magazin 5\/20)<\/a><\/li>\n<li><a href=\"https:\/\/golfclubabenberg.de\/wp-content\/uploads\/ST-17.9.2020.jpeg\" target=\"_blank\" rel=\"noopener noreferrer\">Mit Golf viel Gutes tun\u00a0\u00a0\u00a0 (Schwabacher Tagblatt)<\/a><\/li>\n<li><a href=\"https:\/\/golfclubabenberg.de\/wp-content\/uploads\/ST-9.9.2020_CM-2020.jpeg\" target=\"_blank\" rel=\"noopener noreferrer\">Riesenandrang bei Clubmeisterschaft\u00a0\u00a0\u00a0 (Schwabacher Tagblatt)<\/a><\/li>\n<li><a href=\"https:\/\/golfclubabenberg.de\/wp-content\/uploads\/ST-17.8.2020.jpg\" target=\"_blank\" rel=\"noopener noreferrer\">Rundfahrt im Cart\u00a0\u00a0\u00a0 (Schwabacher Tagblatt)<\/a><\/li>\n<li><a href=\"https:\/\/golfclubabenberg.de\/wp-content\/uploads\/ST-22.7.2020.jpg\" target=\"_blank\" rel=\"noopener noreferrer\">Wieviel Wasser bekommt der Golfclub \u00a0\u00a0 (Schwabacher Tagblatt)<\/a><\/li>\n<li><a href=\"https:\/\/www.bayerischer-golfverband.de\/news?nid=775\" target=\"_blank\" rel=\"noopener noreferrer\">Startschuss f\u00fcr neue Bl\u00fchpakt-Allianz\u00a0\u00a0\u00a0 (Bayerischer Golfverband)<\/a><\/li>\n<li><a href=\"https:\/\/www.bayerischer-golfverband.de\/news?nid=775\" target=\"_blank\" rel=\"noopener noreferrer\">Startschuss f\u00fcr neue Bl\u00fchpakt-Allianz\u00a0\u00a0\u00a0 (Bayerischer Golfverband)<\/a><\/li>\n<li><a href=\"https:\/\/www.golfmanager-greenkeeper.de\/golfmanager-online\/fachbeitraege-golfmanager\/management\/umwelt-und-platzpflege-im-dgv\/golfclubs-foerdern-artenvielfalt-lebensraum-golfplatz\/bayern-fuer-insektenschutz-und-lebensraum-golfplatz\/interview-mit-vertretern-des-golfclubs-abenberg.html\">Nachhaltiges Wirtschaften schafft Image und Handlungsspielr\u00e4ume\u00a0 \u00a0 (Golf-Manager.de)<\/a><\/li>\n<li><a href=\"https:\/\/golfclubabenberg.de\/wp-content\/uploads\/ST-22.6.2020.jpg\" target=\"_blank\" rel=\"noopener noreferrer\">Besuch des Bayrischen<\/a><a href=\"https:\/\/golfclubabenberg.de\/wp-content\/uploads\/ST-22.6.2020.jpg\" target=\"_blank\" rel=\"noopener noreferrer\"> Umweltministers\u00a0\u00a0 (Schwabacher Tagblatt)<\/a><\/li>\n<li><a href=\"https:\/\/golfclubabenberg.de\/wp-content\/uploads\/ST_26.5.2020_Golf-und-Natur.pdf\" target=\"_blank\" rel=\"noopener noreferrer\">Ein Golfplatz als gr\u00fcne Oase\u00a0\u00a0 (Schwabacher Tagblatt)<\/a><\/li>\n<li><a href=\"https:\/\/golfclubabenberg.de\/wp-content\/uploads\/ST_14.5.2020.jpg\" target=\"_blank\" rel=\"noopener noreferrer\">Seit Montag wieder Spielbetrieb\u00a0\u00a0 (Schwabacher Tagblatt)<\/a><\/li>\n<li><a href=\"https:\/\/golfclubabenberg.de\/wp-content\/uploads\/ST-21.4.2020.jpg\" target=\"_blank\" rel=\"noopener noreferrer\">Die Schl\u00e4ger stehen weiter in der Ecke\u00a0\u00a0 (N\u00fcrnberger Nachrichten)<\/a><\/li>\n<li><a href=\"https:\/\/www.prontopro.de\/blog\/entspannende-golfkurse-auf-der-27-loch-anlage\/?fbclid=IwAR1GH9_GhS2nDsESutBpeGSklxN38sIR9DB9fCI_o9zWMgxZao78fC-CZFY\" target=\"_blank\" rel=\"noopener noreferrer\">Interview mit Clubmanager M.Schalt\u00a0\u00a0\u00a0\u00a0 (Dienstleistungsportal ProntoPro)<\/a><\/li>\n<\/ul>\n<p>[\/vc_column_text]<h1 class=\"sc_title sc_title_regular\"><\/p>\n<h4>2019<\/h4>\n<p><\/h1>[vc_column_text css=&#8220;.vc_custom_1568706495334{padding-right: 15% !important;padding-bottom: 30px !important;}&#8220;]<\/p>\n<ul>\n<li><a href=\"https:\/\/www.bayerischer-golfverband.de\/news?nid=734&amp;fbclid=IwAR38XXajrnzOdcoUpyQeojw5ZackjLWpFUGDppnLYDwNHz1AuyDtvMtsUEs\" target=\"_blank\" rel=\"noopener noreferrer\">Internationale bayr.Meisterschaft der Golfer mit Behinderung\u00a0\u00a0\u00a0 (Bayerischer Golfverband)<\/a><\/li>\n<li><a href=\"https:\/\/golfclubabenberg.de\/wp-content\/uploads\/Bratwurstturnier-Spende.jpg\" target=\"_blank\" rel=\"noopener noreferrer\">Spende beim Bratwurstturnier 2019\u00a0\u00a0\u00a0 (Schwabacher Tagblatt)<\/a><\/li>\n<li><a href=\"https:\/\/golfclubabenberg.de\/wp-content\/uploads\/ST_23.8.2019.jpg\" target=\"_blank\" rel=\"noopener noreferrer\">Platz f\u00fcr die Natur und Golfspieler\u00a0\u00a0\u00a0 (Schwabacher Tagblatt)<\/a><\/li>\n<li><a href=\"https:\/\/golfclubabenberg.de\/wp-content\/uploads\/Lions-Roth-Spende.jpg\" target=\"_blank\" rel=\"noopener noreferrer\">Lions spenden 2.222 \u20ac f\u00fcr die Kinderkrebshilfe\u00a0\u00a0\u00a0 (Schwabacher Tagblatt)<\/a><\/li>\n<li><a href=\"https:\/\/serviceportal.dgv-intranet.de\/mediacenter\/presseinformationen\/pressemitteilungen\/i3277_1.cfm\" target=\"_blank\" rel=\"noopener noreferrer\">GCA erh\u00e4lt Re-Zertifizierung in Gold\u00a0\u00a0\u00a0 (Deutscher Golf Verband)<\/a><\/li>\n<li><a href=\"https:\/\/reisenundgolfen.de\/?set=pages&amp;p=golf&amp;pID=2260\" target=\"_blank\" rel=\"noopener noreferrer\">Verleihung Bayr.Medienpreis 2019 \u00a0 (Reisen&amp;Golfen.de)<\/a><\/li>\n<li><a href=\"https:\/\/golfclubabenberg.de\/wp-content\/uploads\/ST-15.6.2019.jpg\" target=\"_blank\" rel=\"noopener noreferrer\">1.111 \u20ac f\u00fcr die Krebshilfe\u00a0\u00a0\u00a0 (Schwabacher Tagblatt)<\/a><\/li>\n<li><a href=\"https:\/\/golfclubabenberg.de\/wp-content\/uploads\/Nachbericht-GEW.pdf\" target=\"_blank\" rel=\"noopener noreferrer\">Nachbericht zum Erlebniswochenende 2019\u00a0\u00a0 (Schwabacher Tagblatt)<\/a><\/li>\n<li><a href=\"https:\/\/golfclubabenberg.de\/wp-content\/uploads\/Bericht-GEW_ST.pdf\" target=\"_blank\" rel=\"noopener noreferrer\">Vorbericht zum Erlebniswochenende 2019\u00a0\u00a0\u00a0 (Schwabacher Tagblatt)<\/a><\/li>\n<\/ul>\n<p>[\/vc_column_text]<h1 class=\"sc_title sc_title_regular\"><\/p>\n<h4>2017 und 2018<\/h4>\n<p><\/h1>[vc_column_text css=&#8220;.vc_custom_1562914903044{padding-right: 15% !important;padding-bottom: 30px !important;}&#8220;]<\/p>\n<ul>\n<li><a href=\"https:\/\/golfclubabenberg.de\/wp-content\/uploads\/Pusteblume.jpg\" target=\"_blank\" rel=\"noopener noreferrer\">Spendenaktion &#8222;Pusteblume e.V.&#8220; der RaiBa und GCA\u00a0\u00a0\u00a0 (Schwabacher Tagblatt)<\/a><\/li>\n<li><a href=\"https:\/\/golfclubabenberg.de\/wp-content\/uploads\/Spende-Seniorenabschlussturnier.jpg\" target=\"_blank\" rel=\"noopener noreferrer\">Spende zum Senioren-Abschlu\u00dfturnier\u00a0\u00a0\u00a0 (Schwabacher Tagblatt)<\/a><\/li>\n<li><a href=\"https:\/\/golfclubabenberg.de\/wp-content\/uploads\/Raiba-Turnier.jpg\" target=\"_blank\" rel=\"noopener noreferrer\">Reinerl\u00f6s an Waldkindergarten Raiffeisenturnier 2018 \u00a0 (Schwabacher Tagblatt)<\/a><\/li>\n<li><a href=\"https:\/\/golfclubabenberg.de\/wp-content\/uploads\/BM-Behindertengolfer-ST.jpg\" target=\"_blank\" rel=\"noopener noreferrer\">Begeisterung trotz Behinderung 2018\u00a0\u00a0 (Schwabacher Tagblatt)<\/a><\/li>\n<li><a href=\"https:\/\/www.bayerischer-golfverband.de\/news?nid=656\" target=\"_blank\" rel=\"noopener noreferrer\">Golfspieler mit Behinderung zeigen gro\u00dfes Golf im GC Abenberg\u00a0\u00a0 (Bayr.Golfverband)<\/a><\/li>\n<li><a href=\"https:\/\/golfclubabenberg.de\/wp-content\/uploads\/Jandke.jpg\" target=\"_blank\" rel=\"noopener noreferrer\">Ank\u00fcndigung der bayr.int.Meisterschaften der Golfer mit Behinderung\u00a0 (Schwabacher Tagblatt)<\/a><\/li>\n<li><a href=\"https:\/\/golfclubabenberg.de\/wp-content\/uploads\/CM-2018-ST-1.jpg\" target=\"_blank\" rel=\"noopener noreferrer\">Clubmeisterschaft 2018\u00a0\u00a0 (Schwabacher Tagblatt)<\/a><\/li>\n<li><a href=\"https:\/\/golfclubabenberg.de\/wp-content\/uploads\/ST-Bratwursttunier.jpg\" target=\"_blank\" rel=\"noopener noreferrer\">Spende beim Bratwurstturnier 2018\u00a0\u00a0 (Schwabacher Tagblatt)<\/a><\/li>\n<li><a href=\"https:\/\/golfclubabenberg.de\/wp-content\/uploads\/Golfplatz-erkundet.jpg\" target=\"_blank\" rel=\"noopener noreferrer\">Golf- und Naturtag f\u00fcr Kinder 2018\u00a0 (Schwabacher Tagblatt)<\/a><\/li>\n<li><a href=\"https:\/\/golfclubabenberg.de\/wp-content\/uploads\/Lions-Benefizturnier-2018.jpg\" target=\"_blank\" rel=\"noopener noreferrer\">18.Lion&#8217;s Benefizturnier 2018\u00a0\u00a0 (Schwabacher Tagblatt)<\/a><\/li>\n<li><a href=\"https:\/\/golfclubabenberg.de\/wp-content\/uploads\/Richtung-Regionalliga.jpg\" target=\"_blank\" rel=\"noopener noreferrer\">Aufstieg der 1.Herrenmannschaft 2018\u00a0\u00a0 (Schwabacher Tagblatt)<\/a><\/li>\n<li><a href=\"https:\/\/golfclubabenberg.de\/wp-content\/uploads\/Vorfreude-Bayernfinale.jpg\" target=\"_blank\" rel=\"noopener noreferrer\">Jugendmannschaft vor dem Bayernfinale 2018\u00a0\u00a0 (Schwabacher Tagblatt)<\/a><\/li>\n<li><a href=\"http:\/\/www.baymego.de\/wildblumensamen-und-rabbit-integrations-beauftragte-der-baymego-golfmedienpreis-2018\/\" target=\"_blank\" rel=\"noopener noreferrer\">Golfmedienpreis 2018\u00a0\u00a0 (baymego.de)<\/a><\/li>\n<li><a href=\"https:\/\/golfclubabenberg.de\/wp-content\/uploads\/Audi-Quattro-Cup-2018.jpg\" target=\"_blank\" rel=\"noopener noreferrer\">Audi Quattro Cup 2018\u00a0\u00a0 (Schwabacher Tagblatt)<\/a><\/li>\n<li><a href=\"http:\/\/www.golf.de\/publish\/panorama\/panorama-news\/60115030\/golfclub-abenberg-verwuestet\" target=\"_blank\" rel=\"noopener noreferrer\">Schweres Unwetter 2018 \u00a0 (golf.de)<\/a><\/li>\n<li><a href=\"http:\/\/www.golf.de\/publish\/dgv-services\/umwelt\/golf-und-natur\/news\/60112753\/die-ruheoase-in-der-metropolregion\" target=\"_blank\" rel=\"noopener noreferrer\">Die Ruheoase in der Metropolregion 2017 \u00a0 (golf.de)<\/a><\/li>\n<li><a href=\"http:\/\/www.golf.de\/publish\/dgv-services\/umwelt\/golf-und-natur\/news\/60112659\/bgv-verleiht-allianz-umweltpreis\" target=\"_blank\" rel=\"noopener noreferrer\">BGV verleiht Allianz-Umweltpreis 2017\u00a0\u00a0 (golf.de)<\/a><\/li>\n<li><a href=\"http:\/\/www.golf.de\/publish\/dgv-services\/umwelt\/golf-und-natur\/news\/60112348\/von-null-auf-gold-in-vier-jahren\" target=\"_blank\" rel=\"noopener noreferrer\">Gold-Zertifizierung 2017\u00a0 (golf.de)<\/a><\/li>\n<\/ul>\n<p>[\/vc_column_text]<div class=\"columns_wrap sc_columns columns_nofluid sc_columns_count_3\"><div class=\"column-2_3 sc_column_item sc_column_item_1 odd first span_2\"><ul class=\"sc_list sc_list_style_iconed\" style=\"color:#152229;\"><\/ul><\/div><div class=\"column-1_3 sc_column_item sc_column_item_3 odd after_span_2\"><\/div><\/div><\/div><\/div><\/div><\/div><\/div>[\/vc_column][\/vc_row]<\/p>\n","protected":false},"excerpt":{"rendered":"<p>[vc_row css=&#8220;.vc_custom_1489742046938{padding-bottom: 30px !important;}&#8220;][vc_column][\/vc_column][\/vc_row]<\/p>\n","protected":false},"author":5,"featured_media":0,"parent":0,"menu_order":0,"comment_status":"closed","ping_status":"closed","template":"","meta":{"_EventAllDay":false,"_EventTimezone":"","_EventStartDate":"","_EventEndDate":"","_EventStartDateUTC":"","_EventEndDateUTC":"","_EventShowMap":false,"_EventShowMapLink":false,"_EventURL":"","_EventCost":"","_EventCostDescription":"","_EventCurrencySymbol":"","_EventCurrencyCode":"","_EventCurrencyPosition":"","_EventDateTimeSeparator":"","_EventTimeRangeSeparator":"","_EventOrganizerID":[],"_EventVenueID":0,"_OrganizerEmail":"","_OrganizerPhone":"","_OrganizerWebsite":"","_VenueAddress":"","_VenueCity":"","_VenueCountry":"","_VenueProvince":"","_VenueZip":"","_VenuePhone":"","_VenueURL":"","_VenueStateProvince":"","_VenueLat":"","_VenueLng":"","_links_to":"","_links_to_target":""},"_links":{"self":[{"href":"https:\/\/golfclubabenberg.de\/index.php\/wp-json\/wp\/v2\/pages\/11190"}],"collection":[{"href":"https:\/\/golfclubabenberg.de\/index.php\/wp-json\/wp\/v2\/pages"}],"about":[{"href":"https:\/\/golfclubabenberg.de\/index.php\/wp-json\/wp\/v2\/types\/page"}],"author":[{"embeddable":true,"href":"https:\/\/golfclubabenberg.de\/index.php\/wp-json\/wp\/v2\/users\/5"}],"replies":[{"embeddable":true,"href":"https:\/\/golfclubabenberg.de\/index.php\/wp-json\/wp\/v2\/comments?post=11190"}],"version-history":[{"count":34,"href":"https:\/\/golfclubabenberg.de\/index.php\/wp-json\/wp\/v2\/pages\/11190\/revisions"}],"predecessor-version":[{"id":21241,"href":"https:\/\/golfclubabenberg.de\/index.php\/wp-json\/wp\/v2\/pages\/11190\/revisions\/21241"}],"wp:attachment":[{"href":"https:\/\/golfclubabenberg.de\/index.php\/wp-json\/wp\/v2\/media?parent=11190"}],"curies":[{"name":"wp","href":"https:\/\/api.w.org\/{rel}","templated":true}]}}